{"id":10,"date":"2013-11-27T20:59:33","date_gmt":"2013-11-27T20:59:33","guid":{"rendered":"http:\/\/waterlat.org\/es\/?page_id=10"},"modified":"2025-02-14T12:54:19","modified_gmt":"2025-02-14T12:54:19","slug":"apoyos","status":"publish","type":"page","link":"https:\/\/waterlat.org\/es\/comienzo\/apoyos\/","title":{"rendered":"Apoyos"},"content":{"rendered":"<p>Nuestra red ha recibido apoyo financiero y log\u00edstico de diversas fuentes para llevar a cabo sus actividades. Desde 2012 la mayor\u00eda de las actividades han sido auto-financiadas por los miembros de la red, con apoyo adicional recibido de instituciones p\u00fablicas. Esta es una lista de nuestros apoyos m\u00e1s importantes, en orden cronol\u00f3gico.<\/p>\n<p>&nbsp;<br \/>\n<a href=\"https:\/\/cdmx.ciesas.edu.mx\/\">Centro de Investigaciones y Estudios Superiores en Antropolog\u00eda Social (CIESAS)<\/a>, Ciudad de M\u00e9xico, M\u00e9xico (2025)<\/p>\n<p><a href=\"https:\/\/www.ipea.gov.br\/portal\/\">Instituto de Pesquisa Econ\u00f4mica Aplicada(IPEA)<\/a>, Brasilia, Brasil (2015, 2023-25).<\/p>\n<p><a href=\"http:\/\/www.iteso.mx\">ITESO, Universidad Jesuita de Guadalajara<\/a>, Guadalajara, M\u00e9xico (2014-a la fecha).<\/p>\n<p><a href=\"https:\/\/www.ugto.mx\/campusleon\/dcsh\/\">Universidad de Guanajuato, Campus Le\u00f3n<\/a>, Le\u00f3n, Guanajuato, M\u00e9xico (2015- a la fecha)<\/p>\n<p><a href=\"https:\/\/portal.fiocruz.br\">Fundaci\u00f3n Oswaldo Cruz (Fiocruz)<\/a>, R\u00edo de Janeiro y Recife, Pernambuco, Brasil (2018)<\/p>\n<p><a href=\"http:\/\/fapesq.rpp.br\">Funda\u00e7\u00e3o de Apoio \u00e0 Pesquisa do Estado da Para\u00edba (FAPESQ)<\/a>, Jo\u00e3o Pessoa, Para\u00edba, Brasil (2018)<\/p>\n<p><a href=\"https:\/\/portal.insa.gov.br\">Instituto Nacional del Semi\u00e1rido (INSA)<\/a>, Campina Grande, Para\u00edba, Brasil (2018)<\/p>\n<p><a href=\"http:\/\/www.world-psi.org\/es\/home\">Internacional de Servicios P\u00fablicos (ISP)<\/a>, Ginebra, Suiza (2014-2021)<\/p>\n<p><a href=\"http:\/\/www.uned.ac.cr\">Universidad Estatal a Distancia (UNED)<\/a>, San Jos\u00e9, Costa Rica (2017).<\/p>\n<p>Comisi\u00f3n de Agua y Saneamiento (CAS), <a href=\"https:\/\/www.conare.ac.cr\">Consejo Nacional de Rectores (CONARE)<\/a>, San Jos\u00e9, Costa Rica (2017).<\/p>\n<p><a href=\"http:\/\/www.eeha.csic.es\">Escuela de Estudios Hispano-Americanos (EEHA), Consejo Superior de Investigaciones Cient\u00edficas (CSIC)<\/a>, Sevilla, Espa\u00f1a (2016)<\/p>\n<p><a href=\"http:\/\/ciesasoccidente.edu.mx\/\">Centro de Investigaciones y Estudios Superiores en Antropolog\u00eda Social (CIESAS- Occidente)<\/a>, Guadalajara, Jalisco, M\u00e9xico (2015)<\/p>\n<p><a href=\"http:\/\/www.colmich.edu.mx\/\">El Colegio de Michoac\u00e1n<\/a>, Zamora, Michoac\u00e1n, M\u00e9xico (2015)<\/p>\n<p><a href=\"http:\/\/coljal.edu.mx\/\">El Colegio de Jalisco<\/a>, Guadalajara, Jalisco, M\u00e9xico (2015)<\/p>\n<p><a href=\"http:\/\/uaer.humanidades.unam.mx\/\">Universidad Nacional Aut\u00f3noma de M\u00e9xico, Unidad Acad\u00e9mica de Estudios Regionales<\/a>, Jiquilpan, Michoac\u00e1n, M\u00e9xico (2015)<\/p>\n<p><a href=\"http:\/\/cuci.udg.mx\/\">Universidad de Guadalajara, Centro Universitario de la Ci\u00e9naga<\/a>, Ocotl\u00e1n, Jalisco, M\u00e9xico (2015)<\/p>\n<p><a href=\"http:\/\/www.cide.edu\/regioncentro\/\">Centro de Investigaci\u00f3n y Docencia Econ\u00f3micas (CIDE), Regi\u00f3n Centro<\/a>, Aguascalientes, M\u00e9xico (2015)<\/p>\n<p><a href=\"http:\/\/ww.colsan.edu.mx\/\">El Colegio de San Luis (COLSAN)<\/a>, San Luis Potos\u00ed, M\u00e9xico (2015)<\/p>\n<p><a href=\"http:\/\/www.ucaldas.edu.co\/\">Universidad de Caldas<\/a>, Manizales, Colombia (2014)<\/p>\n<p><a href=\"http:\/\/portales.educacion.gov.ar\/spu\/\">Secretar\u00eda de Pol\u00edticas Universitarias<\/a>, Ministerio de Educaci\u00f3n, Argentina (2014)<\/p>\n<p><a href=\"http:\/\/www.yakumuseoagua.gob.ec\/\">Museo del Agua Yaku<\/a>, Ecuador (2013)<\/p>\n<p><a href=\"http:\/\/www.iaen.edu.ec\/\">Instituto de Altos Estudios Nacionales (IAEN)<\/a>, Ecuador (2013)<\/p>\n<p><a href=\"http:\/\/www.bn.gov.ar\/\">Biblioteca Nacional<\/a>, Argentina (2012)<\/p>\n<p><a href=\"http:\/\/www.raices.mincyt.gov.ar\/\">Programa Ra\u00edces<\/a>, Ministerio de Ciencia, Tecnolog\u00eda e Innovaci\u00f3n Productiva (MINCYT), Argentina (2012)<\/p>\n<p><a href=\"http:\/\/www.agencia.mincyt.gob.ar\/\">Agencia Nacional de Promoci\u00f3n Cient\u00edfica y Tecnol\u00f3gica<\/a>, Ministerio de Ciencia, Tecnolog\u00eda e Innovaci\u00f3n Productiva (MINCYT), Argentina (2012)<\/p>\n<p><a href=\"http:\/\/www.ungs.edu.ar\/\">Universidad Nacional de General Sarmiento (UNGS)<\/a>, Argentina (2012-21)<\/p>\n<p><a href=\"http:\/\/www.flacso.edu.mx\/\">Facultad Latinoamericana de Ciencias Sociales (FLACSO)<\/a>, M\u00e9xico (2011)<\/p>\n<p><a href=\"http:\/\/www.uepb.edu.br\/\">Universidad Estatal de Para\u00edba (UEPB)<\/a>, Brasil (2010-2020)<\/p>\n<p><a href=\"http:\/\/prpg.usp.br\/procam\">Programa de Posgrado en Ciencias Ambientales (PROCAM)<\/a>, Universidad de Sao Paulo, Brasil (2010)<\/p>\n<p><a href=\"http:\/\/www.geografia.fflch.usp.br\/posgraduacao\/posgradhumana\/index.html\">Programa de Posgrado en Geograf\u00eda Humana<\/a>, Universidad de Sao Paulo, Brasil (2010)<\/p>\n<p><a href=\"http:\/\/www.iea.usp.br\/iea\/\">Instituto de Estudios Avanzados<\/a>, Universidad de Sao Paulo, Brasil (2010)<\/p>\n<p><a href=\"http:\/\/www.cnpq.br\/\">Consejo Nacional de Desarrollo Cient\u00edfico y Tecnol\u00f3gico (CNPq)<\/a>, Brasil (2010)<\/p>\n<p><a href=\"http:\/\/www.capes.gov.br\/\">Coordinaci\u00f3n de Perfeccionamiento del Personal de Nivel Superior (CAPES)<\/a>, Brasil (2010)<\/p>\n<p>Centro de Estudios Brasileros de Am\u00e9rica Latina,\u00a0<a href=\"http:\/\/www.memorial.sp.gov.br\/memorial\/index.jsp\">Fundaci\u00f3n Memorial<\/a>, y <a href=\"http:\/\/www.memorial.sp.gov.br\/memorial\/AgendaDetalhe.do?agendaId=792\">C\u00e1tedra Memorial de Am\u00e9rica Latina de la UNESCO<\/a>, Brasil\u00a0(2010)<\/p>\n<p><a href=\"http:\/\/www.ncl.ac.uk\/\">Universidad de Newcastle<\/a>, Reino Unido (2010)<\/p>\n<p><a href=\"https:\/\/aca-web.gencat.cat\/\">Agencia Catalana del Agua<\/a>, Barcelona, Espa\u00f1a (2009) <\/p>\n<p><a href=\"http:\/\/www.leverhulme.ac.uk\/\">Leverhulme Trust<\/a>, Programa de Redes Internacionales, Reino Unido (2009-2011)<\/p>\n","protected":false},"excerpt":{"rendered":"<p>Nuestra red ha recibido apoyo financiero y log\u00edstico de diversas fuentes para llevar a cabo sus actividades. Desde 2012 la mayor\u00eda de las actividades han sido auto-financiadas por los miembros de la red, con apoyo adicional recibido de instituciones p\u00fablicas. Esta es una lista de nuestros apoyos m\u00e1s importantes, en orden cronol\u00f3gico. &nbsp; Centro de [&hellip;]<\/p>\n","protected":false},"author":1,"featured_media":0,"parent":3,"menu_order":0,"comment_status":"closed","ping_status":"open","template":"page-templates\/full-width.php","meta":{"_acf_changed":false,"footnotes":""},"class_list":["post-10","page","type-page","status-publish","hentry","wpautop"],"acf":[],"_links":{"self":[{"href":"https:\/\/waterlat.org\/es\/wp-json\/wp\/v2\/pages\/10","targetHints":{"allow":["GET"]}}],"collection":[{"href":"https:\/\/waterlat.org\/es\/wp-json\/wp\/v2\/pages"}],"about":[{"href":"https:\/\/waterlat.org\/es\/wp-json\/wp\/v2\/types\/page"}],"author":[{"embeddable":true,"href":"https:\/\/waterlat.org\/es\/wp-json\/wp\/v2\/users\/1"}],"replies":[{"embeddable":true,"href":"https:\/\/waterlat.org\/es\/wp-json\/wp\/v2\/comments?post=10"}],"version-history":[{"count":33,"href":"https:\/\/waterlat.org\/es\/wp-json\/wp\/v2\/pages\/10\/revisions"}],"predecessor-version":[{"id":4343,"href":"https:\/\/waterlat.org\/es\/wp-json\/wp\/v2\/pages\/10\/revisions\/4343"}],"up":[{"embeddable":true,"href":"https:\/\/waterlat.org\/es\/wp-json\/wp\/v2\/pages\/3"}],"wp:attachment":[{"href":"https:\/\/waterlat.org\/es\/wp-json\/wp\/v2\/media?parent=10"}],"curies":[{"name":"wp","href":"https:\/\/api.w.org\/{rel}","templated":true}]}}