{"id":11,"date":"2013-11-27T20:56:49","date_gmt":"2013-11-27T20:56:49","guid":{"rendered":"http:\/\/waterlat.org\/es\/?page_id=11"},"modified":"2018-07-22T15:55:26","modified_gmt":"2018-07-22T15:55:26","slug":"declaracion","status":"publish","type":"page","link":"https:\/\/waterlat.org\/es\/spa\/declaracion\/","title":{"rendered":"Declaraci\u00f3n"},"content":{"rendered":"<p><span style=\"line-height: 1.714285714; font-size: 1rem;\">Este sitio de internet contiene informaci\u00f3n de relevancia y documentos relacionados con la actividad de la Red WATERLAT-GOBACIT.<\/span><\/p>\n<div>\n<p>Las opiniones, datos y dem\u00e1s materiales contenidos en este sitio son responsabilidad del consorcio de investigaci\u00f3n a cargo del proyecto.<\/p>\n<p>Nuestra meta es mantener la informaci\u00f3n actualizada y precisa, y por lo tanto corregiremos los errores que pudieran ser detectados. Sin embargo, WATERLAT-GOBACIT no acepta responsabilidad u obligaci\u00f3n alguna con respecto al contenido del sitio.<\/p>\n<p>Este material es:<\/p>\n<ul>\n<li>Informaci\u00f3n general que no pretende referirse a las circunstancias espec\u00edficas de persona o entidad alguna<\/li>\n<li>No necesariamente completo, comprensivo o actualizado<\/li>\n<li>En algunos casos, referido a otros sitios de internet sobre los cuales no tenemos control y por los cuales no asumimos responsabilidad<\/li>\n<\/ul>\n<p>Es nuestra intenci\u00f3n minimizar las posibles disrupciones causadas por errores t\u00e9cnicos. Sin embargo los datos e informaci\u00f3n contenidos en nuestras p\u00e1ginas pueden haber sido creados o estructurados en archivos o formatos que no est\u00e1n libres de error; por lo tanto no podemos garantizar que nuestro servicio no sea interrumpido o afectado de otra manera por dichos errores. No aceptamos responsabilidad alguna con relaci\u00f3n a dichos problemas, o sus consecuencias, que pudieran ser causados por la utilizaci\u00f3n de nuestras p\u00e1ginas o por el acceso a alguno de los sitios de internet referidos en ellas.<\/p>\n<p>Esta declaraci\u00f3n no pretende contravenir ning\u00fan requerimiento especificado en las leyes de aplicaci\u00f3n nacional ni eludir obligaciones por aspectos que pudieran no estar excluidos en dichas leyes.<\/p>\n<\/div>\n","protected":false},"excerpt":{"rendered":"<p>Este sitio de internet contiene informaci\u00f3n de relevancia y documentos relacionados con la actividad de la Red WATERLAT-GOBACIT. Las opiniones, datos y dem\u00e1s materiales contenidos en este sitio son responsabilidad del consorcio de investigaci\u00f3n a cargo del proyecto. Nuestra meta es mantener la informaci\u00f3n actualizada y precisa, y por lo tanto corregiremos los errores que [&hellip;]<\/p>\n","protected":false},"author":1,"featured_media":0,"parent":2114,"menu_order":0,"comment_status":"closed","ping_status":"open","template":"page-templates\/full-width.php","meta":{"_acf_changed":false,"footnotes":""},"class_list":["post-11","page","type-page","status-publish","hentry","wpautop"],"acf":[],"_links":{"self":[{"href":"https:\/\/waterlat.org\/es\/wp-json\/wp\/v2\/pages\/11","targetHints":{"allow":["GET"]}}],"collection":[{"href":"https:\/\/waterlat.org\/es\/wp-json\/wp\/v2\/pages"}],"about":[{"href":"https:\/\/waterlat.org\/es\/wp-json\/wp\/v2\/types\/page"}],"author":[{"embeddable":true,"href":"https:\/\/waterlat.org\/es\/wp-json\/wp\/v2\/users\/1"}],"replies":[{"embeddable":true,"href":"https:\/\/waterlat.org\/es\/wp-json\/wp\/v2\/comments?post=11"}],"version-history":[{"count":2,"href":"https:\/\/waterlat.org\/es\/wp-json\/wp\/v2\/pages\/11\/revisions"}],"predecessor-version":[{"id":1136,"href":"https:\/\/waterlat.org\/es\/wp-json\/wp\/v2\/pages\/11\/revisions\/1136"}],"up":[{"embeddable":true,"href":"https:\/\/waterlat.org\/es\/wp-json\/wp\/v2\/pages\/2114"}],"wp:attachment":[{"href":"https:\/\/waterlat.org\/es\/wp-json\/wp\/v2\/media?parent=11"}],"curies":[{"name":"wp","href":"https:\/\/api.w.org\/{rel}","templated":true}]}}