{"id":1174,"date":"2014-07-01T13:48:34","date_gmt":"2014-07-01T13:48:34","guid":{"rendered":"http:\/\/waterlat.org\/es\/?page_id=1174"},"modified":"2015-12-11T17:21:27","modified_gmt":"2015-12-11T17:21:27","slug":"waterlat-gobacit-2015","status":"publish","type":"page","link":"https:\/\/waterlat.org\/es\/encuentros\/public-meetings\/waterlat-gobacit-2015\/","title":{"rendered":"WATERLAT-GOBACIT VII, Guadalajara, 2015"},"content":{"rendered":"<p><a href=\"https:\/\/waterlat.org\/es\/wp-content\/uploads\/sites\/2\/2015\/06\/logo_Waterlat-Sp2.jpg\"><img loading=\"lazy\" decoding=\"async\" class=\"aligncenter size-medium wp-image-1404\" src=\"https:\/\/waterlat.org\/es\/wp-content\/uploads\/sites\/2\/2015\/06\/logo_Waterlat-Sp2-300x275.jpg\" alt=\"logo_Waterlat\" width=\"300\" height=\"275\" srcset=\"https:\/\/waterlat.org\/es\/wp-content\/uploads\/sites\/2\/2015\/06\/logo_Waterlat-Sp2-300x275.jpg 300w, https:\/\/waterlat.org\/es\/wp-content\/uploads\/sites\/2\/2015\/06\/logo_Waterlat-Sp2-1024x941.jpg 1024w, https:\/\/waterlat.org\/es\/wp-content\/uploads\/sites\/2\/2015\/06\/logo_Waterlat-Sp2-624x573.jpg 624w, https:\/\/waterlat.org\/es\/wp-content\/uploads\/sites\/2\/2015\/06\/logo_Waterlat-Sp2.jpg 1185w\" sizes=\"auto, (max-width: 300px) 100vw, 300px\" \/><\/a><\/p>\n<p style=\"text-align: center;\">Logo inspirado en el poema <a href=\"https:\/\/youtu.be\/Al0FbmDxaoM?list=PLx6qphzdSP6tVkSKgdDG_Pp8B3g2QRYnl\">&#8220;Por qu\u00e9 cantamos&#8221;, de Mario Benedetti<\/a><\/p>\n<p>&nbsp;<\/p>\n<h2 style=\"text-align: center;\">VII Reuni\u00f3n Internacional de la Red WATERLAT-GOBACIT<\/h2>\n<h3 style=\"text-align: center;\">Pol\u00edtica del agua y cambio social. \u00bfCu\u00e1les son las lecciones de las nuevas derrotas del \u2018desarrollo\u2019?<\/h3>\n<p style=\"text-align: center;\">Campus del <a href=\"http:\/\/www.iteso.mx\/\">ITESO, La Universidad Jesuita de Guadalajara<\/a>, Jalisco, M\u00e9xico,<\/p>\n<p style=\"text-align: center;\">19-23 de octubre de 2015<\/p>\n<p>&nbsp;<\/p>\n<h2><a href=\"http:\/\/waterlat.org\/GeneralPDFs\/Programa VII Reunion.pdf\">Programa<\/a><\/h2>\n<p>&nbsp;<\/p>\n<h4>Breve evaluaci\u00f3n de la reuni\u00f3n por los coordinadores<\/h4>\n<p><iframe loading=\"lazy\" src=\"https:\/\/www.youtube.com\/embed\/38OWGnNU1d4?list=PLx6qphzdSP6s65qIxmfZLFz9wGRE5lcRz\" width=\"560\" height=\"315\" frameborder=\"0\" allowfullscreen=\"allowfullscreen\"><\/iframe><\/p>\n<h4>Bienvenida del Dr Jos\u00e9 Morales Orozco, Rector del ITESO, a los participantes de la VII Reuni\u00f3n Internacional de la Red WATERLAT-GOBACIT<\/h4>\n<p><iframe loading=\"lazy\" src=\"https:\/\/www.youtube.com\/embed\/TY407tDvNn4?list=PLx6qphzdSP6tVkSKgdDG_Pp8B3g2QRYnl\" width=\"560\" height=\"315\" frameborder=\"0\" allowfullscreen=\"allowfullscreen\"><\/iframe><\/p>\n<h4 style=\"text-align: left;\">Actividades preparatorias<\/h4>\n<p><iframe loading=\"lazy\" src=\"https:\/\/www.youtube.com\/embed\/YReM8R4ka5M?list=PLx6qphzdSP6tVkSKgdDG_Pp8B3g2QRYnl\" width=\"560\" height=\"315\" frameborder=\"0\" allowfullscreen=\"allowfullscreen\"><\/iframe><\/p>\n<p>&nbsp;<\/p>\n<p>El tema escogido es una invitaci\u00f3n a debatir las interrelaciones entra la pol\u00edtica del agua, <strong>en sus diferentes formas y dimensiones<\/strong>, y los procesos de cambio social de largo plazo, con \u00e9nfasis en los procesos de cambio social progresivo, orientados al avance del proceso de democratizaci\u00f3n substantiva de las sociedades. 2015 es un a\u00f1o apropiado para este debate ya que, entre otras cuestiones, es el a\u00f1o en que se realizar\u00e1 el balance de las Metas de Desarrollo del Milenio (MDM) (http:\/\/www.un.org\/es\/millenniumgoals\/) que se hab\u00edan decidido en el a\u00f1o 2000 y deb\u00edan cumplirse este a\u00f1o. Tambi\u00e9n es el a\u00f1o en el que se aprobar\u00e1n nuevas metas e indicadores para las pr\u00f3ximas d\u00e9cadas. Existe una relaci\u00f3n estrecha entre varias de las MDM y los temas del agua, especialmente en el caso de la Meta 7 dedicada a la \u201csostenibilidad del medio ambiente\u201d y que inclu\u00eda varios objetivos como reducir la destrucci\u00f3n ambiental y la p\u00e9rdida de biodiversidad, reducir a la mitad la poblaci\u00f3n sin acceso a servicios b\u00e1sicos de agua y saneamiento y mejorar las condiciones de vida de 100 millones de personas en barrios marginales. Varias otras MDM son tambi\u00e9n muy relevantes para nuestro tema, sobretodo la 1 (erradicar la pobreza extrema y el hambre), la 4 (reducir la mortalidad de los ni\u00f1os menores de 5 a\u00f1os), y la 6 (combatir enfermedades prevenibles, entre las que se encuentran varias enfermedades relacionadas con el agua). Sin duda muchos otros problemas urgentes fueron dejados de lado cuando se aprobaron las metas, lo cual de por s\u00ed abre oportunidades para el debate y la cr\u00edtica constructiva de busca de alternativas. En este sentido, tal como lo anticiparon numerosos informes de los equipos que monitorean el cumplimiento de las MDMs, estamos lejos de cumplir la mayor\u00eda de ellas, ciertamente las conectadas directamente con el tema del agua. Varios miembros de la Red han escrito bastante sobre esta tem\u00e1tica, y uno de nuestros proyectos en marcha est\u00e1 dedicado precisamente a este tema (www.desafioglobal.org). El fracaso en cumplir las MDM, que en muchas formas eran metas modestas o incluso mezquinas, comparadas con el pasado (por ejemplo, mientras que la D\u00e9cada Mundial del Agua de las Naciones Unidas iniciada en 1980 hab\u00eda tenido como meta llevar 40 litros de agua limpia a cada ser humano del planeta para 1990, lo que no se logr\u00f3 ya que en 1990 exist\u00edan 1.100 millones de personas sin agua limpia para consumir, la meta asumida en 2000 fue reducir a la mitad la proporci\u00f3n de personas sin acceso al agua limpia para consumo humano para 2015) puede concebirse como una nueva \u201cderrota del desarrollo\u201d. Es claro qui\u00e9nes han sido los derrotados. Esta nueva derrota vuelve a levantar una serie de preguntas inc\u00f3modas, espinosas, no solamente acerca del significado del \u201cdesarrollo\u201d y del \u201cprogreso\u201d, temas muy debatidos en las \u00faltimas d\u00e9cadas, sino tambi\u00e9n sobre la posibilidad de la democracia, entendida como un proyecto universal, igualitario, a nivel de la especie humana. En este sentido, podemos decir responsablemente que el fracaso de las MDM es otra derrota m\u00e1s del \u201cdesarrollo\u201d, quiz\u00e1s la m\u00e1s reciente, la cual ha sido infligida sobre una porci\u00f3n substantiva de la poblaci\u00f3n humana. Proponemos discutir en nuestra reuni\u00f3n cu\u00e1les son las lecciones que podemos y debemos extraer de la derrota sufrida, <strong>con el objetivo de desarrollar alternativas, estrategias e intervenciones pr\u00e1cticas orientadas a propulsar y consolidar nuevas transformaciones sociales que permitan combatir con mayor \u00e9xito el car\u00e1cter inhumano del sistema social dominante<\/strong>.<\/p>\n<p>&nbsp;<\/p>\n<hr \/>\n<p>&nbsp;<\/p>\n<p>El evento fue co-organizado por la Red WATERLAT-GOBACIT y el ITESO.<\/p>\n<p><a href=\"http:\/\/waterlat.org\/wp-content\/uploads\/2014\/10\/WATERLAT-VERTICAL.jpg\"><img loading=\"lazy\" decoding=\"async\" class=\"wp-image-1637 alignleft\" src=\"http:\/\/waterlat.org\/wp-content\/uploads\/2014\/10\/WATERLAT-VERTICAL-300x163.jpg\" alt=\"WATERLAT VERTICAL\" width=\"133\" height=\"72\" \/><\/a><a href=\"http:\/\/waterlat.org\/wp-content\/uploads\/2014\/07\/azul-horizontal-2010.jpg\"><img loading=\"lazy\" decoding=\"async\" class=\"wp-image-1790 alignleft\" src=\"http:\/\/waterlat.org\/wp-content\/uploads\/2014\/07\/azul-horizontal-2010-300x123.jpg\" alt=\"azul-horizontal-2010\" width=\"175\" height=\"72\" \/><\/a><\/p>\n<p>&nbsp;<\/p>\n<p>&nbsp;<\/p>\n<p><a href=\"https:\/\/waterlat.org\/es\/wp-content\/uploads\/sites\/2\/2014\/07\/logo-USAI.jpeg\"><img loading=\"lazy\" decoding=\"async\" class=\"alignnone  wp-image-1458\" src=\"https:\/\/waterlat.org\/es\/wp-content\/uploads\/sites\/2\/2014\/07\/logo-USAI-300x300.jpeg\" alt=\"logo USAI\" width=\"62\" height=\"62\" srcset=\"https:\/\/waterlat.org\/es\/wp-content\/uploads\/sites\/2\/2014\/07\/logo-USAI-300x300.jpeg 300w, https:\/\/waterlat.org\/es\/wp-content\/uploads\/sites\/2\/2014\/07\/logo-USAI-150x150.jpeg 150w, https:\/\/waterlat.org\/es\/wp-content\/uploads\/sites\/2\/2014\/07\/logo-USAI.jpeg 500w\" sizes=\"auto, (max-width: 62px) 100vw, 62px\" \/><\/a>\u00a0\u00a0<a href=\"https:\/\/waterlat.org\/es\/wp-content\/uploads\/sites\/2\/2014\/07\/\u00a1VA.jpg\"><img loading=\"lazy\" decoding=\"async\" class=\"alignnone  wp-image-1470\" src=\"https:\/\/waterlat.org\/es\/wp-content\/uploads\/sites\/2\/2014\/07\/\u00a1VA.jpg\" alt=\"\u00a1VA!\" width=\"62\" height=\"62\" srcset=\"https:\/\/waterlat.org\/es\/wp-content\/uploads\/sites\/2\/2014\/07\/\u00a1VA.jpg 190w, https:\/\/waterlat.org\/es\/wp-content\/uploads\/sites\/2\/2014\/07\/\u00a1VA-150x150.jpg 150w\" sizes=\"auto, (max-width: 62px) 100vw, 62px\" \/><\/a> <a href=\"https:\/\/waterlat.org\/es\/wp-content\/uploads\/sites\/2\/2014\/07\/Huerto-Agroecol\u00f3gico-Universitario-del-ITESO.jpg\"><img loading=\"lazy\" decoding=\"async\" class=\"alignnone  wp-image-1471\" src=\"https:\/\/waterlat.org\/es\/wp-content\/uploads\/sites\/2\/2014\/07\/Huerto-Agroecol\u00f3gico-Universitario-del-ITESO.jpg\" alt=\"Huerto Agroecol\u00f3gico Universitario del ITESO\" width=\"72\" height=\"58\" \/><\/a> <a href=\"https:\/\/waterlat.org\/es\/wp-content\/uploads\/sites\/2\/2014\/07\/logo-RedUC.jpg\"><img loading=\"lazy\" decoding=\"async\" class=\"alignnone  wp-image-1472\" src=\"https:\/\/waterlat.org\/es\/wp-content\/uploads\/sites\/2\/2014\/07\/logo-RedUC.jpg\" alt=\"logo RedUC\" width=\"71\" height=\"52\" \/><\/a> <a href=\"https:\/\/waterlat.org\/es\/wp-content\/uploads\/sites\/2\/2014\/07\/Logo-RUTAS.pdf.png\"><img loading=\"lazy\" decoding=\"async\" class=\"alignnone  wp-image-1473\" src=\"https:\/\/waterlat.org\/es\/wp-content\/uploads\/sites\/2\/2014\/07\/Logo-RUTAS.pdf.png\" alt=\"Logo RUTAS.pdf\" width=\"60\" height=\"56\" \/><\/a> <a href=\"https:\/\/waterlat.org\/es\/wp-content\/uploads\/sites\/2\/2014\/07\/Voluntariado-Justicia-Ambiental.jpg\"><img loading=\"lazy\" decoding=\"async\" class=\"alignnone  wp-image-1474\" src=\"https:\/\/waterlat.org\/es\/wp-content\/uploads\/sites\/2\/2014\/07\/Voluntariado-Justicia-Ambiental.jpg\" alt=\"Voluntariado Justicia Ambiental\" width=\"69\" height=\"55\" \/><\/a><\/p>\n<p>&nbsp;<\/p>\n<p><span style=\"text-decoration: underline;\">Vistas de Guadalajara y Jalisco<\/span>:<\/p>\n<p><object width=\"709\" height=\"532\"><param name=\"flashvars\" value=\"offsite=true&amp;lang=en-us&amp;page_show_url=%2Fphotos%2F125391306%40N03%2Fsets%2F72157650732108778%2Fshow%2F&amp;page_show_back_url=%2Fphotos%2F125391306%40N03%2Fsets%2F72157650732108778%2F&amp;set_id=72157650732108778&amp;jump_to=\" \/><param name=\"movie\" value=\"https:\/\/www.flickr.com\/apps\/slideshow\/show.swf?v=1811922554\" \/><param name=\"allowFullScreen\" value=\"true\" \/><embed type=\"application\/x-shockwave-flash\" src=\"https:\/\/www.flickr.com\/apps\/slideshow\/show.swf?v=1811922554\" allowfullscreen=\"allowfullscreen\" flashvars=\"offsite=true&amp;lang=en-us&amp;page_show_url=%2Fphotos%2F125391306%40N03%2Fsets%2F72157650732108778%2Fshow%2F&amp;page_show_back_url=%2Fphotos%2F125391306%40N03%2Fsets%2F72157650732108778%2F&amp;set_id=72157650732108778&amp;jump_to=\" width=\"709\" height=\"532\" \/><\/object><\/p>\n<p><span style=\"text-decoration: underline;\">El encuentro es organizado con el apoyo de (en orden alfab\u00e9tico):<\/span><\/p>\n<p><a href=\"&quot;http:\/\/www.amc.mx\/\">Academia Mexicana de Ciencias (AMC)<\/a>, Red del Agua, M\u00e9xico DF, M\u00e9xico.<br \/>\n<a href=\"https:\/\/waterlat.org\/es\/wp-content\/uploads\/sites\/2\/2014\/12\/untitled.png\"><img loading=\"lazy\" decoding=\"async\" class=\"alignleft  wp-image-1307\" src=\"https:\/\/waterlat.org\/es\/wp-content\/uploads\/sites\/2\/2014\/12\/untitled.png\" alt=\"untitled\" width=\"86\" height=\"60\" \/><\/a><\/p>\n<p>&nbsp;<\/p>\n<p>&nbsp;<\/p>\n<p><a href=\"http:\/\/casacem.org\/\">Casa CEM &#8211; Cultura, Educaci\u00f3n, Medio Ambiente<\/a>, Guadalajara, Jalisco, M\u00e9xico.<br \/>\n<a href=\"https:\/\/waterlat.org\/es\/wp-content\/uploads\/sites\/2\/2014\/07\/logo-CASA-CEM.jpg\"><img loading=\"lazy\" decoding=\"async\" class=\"alignnone  wp-image-1477\" src=\"https:\/\/waterlat.org\/es\/wp-content\/uploads\/sites\/2\/2014\/07\/logo-CASA-CEM-300x199.jpg\" alt=\"logo CASA CEM\" width=\"77\" height=\"51\" srcset=\"https:\/\/waterlat.org\/es\/wp-content\/uploads\/sites\/2\/2014\/07\/logo-CASA-CEM-300x199.jpg 300w, https:\/\/waterlat.org\/es\/wp-content\/uploads\/sites\/2\/2014\/07\/logo-CASA-CEM-1024x682.jpg 1024w, https:\/\/waterlat.org\/es\/wp-content\/uploads\/sites\/2\/2014\/07\/logo-CASA-CEM-624x415.jpg 624w, https:\/\/waterlat.org\/es\/wp-content\/uploads\/sites\/2\/2014\/07\/logo-CASA-CEM.jpg 1978w\" sizes=\"auto, (max-width: 77px) 100vw, 77px\" \/><\/a><\/p>\n<p><a href=\"http:\/\/ciesasoccidente.edu.mx\/\">Centro de Investigaciones y Estudios Superiores en Antropolog\u00eda Social (CIESAS- Occidente)<\/a>, Guadalajara, Jalisco, M\u00e9xico.<\/p>\n<p><a href=\"http:\/\/waterlat.org\/wp-content\/uploads\/2014\/11\/CIESAS.jpg\"><img loading=\"lazy\" decoding=\"async\" class=\"alignleft wp-image-1739 size-full\" src=\"http:\/\/waterlat.org\/wp-content\/uploads\/2014\/11\/CIESAS.jpg\" alt=\"CIESAS\" width=\"87\" height=\"101\" \/><\/a><\/p>\n<p>&nbsp;<\/p>\n<p>&nbsp;<\/p>\n<p>&nbsp;<\/p>\n<p><a href=\"http:\/\/coljal.edu.mx\/\">El Colegio de Jalisco<\/a>, Guadalajara, Jalisco, M\u00e9xico.<br \/>\n<a href=\"http:\/\/waterlat.org\/wp-content\/uploads\/2014\/12\/Logo_Coljal-JPG.jpg\"><img loading=\"lazy\" decoding=\"async\" class=\"alignleft  wp-image-1789\" src=\"http:\/\/waterlat.org\/wp-content\/uploads\/2014\/12\/Logo_Coljal-JPG-231x300.jpg\" alt=\"Logo_Coljal JPG\" width=\"78\" height=\"101\" \/><\/a><\/p>\n<p>&nbsp;<\/p>\n<p>&nbsp;<\/p>\n<p>&nbsp;<\/p>\n<p><a href=\"http:\/\/www.colmich.edu.mx\/ \">El Colegio de Michoac\u00e1n<\/a>, Zamora, Michoac\u00e1n, M\u00e9xico.<br \/>\n<a href=\"https:\/\/waterlat.org\/es\/wp-content\/uploads\/sites\/2\/2014\/11\/Colmich.jpg\"><img loading=\"lazy\" decoding=\"async\" class=\"alignnone  wp-image-1275\" src=\"https:\/\/waterlat.org\/es\/wp-content\/uploads\/sites\/2\/2014\/11\/Colmich.jpg\" alt=\"Colmich\" width=\"129\" height=\"37\" \/><\/a><\/p>\n<p><a href=\"http:\/\/ww.colsan.edu.mx\/\">El Colegio de San Luis (COLSAN)<\/a>, San Luis Potos\u00ed, M\u00e9xico.<br \/>\n<a href=\"http:\/\/waterlat.org\/wp-content\/uploads\/2014\/11\/03_COLSANcolorOK.png\"><img loading=\"lazy\" decoding=\"async\" class=\"alignleft wp-image-1730\" src=\"http:\/\/waterlat.org\/wp-content\/uploads\/2014\/11\/03_COLSANcolorOK-300x116.png\" alt=\"03_COLSANcolorOK\" width=\"132\" height=\"51\" \/><\/a><\/p>\n<p>&nbsp;<\/p>\n<p>&nbsp;<\/p>\n<p><a href=\"http:\/\/www.flacso.edu.mx\/\">Facultad Latinoamericana de Ciencias Sociales (FLACSO)<\/a>, M\u00e9xico DF, M\u00e9xico.<br \/>\n<a href=\"http:\/\/waterlat.org\/wp-content\/uploads\/2014\/12\/Logo_FlacsoVer.png\"><img loading=\"lazy\" decoding=\"async\" class=\"alignleft  wp-image-1786\" src=\"http:\/\/waterlat.org\/wp-content\/uploads\/2014\/12\/Logo_FlacsoVer.png\" alt=\"Logo_FlacsoVer\" width=\"71\" height=\"99\" \/><\/a><\/p>\n<p>&nbsp;<\/p>\n<p>&nbsp;<\/p>\n<p>&nbsp;<\/p>\n<p><a href=\"http:\/\/www.imdec.net\/\">Instituto Mexicano para el Desarrollo Comunitario (IMDEC)<\/a>, Jalisco, M\u00e9xico.<br \/>\n<a href=\"https:\/\/waterlat.org\/es\/wp-content\/uploads\/sites\/2\/2014\/07\/logo-imdec-300-alta-resoluci\u00f3n.jpg\"><img loading=\"lazy\" decoding=\"async\" class=\"alignnone  wp-image-1456\" src=\"https:\/\/waterlat.org\/es\/wp-content\/uploads\/sites\/2\/2014\/07\/logo-imdec-300-alta-resoluci\u00f3n-300x109.jpg\" alt=\"logo imdec 300 alta resoluci\u00f3n\" width=\"88\" height=\"32\" srcset=\"https:\/\/waterlat.org\/es\/wp-content\/uploads\/sites\/2\/2014\/07\/logo-imdec-300-alta-resoluci\u00f3n-300x109.jpg 300w, https:\/\/waterlat.org\/es\/wp-content\/uploads\/sites\/2\/2014\/07\/logo-imdec-300-alta-resoluci\u00f3n-1024x374.jpg 1024w, https:\/\/waterlat.org\/es\/wp-content\/uploads\/sites\/2\/2014\/07\/logo-imdec-300-alta-resoluci\u00f3n-624x228.jpg 624w\" sizes=\"auto, (max-width: 88px) 100vw, 88px\" \/><\/a><\/p>\n<p><a href=\"http:\/\/www.world-psi.org\">Internacional de Servicios P\u00fablicos (ISP)<\/a>, Coordinaci\u00f3n Interamericana para temas de Agua, Saneamiento y Medio Ambiente, San Jos\u00e9, Costa Rica.<br \/>\n<a href=\"https:\/\/waterlat.org\/es\/wp-content\/uploads\/sites\/2\/2015\/09\/ISP-Logo.gif\"><img loading=\"lazy\" decoding=\"async\" class=\"alignnone  wp-image-1419\" src=\"https:\/\/waterlat.org\/es\/wp-content\/uploads\/sites\/2\/2015\/09\/ISP-Logo.gif\" alt=\"ISP Logo\" width=\"91\" height=\"49\" \/><\/a><\/p>\n<p><a href=\"http:\/\/mediaforchange.org\/\">Media for Change<\/a>, Palmetto Bay, Florida, United States.<\/p>\n<p><a href=\"https:\/\/waterlat.org\/es\/wp-content\/uploads\/sites\/2\/2014\/07\/MediaforChange.png\"><img loading=\"lazy\" decoding=\"async\" class=\"alignnone  wp-image-1429\" src=\"https:\/\/waterlat.org\/es\/wp-content\/uploads\/sites\/2\/2014\/07\/MediaforChange-300x36.png\" alt=\"MediaforChange\" width=\"184\" height=\"22\" srcset=\"https:\/\/waterlat.org\/es\/wp-content\/uploads\/sites\/2\/2014\/07\/MediaforChange-300x36.png 300w, https:\/\/waterlat.org\/es\/wp-content\/uploads\/sites\/2\/2014\/07\/MediaforChange-1024x123.png 1024w, https:\/\/waterlat.org\/es\/wp-content\/uploads\/sites\/2\/2014\/07\/MediaforChange-624x75.png 624w\" sizes=\"auto, (max-width: 184px) 100vw, 184px\" \/><\/a><\/p>\n<p><a href=\"http:\/\/semadet.jalisco.gob.mx\/\">Secretar\u00eda de Medio Ambiente y Desarrollo Territorial (SEMADET)<\/a>, Gobierno del Estado de Jalisco, Guadalajara, Jalisco, Mexico.<br \/>\n<a href=\"https:\/\/waterlat.org\/es\/wp-content\/uploads\/sites\/2\/2014\/07\/GOBJAL_vert.jpg\"><img loading=\"lazy\" decoding=\"async\" class=\"alignnone  wp-image-1453\" src=\"https:\/\/waterlat.org\/es\/wp-content\/uploads\/sites\/2\/2014\/07\/GOBJAL_vert-300x279.jpg\" alt=\"GOBJAL_vert\" width=\"104\" height=\"97\" srcset=\"https:\/\/waterlat.org\/es\/wp-content\/uploads\/sites\/2\/2014\/07\/GOBJAL_vert-300x279.jpg 300w, https:\/\/waterlat.org\/es\/wp-content\/uploads\/sites\/2\/2014\/07\/GOBJAL_vert-1024x953.jpg 1024w, https:\/\/waterlat.org\/es\/wp-content\/uploads\/sites\/2\/2014\/07\/GOBJAL_vert-624x581.jpg 624w\" sizes=\"auto, (max-width: 104px) 100vw, 104px\" \/><\/a><a href=\"https:\/\/waterlat.org\/es\/wp-content\/uploads\/sites\/2\/2014\/07\/SEMADET_vert.jpg\"><img loading=\"lazy\" decoding=\"async\" class=\"alignnone  wp-image-1426\" src=\"https:\/\/waterlat.org\/es\/wp-content\/uploads\/sites\/2\/2014\/07\/SEMADET_vert-300x252.jpg\" alt=\"SEMADET_vert\" width=\"115\" height=\"97\" srcset=\"https:\/\/waterlat.org\/es\/wp-content\/uploads\/sites\/2\/2014\/07\/SEMADET_vert-300x252.jpg 300w, https:\/\/waterlat.org\/es\/wp-content\/uploads\/sites\/2\/2014\/07\/SEMADET_vert-1024x861.jpg 1024w, https:\/\/waterlat.org\/es\/wp-content\/uploads\/sites\/2\/2014\/07\/SEMADET_vert-624x524.jpg 624w\" sizes=\"auto, (max-width: 115px) 100vw, 115px\" \/><\/a><\/p>\n<p><a href=\"http:\/\/www.cucsh.udg.mx\/\">Universidad de Guadalajara, Centro Universitario de Ciencias Sociales y Humanidades (CUCSH)<\/a>, Guadalajara, Jalisco, M\u00e9xico.<br \/>\n<a href=\"https:\/\/waterlat.org\/es\/wp-content\/uploads\/sites\/2\/2015\/09\/UdG.jpg\"><img loading=\"lazy\" decoding=\"async\" class=\"alignnone  wp-image-1420\" src=\"https:\/\/waterlat.org\/es\/wp-content\/uploads\/sites\/2\/2015\/09\/UdG.jpg\" alt=\"UdG\" width=\"74\" height=\"100\" \/><\/a><\/p>\n<p><a href=\"http:\/\/cuci.udg.mx\/\">Universidad de Guadalajara, Centro Universitario de la Ci\u00e9naga<\/a>, Ocotl\u00e1n, Jalisco, M\u00e9xico.<br \/>\n<a href=\"https:\/\/waterlat.org\/es\/wp-content\/uploads\/sites\/2\/2014\/11\/UDG-Cienaga.jpg\"><img loading=\"lazy\" decoding=\"async\" class=\"alignnone  wp-image-1279\" src=\"https:\/\/waterlat.org\/es\/wp-content\/uploads\/sites\/2\/2014\/11\/UDG-Cienaga.jpg\" alt=\"UDG Cienaga\" width=\"122\" height=\"61\" \/><\/a><\/p>\n<p><a href=\"http:\/\/www.campusleon.ugto.mx\">Universidad de Guanajuato, Campus Le\u00f3n<\/a>, Le\u00f3n, Guanajuato, M\u00e9xico.<br \/>\n<a href=\"http:\/\/waterlat.org\/wp-content\/uploads\/2014\/11\/CLsocialesyhumanidadesBN.jpg\"><img loading=\"lazy\" decoding=\"async\" class=\"alignnone wp-image-1731\" src=\"http:\/\/waterlat.org\/wp-content\/uploads\/2014\/11\/CLsocialesyhumanidadesBN-300x78.jpg\" alt=\"CLsocialesyhumanidadesBN\" width=\"166\" height=\"43\" \/><\/a><\/p>\n<p><a href=\"http:\/\/uaer.humanidades.unam.mx\/\">Universidad Nacional Aut\u00f3noma de M\u00e9xico, Unidad Acad\u00e9mica de Estudios Regionales<\/a>, Jiquilpan, Michoac\u00e1n, M\u00e9xico.<br \/>\n<a href=\"http:\/\/waterlat.org\/wp-content\/uploads\/2014\/12\/Escudo-UNAM.gif\"><img loading=\"lazy\" decoding=\"async\" class=\"alignleft wp-image-1787\" src=\"http:\/\/waterlat.org\/wp-content\/uploads\/2014\/12\/Escudo-UNAM-256x300.gif\" alt=\"Escudo UNAM\" width=\"71\" height=\"83\" \/><\/a><a href=\"http:\/\/waterlat.org\/wp-content\/uploads\/2014\/12\/LOGO-NUEVO-UAER.jpg\"><img loading=\"lazy\" decoding=\"async\" class=\"alignleft  wp-image-1788\" src=\"http:\/\/waterlat.org\/wp-content\/uploads\/2014\/12\/LOGO-NUEVO-UAER-234x300.jpg\" alt=\"LOGO NUEVO UAER\" width=\"58\" height=\"74\" \/><\/a><\/p>\n<p>&nbsp;<\/p>\n<p>&nbsp;<\/p>\n<p><a href=\"http:\/\/www.ncl.ac.uk\/\">Universidad de Newcastle<\/a>, Newcastle upon Tyne, Reino Unido.<br \/>\n<a href=\"https:\/\/waterlat.org\/es\/wp-content\/uploads\/sites\/2\/2014\/07\/newcastle_master_col.jpg\"><img loading=\"lazy\" decoding=\"async\" class=\"alignnone wp-image-1308\" src=\"https:\/\/waterlat.org\/es\/wp-content\/uploads\/sites\/2\/2014\/07\/newcastle_master_col-300x105.jpg\" alt=\"newcastle_master_col\" width=\"143\" height=\"50\" srcset=\"https:\/\/waterlat.org\/es\/wp-content\/uploads\/sites\/2\/2014\/07\/newcastle_master_col-300x105.jpg 300w, https:\/\/waterlat.org\/es\/wp-content\/uploads\/sites\/2\/2014\/07\/newcastle_master_col-1024x359.jpg 1024w, https:\/\/waterlat.org\/es\/wp-content\/uploads\/sites\/2\/2014\/07\/newcastle_master_col-624x219.jpg 624w\" sizes=\"auto, (max-width: 143px) 100vw, 143px\" \/><\/a><\/p>\n<p>&nbsp;<\/p>\n<p>&nbsp;<\/p>\n<p><span style=\"text-decoration: underline;\">Patrocinio especial<\/span>:<\/p>\n<p><a href=\"https:\/\/waterlat.org\/es\/wp-content\/uploads\/sites\/2\/2014\/07\/logo-clase-azul.jpg\"><img loading=\"lazy\" decoding=\"async\" class=\"alignnone  wp-image-1454\" src=\"https:\/\/waterlat.org\/es\/wp-content\/uploads\/sites\/2\/2014\/07\/logo-clase-azul-300x231.jpg\" alt=\"logo clase azul\" width=\"157\" height=\"121\" srcset=\"https:\/\/waterlat.org\/es\/wp-content\/uploads\/sites\/2\/2014\/07\/logo-clase-azul-300x231.jpg 300w, https:\/\/waterlat.org\/es\/wp-content\/uploads\/sites\/2\/2014\/07\/logo-clase-azul-1024x791.jpg 1024w, https:\/\/waterlat.org\/es\/wp-content\/uploads\/sites\/2\/2014\/07\/logo-clase-azul-624x482.jpg 624w\" sizes=\"auto, (max-width: 157px) 100vw, 157px\" \/><\/a>\u00a0 \u00a0\u00a0<a href=\"https:\/\/waterlat.org\/es\/wp-content\/uploads\/sites\/2\/2014\/07\/MezcalUnion.jpeg\"><img loading=\"lazy\" decoding=\"async\" class=\"alignnone  wp-image-1462\" src=\"https:\/\/waterlat.org\/es\/wp-content\/uploads\/sites\/2\/2014\/07\/MezcalUnion-300x172.jpeg\" alt=\"MezcalUnion\" width=\"99\" height=\"57\" srcset=\"https:\/\/waterlat.org\/es\/wp-content\/uploads\/sites\/2\/2014\/07\/MezcalUnion-300x172.jpeg 300w, https:\/\/waterlat.org\/es\/wp-content\/uploads\/sites\/2\/2014\/07\/MezcalUnion.jpeg 334w\" sizes=\"auto, (max-width: 99px) 100vw, 99px\" \/><\/a><\/p>\n<p>&nbsp;<\/p>\n<p>&nbsp;<\/p>\n<p>&nbsp;<\/p>\n<hr \/>\n<p>&nbsp;<\/p>\n<p>&nbsp;<\/p>\n<p>Puede contactar a nuestra <a href=\"mailto:redwaterlat@gmail.com\">Secretar\u00eda<\/a> para solicitar informaci\u00f3n sobre la reuni\u00f3n.<\/p>\n<p>&nbsp;<\/p>\n","protected":false},"excerpt":{"rendered":"<p>Logo inspirado en el poema &#8220;Por qu\u00e9 cantamos&#8221;, de Mario Benedetti &nbsp; VII Reuni\u00f3n Internacional de la Red WATERLAT-GOBACIT Pol\u00edtica del agua y cambio social. \u00bfCu\u00e1les son las lecciones de las nuevas derrotas del \u2018desarrollo\u2019? Campus del ITESO, La Universidad Jesuita de Guadalajara, Jalisco, M\u00e9xico, 19-23 de octubre de 2015 &nbsp; Programa &nbsp; Breve evaluaci\u00f3n [&hellip;]<\/p>\n","protected":false},"author":3,"featured_media":0,"parent":19,"menu_order":0,"comment_status":"closed","ping_status":"closed","template":"page-templates\/full-width.php","meta":{"_acf_changed":false,"footnotes":""},"class_list":["post-1174","page","type-page","status-publish","hentry","wpautop"],"acf":[],"_links":{"self":[{"href":"https:\/\/waterlat.org\/es\/wp-json\/wp\/v2\/pages\/1174","targetHints":{"allow":["GET"]}}],"collection":[{"href":"https:\/\/waterlat.org\/es\/wp-json\/wp\/v2\/pages"}],"about":[{"href":"https:\/\/waterlat.org\/es\/wp-json\/wp\/v2\/types\/page"}],"author":[{"embeddable":true,"href":"https:\/\/waterlat.org\/es\/wp-json\/wp\/v2\/users\/3"}],"replies":[{"embeddable":true,"href":"https:\/\/waterlat.org\/es\/wp-json\/wp\/v2\/comments?post=1174"}],"version-history":[{"count":56,"href":"https:\/\/waterlat.org\/es\/wp-json\/wp\/v2\/pages\/1174\/revisions"}],"predecessor-version":[{"id":1550,"href":"https:\/\/waterlat.org\/es\/wp-json\/wp\/v2\/pages\/1174\/revisions\/1550"}],"up":[{"embeddable":true,"href":"https:\/\/waterlat.org\/es\/wp-json\/wp\/v2\/pages\/19"}],"wp:attachment":[{"href":"https:\/\/waterlat.org\/es\/wp-json\/wp\/v2\/media?parent=1174"}],"curies":[{"name":"wp","href":"https:\/\/api.w.org\/{rel}","templated":true}]}}