{"id":12,"date":"2013-11-27T20:56:49","date_gmt":"2013-11-27T20:56:49","guid":{"rendered":"http:\/\/waterlat.org\/es\/?page_id=12"},"modified":"2017-06-23T20:35:56","modified_gmt":"2017-06-23T20:35:56","slug":"aims","status":"publish","type":"page","link":"https:\/\/waterlat.org\/es\/comienzo\/aims\/","title":{"rendered":"Enfoque"},"content":{"rendered":"<p>WATERLAT-GOBACIT se propone hacer una contribuci\u00f3n al avance del estado del arte en un campo que, en t\u00e9rminos amplios, podr\u00edamos definir como el de la ecolog\u00eda pol\u00edtica del agua. Esta es una estrategia innovadora ya que tradicionalmente la investigaci\u00f3n sobre el agua ha sido principalmente dominada por las disciplinas tecno-cient\u00edficas con una contribuci\u00f3n muy limitada por parte de las ciencias sociales.\u00a0 En general, la relativa falta de atenci\u00f3n a las dimensiones ecol\u00f3gica y ambiental en las ciencias sociales ha sido y contin\u00faa siendo objeto del debate acad\u00e9mico y nosotros nos proponemos contribuir a dicho debate utilizando los procesos sociales relacionados con la gesti\u00f3n del agua como base emp\u00edrica de nuestra reflexi\u00f3n.<\/p>\n<p>En el marco de nuestro inter\u00e9s intelectual por una ecolog\u00eda pol\u00edtica del agua que preste atenci\u00f3n a la dimensi\u00f3n hist\u00f3rica nuestro enfoque busca dar prioridad a problemas de investigaci\u00f3n que tienen alta relevancia para la comunidad internacional. En particular, nuestro punto de partida es asumir que los obst\u00e1culos m\u00e1s importantes que se enfrentan en el intento por alcanzar las metas de desarrollo global en relaci\u00f3n con la sustentabilidad de los ecosistemas acu\u00e1ticos y con a la reducci\u00f3n de la desigualdad y la inseguridad en el acceso al agua no son de car\u00e1cter f\u00edsico-natural o t\u00e9cnico. No es que nuestro enfoque desconozca la importancia de la dimensi\u00f3n tecno-cient\u00edfica en la gesti\u00f3n del agua, sino que partimos del presupuesto que la falta de sustentabilidad de los ecosistemas acu\u00e1ticos y de la desigualdad e injusticia relacionadas con el acceso al agua no son el resultado de la escasez h\u00eddrica, de la falta de conocimiento cient\u00edfico y t\u00e9cnico ni de la carencia de soluciones tecnol\u00f3gicas. Por el contrario, afirmamos que las asimetr\u00edas en el acceso a los beneficios del agua y en el sufrimiento causado por calamidades de origen h\u00eddrico derivan principalmente de procesos de car\u00e1cter socio-econ\u00f3mico, pol\u00edtico, cultural, e institucional, incluyendo la formulaci\u00f3n e implementaci\u00f3n de pol\u00edticas p\u00fablicas.<\/p>\n<p>Este cuadro de situaci\u00f3n fortalece el llamado a la elaboraci\u00f3n de estrategias que incorporen la dimensi\u00f3n social en el an\u00e1lisis y en la b\u00fasqueda de soluciones a estos problemas. En este sentido, nuestra red se propone hacer una contribuci\u00f3n sustantiva al avance del conocimiento en este campo de actividad, con el objeto de producir explicaciones rigurosas de los procesos a estudiar as\u00ed como tambi\u00e9n dar apoyo en la elaboraci\u00f3n de propuestas concretas de pol\u00edtica p\u00fablica.<\/p>\n<p>El programa de actividades de WATERLAT-GOBACIT tiene importancia estrat\u00e9gica tanto como proyecto intelectual como por ser una iniciativa que busca apoyar la producci\u00f3n de conocimiento orientado a la resoluci\u00f3n de problemas y al desarrollo institucional. Aunque existe un creciente inter\u00e9s por la investigaci\u00f3n sobre temas ambientales (incluyendo el del agua) en las ciencias sociales, \u00e9ste contin\u00faa siendo en gran medida un campo poco desarrollado.\u00a0Dados los enormes desaf\u00edos ambientales que enfrentamos (ej.: que van desde la necesidad de detener los procesos antropog\u00e9nicos de deforestaci\u00f3n y desertificaci\u00f3n hasta el control y reducci\u00f3n del impacto de enfermedades h\u00eddricas prevenibles), las ciencias sociales est\u00e1n llamadas a ocupar un papel central en la producci\u00f3n de conocimiento acerca de estos procesos y en el entrenamiento de los acad\u00e9micos y expertos requeridos para llevar a cabo la gigantesca tarea involucrada.<\/p>\n<\/div>\n","protected":false},"excerpt":{"rendered":"<p>WATERLAT-GOBACIT se propone hacer una contribuci\u00f3n al avance del estado del arte en un campo que, en t\u00e9rminos amplios, podr\u00edamos definir como el de la ecolog\u00eda pol\u00edtica del agua. Esta es una estrategia innovadora ya que tradicionalmente la investigaci\u00f3n sobre el agua ha sido principalmente dominada por las disciplinas tecno-cient\u00edficas con una contribuci\u00f3n muy limitada [&hellip;]<\/p>\n","protected":false},"author":1,"featured_media":0,"parent":3,"menu_order":0,"comment_status":"closed","ping_status":"open","template":"page-templates\/full-width.php","meta":{"_acf_changed":false,"footnotes":""},"class_list":["post-12","page","type-page","status-publish","hentry","wpautop"],"acf":[],"_links":{"self":[{"href":"https:\/\/waterlat.org\/es\/wp-json\/wp\/v2\/pages\/12","targetHints":{"allow":["GET"]}}],"collection":[{"href":"https:\/\/waterlat.org\/es\/wp-json\/wp\/v2\/pages"}],"about":[{"href":"https:\/\/waterlat.org\/es\/wp-json\/wp\/v2\/types\/page"}],"author":[{"embeddable":true,"href":"https:\/\/waterlat.org\/es\/wp-json\/wp\/v2\/users\/1"}],"replies":[{"embeddable":true,"href":"https:\/\/waterlat.org\/es\/wp-json\/wp\/v2\/comments?post=12"}],"version-history":[{"count":6,"href":"https:\/\/waterlat.org\/es\/wp-json\/wp\/v2\/pages\/12\/revisions"}],"predecessor-version":[{"id":2510,"href":"https:\/\/waterlat.org\/es\/wp-json\/wp\/v2\/pages\/12\/revisions\/2510"}],"up":[{"embeddable":true,"href":"https:\/\/waterlat.org\/es\/wp-json\/wp\/v2\/pages\/3"}],"wp:attachment":[{"href":"https:\/\/waterlat.org\/es\/wp-json\/wp\/v2\/media?parent=12"}],"curies":[{"name":"wp","href":"https:\/\/api.w.org\/{rel}","templated":true}]}}