{"id":1369,"date":"2015-04-16T15:17:16","date_gmt":"2015-04-16T15:17:16","guid":{"rendered":"http:\/\/waterlat.org\/es\/?page_id=1369"},"modified":"2024-10-30T14:21:07","modified_gmt":"2024-10-30T14:21:07","slug":"concurso-de-cortometrajes-2015","status":"publish","type":"page","link":"https:\/\/waterlat.org\/es\/concurso-de-cortometrajes\/concurso-de-cortometrajes-2015\/","title":{"rendered":"Concurso de Cortometrajes 2015"},"content":{"rendered":"<h3>Primer Premio<\/h3>\r\n<iframe loading=\"lazy\" src=\"https:\/\/www.youtube.com\/embed\/5U3_fg3feew?list=PLx6qphzdSP6u_RzjcUyQOWXZ9v3Y-H2kc\" width=\"684\" height=\"544\" frameborder=\"0\" allowfullscreen=\"allowfullscreen\"><\/iframe>\r\n<strong>Atuel, la memoria del agua<\/strong> (adaptado), por Valeria Tochi y Fernando Carrillo, Argentina, 2014. Documental.\r\n<strong>Entrevista<\/strong> con Valeria Tochi durante la VII Reuni\u00f3n Anual de la Red en Guadalajara, M\u00e9xico, 21 de octubre de 2015.\r\n<iframe loading=\"lazy\" src=\"https:\/\/www.youtube.com\/embed\/LmaN6knAoiw\" width=\"624\" height=\"351\" frameborder=\"0\" allowfullscreen=\"allowfullscreen\"><\/iframe>\r\n\r\n<hr \/>\r\n\r\n<h3><\/h3>\r\n<h3>Lista completa de los candidatos participantes<\/h3>\r\n<strong><a href=\"https:\/\/www.youtube.com\/playlist?list=PLx6qphzdSP6v9cqqLMKGe-yAS6aQ0S7B-\">Los cortometrajes que participaron en el concurso pueden verse en la Lista de Reproducci\u00f3n del Concurso de Cortometrajes 2015<\/a><\/strong>\r\n\r\n&nbsp;\r\n\r\n<strong> Atuel, la memoria del agua <\/strong> (in Spanish), por Valeria Tochi y Fernando Carrillo, Argentina, 2014.\r\n\r\n<strong>Entre realidades<\/strong> (in Portuguese), por Bianca Mariano da Silva, Brasil, 2015.\r\n\r\n<strong>Os desastres s\u00e3o naturais?<\/strong> (en portugu\u00e9s), por Norma Valencio, Raquel Duarte Venturato, Juliana Sartori, Samira Younes Ibrahim, Layla Stassun Antonio, Tiago Eugenio dos Santos, Glauco Fernandes, Brasil, 2015.\r\n\r\n<strong>Os direitos da <span lang=\"PT-BR\">\u00e0<\/span>gua<\/strong> (en portugu\u00e9s), por Jos\u00e9 Leonardo Homem de Mello G\u00e2mbera, Brasil, 2015.\r\n\r\n<strong>Arte en Cauce 2012-2014<\/strong>, por Fundacion HBG, Colombia, 2015.\r\n\r\n<strong> O santo das <span lang=\"PT-BR\">\u00e0<\/span>guas que queimam <\/strong> (en portugu\u00e9s), por Riccardo Migliore, Santo da Terra, and Herbert Andrade, Brasil, 2014.\r\n\r\n<strong>Agua y granos de oro<\/strong>, por Ursula Balderson, Reino Unido-Per\u00fa, 2015.\r\n\r\n<hr \/>\r\n\r\n&nbsp;\r\n\r\n<strong><a href=\"https:\/\/waterlat.org\/es\/encuentros\/public-meetings\/waterlat-gobacit-2015\/concurso-de-cortometrajes-2015\/concurso-de-cortometrajes-2015-comision-de-evaluacion-y-reglas-del-concurso\/\">Visite aqu\u00ed la p\u00e1gina de la Comisi\u00f3n Evaluadora y las Reglas del Concurso de Cortometrajes 2015<\/a><\/strong>\r\n\r\n&nbsp;\r\n\r\n<hr \/>\r\n\r\nPara mayores detalles o esclarecer dudas, enviar un mensaje electr\u00f3nico a la <a href=\"mailto:redwaterlat@gmail.com\">Secretar\u00eda de la Red WATERLAT-GOBACIT<\/a>.","protected":false},"excerpt":{"rendered":"Primer Premio Atuel, la memoria del agua (adaptado), por Valeria Tochi y Fernando Carrillo, Argentina, 2014. Documental. Entrevista con Valeria Tochi durante la VII Reuni\u00f3n Anual de la Red en Guadalajara, M\u00e9xico, 21 de octubre de 2015. Lista completa de los candidatos participantes Los cortometrajes que participaron en el concurso pueden verse en la Lista [&hellip;]","protected":false},"author":3,"featured_media":0,"parent":2311,"menu_order":0,"comment_status":"closed","ping_status":"closed","template":"page-templates\/full-width.php","meta":{"_acf_changed":false,"footnotes":""},"class_list":["post-1369","page","type-page","status-publish","hentry","no-wpautop"],"acf":[],"_links":{"self":[{"href":"https:\/\/waterlat.org\/es\/wp-json\/wp\/v2\/pages\/1369","targetHints":{"allow":["GET"]}}],"collection":[{"href":"https:\/\/waterlat.org\/es\/wp-json\/wp\/v2\/pages"}],"about":[{"href":"https:\/\/waterlat.org\/es\/wp-json\/wp\/v2\/types\/page"}],"author":[{"embeddable":true,"href":"https:\/\/waterlat.org\/es\/wp-json\/wp\/v2\/users\/3"}],"replies":[{"embeddable":true,"href":"https:\/\/waterlat.org\/es\/wp-json\/wp\/v2\/comments?post=1369"}],"version-history":[{"count":18,"href":"https:\/\/waterlat.org\/es\/wp-json\/wp\/v2\/pages\/1369\/revisions"}],"predecessor-version":[{"id":1975,"href":"https:\/\/waterlat.org\/es\/wp-json\/wp\/v2\/pages\/1369\/revisions\/1975"}],"up":[{"embeddable":true,"href":"https:\/\/waterlat.org\/es\/wp-json\/wp\/v2\/pages\/2311"}],"wp:attachment":[{"href":"https:\/\/waterlat.org\/es\/wp-json\/wp\/v2\/media?parent=1369"}],"curies":[{"name":"wp","href":"https:\/\/api.w.org\/{rel}","templated":true}]}}