{"id":14,"date":"2013-11-27T20:59:33","date_gmt":"2013-11-27T20:59:33","guid":{"rendered":"http:\/\/waterlat.org\/es\/?page_id=14"},"modified":"2017-03-24T16:36:26","modified_gmt":"2017-03-24T16:36:26","slug":"prioridades-de-investigacion","status":"publish","type":"page","link":"https:\/\/waterlat.org\/es\/comienzo\/prioridades-de-investigacion\/","title":{"rendered":"Prioridades de investigaci\u00f3n"},"content":{"rendered":"<p>El plenario de la <a href=\"https:\/\/waterlat.org\/es\/encuentros\/public-meetings\/waterlat-2009\/\">I Reuni\u00f3n Internacional de la Red, titulada \u201cLa Ecolog\u00eda Pol\u00edtica del Agua en Am\u00e9rica Latina: definiendo una estrategia de investigaci\u00f3n\u201d<\/a>, discuti\u00f3 y aprob\u00f3 los Temas Generales y las Prioridades de Investigaci\u00f3n de la Red. La Reuni\u00f3n tuvo lugar en Barcelona del 14 al 16 de octubre de 2009. Los Temas y Prioridades han sido discutidos y confirmados durante los <a href=\"https:\/\/waterlat.org\/es\/encuentros\/internos\/\">Encuentros Internos de la Red<\/a> que tienen lugar regularmente.<\/p>\n<p>&nbsp;<\/p>\n<h2>Temas de nivel general que enmarcan a las prioridades de investigaci\u00f3n de la Red WATERLAT-GOBACIT:<\/h2>\n<p>1) El car\u00e1cter capitalista del gobierno y la gesti\u00f3n del agua. El hecho de que la din\u00e1mica central que estructura crecientemente las acciones relacionadas con el gobierno y gesti\u00f3n del agua a nivel mundial viene dada por el proceso de acumulaci\u00f3n de capital. Consideraciones como la insustentablidad y la injusticia ambiental quedan subordinadas a la din\u00e1mica dominante del proceso de acumulaci\u00f3n.<br \/>\n2) La g\u00e9nesis de la indefensi\u00f3n* en relaci\u00f3n al agua. Los seres humanos est\u00e1n expuestos a una amplia gama de peligros y da\u00f1os relacionados con el gobierno y gesti\u00f3n del agua, que se derivan de una serie de causas como la falta de acceso al agua y a sus servicios o la exposici\u00f3n a fen\u00f3menos naturales o antropog\u00e9nicos como las inundaciones y sequ\u00edas o la contaminaci\u00f3n h\u00eddrica. La toma de conciencia de estos peligros y da\u00f1os potenciales y la creciente capacidad humana de anticipaci\u00f3n, predicci\u00f3n y medici\u00f3n de los mismos, son encapsulados en el concepto de riesgo, que podr\u00edamos denominar aqu\u00ed \u201criesgo h\u00eddrico\u201d. En WATERLAT-GOBACIT nos interesa no solamente el estudio de la vulnerabilidad y la fragilidad humanas en relaci\u00f3n a estos peligros y da\u00f1os potenciales, sino fundamentalmente el proceso de g\u00e9nesis de la indefensi\u00f3n que afecta a amplios sectores de la poblaci\u00f3n con respecto a estas amenazas a la vida.<br \/>\n3) Confrontando la indefensi\u00f3n social: la construcci\u00f3n de alternativas para el uso, la gesti\u00f3n y el control del agua. La construcci\u00f3n de alternativas entendida como un complejo proceso social que resulta tanto de iniciativas planificadas, intencionales, como de din\u00e1micas \u201cciegas\u201d, no planeadas y frecuentemente aleatorias. La construcci\u00f3n de alternativas no conlleva en s\u00ed misma un valor positivo o negativo ni es concebible como un proceso mec\u00e1nico o linear, ya que las alternativas pueden tener efectos no buscados y fracasar, as\u00ed como tambi\u00e9n por supuesto resultar exitosas y producir las transformaciones esperadas.<\/p>\n<p>______________<\/p>\n<p>*\u00a0Mientras que \u201cvulnerabilidad\u201d implica la susceptibilidad a sufrir heridas o ataques y \u201cfragilidad\u201d es la cualidad o estado de una cosa que puede ser quebrada o destruida con facilidad, \u201cindefensi\u00f3n\u201d incorpora la dimensi\u00f3n social del problema: es la propiedad de carecer de medios para defenderse, el estar desarmado.<\/p>\n<p>&nbsp;<\/p>\n<p><strong><span style=\"text-decoration: underline;\">Prioridades de investigaci\u00f3n de la RED WATERLAT-GOBACIT:<\/span><\/strong><\/p>\n<p><strong>1. La dimensi\u00f3n pol\u00edtica y los conflictos por el agua<\/strong><\/p>\n<p>La necesidad de cuestionar y re-politizar los discursos dominantes relacionados con el gobierno y gesti\u00f3n del agua. Por ejemplo el discurso de la \u201cadaptaci\u00f3n al cambio clim\u00e1tico\u201d (\u00bfpor qu\u00e9 son los pobres los que se tienen que adaptar?), o el del \u201cpago por servicios ambientales\u201d.<\/p>\n<p>El conflicto entre la soberan\u00eda alimentaria y el avance de las monoculturas (conflictos sobre usos del agua, el suelo, la biota, etc.).<\/p>\n<p>La relaci\u00f3n entre conflicto y gobernanza participativa en relaci\u00f3n al agua (ej. la contradicci\u00f3n entre empoderamiento y desmovilizaci\u00f3n resultante de los procesos participativos). Un mapeo emp\u00edrico de estos conflictos.<\/p>\n<p>Los conflictos por el agua existentes o potenciales entre pa\u00edses.<\/p>\n<p>El estudio de la infraestructura h\u00eddrica como actor (la infraestructura como obra antropol\u00f3gica, social, que encarna normas sociales de poder).<\/p>\n<p>La organizaci\u00f3n de alternativas de gobierno y gesti\u00f3n del agua y su cooptaci\u00f3n. Formas de multiculturalidad resistentes y dominantes.<\/p>\n<p>Examinar las tendencias de la pol\u00edtica hidr\u00e1ulica y los conflictos que las mismas generan.<\/p>\n<p>La paradoja que presenta el hecho de que se reconoce crecientemente la \u201cpolitizaci\u00f3n\u201d del ambiente acu\u00e1tico y al mismo tiempo se lo despolitiza en la pr\u00e1ctica.<\/p>\n<p>Estudio de los conflictos por el agua. Temas de justicia ambiental (lenguajes de valoraci\u00f3n), relaciones de poder, causas de los conflictos.<\/p>\n<p><strong>2. La dimensi\u00f3n de pol\u00edticas p\u00fablicas y legislaci\u00f3n\/administraci\u00f3n<\/strong><\/p>\n<p>Las consecuencias sociales y ambientales de los instrumentos de \u201cgobernabilidad\u201d del agua (leyes, mecanismos administrativos, etc.).<\/p>\n<p>La gesti\u00f3n p\u00fablica y comunitaria del agua (el rol del estado, los procesos de participaci\u00f3n y control social democr\u00e1tico).<\/p>\n<p>Las iniciativas locales como formas de descentralizaci\u00f3n \u201cde hecho\u201d, como es el ejemplo de los servicios locales de agua comunitarios.<\/p>\n<p>El papel y la incidencia (estrategias, etc.) de los movimientos sociales en la formulaci\u00f3n e implementaci\u00f3n de pol\u00edticas de agua y saneamiento.<\/p>\n<p>Los desaf\u00edos y oportunidades que confronta la creaci\u00f3n o recuperaci\u00f3n de empresas p\u00fablicas de agua y saneamiento.<\/p>\n<p>El impacto social del financiamiento en el sector del agua. \u00bfSe est\u00e1 dando una transici\u00f3n desde la gesti\u00f3n del recurso agua a la gesti\u00f3n de empresas del agua?<\/p>\n<p>La gran variedad de experimentos de auto-gobierno del agua, buscando una descripci\u00f3n rigurosa de las alternativas \u201creales\u201d.<\/p>\n<p>Monitoreo y seguimiento de leyes y pol\u00edticas p\u00fablicas (ej. observatorios de los servicios p\u00fablicos de agua, etc.).<\/p>\n<p>Monitoreo y seguimiento de eventos extremos relacionados con el agua (ej. impactos del cambio clim\u00e1tico).<\/p>\n<p>Planificaci\u00f3n en el sector del agua a nivel nacional y local.<\/p>\n<p>Estudios comparativos del \u201clenguaje\u201d utilizado por las instituciones internacionales en relaci\u00f3n al gobierno y gesti\u00f3n del agua.<\/p>\n<p>Estudios de diagn\u00f3stico de los riesgos h\u00eddricos e identificaci\u00f3n del \u201cinterlocutor\u201d en ese proceso.<\/p>\n<p>Los problemas del asiento de poblaciones en zonas ecol\u00f3gicas fr\u00e1giles.<\/p>\n<p>El gobierno y gesti\u00f3n de aguas transfronterizas.<\/p>\n<p>La seguridad h\u00eddrica.<\/p>\n<p><strong>3. La dimensi\u00f3n de la producci\u00f3n y control del conocimiento sobre el agua<\/strong><\/p>\n<p>El rol de la ciencia, especialmente las ciencias de gesti\u00f3n del agua. C\u00f3mo se desarrollan y aplican estos conocimientos (cr\u00edtica de la pretendida neutralidad de los mismos).<\/p>\n<p>La cr\u00edtica de la \u201cexpertocracia\u201d del agua.<\/p>\n<p>La incidencia de los acad\u00e9micos sobre la formulaci\u00f3n e implementaci\u00f3n de pol\u00edticas del agua a nivel local.<\/p>\n<p>La relaci\u00f3n entre la academia y los actores sociales no acad\u00e9micos en relaci\u00f3n al agua.<\/p>\n<p>El registro sistem\u00e1tico de experiencias y de producci\u00f3n de conocimiento original sobre la resoluci\u00f3n de problemas relacionados con la gesti\u00f3n del agua.<\/p>\n<p>El desarrollo de una ecolog\u00eda pol\u00edtica del agua que trascienda las divisiones disciplinarias naturaleza-sociedad.<\/p>\n<p>C\u00f3mo las configuraciones sociales y pol\u00edticas afectan el gobierno y la gesti\u00f3n del agua.<\/p>\n","protected":false},"excerpt":{"rendered":"<p>El plenario de la I Reuni\u00f3n Internacional de la Red, titulada \u201cLa Ecolog\u00eda Pol\u00edtica del Agua en Am\u00e9rica Latina: definiendo una estrategia de investigaci\u00f3n\u201d, discuti\u00f3 y aprob\u00f3 los Temas Generales y las Prioridades de Investigaci\u00f3n de la Red. La Reuni\u00f3n tuvo lugar en Barcelona del 14 al 16 de octubre de 2009. Los Temas y [&hellip;]<\/p>\n","protected":false},"author":1,"featured_media":0,"parent":3,"menu_order":0,"comment_status":"closed","ping_status":"open","template":"page-templates\/full-width.php","meta":{"_acf_changed":false,"footnotes":""},"class_list":["post-14","page","type-page","status-publish","hentry","wpautop"],"acf":[],"_links":{"self":[{"href":"https:\/\/waterlat.org\/es\/wp-json\/wp\/v2\/pages\/14","targetHints":{"allow":["GET"]}}],"collection":[{"href":"https:\/\/waterlat.org\/es\/wp-json\/wp\/v2\/pages"}],"about":[{"href":"https:\/\/waterlat.org\/es\/wp-json\/wp\/v2\/types\/page"}],"author":[{"embeddable":true,"href":"https:\/\/waterlat.org\/es\/wp-json\/wp\/v2\/users\/1"}],"replies":[{"embeddable":true,"href":"https:\/\/waterlat.org\/es\/wp-json\/wp\/v2\/comments?post=14"}],"version-history":[{"count":6,"href":"https:\/\/waterlat.org\/es\/wp-json\/wp\/v2\/pages\/14\/revisions"}],"predecessor-version":[{"id":2243,"href":"https:\/\/waterlat.org\/es\/wp-json\/wp\/v2\/pages\/14\/revisions\/2243"}],"up":[{"embeddable":true,"href":"https:\/\/waterlat.org\/es\/wp-json\/wp\/v2\/pages\/3"}],"wp:attachment":[{"href":"https:\/\/waterlat.org\/es\/wp-json\/wp\/v2\/media?parent=14"}],"curies":[{"name":"wp","href":"https:\/\/api.w.org\/{rel}","templated":true}]}}