{"id":1432,"date":"2015-09-16T16:16:59","date_gmt":"2015-09-16T16:16:59","guid":{"rendered":"http:\/\/waterlat.org\/es\/?page_id=1432"},"modified":"2017-04-16T23:09:45","modified_gmt":"2017-04-16T23:09:45","slug":"libro-o-direito-a-agua","status":"publish","type":"page","link":"https:\/\/waterlat.org\/es\/publicaciones\/libros\/libro-o-direito-a-agua\/","title":{"rendered":"O Direito \u00e0 \u00c1gua como Pol\u00edtica P\u00fablica na Am\u00e9rica Latina: uma Explora\u00e7\u00e3o Te\u00f3rica e Emp\u00edrica"},"content":{"rendered":"<p><a href=\"http:\/\/waterlat.org\/pt\/wp-content\/uploads\/sites\/3\/2013\/11\/Capa-O-Direito-\u00e0-\u00e1gua.jpg\"><img loading=\"lazy\" decoding=\"async\" class=\"alignnone size-medium wp-image-1244\" src=\"http:\/\/waterlat.org\/pt\/wp-content\/uploads\/sites\/3\/2013\/11\/Capa-O-Direito-\u00e0-\u00e1gua-300x138.jpg\" alt=\"Capa - O Direito \u00e0 \u00e1gua\" width=\"300\" height=\"138\" \/><\/a><\/p>\n<p>Jos\u00e9 Esteban Castro, L\u00e9o Heller, y Maria da Piedade Morais (Eds.),\u00a0<a href=\"http:\/\/www.ipea.gov.br\/portal\/index.php?option=com_content&amp;view=article&amp;id=25137&amp;Itemid=383\">O Direito \u00e0 \u00c1gua como Pol\u00edtica P\u00fablica na Am\u00e9rica Latina: uma Explora\u00e7\u00e3o Te\u00f3rica e Emp\u00edrica<\/a>, Brasilia: Instituto de Pesquisa Econ\u00f4mica Aplicada (IPEA) &#8211; Red WATERLAT-GOBACIT, 2015. DOI: 10.5281\/zenodo.55852.<\/p>\n<p><em>\u201cEste livro, fruto de uma parceria entre a Diretoria de Estudos e Pol\u00edticas Regionais, Urbanas e Ambientais (Dirur) do Ipea e a Rede Waterlat-Gobacit, analisa estas e outras quest\u00f5es fundamentais para a compreens\u00e3o dos desafios que apresenta, na pr\u00e1tica, a concretiza\u00e7\u00e3o de pol\u00edticas p\u00fablicas orientadas pelo direito humano \u00e0 \u00e1gua. Os cap\u00edtulos, com foco em estudos de caso latino-americanos, t\u00eam uma abordagem interdisciplinar, integrando perspectivas do direito, da antropologia, da economia, da sociologia, da ci\u00eancia pol\u00edtica, da geografia, das disciplinas t\u00e9cnicas, particularmente a engenharia sanit\u00e1ria, e das pol\u00edticas p\u00fablicas em geral. Confiamos que a colet\u00e2nea ser\u00e1 uma contribui\u00e7\u00e3o importante para o debate contempor\u00e2neo sobre o desenho e a implementa\u00e7\u00e3o de pol\u00edticas p\u00fablicas orientadas a aprofundar a democratiza\u00e7\u00e3o da gest\u00e3o e do acesso \u00e0 \u00e1gua no Brasil e no mundo. Desejamos a todas e todos uma proveitosa leitura!\u201d<\/em><\/p>\n<p><strong>Jess\u00e9 Souza<\/strong>, Presidente del Instituto de Pesquisa Econ\u00f4mica Aplicada<\/p>\n<p>&nbsp;<\/p>\n<p><span style=\"text-decoration: underline;\">Video de presentaci\u00f3n del libro<\/span>:<\/p>\n<p><iframe loading=\"lazy\" src=\"https:\/\/www.youtube.com\/embed\/90LyW6W7Tes?list=PLx6qphzdSP6tRENnfg6Df0smjG7MFCM9s\" width=\"265\" height=\"154\" frameborder=\"0\" allowfullscreen=\"allowfullscreen\"><\/iframe><\/p>\n<p>&nbsp;<\/p>\n<p><span style=\"text-decoration: underline;\">Programa de TV Panorama IPEA sobre el Derecho al Agua, presentando el libro<\/span>:<\/p>\n<p><iframe loading=\"lazy\" src=\"https:\/\/www.youtube.com\/embed\/yiMsm6ZuX6Y\" width=\"270\" height=\"157\" frameborder=\"0\" allowfullscreen=\"allowfullscreen\"><\/iframe><\/p>\n<p>&nbsp;<\/p>\n<p><span style=\"text-decoration: underline;\"><strong><a href=\"http:\/\/desafios.ipea.gov.br\/index.php?option=com_content&amp;view=article&amp;id=3172&amp;catid=28&amp;Itemid=39\">Art\u00edculo de presentaci\u00f3n del libro en la Revista Desafios do Deselvolvimento, Instituto de Investigaci\u00f3n Econ\u00f3mica Aplicada (IPEA)<\/a><\/strong><\/span><\/p>\n<p>&nbsp;<\/p>\n<p><span style=\"text-decoration: underline;\"><strong>Eventos de presentaci\u00f3n del libro<\/strong><\/span><\/p>\n<p><a href=\"https:\/\/waterlat.org\/es\/publicaciones\/libros\/libro-o-direito-a-agua\/presentacion-del-libro-o-direito-a-agua-brasilia-10-de-septiembre-de-2015\/\">Auditorio del Instituto de Investigaci\u00f3n Econ\u00f3mica Aplicada (IPEA), Brasilia, 10 de septiembre de 2015<\/a><\/p>\n","protected":false},"excerpt":{"rendered":"<p>Jos\u00e9 Esteban Castro, L\u00e9o Heller, y Maria da Piedade Morais (Eds.),\u00a0O Direito \u00e0 \u00c1gua como Pol\u00edtica P\u00fablica na Am\u00e9rica Latina: uma Explora\u00e7\u00e3o Te\u00f3rica e Emp\u00edrica, Brasilia: Instituto de Pesquisa Econ\u00f4mica Aplicada (IPEA) &#8211; Red WATERLAT-GOBACIT, 2015. DOI: 10.5281\/zenodo.55852. \u201cEste livro, fruto de uma parceria entre a Diretoria de Estudos e Pol\u00edticas Regionais, Urbanas e Ambientais [&hellip;]<\/p>\n","protected":false},"author":3,"featured_media":0,"parent":22,"menu_order":0,"comment_status":"closed","ping_status":"closed","template":"page-templates\/full-width.php","meta":{"_acf_changed":false,"footnotes":""},"class_list":["post-1432","page","type-page","status-publish","hentry","wpautop"],"acf":[],"_links":{"self":[{"href":"https:\/\/waterlat.org\/es\/wp-json\/wp\/v2\/pages\/1432","targetHints":{"allow":["GET"]}}],"collection":[{"href":"https:\/\/waterlat.org\/es\/wp-json\/wp\/v2\/pages"}],"about":[{"href":"https:\/\/waterlat.org\/es\/wp-json\/wp\/v2\/types\/page"}],"author":[{"embeddable":true,"href":"https:\/\/waterlat.org\/es\/wp-json\/wp\/v2\/users\/3"}],"replies":[{"embeddable":true,"href":"https:\/\/waterlat.org\/es\/wp-json\/wp\/v2\/comments?post=1432"}],"version-history":[{"count":8,"href":"https:\/\/waterlat.org\/es\/wp-json\/wp\/v2\/pages\/1432\/revisions"}],"predecessor-version":[{"id":2304,"href":"https:\/\/waterlat.org\/es\/wp-json\/wp\/v2\/pages\/1432\/revisions\/2304"}],"up":[{"embeddable":true,"href":"https:\/\/waterlat.org\/es\/wp-json\/wp\/v2\/pages\/22"}],"wp:attachment":[{"href":"https:\/\/waterlat.org\/es\/wp-json\/wp\/v2\/media?parent=1432"}],"curies":[{"name":"wp","href":"https:\/\/api.w.org\/{rel}","templated":true}]}}