{"id":1486,"date":"2015-11-10T16:33:15","date_gmt":"2015-11-10T16:33:15","guid":{"rendered":"http:\/\/waterlat.org\/es\/?page_id=1486"},"modified":"2015-11-11T16:41:01","modified_gmt":"2015-11-11T16:41:01","slug":"premio-waterlat-gobacit-2015","status":"publish","type":"page","link":"https:\/\/waterlat.org\/es\/premio-waterlat-para-estudiantes\/premio-waterlat-gobacit-2015\/","title":{"rendered":"Premio WATERLAT-GOBACIT 2015"},"content":{"rendered":"<p>La segunda llamada a postulaciones para el Premio WATERLAT-GOBACIT fue para tesis aprobadas entre el 1 de enero y el 31 de diciembre de 2014 y cerr\u00f3 el 31 de enero de 2015. Se presentaron 7 postulantes, 3 al Premio de Maestr\u00eda y 4 al Premio de Doctorado.<\/p>\n<p>Se convoc\u00f3 a una Comisi\u00f3n Evaluadora compuesta de 14 acad\u00e9micas y acad\u00e9micos miembros de la Red. Al final de esta p\u00e1gina suministramos los detalles de la Comisi\u00f3n Evaluadora.<\/p>\n<p>El anuncio de las dos tesis premiadas se realiz\u00f3 durante la <a href=\" https:\/\/waterlat.org\/es\/encuentros\/public-meetings\/waterlat-gobacit-2015\/\">VII Reuni\u00f3n Anual de la Red WATERLAT-GOBACIT<\/a> que tuvo lugar del 19 al 23 de octubre de 2015 en Guadalajara, M\u00e9xico. Dado que tuvimos candidatos excelentes, la <a href=\"https:\/\/waterlat.org\/es\/publicaciones\/comision-de-publicaciones\/\">Comisi\u00f3n Editorial<\/a> decidi\u00f3 invitar al resto de los participantes a enviar un art\u00edculo basado en las tesis para su publicaci\u00f3n en la Serie de <a href=\"https:\/\/waterlat.org\/es\/publicaciones\/cuadernos-de-trabajo\/\">Cuadernos de Trabajo<\/a> de la Red.<\/p>\n<hr \/>\n<p>&nbsp;<\/p>\n<h3>El Premio<\/h3>\n<p><span style=\"text-decoration: underline;\">Premio Doctoral 2015<\/span><\/p>\n<p><strong>Jorge Ivars<\/strong>. T\u00edtulo de la tesis: \u201cProductores en la encrucijada ambiental global. Poder y racionalizaci\u00f3n en la apropiaci\u00f3n y uso del agua en el oasis del r\u00edo Mendoza, Argentina\u201d. Doctorado en Ciencias Sociales y Humanas, Universidad Nacional de Quilmes, Buenos Aires, Argentina, 2014. <a href=\"http:\/\/waterlat.org\/Thesis\/Ivars.pdf\"> Accesible aqu\u00ed <\/a>.<\/p>\n<p><span style=\"text-decoration: underline;\"> Premio de Maestr\u00eda 2015<\/span><\/p>\n<p><strong>Mar\u00eda Guadalupe D\u00edaz Santos<\/strong>. T\u00edtulo de la tesis: \u201cRelaciones de Poder en la Gesti\u00f3n Comunitaria del Agua. El territorio y lo social como fuerzas\u201d. Maestr\u00eda en Ciencias Sociales, Facultad Latinoamericana de Ciencias Sociales (FLACSO), Sede Acad\u00e9mica de M\u00e9xico, 2014. <a href=\"http:\/\/waterlat.org\/Thesis\/Diaz Santos.pdf\"> Accesible aqu\u00ed<\/a>.<\/p>\n<p>&nbsp;<\/p>\n<hr \/>\n<h3>Lista completa de los candidatos participantes:<\/h3>\n<p><strong><span style=\"text-decoration: underline;\">Premio Doctoral<\/span><\/strong><\/p>\n<p><strong>Giuliano Crauss Daronco<\/strong>. T\u00edtulo de la tesis: \u201cProposi\u00e7\u00e3o e Aplica\u00e7\u00e3o de Metodologia para Avalia\u00e7\u00e3o e Auditoria de Planos Municipais de Saneamento B\u00e1sico\u201d. Doutorado em Recursos H\u00eddricos e Saneamento Ambiental, Universidade Federal de Rio Grande do Sul, Brasil 2014. <a href=\"http:\/\/waterlat.org\/Thesis\/Daronco.pdf\"> Accesible aqu\u00ed<\/a>.<\/p>\n<p><strong>Jorge Ivars<\/strong>. T\u00edtulo de la tesis: \u201cProductores en la encrucijada ambiental global. Poder y racionalizaci\u00f3n en la apropiaci\u00f3n y uso del agua en el oasis del r\u00edo Mendoza, Argentina\u201d. Doctorado en Ciencias Sociales y Humanas, Universidad Nacional de Quilmes, Buenos Aires, Argentina, 2014. <a href=\"http:\/\/waterlat.org\/Thesis\/Ivars.pdf\"> Accesible aqu\u00ed <\/a>.<\/p>\n<p><strong>Valeria Llano-Arias<\/strong>. T\u00edtulo de la tesis: \u201cCommunication Practices and Citizens\u2019 Participation in the Colombian Water Movement\u201d, Doctorado en Sociolog\u00eda, University College Dublin, Irlanda, 2014. <a href=\"http:\/\/waterlat.org\/Thesis\/Llano-Arias.pdf\"> Accesible aqu\u00ed<\/a>.<\/p>\n<p><strong>Francisco Javier Molina Camacho<\/strong>. T\u00edtulo de la tesis: \u201cNegotiated Rationalities, Politicised Identities: Intergenerational Relations, Water Conflicts and Mining in Chiu\u2013Chiu, Chile\u201d. Doctorado en Geograf\u00eda, Kings College London, Reino Unido, 2014. <a href=\"http:\/\/waterlat.org\/Thesis\/Molina.pdf\"> Accesible aqu\u00ed<\/a>.<\/p>\n<p>&nbsp;<\/p>\n<p>&nbsp;<\/p>\n<p><strong><span style=\"text-decoration: underline;\">Premio de Maestr\u00eda<\/span><\/strong><\/p>\n<p><strong>Colin Brown<\/strong>. T\u00edtulo de la tesis: \u201cUn Systeme Communautaire de la Gestion de la Ressource en Eau: Approche Sociotechnique de L\u2019Innovation\u201d. Master en Politiques Environnementales et Pratiques Sociales, Universit\u00e9 Toulouse Jean Jaur\u00e8s, Francia, 2014. <a href=\"http:\/\/waterlat.org\/Thesis\/Brown.pdf\"> Accesible aqu\u00ed<\/a>.<\/p>\n<p><strong>Abril Fabiola Casas Cervantes<\/strong>. T\u00edtulo de la tesis: \u201cLa relaci\u00f3n entre la gesti\u00f3n comunitaria y las pol\u00edticas p\u00fablicas municipales en el manejo del agua. El caso del manantial de Patamburapio en el estado de Michoac\u00e1n, 2009-2013\u201d. Maestr\u00eda Interinstitucional en Pol\u00edticas P\u00fablicas, El Colegio de Jalisco, Guadalajara, M\u00e9xico, 2014. <a href=\"http:\/\/waterlat.org\/Thesis\/Casas.pdf\"> Accesible aqu\u00ed<\/a>.<\/p>\n<p><strong>Mar\u00eda Guadalupe D\u00edaz Santos<\/strong>. T\u00edtulo de la tesis: \u201cRelaciones de Poder en la Gesti\u00f3n Comunitaria del Agua. El territorio y lo social como fuerzas\u201d. Maestr\u00eda en Ciencias Sociales, Facultad Latinoamericana de Ciencias Sociales (FLACSO), Sede Acad\u00e9mica de M\u00e9xico, 2014. <a href=\"http:\/\/waterlat.org\/Thesis\/Diaz Santos.pdf\"> Accesible aqu\u00ed<\/a>.<\/p>\n<p>&nbsp;<\/p>\n<hr \/>\n<h3>Comisi\u00f3n Evaluadora de la Edici\u00f3n 2015 del Premio WATERLAT-GOBACIT para Estudiantes<\/h3>\n<p>Dra. Ana L\u00facia Britto, Universidad Federal de R\u00edo de Janeiro (UFRJ), Brasil<\/p>\n<p>Dr. Alex Caldera, Universidad de Guanajuato, Le\u00f3n, Guanajuato, M\u00e9xico<\/p>\n<p>Dr. Pa\u00fal Cisneros, Instituto de Altos Estudios Nacionales (IAEN), Quito, Ecuador<\/p>\n<p>Dr. Luis Henrique Cunha, Universidad Federal de Campina Grande (UFCG), Para\u00edba, Brasil<\/p>\n<p>Dr. Juan Carlos Dom\u00ednguez, Instituto Jose Luis Mar\u00eda Mora, Ciudad de M\u00e9xico, M\u00e9xico<\/p>\n<p>Dra. Adriana Hern\u00e1ndez, Universidad de Guadalajara, Ocotl\u00e1n, Jalisco, M\u00e9xico<\/p>\n<p>Dra. Ver\u00f3nica Ibarra, Universidad Nacional Aut\u00f3noma de M\u00e9xico (UNAM), Ciudad de M\u00e9xico, M\u00e9xico<\/p>\n<p>Dra. Karina Kloster, Universidad Aut\u00f3noma de la Ciudad de M\u00e9xico (UACM), Ciudad de M\u00e9xico, M\u00e9xico<\/p>\n<p>Dr. Alex Latta, Wilfrid Laurier University, Waterloo, Ontario, Canad\u00e1<\/p>\n<p>Dr. Jesus Ra\u00fal Navarro Garc\u00eda, Consejo Superior de Investigaciones Cient\u00edficas (CSIC), Sevilla, Espa\u00f1a<\/p>\n<p>Dr. Ra\u00fal Pacheco-Vega, Centro de Investigaci\u00f3n y Docencia Econ\u00f3mica (CIDE), Aguascalientes, M\u00e9xico<\/p>\n<p>Dra. Sonaly Rezende, Universidad Federal de Minas Gerais (UFMG), Belo Horizonte, Brasil<\/p>\n<p>Dra Adriana Sandoval, Universidad Nacional Aut\u00f3noma de M\u00e9xico (UNAM), Jiquilpan, Michoac\u00e1n, Mexico<\/p>\n<p>Dra. Norma Valencio, Universidad de San Pablo, San Pablo, Brasil<\/p>\n<p>&nbsp;<\/p>\n<hr \/>\n<p style=\"text-align: center;\">Para consultas o comentarios referidos al Premio WATERLAT-GOBACIT para Estudiantes, por favor contactar la <a href=\"mailto:redwaterlat@gmail.com\">Secretar\u00eda<\/a> de la Red.<\/p>\n<p>&nbsp;<\/p>\n","protected":false},"excerpt":{"rendered":"<p>La segunda llamada a postulaciones para el Premio WATERLAT-GOBACIT fue para tesis aprobadas entre el 1 de enero y el 31 de diciembre de 2014 y cerr\u00f3 el 31 de enero de 2015. Se presentaron 7 postulantes, 3 al Premio de Maestr\u00eda y 4 al Premio de Doctorado. Se convoc\u00f3 a una Comisi\u00f3n Evaluadora compuesta [&hellip;]<\/p>\n","protected":false},"author":3,"featured_media":0,"parent":339,"menu_order":0,"comment_status":"closed","ping_status":"closed","template":"page-templates\/full-width.php","meta":{"_acf_changed":false,"footnotes":""},"class_list":["post-1486","page","type-page","status-publish","hentry","wpautop"],"acf":[],"_links":{"self":[{"href":"https:\/\/waterlat.org\/es\/wp-json\/wp\/v2\/pages\/1486","targetHints":{"allow":["GET"]}}],"collection":[{"href":"https:\/\/waterlat.org\/es\/wp-json\/wp\/v2\/pages"}],"about":[{"href":"https:\/\/waterlat.org\/es\/wp-json\/wp\/v2\/types\/page"}],"author":[{"embeddable":true,"href":"https:\/\/waterlat.org\/es\/wp-json\/wp\/v2\/users\/3"}],"replies":[{"embeddable":true,"href":"https:\/\/waterlat.org\/es\/wp-json\/wp\/v2\/comments?post=1486"}],"version-history":[{"count":7,"href":"https:\/\/waterlat.org\/es\/wp-json\/wp\/v2\/pages\/1486\/revisions"}],"predecessor-version":[{"id":1510,"href":"https:\/\/waterlat.org\/es\/wp-json\/wp\/v2\/pages\/1486\/revisions\/1510"}],"up":[{"embeddable":true,"href":"https:\/\/waterlat.org\/es\/wp-json\/wp\/v2\/pages\/339"}],"wp:attachment":[{"href":"https:\/\/waterlat.org\/es\/wp-json\/wp\/v2\/media?parent=1486"}],"curies":[{"name":"wp","href":"https:\/\/api.w.org\/{rel}","templated":true}]}}