{"id":15,"date":"2013-11-27T20:59:33","date_gmt":"2013-11-27T20:59:33","guid":{"rendered":"http:\/\/waterlat.org\/es\/?page_id=15"},"modified":"2023-05-10T22:02:21","modified_gmt":"2023-05-10T22:02:21","slug":"areas-tematicas","status":"publish","type":"page","link":"https:\/\/waterlat.org\/es\/areas-tematicas\/","title":{"rendered":"\u00c1reas Tem\u00e1ticas"},"content":{"rendered":"<p>Actualmente la Red cuenta con 10 \u00c1reas Tem\u00e1ticas (AT) en diferentes etapas de desarrollo. Algunas ATs tienen sus propias p\u00e1ginas de Internet con informaci\u00f3n acerca de sus actividades, miembros y producci\u00f3n. Algunas ATs tambi\u00e9n tienen su propia Serie en los <a href=\" https:\/\/waterlat.org\/es\/publicaciones\/cuadernos-de-trabajo\/\">Cuadernos de Trabajo de la Red WATERLAT-GOBACIT<\/a>, en la cual sus miembros y autores invitados publican sus trabajos en progreso. Las ATs tambi\u00e9n cuentan con su Lista de Reproducci\u00f3n en el <a href=\"https:\/\/www.youtube.com\/user\/Waterlat\">Canal de Youtube<\/a> de la Red, la cual contiene entrevistas con sus miembros, videos de sesiones organizadas en los eventos regulares de la Red, videos de actividades de investigaci\u00f3n incluyendo entrevistas, visitas de campo, y otros materiales. La <a href=\"https:\/\/www.flickr.com\/photos\/125391306@N03\/albums\">colecci\u00f3n de fotograf\u00edas de la Red en Flickr<\/a> tambi\u00e9n contiene varios \u00e1lbumes relacionados con actividades de las ATs, tanto espec\u00edficas de cada AT o compartidas con otras ATs.<\/p>\n<p>&nbsp;<\/p>\n<hr \/>\n<p>&nbsp;<\/p>\n<p><strong><a href=\"https:\/\/waterlat.org\/es\/areas-tematicas\/at1\/\">\u00c1rea Tem\u00e1tica (AT) 1 \u2013 La x-disciplinariedad en la Investigaci\u00f3n y la Acci\u00f3n<\/a><\/strong><\/p>\n<p><strong><a href=\"https:\/\/waterlat.org\/es\/areas-tematicas\/at2\/\">\u00c1rea Tem\u00e1tica (AT) 2 \u2013 Agua y Megaproyectos<\/a><\/strong><\/p>\n<p><strong><a href=\"https:\/\/waterlat.org\/es\/areas-tematicas\/at3\/\">\u00c1rea Tem\u00e1tica (AT) 3 \u2013 El Ciclo Urbano del Agua y los Servicios P\u00fablicos Esenciales<\/a><\/strong><\/p>\n<p><strong><a href=\"https:\/\/waterlat.org\/es\/areas-tematicas\/at4\/\">\u00c1rea Tem\u00e1tica (AT) 4 \u2013 Aguas Transfronterizas<\/a><\/strong><\/p>\n<p><strong><a href=\"https:\/\/waterlat.org\/es\/areas-tematicas\/at5\/\">\u00c1rea Tem\u00e1tica (AT) 5 \u2013 Agua y Salud<\/a><\/strong><\/p>\n<p><strong><a href=\"https:\/\/waterlat.org\/es\/areas-tematicas\/at6\/\">\u00c1rea Tem\u00e1tica (AT) 6 \u2013 Cuencas, Territorios y Espacios Hidrosociales<\/a><\/strong><\/p>\n<p><strong><a href=\"https:\/\/waterlat.org\/es\/areas-tematicas\/at7\/\">\u00c1rea Tem\u00e1tica (AT) 7 \u2013 Arte, Comunicaci\u00f3n, Cultura y Educaci\u00f3n<\/a><\/strong><\/p>\n<p><strong><a href=\"https:\/\/waterlat.org\/es\/areas-tematicas\/at8\/\">\u00c1rea Tem\u00e1tica (AT) 8 \u2013 Desastres Relacionados con el Agua<\/a><\/strong><\/p>\n<p><strong><a href=\"https:\/\/waterlat.org\/es\/areas-tematicas\/at9-agua-y-produccion\/\">\u00c1rea Tem\u00e1tica (AT) 9 \u2013 Agua y Producci\u00f3n<\/a><\/strong><\/p>\n<p><strong><a href=\"https:\/\/waterlat.org\/es\/areas-tematicas\/at10\/\">\u00c1rea Tem\u00e1tica (AT) 10 \u2013 Agua y Violencia<\/a><\/strong><\/p>\n<p>&nbsp;<\/p>\n","protected":false},"excerpt":{"rendered":"<p>Actualmente la Red cuenta con 10 \u00c1reas Tem\u00e1ticas (AT) en diferentes etapas de desarrollo. Algunas ATs tienen sus propias p\u00e1ginas de Internet con informaci\u00f3n acerca de sus actividades, miembros y producci\u00f3n. Algunas ATs tambi\u00e9n tienen su propia Serie en los Cuadernos de Trabajo de la Red WATERLAT-GOBACIT, en la cual sus miembros y autores invitados [&hellip;]<\/p>\n","protected":false},"author":1,"featured_media":0,"parent":0,"menu_order":0,"comment_status":"closed","ping_status":"closed","template":"page-templates\/full-width.php","meta":{"_acf_changed":false,"footnotes":""},"class_list":["post-15","page","type-page","status-publish","hentry","wpautop"],"acf":[],"_links":{"self":[{"href":"https:\/\/waterlat.org\/es\/wp-json\/wp\/v2\/pages\/15","targetHints":{"allow":["GET"]}}],"collection":[{"href":"https:\/\/waterlat.org\/es\/wp-json\/wp\/v2\/pages"}],"about":[{"href":"https:\/\/waterlat.org\/es\/wp-json\/wp\/v2\/types\/page"}],"author":[{"embeddable":true,"href":"https:\/\/waterlat.org\/es\/wp-json\/wp\/v2\/users\/1"}],"replies":[{"embeddable":true,"href":"https:\/\/waterlat.org\/es\/wp-json\/wp\/v2\/comments?post=15"}],"version-history":[{"count":17,"href":"https:\/\/waterlat.org\/es\/wp-json\/wp\/v2\/pages\/15\/revisions"}],"predecessor-version":[{"id":4055,"href":"https:\/\/waterlat.org\/es\/wp-json\/wp\/v2\/pages\/15\/revisions\/4055"}],"wp:attachment":[{"href":"https:\/\/waterlat.org\/es\/wp-json\/wp\/v2\/media?parent=15"}],"curies":[{"name":"wp","href":"https:\/\/api.w.org\/{rel}","templated":true}]}}