{"id":1568,"date":"2016-02-13T18:30:27","date_gmt":"2016-02-13T18:30:27","guid":{"rendered":"http:\/\/waterlat.org\/es\/?page_id=1568"},"modified":"2023-05-20T19:25:02","modified_gmt":"2023-05-20T19:25:02","slug":"at3","status":"publish","type":"page","link":"https:\/\/waterlat.org\/es\/areas-tematicas\/at3\/","title":{"rendered":"\u00c1rea Tem\u00e1tica 3 &#8211; Ciclo Urbano del Agua y Servicios P\u00fablicos Esenciales"},"content":{"rendered":"<h2>Presentaci\u00f3n<\/h2>\r\nEl AT3 surge de los trabajos de un grupo de investigadores que dieron inicio a la Red WATERLAT-GOBACIT a trav\u00e9s de su participaci\u00f3n en una serie de proyectos colectivos e individuales, que incluyeron la realizaci\u00f3n de estudios monogr\u00e1ficos sobre las luchas por el acceso al agua en zonas urbanas de Am\u00e9rica Latina en la d\u00e9cada de 1990. Otra iniciativa importante que convoc\u00f3 a estos investigadores fue el Proyecto METRON (1998-2000),financiado por la Uni\u00f3n Europea, que realiz\u00f3 estudios sobre la gesti\u00f3n del agua en grandes \u00e1reas metropolitanas de Europa (Espa\u00f1a, Grecia, Pa\u00edses Bajos y Reino Unido) y Medio Oriente (Israel), los que dieron lugar a contribuciones importantes al campo de la ecolog\u00eda pol\u00edtica del agua urbana.Sin embargo, el proyecto fundante del AT3 y de la propia Red WATERLAT-GOBACIT fue <a href=\"https:\/\/waterlat.org\/es\/proyectos\/prinwass\/\">PRINWASS (2001-2004)<\/a>,tambi\u00e9n financiado por la Uni\u00f3n Europea,  un estudio sobre las pol\u00edticas de privatizaci\u00f3n en \u00c1frica (Kenia y Tanzania), Am\u00e9rica Latina (Argentina, Bolivia, Brasil y M\u00e9xico) y Europa (Finlandia, Grecia y Reino Unido), que dio lugar a una serie de publicaciones de miembros de la Red y colaboradores externos. Al concluir PRINWASS en 2004, un grupo de los investigadores del proyecto decidi\u00f3 crear la Red GOBACIT, que luego se transformar\u00eda en WATERLAT-GOBACIT. El AT3 se ampli\u00f3 en los siguientes a\u00f1os con la incorporaci\u00f3n de nuevos investigadores, estudiantes, especialistas del sector p\u00fablico, y representantes de organizaciones sociales, sindicatos, y otros sectores de la sociedad civil, especialmente en Am\u00e9rica Latina y Europa. Desde entonces  el AT3 ha contribuido a la Red con otros proyectos de investigaci\u00f3n internacionales, particularmente el Proyecto  <a href=\"https:\/\/waterlat.org\/es\/proyectos\/desafio\/\">DESAFIO (2013-2015)<\/a>, tambi\u00e9n financiado por la Uni\u00f3n Europea  y realizado por socios institucionales de Argentina, Brasil, Colombia y Reino Unido. DESAFIO contribuy\u00f3  a la creaci\u00f3n de los <a href=\"https:\/\/waterlat.org\/es\/publicaciones\/cuadernos-de-trabajo\/\">Cuadernos de Trabajo de la Red WATERLAT-GOBACIT<\/a>.\r\nEl AT3 cubre dos amplios campos de investigaci\u00f3n, docencia, e intervenci\u00f3n pr\u00e1ctica. El primero es  el  \u201cciclo urbano del agua\u201d, que incluye los procesos de abstracci\u00f3n, producci\u00f3n, circulaci\u00f3n, uso, y descarga a las fuentes de agua,  en sus m\u00faltiples dimensiones y formas. El segundo campo est\u00e1 interconectado con el primero, pero tambi\u00e9n incluye procesos localizados fuera del medio urbano, ya que aborda la cuesti\u00f3n de los servicios p\u00fablicos esenciales  basados, de una u otra forma, en el uso del agua , incluyendo la distribuci\u00f3n agua para consumo humano, la gesti\u00f3n de aguas residuales y de recolecci\u00f3n y usos de fuentes alternativas, como el agua de lluvia y otras. Dado su abanico tem\u00e1tico, el AT3 tiene tambi\u00e9n intersecciones con otras ATs, incluyendo <a href=\"https:\/\/waterlat.org\/es\/areas-tematicas\/at5\/\">AT5 Agua y Salud <\/a>, <a href=\"https:\/\/waterlat.org\/es\/areas-tematicas\/at6\/\">AT6 Cuencas, Territorios y Espacios Hidrosociales <\/a>, and <a href=\"https:\/\/waterlat.org\/es\/areas-tematicas\/at8\/\">AT8 Desastres relacionados con el Agua<\/a>.\r\n\r\n<h2><\/h2>\r\n\r\n&nbsp;\r\n<h2><a href=\" https:\/\/waterlat.org\/es\/areas-tematicas\/at3\/libros-del-at3\/\">Libros del AT3<\/a><\/h2>\r\n\r\n<h2><a href=\" https:\/\/waterlat.org\/es\/areas-tematicas\/at3\/at3-cuardenos-de-trabajo\/ \">Cuadernos de Trabajo del AT3(2014-16)<\/a><\/h2>\r\n<h2><a href=\"https:\/\/waterlat.org\/es\/areas-tematicas\/at3\/at3-cuardenos-de-trabajo\/cuadernos-de-tra\u2026a-at3-desde-2017\/\">Cuadernos de Trabajo del AT3(desde 2017)<\/a><\/h2>\r\n<h2><a href=\"https:\/\/waterlat.org\/es\/areas-tematicas\/at3\/at3-cuardenos-de-trabajo\/serie-de-cuadern\u2026prinwass-del-at3\/\">Serie de Cuadernos de Trabajo del Proyecto PRINWASS del AT3.<\/a><\/h2>\r\n<h2><a href=\"https:\/\/waterlat.org\/es\/areas-tematicas\/at3\/at3-galeria-multimedios\/\">Galer\u00eda multimedios del AT3<\/a><\/h2>\r\n\r\n \r\n\r\n<h2><\/h2>\r\n&nbsp;\r\n\r\n\r\n<hr \/>\r\n","protected":false},"excerpt":{"rendered":"Presentaci\u00f3n El AT3 surge de los trabajos de un grupo de investigadores que dieron inicio a la Red WATERLAT-GOBACIT a trav\u00e9s de su participaci\u00f3n en una serie de proyectos colectivos e individuales, que incluyeron la realizaci\u00f3n de estudios monogr\u00e1ficos sobre las luchas por el acceso al agua en zonas urbanas de Am\u00e9rica Latina en la [&hellip;]","protected":false},"author":3,"featured_media":0,"parent":15,"menu_order":0,"comment_status":"closed","ping_status":"closed","template":"page-templates\/full-width.php","meta":{"_acf_changed":false,"footnotes":""},"class_list":["post-1568","page","type-page","status-publish","hentry","no-wpautop"],"acf":[],"_links":{"self":[{"href":"https:\/\/waterlat.org\/es\/wp-json\/wp\/v2\/pages\/1568","targetHints":{"allow":["GET"]}}],"collection":[{"href":"https:\/\/waterlat.org\/es\/wp-json\/wp\/v2\/pages"}],"about":[{"href":"https:\/\/waterlat.org\/es\/wp-json\/wp\/v2\/types\/page"}],"author":[{"embeddable":true,"href":"https:\/\/waterlat.org\/es\/wp-json\/wp\/v2\/users\/3"}],"replies":[{"embeddable":true,"href":"https:\/\/waterlat.org\/es\/wp-json\/wp\/v2\/comments?post=1568"}],"version-history":[{"count":22,"href":"https:\/\/waterlat.org\/es\/wp-json\/wp\/v2\/pages\/1568\/revisions"}],"predecessor-version":[{"id":4119,"href":"https:\/\/waterlat.org\/es\/wp-json\/wp\/v2\/pages\/1568\/revisions\/4119"}],"up":[{"embeddable":true,"href":"https:\/\/waterlat.org\/es\/wp-json\/wp\/v2\/pages\/15"}],"wp:attachment":[{"href":"https:\/\/waterlat.org\/es\/wp-json\/wp\/v2\/media?parent=1568"}],"curies":[{"name":"wp","href":"https:\/\/api.w.org\/{rel}","templated":true}]}}