{"id":1571,"date":"2016-02-19T10:11:54","date_gmt":"2016-02-19T10:11:54","guid":{"rendered":"http:\/\/waterlat.org\/es\/?page_id=1571"},"modified":"2020-06-16T15:42:37","modified_gmt":"2020-06-16T15:42:37","slug":"at3-temas","status":"publish","type":"page","link":"https:\/\/waterlat.org\/es\/areas-tematicas\/at3\/at3-temas\/","title":{"rendered":"Temas del AT3"},"content":{"rendered":"<p>AT3 cubre dos grandes campos de investigaci\u00f3n, docencia e intervenci\u00f3n pr\u00e1ctica a los que se abocan miembros de la Red. El primero es el \u201cciclo urbano del agua\u201d, abarcando los procesos de extracci\u00f3n, producci\u00f3n, circulaci\u00f3n, uso y retorno a las fuentes del agua en sus m\u00faltiples dimensiones y formas, en perspectiva inter y transdisciplinaria. El segundo campo se intersecta con el primero pero incluye tambi\u00e9n procesos que tienen lugar fuera del \u00e1mbito urbano, ya que se ocupa de los servicios p\u00fablicos esenciales basados de una u otra forma en el uso del agua, incluyendo la distribuci\u00f3n de agua para consumo humano, la gesti\u00f3n de aguas residuales, la gesti\u00f3n de aguas pluviales, etc. Este campo tiene intersecciones con varias otras \u00c1reas Tem\u00e1ticas, incluyendo el AT5 Agua y Salud, el AT6 Cuencas y Territorios Hidrosociales, y el AT8 Agua y Desastres.<\/p>\n<p>&nbsp;<\/p>\n<p><span style=\"text-decoration: underline;\">Temas destacados que abordan los miembros del AT3<\/span>:<\/p>\n<ul>\n<li>La pol\u00edtica del agua: gesti\u00f3n del agua y configuraciones de poder social y pol\u00edtico.<\/li>\n<li>Mercantilizaci\u00f3n \/ privatizaci\u00f3n \/ internacionalizaci\u00f3n de empresas p\u00fablicas de agua y saneamiento &#8211; Experiencias de privatizaci\u00f3n y desprivatizaci\u00f3n de servicios de agua<\/li>\n<li>Emergencia de empresas &#8220;progresistas&#8221; de agua y saneamiento (conceptualizaci\u00f3n y formas de operaci\u00f3n).<\/li>\n<li>Asociaciones p\u00fablico-p\u00fablicas, publico-comunitarias, y comunitario-comunitarias para la gesti\u00f3n de los servicios esenciales de agua y saneamiento urbanos y rurales.<\/li>\n<li>Los procesos multidimensionales de valoraci\u00f3n del agua (valor econ\u00f3mico, valor cultural, valor &#8220;intr\u00ednseco&#8221;, etc.)<\/li>\n<li>Luchas por la democratizaci\u00f3n de la pol\u00edtica y la gesti\u00f3n del agua urbana y de los servicios de agua y saneamiento.<\/li>\n<li>Pol\u00edticas sobre el ciclo urbano del agua y los servicios de agua esenciales basadas en el principio de la igualdad.<\/li>\n<li>Pol\u00edtica del agua y construcci\u00f3n de la ciudadan\u00eda; el acceso al agua como derecho y bien social, com\u00fan, p\u00fablico. V\u00ednculos entre los ciudadanos y el Estado a trav\u00e9s de los sistemas de distribuci\u00f3n del agua.<\/li>\n<li>Innovaciones socio-t\u00e9cnicas para democratizar la pol\u00edtica y la gesti\u00f3n de los servicios de agua y saneamiento.<\/li>\n<li>El significado, las contradicciones y los desaf\u00edos que presenta la noci\u00f3n del &#8220;derecho humano al agua&#8221;. Legislaci\u00f3n y pr\u00e1cticas en materia de derecho humano al agua.<\/li>\n<li>Gesti\u00f3n integrada del agua.<\/li>\n<li>Resiliencia socio-h\u00eddrica urbana. Gesti\u00f3n de la incertidumbre h\u00eddrica, amenaza de sequ\u00edas e inundaciones, etc. Gesti\u00f3n del metabolismo urbano, balance entre calidad de vida urbana e impacto ambiental del ciclo urbano del agua. Gesti\u00f3n del crecimiento urbano y su impacto sobre el ciclo h\u00eddrico.<\/li>\n<li>Gesti\u00f3n del agua de lluvia en ciudades (recolecci\u00f3n, tratamiento, almacenamiento, distribuci\u00f3n, usos, legislaci\u00f3n, etc.).<\/li>\n<li>Pr\u00e1cticas individuales y colectivas de acceso y distribuci\u00f3n del agua.<\/li>\n<li>Redes sociales (de parentesco, hist\u00f3ricas, pol\u00edticas, comerciales) ligadas a los intercambios cotidianos de agua.<\/li>\n<li>Relaciones de poder asociadas al saber y a la puesta en marcha de diversas t\u00e9cnicas para la captaci\u00f3n, tratamiento y transporte del agua de consumo.<\/li>\n<li>Representaciones de la naturaleza, los seres humanos y la sociedad ligadas a las formas de acceso y usos del agua.<\/li>\n<\/ul>\n<p>&nbsp;<\/p>\n<p><strong>Relaci\u00f3n de estos temas con los <a href=\"https:\/\/waterlat.org\/es\/comienzo\/objetivos\/\">objetivos<\/a> y <a href=\"https:\/\/waterlat.org\/es\/comienzo\/prioridades-de-investigacion\/\">prioridades de investigaci\u00f3n<\/a> de la Red<\/strong><\/p>\n<p>Los temas principales del AT3, \u201cEl ciclo urbano del agua y los servicios p\u00fablicos esenciales\u201d, est\u00e1n relacionados con los objetivos estrat\u00e9gicos y espec\u00edficos de la Red a diferentes niveles. Por una parte responden al debate te\u00f3rico, principalmente en los campos de la sociolog\u00eda ambiental, los estudios urbanos, las teor\u00edas del desarrollo y sus cr\u00edticas, la econom\u00eda ecol\u00f3gica y la ecolog\u00eda pol\u00edtica, las teor\u00edas de la complejidad, entre otras. Por otra parte, los temas del AT3 contribuyen a la discusi\u00f3n metodol\u00f3gica pues movilizan investigaciones en diferentes \u00e1reas del saber: la antropolog\u00eda y la geograf\u00eda urbana, las ciencias ambientales, la ciencia pol\u00edtica, las ciencias de la salud, el derecho, la econom\u00eda, la historia, la ingenier\u00eda, la planeaci\u00f3n urbana, las pol\u00edticas p\u00fablicas, y la sociolog\u00eda, entre otras, proponiendo el desarrollo de coordinaciones interdisciplinarias para abordar los procesos y din\u00e1micas complejas propias al ciclo urbano del agua y a los servicios p\u00fablicos esenciales basados en el agua. La aproximaci\u00f3n inter y trans-disciplinar permite tambi\u00e9n considerar diferentes aspectos del ciclo urbano del agua: su dimensi\u00f3n social y pol\u00edtica, sus aspectos simb\u00f3licos, su dimensi\u00f3n material y t\u00e9cnica y su relaci\u00f3n con los campos de la ecolog\u00eda y de la salud. La participaci\u00f3n de investigadores de diferentes pa\u00edses y regiones, contribuye a cimentar y desarrollar nuevos v\u00ednculos de cooperaci\u00f3n entre los miembros del \u00e1rea tem\u00e1tica y entre las instituciones en las que estos colaboran. Por otra parte, la incorporaci\u00f3n de actores no-acad\u00e9micos, desde especialistas del sector p\u00fablico en todos sus niveles, representantes sindicales, de ONGs, y de movimientos comunitarios y sociales, entre otros, permite a la vez promover la co-producci\u00f3n de conocimientos en perspectiva transdisciplinaria y fortalece los v\u00ednculos entre la academia y los sectores sociales, particularmente aquellos que luchan por la democratizaci\u00f3n substantiva de la pol\u00edtica y la gesti\u00f3n del agua.<\/p>\n<p>&nbsp;<\/p>\n<p>La tem\u00e1tica abordada y las actividades realizadas por los miembros del \u00e1rea est\u00e1n orientadas por los Objetivos y las Prioridades de investigaci\u00f3n de la Red WATERLAT-GOBACIT, puesto que el AT3<\/p>\n<ul>\n<li>Analiza de manera cr\u00edtica los discursos dominantes relacionados con la pol\u00edtica y la gesti\u00f3n del agua y los procesos de producci\u00f3n de conocimiento sobre el agua y los servicios basados en el agua.<\/li>\n<li>Estudia los conflictos que emergen alrededor del acceso y la distribuci\u00f3n del agua en las ciudades.<\/li>\n<li>Considera las infraestructuras y tecnolog\u00edas h\u00eddricas como productos de sistemas socio-econ\u00f3micos, culturales y pol\u00edticos particulares.<\/li>\n<li>Reflexiona sobre la \u201cpolitizaci\u00f3n\u201d y la \u201cdespolitizaci\u00f3n\u201d de las cuestiones h\u00eddricas en contextos urbanos y en relaci\u00f3n a los servicios b\u00e1sicos de agua y saneamiento en general.<\/li>\n<li>Aborda diferentes formas de gesti\u00f3n del agua y las articulaciones entre modelos y reg\u00edmenes de gesti\u00f3n.<\/li>\n<li>Eval\u00faa las pol\u00edticas p\u00fablicas del agua desde una perspectiva cr\u00edtica, que asume la necesidad de priorizar pol\u00edticas fundadas en el principio de la igualdad y el rechazo de pol\u00edticas excluyentes.<\/li>\n<li>Contribuye a visibilizar las luchas populares (lideradas por movimientos sociales, organizaciones civiles, sindicatos, y otros actores relevantes) por el acceso al agua y por la democratizaci\u00f3n de la pol\u00edtica y la gesti\u00f3n del agua.<\/li>\n<li>Promueve enfoques interdisciplinares, integrando las disciplinas sociales, las tecno-cient\u00edficas, y las humanidades, incluyendo la historia, en los procesos de producci\u00f3n de conocimiento, docencia, y formulaci\u00f3n de propuestas de intervenci\u00f3n pr\u00e1ctica. Adopta la transdiciplinaridad como principio orientador y como pr\u00e1ctica, involucrando actores no acad\u00e9micos, movimientos sociales, representantes del sector p\u00fablico, sindicatos, organizaciones comunitarias, etc. en dichos procesos.<\/li>\n<\/ul>\n<p><a href=\"https:\/\/waterlat.org\/es\/at3\/\">Volver a Presentaci\u00f3n del AT3<\/a><\/p>\n","protected":false},"excerpt":{"rendered":"<p>AT3 cubre dos grandes campos de investigaci\u00f3n, docencia e intervenci\u00f3n pr\u00e1ctica a los que se abocan miembros de la Red. El primero es el \u201cciclo urbano del agua\u201d, abarcando los procesos de extracci\u00f3n, producci\u00f3n, circulaci\u00f3n, uso y retorno a las fuentes del agua en sus m\u00faltiples dimensiones y formas, en perspectiva inter y transdisciplinaria. El [&hellip;]<\/p>\n","protected":false},"author":3,"featured_media":0,"parent":1568,"menu_order":0,"comment_status":"closed","ping_status":"closed","template":"page-templates\/full-width.php","meta":{"_acf_changed":false,"footnotes":""},"class_list":["post-1571","page","type-page","status-publish","hentry","wpautop"],"acf":[],"_links":{"self":[{"href":"https:\/\/waterlat.org\/es\/wp-json\/wp\/v2\/pages\/1571","targetHints":{"allow":["GET"]}}],"collection":[{"href":"https:\/\/waterlat.org\/es\/wp-json\/wp\/v2\/pages"}],"about":[{"href":"https:\/\/waterlat.org\/es\/wp-json\/wp\/v2\/types\/page"}],"author":[{"embeddable":true,"href":"https:\/\/waterlat.org\/es\/wp-json\/wp\/v2\/users\/3"}],"replies":[{"embeddable":true,"href":"https:\/\/waterlat.org\/es\/wp-json\/wp\/v2\/comments?post=1571"}],"version-history":[{"count":15,"href":"https:\/\/waterlat.org\/es\/wp-json\/wp\/v2\/pages\/1571\/revisions"}],"predecessor-version":[{"id":2795,"href":"https:\/\/waterlat.org\/es\/wp-json\/wp\/v2\/pages\/1571\/revisions\/2795"}],"up":[{"embeddable":true,"href":"https:\/\/waterlat.org\/es\/wp-json\/wp\/v2\/pages\/1568"}],"wp:attachment":[{"href":"https:\/\/waterlat.org\/es\/wp-json\/wp\/v2\/media?parent=1571"}],"curies":[{"name":"wp","href":"https:\/\/api.w.org\/{rel}","templated":true}]}}