{"id":1615,"date":"2016-02-20T11:30:49","date_gmt":"2016-02-20T11:30:49","guid":{"rendered":"http:\/\/waterlat.org\/es\/?page_id=1615"},"modified":"2020-06-16T15:42:21","modified_gmt":"2020-06-16T15:42:21","slug":"at3-galeria-multimedios","status":"publish","type":"page","link":"https:\/\/waterlat.org\/es\/areas-tematicas\/at3\/at3-galeria-multimedios\/","title":{"rendered":"Galer\u00eda Multimedios del AT3"},"content":{"rendered":"<h2>Lista de Reproducci\u00f3n en Youtube<\/h2>\n<p>El AT3 tiene su Lista de Reproducci\u00f3n en el Canal de Youtube de la Red. El mismo contiene entrevistas con miembros del AT3, videos de sesiones organizadas por el AT3 en las reuniones regulares de la Red, videos de actividades de investigaci\u00f3n del AT3 incluyendo entrevistas, visitas de campo, y otros materiales.<\/p>\n<p><span style=\"text-decoration: underline;\">Lista de Reproducci\u00f3n del AT3 en el Canal de Youtube de la Red<\/span><\/p>\n<p><iframe loading=\"lazy\" src=\"https:\/\/www.youtube.com\/embed\/videoseries?list=PLx6qphzdSP6uAuLJj_flQkH0ZWI2WFHAO\" width=\"560\" height=\"315\" frameborder=\"0\" allowfullscreen=\"allowfullscreen\"><\/iframe><\/p>\n<p>&nbsp;<\/p>\n<p>&nbsp;<\/p>\n<h2>\u00c1lbumes en la galer\u00eda fotogr\u00e1fica en Flickr<\/h2>\n<p>El AT3 tiene varios \u00e1lbumes en la galer\u00eda fotogr\u00e1fica de la Red en Flickr, algunos espec\u00edficos del AT3 y otros compartidos con otras ATs. Estos \u00e1lbumes incluyen \u201cInfraestructura de agua urbana\u201d, \u201cServicios esenciales de agua y saneamiento\u201d, \u201cInfraestructura de agua y saneamiento rural\/en peque\u00f1as comunidades\u201d, \u201cVenta de agua\u201d, \u201cRecolecci\u00f3n de agua de lluvia\u201d, \u00e1lbumes de los proyectos de investigaci\u00f3n del AT3, PRINWASS, DESAFIO, y UrbanRain, adem\u00e1s de otros \u00e1lbumes compartidos.<\/p>\n<p><span style=\"text-decoration: underline;\">P\u00e1gina de los \u00e1lbumes en Flickr<\/span><\/p>\n<p><a title=\"Infraestructura de agua urbana \/ Urban water infrastructure\" href=\"https:\/\/www.flickr.com\/photos\/125391306@N03\/albums\/72157647111908116\" data-flickr-embed=\"true\"><img loading=\"lazy\" decoding=\"async\" src=\"https:\/\/farm6.staticflickr.com\/5563\/15122816622_dde70bab6b_z.jpg\" alt=\"Infraestructura de agua urbana \/ Urban water infrastructure\" width=\"640\" height=\"427\" \/><\/a><script src=\"\/\/embedr.flickr.com\/assets\/client-code.js\" async=\"\" charset=\"utf-8\"><\/script><\/p>\n<p>&nbsp;<\/p>\n<p><a href=\"https:\/\/waterlat.org\/es\/at3\/\">Volver a la Presentaci\u00f3n del AT3<\/a><\/p>\n","protected":false},"excerpt":{"rendered":"<p>Lista de Reproducci\u00f3n en Youtube El AT3 tiene su Lista de Reproducci\u00f3n en el Canal de Youtube de la Red. El mismo contiene entrevistas con miembros del AT3, videos de sesiones organizadas por el AT3 en las reuniones regulares de la Red, videos de actividades de investigaci\u00f3n del AT3 incluyendo entrevistas, visitas de campo, y [&hellip;]<\/p>\n","protected":false},"author":3,"featured_media":0,"parent":1568,"menu_order":0,"comment_status":"closed","ping_status":"closed","template":"page-templates\/full-width.php","meta":{"_acf_changed":false,"footnotes":""},"class_list":["post-1615","page","type-page","status-publish","hentry","wpautop"],"acf":[],"_links":{"self":[{"href":"https:\/\/waterlat.org\/es\/wp-json\/wp\/v2\/pages\/1615","targetHints":{"allow":["GET"]}}],"collection":[{"href":"https:\/\/waterlat.org\/es\/wp-json\/wp\/v2\/pages"}],"about":[{"href":"https:\/\/waterlat.org\/es\/wp-json\/wp\/v2\/types\/page"}],"author":[{"embeddable":true,"href":"https:\/\/waterlat.org\/es\/wp-json\/wp\/v2\/users\/3"}],"replies":[{"embeddable":true,"href":"https:\/\/waterlat.org\/es\/wp-json\/wp\/v2\/comments?post=1615"}],"version-history":[{"count":4,"href":"https:\/\/waterlat.org\/es\/wp-json\/wp\/v2\/pages\/1615\/revisions"}],"predecessor-version":[{"id":2793,"href":"https:\/\/waterlat.org\/es\/wp-json\/wp\/v2\/pages\/1615\/revisions\/2793"}],"up":[{"embeddable":true,"href":"https:\/\/waterlat.org\/es\/wp-json\/wp\/v2\/pages\/1568"}],"wp:attachment":[{"href":"https:\/\/waterlat.org\/es\/wp-json\/wp\/v2\/media?parent=1615"}],"curies":[{"name":"wp","href":"https:\/\/api.w.org\/{rel}","templated":true}]}}