{"id":1637,"date":"2016-03-28T22:31:25","date_gmt":"2016-03-28T22:31:25","guid":{"rendered":"http:\/\/waterlat.org\/es\/?page_id=1637"},"modified":"2024-12-03T12:52:14","modified_gmt":"2024-12-03T12:52:14","slug":"at6","status":"publish","type":"page","link":"https:\/\/waterlat.org\/es\/areas-tematicas\/at6\/","title":{"rendered":"AT6 &#8211; Cuencas, Territorios y Espacios Hidrosociales"},"content":{"rendered":"<h2>Presentaci\u00f3n<\/h2>\n<p>El AT6 est\u00e1 interesada en realizar estudios sobre la configuraci\u00f3n del espacio hidrosocial a trav\u00e9s de una serie de aspectos y su transformaci\u00f3n en el tiempo. Estas variables incluyen, por ejemplo, las instituciones pol\u00edticas, la infraestructura y la tecnolog\u00eda hidr\u00e1ulica, los cambios en las formas de propiedad de tierra y agua, creencias y comportamientos alrededor del uso del agua superficial y subterr\u00e1nea, su  transformaci\u00f3n en mercanc\u00eda, la contaminaci\u00f3n y el cuidado y mantenimiento del agua en todo su ciclo. Esta complejidad puede ser mejor comprendida al explorar las transformaciones hist\u00f3ricas que impactan un espacio hidrosocial.  Entre estos cambios se pueden mencionar, por ejemplo, las actividades productivas tradicionales y sus dificultades para reproducirse junto a otras impulsadas por grupos sociales con intereses contrapuestos, los modelos econ\u00f3micos y sus sub-sistemas, los flujos de insumos y productos, la construcci\u00f3n de nueva infraestructura y los cambios en los usos del agua y el suelo, la producci\u00f3n de conocimiento.<\/p>\n<p>&nbsp;<\/p>\n<h2><a href=\"https:\/\/waterlat.org\/es\/areas-tematicas\/at6\/at6-temas\/\">Temas que cubre el AT6<\/a><\/h2>\n<h2><a href=\"https:\/\/waterlat.org\/es\/areas-tematicas\/at6\/at6-cuadernos-de-trabajo\/\">Cuadernos de Trabajo del AT6<\/a><\/h2>\n<h2><a href=\"https:\/\/waterlat.org\/es\/areas-tematicas\/at6\/at6-galeria-multimedios\/\">Galer\u00eda multimedios del AT6<\/a><\/h2>\n<p>&nbsp;<\/p>\n<hr \/>\n","protected":false},"excerpt":{"rendered":"<p>Presentaci\u00f3n El AT6 est\u00e1 interesada en realizar estudios sobre la configuraci\u00f3n del espacio hidrosocial a trav\u00e9s de una serie de aspectos y su transformaci\u00f3n en el tiempo. Estas variables incluyen, por ejemplo, las instituciones pol\u00edticas, la infraestructura y la tecnolog\u00eda hidr\u00e1ulica, los cambios en las formas de propiedad de tierra y agua, creencias y comportamientos [&hellip;]<\/p>\n","protected":false},"author":3,"featured_media":0,"parent":15,"menu_order":0,"comment_status":"closed","ping_status":"closed","template":"page-templates\/full-width.php","meta":{"_acf_changed":false,"footnotes":""},"class_list":["post-1637","page","type-page","status-publish","hentry","wpautop"],"acf":[],"_links":{"self":[{"href":"https:\/\/waterlat.org\/es\/wp-json\/wp\/v2\/pages\/1637","targetHints":{"allow":["GET"]}}],"collection":[{"href":"https:\/\/waterlat.org\/es\/wp-json\/wp\/v2\/pages"}],"about":[{"href":"https:\/\/waterlat.org\/es\/wp-json\/wp\/v2\/types\/page"}],"author":[{"embeddable":true,"href":"https:\/\/waterlat.org\/es\/wp-json\/wp\/v2\/users\/3"}],"replies":[{"embeddable":true,"href":"https:\/\/waterlat.org\/es\/wp-json\/wp\/v2\/comments?post=1637"}],"version-history":[{"count":9,"href":"https:\/\/waterlat.org\/es\/wp-json\/wp\/v2\/pages\/1637\/revisions"}],"predecessor-version":[{"id":4315,"href":"https:\/\/waterlat.org\/es\/wp-json\/wp\/v2\/pages\/1637\/revisions\/4315"}],"up":[{"embeddable":true,"href":"https:\/\/waterlat.org\/es\/wp-json\/wp\/v2\/pages\/15"}],"wp:attachment":[{"href":"https:\/\/waterlat.org\/es\/wp-json\/wp\/v2\/media?parent=1637"}],"curies":[{"name":"wp","href":"https:\/\/api.w.org\/{rel}","templated":true}]}}