{"id":1639,"date":"2016-03-29T14:40:16","date_gmt":"2016-03-29T14:40:16","guid":{"rendered":"http:\/\/waterlat.org\/es\/?page_id=1639"},"modified":"2016-11-19T14:14:58","modified_gmt":"2016-11-19T14:14:58","slug":"at6-galeria-multimedios","status":"publish","type":"page","link":"https:\/\/waterlat.org\/es\/areas-tematicas\/at6\/at6-galeria-multimedios\/","title":{"rendered":"AT6 &#8211; Galer\u00eda Multimedios"},"content":{"rendered":"<h2>Lista de Reproducci\u00f3n en Youtube<\/h2>\n<p>El AT6 tiene su Lista de Reproducci\u00f3n en el Canal de Youtube de la Red. El canal contiene entrevistas, videos de sesiones en las reuniones regulares de la Red, videos de actividades de investigaci\u00f3n incluyendo entrevistas, visitas de campo, y otros materiales.<\/p>\n<p><span style=\"text-decoration: underline;\">Lista de Reproducci\u00f3n del AT6 en el Canal de Youtube de la Red<\/span><\/p>\n<p><iframe loading=\"lazy\" width=\"560\" height=\"315\" src=\"https:\/\/www.youtube.com\/embed\/videoseries?list=PLx6qphzdSP6s9n6Sbaqxn51HrG8GXCcSP\" frameborder=\"0\" allowfullscreen><\/iframe><\/p>\n<p>&nbsp;<\/p>\n<h2>\u00c1lbumes en la galer\u00eda fotogr\u00e1fica en Flickr<\/h2>\n<p>El AT6 tiene varios \u00e1lbumes en la galer\u00eda fotogr\u00e1fica de la Red en Flickr, algunos espec\u00edficos del AT6 y otros compartidos con otras ATs. Estos \u00e1lbumes incluyen &#8220;Agua, lagos&#8221;, &#8220;Agua, acu\u00edferos&#8221;, &#8220;Agua, r\u00edos&#8221;, &#8220;Pesca artesanal&#8221;, etc.<\/p>\n<p>&nbsp;<\/p>\n<p><span style=\"text-decoration: underline;\">P\u00e1gina de los \u00e1lbumes<\/span><\/p>\n<p><a data-flickr-embed=\"true\"  href=\"https:\/\/www.flickr.com\/photos\/125391306@N03\/albums\/72157647927683301\" title=\"Pesca artesanal \/ artisanal fishing\"><img loading=\"lazy\" decoding=\"async\" src=\"https:\/\/farm6.staticflickr.com\/5562\/15327897561_44a83808eb_z.jpg\" width=\"640\" height=\"427\" alt=\"Pesca artesanal \/ artisanal fishing\"><\/a><script async src=\"\/\/embedr.flickr.com\/assets\/client-code.js\" charset=\"utf-8\"><\/script><br \/>\n&nbsp;<\/p>\n<p><a href=\"https:\/\/waterlat.org\/es\/at6\/\">Volver a la Presentaci\u00f3n del AT6<\/a><\/p>\n","protected":false},"excerpt":{"rendered":"<p>Lista de Reproducci\u00f3n en Youtube El AT6 tiene su Lista de Reproducci\u00f3n en el Canal de Youtube de la Red. El canal contiene entrevistas, videos de sesiones en las reuniones regulares de la Red, videos de actividades de investigaci\u00f3n incluyendo entrevistas, visitas de campo, y otros materiales. Lista de Reproducci\u00f3n del AT6 en el Canal [&hellip;]<\/p>\n","protected":false},"author":3,"featured_media":0,"parent":1637,"menu_order":0,"comment_status":"closed","ping_status":"closed","template":"page-templates\/full-width.php","meta":{"_acf_changed":false,"footnotes":""},"class_list":["post-1639","page","type-page","status-publish","hentry","wpautop"],"acf":[],"_links":{"self":[{"href":"https:\/\/waterlat.org\/es\/wp-json\/wp\/v2\/pages\/1639","targetHints":{"allow":["GET"]}}],"collection":[{"href":"https:\/\/waterlat.org\/es\/wp-json\/wp\/v2\/pages"}],"about":[{"href":"https:\/\/waterlat.org\/es\/wp-json\/wp\/v2\/types\/page"}],"author":[{"embeddable":true,"href":"https:\/\/waterlat.org\/es\/wp-json\/wp\/v2\/users\/3"}],"replies":[{"embeddable":true,"href":"https:\/\/waterlat.org\/es\/wp-json\/wp\/v2\/comments?post=1639"}],"version-history":[{"count":5,"href":"https:\/\/waterlat.org\/es\/wp-json\/wp\/v2\/pages\/1639\/revisions"}],"predecessor-version":[{"id":1667,"href":"https:\/\/waterlat.org\/es\/wp-json\/wp\/v2\/pages\/1639\/revisions\/1667"}],"up":[{"embeddable":true,"href":"https:\/\/waterlat.org\/es\/wp-json\/wp\/v2\/pages\/1637"}],"wp:attachment":[{"href":"https:\/\/waterlat.org\/es\/wp-json\/wp\/v2\/media?parent=1639"}],"curies":[{"name":"wp","href":"https:\/\/api.w.org\/{rel}","templated":true}]}}