{"id":1670,"date":"2016-04-22T16:23:01","date_gmt":"2016-04-22T16:23:01","guid":{"rendered":"http:\/\/waterlat.org\/es\/?page_id=1670"},"modified":"2026-02-20T13:28:40","modified_gmt":"2026-02-20T13:28:40","slug":"miembros-institucionales","status":"publish","type":"page","link":"https:\/\/waterlat.org\/es\/equipo\/miembros-institucionales\/","title":{"rendered":"Miembros Institucionales"},"content":{"rendered":"<p>Nuestros miembros institucionales incluyen entidades acad\u00e9micas, sindicatos de trabajadores, organizaciones comunitarias, entre otros. La lista sigue el orden alfab\u00e9tico.<\/p>\n<p><a href=\"https:\/\/almaazul.org\/sobre-alma-azul\/\">Alma Azul (SC)<\/a>. Concepci\u00f3n, Paraguay. Contacto: Elida Villalba Vargas, President. <a href=\"velida@hotmail.com\">Env\u00ede un E-mail aqu\u00ed<\/a>.<\/p>\n<p><a href=\"https:\/\/anep.cr\">Asociaci\u00f3n Nacional de Empleados P\u00fablicos y Privados (ANEP)<\/a>. San Jos\u00e9, Costa Rica. Contacto: Albino Vargas Barrantes, Secretario General. <a href=\"mailto:info@anep.or.cr\">Env\u00ede un e-mail aqu\u00ed<\/a>.<\/p>\n<p><a href=\"http:\/\/www.cadwes.com\/\">Capacity Development of Water and Environmental Services (CADWES)<\/a>. Tampere University of Technology (TUT), Tampere, Finlandia. Contacto: Tapio S. Katko. <a href=\"mailto:tapio.katko@tut.fi\">Env\u00ede un e-mail aqu\u00ed<\/a>.<\/p>\n<p><a href=\"https:\/\/www.facebook.com\/catedralibreingenieriacomunitariaCLIC\/\">C\u00e1tedra Libre de Ingenier\u00eda Comunitaria (CLIC), Facultad de Ingenier\u00eda, Universidad de Buenos Aires (UBA)<\/a>. Buenos Aires, Argentina. Contacto: Mar\u00eda Eva Koutsovitis. <a href=\"mailto:mevakoutsovitis@yahoo.com.ar\">Env\u00ede un e-mail aqu\u00ed<\/a>.<\/p>\n<p><a href=\"http:\/\/www.ciep.ucr.ac.cr\">Centro de Investigaciones y Estudios Pol\u00edticos (CIEP)<\/a>, Universidad de Costa Rica. San Jos\u00e9, Costa Rica. Contacto: Felipe Alp\u00edzar Rodr\u00edguez, Director. <a href=\"mailto:felipe.alpizar@ucr.ac.cr\">Env\u00ede un e-mail aqu\u00ed<\/a>.<\/p>\n<p><a href=\"https:\/\/www.conare.ac.cr\/\">Consejo Nacional de Rectores de Costa Rica (CONARE), Comisi\u00f3n de Agua y Saneamiento (CAS)<\/a>. Pavas, Costa Rica.<\/p>\n<p><a href=\"https:\/\/www.facebook.com\/Herederos-del-Lago-907249449458326\/\">Consejos Comunitarios de Desarrollo<\/a>, San Pedro La Laguna, Solol\u00e1, Guatemala. Contacto: Nancy Graciela Gonz\u00e1lez Cortez, Representante. <a href=\"mailto:chelitagc11@gmail.com\">Env\u00ede un e-mail aqu\u00ed<\/a>.<\/p>\n<p><a href=\"http:\/\/www.fundaj.gov.br\">Fundaci\u00f3n Joaquim Nabuco, Recife, Pernambuco, Brasil. Contacto: Ivete Jurema Esteves Lacerda, Presidente Interina. <\/a><a href=\"mailto:ivete.lacerda@fundaj.gov.br\">Env\u00ede un e-mail aqu\u00ed<\/a><a href=\"http:\/\/www.fundaj.gov.br\">.<\/a><\/p>\n<p><a href=\"https:\/\/gedappgd.wordpress.com\/\">Grupo de Estudio sobre Derechos de Aguas (GEDA),Programa de Posgrado en Derecho Ambiental (PPGDA), Universidad Federal de Amazonas(UFAM)<\/a>. Manaus, Amazonas, Brasi. Contacto: Erivaldo Cavalcanti e Silva Filho. <a href=\"mailto:erivaldofilho@hotmail.com\">Env\u00ede un e-mail aqu\u00ed<\/a>.<\/p>\n<p><a href=\"http:\/\/www.world-psi.org\">Internacional de Servicios P\u00fablicos (ISP)<\/a>, Sub-regi\u00f3n M\u00e9xico, Am\u00e9rica Central, Panam\u00e1, Rep\u00fablica Dominicana y Cuba. Heredia, Costa Rica. Contacto: Oscar Rodr\u00edguez Le\u00f3n, Secretario Subregional de la ISP. <a href=\"mailto:oscar.rodriguez@world-psi.org\">Env\u00ede un e-mail aqu\u00ed<\/a>.<\/p>\n<p><a href=\"https:\/\/www.movimentotapajosvivo.com.br\">MovimientoTapaj\u00f3s Vivo(MTV)<\/a>. Santar\u00e9m, Par\u00e1, Brasil. Contacto: Lindon Johnson Pontes Portela. <a href=\"mailto:tapajosvivo.stm@gmail.com\">Env\u00ede un e-mail aqu\u00ed<\/a>.<\/p>\n<p><a href=\"https:\/\/geografia.ufes.br\">Programa de Posgrado en Geograf\u00eda, Universidad Federal de Espirito Santo (UFES)<\/a>. Vitoria, Espirito Santo, Brasil. Contacto: Antonio Celso de Oliveira Goulart. <a href=\"mailto:celsoliveiragoulart@gmail.com\">Env\u00ede un e-mail aqu\u00ed<\/a>.<\/p>\n<p>Red sobre Bienes Naturales y Derechos Humanos (RED). Kaminal Juy\u00fa, Ciudad de Guatemala, Guatemala.Contacto: Camilo Salvad\u00f3 Mijangos, Coordinador de Proyecto . <a href=\"mailto:asoseprodi.coordinador@gmail.com\">Env\u00ede un e-mail aqu\u00ed<\/a>.<\/p>\n<p><a href=\"https:\/\/www.facebook.com\/usemcali\/about\">Uni\u00f3n Sindical de EMCALI (USE), Empresas Municipales de Cali, <\/a>. Cali, Colombia. Contactos: Carlos Mario Sandoval Cardona, Secretario de USE <a href=\"mailto:camasaca19@outlook.com\">Env\u00ede un e-mail aqu\u00ed<\/a>, y Belisario Betancur Herrera, Delegado de USE <a href=\"mailto:usemcali@gmail.com\">Env\u00ede un e-mail aqu\u00ed<\/a>.<\/p>\n<p><a href=\"http:\/\/nuestragua.blogspot.com\/\">Uni\u00f3n Vecinal Agua de Oro<\/a>. Agua de Oro, Sierras Chicas C\u00f3rdoba, Argentina. Contacto: Carlos Guillot, Apoderado. <a href=\"mailto:nuestragua@gmail.com\">Env\u00ede un e-mail aqu\u00ed<\/a>.<\/p>\n<p><a href=\"http:\/\/www.priga.una.ac.cr\/\">Universidad Nacional de Costa Rica (UNA), Programa Interdisciplinario de Investigaci\u00f3n y Gesti\u00f3n del Agua (PRIGA)<\/a>. Heredia, Costa Rica.<\/p>\n<p><a href=\"http:\/\/cinara.univalle.edu.co\/\">Universidad del Valle (UNIVALLE), Instituto de Investigaci\u00f3n y Desarrollo en Abastecimiento de Agua, Saneamiento Ambiental, y Conservaci\u00f3n del Recurso H\u00eddrico (CINARA)<\/a>. Cali, Colombia. Contacto: Miguel Pe\u00f1a Var\u00f3n. <a href=\"mailto:miguel.pena@correounivalle.edu.co\">Env\u00ede un e-mail aqu\u00ed<\/a>.<\/p>\n","protected":false},"excerpt":{"rendered":"<p>Nuestros miembros institucionales incluyen entidades acad\u00e9micas, sindicatos de trabajadores, organizaciones comunitarias, entre otros. La lista sigue el orden alfab\u00e9tico. Alma Azul (SC). Concepci\u00f3n, Paraguay. Contacto: Elida Villalba Vargas, President. Env\u00ede un E-mail aqu\u00ed. Asociaci\u00f3n Nacional de Empleados P\u00fablicos y Privados (ANEP). San Jos\u00e9, Costa Rica. Contacto: Albino Vargas Barrantes, Secretario General. Env\u00ede un e-mail aqu\u00ed. [&hellip;]<\/p>\n","protected":false},"author":3,"featured_media":0,"parent":2456,"menu_order":0,"comment_status":"closed","ping_status":"closed","template":"page-templates\/full-width.php","meta":{"_acf_changed":false,"footnotes":""},"class_list":["post-1670","page","type-page","status-publish","hentry","wpautop"],"acf":[],"_links":{"self":[{"href":"https:\/\/waterlat.org\/es\/wp-json\/wp\/v2\/pages\/1670","targetHints":{"allow":["GET"]}}],"collection":[{"href":"https:\/\/waterlat.org\/es\/wp-json\/wp\/v2\/pages"}],"about":[{"href":"https:\/\/waterlat.org\/es\/wp-json\/wp\/v2\/types\/page"}],"author":[{"embeddable":true,"href":"https:\/\/waterlat.org\/es\/wp-json\/wp\/v2\/users\/3"}],"replies":[{"embeddable":true,"href":"https:\/\/waterlat.org\/es\/wp-json\/wp\/v2\/comments?post=1670"}],"version-history":[{"count":22,"href":"https:\/\/waterlat.org\/es\/wp-json\/wp\/v2\/pages\/1670\/revisions"}],"predecessor-version":[{"id":4268,"href":"https:\/\/waterlat.org\/es\/wp-json\/wp\/v2\/pages\/1670\/revisions\/4268"}],"up":[{"embeddable":true,"href":"https:\/\/waterlat.org\/es\/wp-json\/wp\/v2\/pages\/2456"}],"wp:attachment":[{"href":"https:\/\/waterlat.org\/es\/wp-json\/wp\/v2\/media?parent=1670"}],"curies":[{"name":"wp","href":"https:\/\/api.w.org\/{rel}","templated":true}]}}