{"id":1721,"date":"2016-05-07T15:26:18","date_gmt":"2016-05-07T15:26:18","guid":{"rendered":"http:\/\/waterlat.org\/es\/?page_id=1721"},"modified":"2023-05-21T17:10:47","modified_gmt":"2023-05-21T17:10:47","slug":"at1","status":"publish","type":"page","link":"https:\/\/waterlat.org\/es\/areas-tematicas\/at1\/","title":{"rendered":"\u00c1rea Tem\u00e1tica 1 &#8211; La X-disciplinariedad en la Investigaci\u00f3n y la Acci\u00f3n"},"content":{"rendered":"<h2>Presentaci\u00f3n<\/h2>\n<p>El AT1 se propone contribuir al desarrollo te\u00f3rico y metodol\u00f3gico en la producci\u00f3n de conocimiento sobre el agua orientado por los <a href=\"https:\/\/waterlat.org\/es\/comienzo\/objetivos\/\">Objetivos<\/a> y <a href=\"https:\/\/waterlat.org\/es\/comienzo\/prioridades-de-investigacion\/\">Prioridades de investigaci\u00f3n<\/a> de la Red. Hablamos de X-disciplinariedad para estimular la reflexi\u00f3n cr\u00edtica, individual y colectiva, sobre los procesos de conocimiento en los que estamos involucrados. Por una parte, nos interesa cuestionar el significado concreto de los muchos prefijos que hemos ido acumulando en nuestra b\u00fasqueda por trascender los encierros disciplinarios: cros, inter, multi, trans, e incluso posdisciplinariedad, entre muchos otros. No solamente existe una sobrepoblaci\u00f3n de estos t\u00e9rminos, sino que tambi\u00e9n dichos t\u00e9rminos son el objeto de diversas definiciones, muchas veces rivales y hasta incompatibles entre s\u00ed. En este sentido, hablamos de X-disciplinariedad para provocarnos a pensar con mayor precisi\u00f3n sobre nuestra pr\u00e1ctica acad\u00e9mica, en la investigaci\u00f3n, en la docencia, y en actividades relacionadas. A\u00fan m\u00e1s importante, lo hacemos para obligarnos a salir de la zona de confortabilidad de nuestros espacios disciplinarios, que frecuentemente operan como compartimientos estancos, muchas veces esterilizantes, y estimularnos a contribuir en el desarrollo de formas de producir conocimiento orientado por los principios de la complejidad, el pensamiento relacional, dial\u00f3gico, en la b\u00fasqueda por superar la fragmentaci\u00f3n y promover una mayor re-integraci\u00f3n de las ciencias. Por otra parte, hablamos de X-disciplinariedad en reconocimiento de que el conocimiento cient\u00edfico debe dialogar con otros saberes, con otras formas de producci\u00f3n de conocimiento que tienen lugar fuera del \u00e1mbito acad\u00e9mico, como lo postulan algunas definiciones de la \u201ctransdisciplinariedad\u201d. Esto implica la interrelaci\u00f3n con los diversos actores que producen conocimiento sobre el agua, algo que nuestra Red implementa en la pr\u00e1ctica, ya que nuestros miembros incluyen investigadores, docentes y estudiantes en diversas etapas de desarrollo, especialistas del sector p\u00fablico, miembros de organizaciones sindicales, de usuarios, de empresas p\u00fablicas y comunitarias, entre otros. El campo de los estudios sobre el agua que nos convoca en nuestra Red no es solamente muy propicio para adoptar este enfoque, sino que en realidad consideramos que el di\u00e1logo de saberes es un requisito fundamental para generar formas de conocimiento y acci\u00f3n que puedan contribuir al desarrollo de formas sociales de control, gobierno y distribuci\u00f3n del agua y de los servicios relacionados con ella, fundados en los principios de la igualdad, la inclusi\u00f3n y la democracia substantiva, material, no meramente ret\u00f3rica.<br \/>\nEstas preocupaciones han inspirado nuestro trabajo y han ocupado un lugar central desde el Primer Encuentro Internacional de nuestra Red,<a href=\"https:\/\/waterlat.org\/es\/encuentros\/public-meetings\/waterlat-2009\/\"> \u201cLa Ecolog\u00eda Pol\u00edtica del Agua en Am\u00e9rica Latina: definiendo una estrategia de investigaci\u00f3n\u201d<\/a>, que tuvo lugar del 14 al 16 de octubre de 2009 en la Agencia Catalana del Agua y fue coorganizado con nuestros miembros de la Universidad Aut\u00f3noma de Barcelona (UAB), Barcelona, Espa\u00f1a. One of the main sessions of this event was titled &#8220;La Ecolog\u00eda Pol\u00edtica del Agua en Perspectiva X-Disciplinaria&#8221;. Este enfoque ha enmarcado las actividades de nuestra Red.<\/p>\n<p>&nbsp;<\/p>\n<h2><a href=\"https:\/\/waterlat.org\/es\/areas-tematicas\/at1\/libros-de-la-at1\/\">Libros del AT1 <\/a><\/h2>\n<h2><a href=\"https:\/\/waterlat.org\/es\/areas-tematicas\/at1\/galeria-multimedios-del-at1\/\">Galer\u00eda multimedios<\/a><\/h2>\n<p>&nbsp;<\/p>\n<hr \/>\n<p>&nbsp;<\/p>\n","protected":false},"excerpt":{"rendered":"<p>Presentaci\u00f3n El AT1 se propone contribuir al desarrollo te\u00f3rico y metodol\u00f3gico en la producci\u00f3n de conocimiento sobre el agua orientado por los Objetivos y Prioridades de investigaci\u00f3n de la Red. Hablamos de X-disciplinariedad para estimular la reflexi\u00f3n cr\u00edtica, individual y colectiva, sobre los procesos de conocimiento en los que estamos involucrados. Por una parte, nos [&hellip;]<\/p>\n","protected":false},"author":3,"featured_media":0,"parent":15,"menu_order":0,"comment_status":"closed","ping_status":"closed","template":"page-templates\/full-width.php","meta":{"_acf_changed":false,"footnotes":""},"class_list":["post-1721","page","type-page","status-publish","hentry","wpautop"],"acf":[],"_links":{"self":[{"href":"https:\/\/waterlat.org\/es\/wp-json\/wp\/v2\/pages\/1721","targetHints":{"allow":["GET"]}}],"collection":[{"href":"https:\/\/waterlat.org\/es\/wp-json\/wp\/v2\/pages"}],"about":[{"href":"https:\/\/waterlat.org\/es\/wp-json\/wp\/v2\/types\/page"}],"author":[{"embeddable":true,"href":"https:\/\/waterlat.org\/es\/wp-json\/wp\/v2\/users\/3"}],"replies":[{"embeddable":true,"href":"https:\/\/waterlat.org\/es\/wp-json\/wp\/v2\/comments?post=1721"}],"version-history":[{"count":17,"href":"https:\/\/waterlat.org\/es\/wp-json\/wp\/v2\/pages\/1721\/revisions"}],"predecessor-version":[{"id":4131,"href":"https:\/\/waterlat.org\/es\/wp-json\/wp\/v2\/pages\/1721\/revisions\/4131"}],"up":[{"embeddable":true,"href":"https:\/\/waterlat.org\/es\/wp-json\/wp\/v2\/pages\/15"}],"wp:attachment":[{"href":"https:\/\/waterlat.org\/es\/wp-json\/wp\/v2\/media?parent=1721"}],"curies":[{"name":"wp","href":"https:\/\/api.w.org\/{rel}","templated":true}]}}