{"id":1793,"date":"2016-06-30T17:43:15","date_gmt":"2016-06-30T17:43:15","guid":{"rendered":"http:\/\/waterlat.org\/es\/?page_id=1793"},"modified":"2016-11-19T14:16:31","modified_gmt":"2016-11-19T14:16:31","slug":"galeria-multimedios-del-at8","status":"publish","type":"page","link":"https:\/\/waterlat.org\/es\/areas-tematicas\/at8\/galeria-multimedios-del-at8\/","title":{"rendered":"Galer\u00eda Multimedios del AT8"},"content":{"rendered":"<h2>Lista de Reproducci\u00f3n en Youtube<\/h2>\n<p>El AT8 tiene su Lista de Reproducci\u00f3n en el Canal de Youtube de la Red. El canal contiene entrevistas, videos de sesiones en las reuniones regulares de la Red, videos de actividades de investigaci\u00f3n incluyendo entrevistas, visitas de campo, y otros materiales.<\/p>\n<p><span style=\"text-decoration: underline;\">Lista de Reproducci\u00f3n del AT8 en el Canal de Youtube de la Red<\/span><\/p>\n<p><iframe loading=\"lazy\" width=\"560\" height=\"315\" src=\"https:\/\/www.youtube.com\/embed\/videoseries?list=PLx6qphzdSP6tI6X_yq4sxaH_m6JXH4jdB\" frameborder=\"0\" allowfullscreen><\/iframe><\/p>\n<p>&nbsp;<\/p>\n<h2>\u00c1lbumes en la galer\u00eda fotogr\u00e1fica en Flickr<\/h2>\n<p>El AT8 tiene un \u00e1lbum en la galer\u00eda fotogr\u00e1fica de la Red en Flickr:<\/p>\n<p>&nbsp;<\/p>\n<p><a data-flickr-embed=\"true\"  href=\"https:\/\/www.flickr.com\/photos\/125391306@N03\/albums\/72157645002086420\" title=\"Water-related disasters \/ Desastres relacionados con el agua\"><img loading=\"lazy\" decoding=\"async\" src=\"https:\/\/c5.staticflickr.com\/3\/2912\/14341806420_1a8eebbdf7_z.jpg\" width=\"640\" height=\"480\" alt=\"Water-related disasters \/ Desastres relacionados con el agua\"><\/a><script async src=\"\/\/embedr.flickr.com\/assets\/client-code.js\" charset=\"utf-8\"><\/script><\/p>\n<p>&nbsp;<\/p>\n<p><a href=\"https:\/\/waterlat.org\/es\/areas-tematicas\/at8\/\">Volver a la Presentaci\u00f3n del AT8<\/a><\/p>\n","protected":false},"excerpt":{"rendered":"<p>Lista de Reproducci\u00f3n en Youtube El AT8 tiene su Lista de Reproducci\u00f3n en el Canal de Youtube de la Red. El canal contiene entrevistas, videos de sesiones en las reuniones regulares de la Red, videos de actividades de investigaci\u00f3n incluyendo entrevistas, visitas de campo, y otros materiales. Lista de Reproducci\u00f3n del AT8 en el Canal [&hellip;]<\/p>\n","protected":false},"author":3,"featured_media":0,"parent":1791,"menu_order":0,"comment_status":"closed","ping_status":"closed","template":"page-templates\/full-width.php","meta":{"_acf_changed":false,"footnotes":""},"class_list":["post-1793","page","type-page","status-publish","hentry","wpautop"],"acf":[],"_links":{"self":[{"href":"https:\/\/waterlat.org\/es\/wp-json\/wp\/v2\/pages\/1793","targetHints":{"allow":["GET"]}}],"collection":[{"href":"https:\/\/waterlat.org\/es\/wp-json\/wp\/v2\/pages"}],"about":[{"href":"https:\/\/waterlat.org\/es\/wp-json\/wp\/v2\/types\/page"}],"author":[{"embeddable":true,"href":"https:\/\/waterlat.org\/es\/wp-json\/wp\/v2\/users\/3"}],"replies":[{"embeddable":true,"href":"https:\/\/waterlat.org\/es\/wp-json\/wp\/v2\/comments?post=1793"}],"version-history":[{"count":4,"href":"https:\/\/waterlat.org\/es\/wp-json\/wp\/v2\/pages\/1793\/revisions"}],"predecessor-version":[{"id":1812,"href":"https:\/\/waterlat.org\/es\/wp-json\/wp\/v2\/pages\/1793\/revisions\/1812"}],"up":[{"embeddable":true,"href":"https:\/\/waterlat.org\/es\/wp-json\/wp\/v2\/pages\/1791"}],"wp:attachment":[{"href":"https:\/\/waterlat.org\/es\/wp-json\/wp\/v2\/media?parent=1793"}],"curies":[{"name":"wp","href":"https:\/\/api.w.org\/{rel}","templated":true}]}}