{"id":18,"date":"2013-11-27T20:56:49","date_gmt":"2013-11-27T20:56:49","guid":{"rendered":"http:\/\/waterlat.org\/es\/?page_id=18"},"modified":"2018-09-08T14:07:42","modified_gmt":"2018-09-08T14:07:42","slug":"internos","status":"publish","type":"page","link":"https:\/\/waterlat.org\/es\/encuentros\/internos\/","title":{"rendered":"Encuentros Internos"},"content":{"rendered":"<p>Las reuniones regulares de la Red incluyen un encuentro interno dedicado a asuntos organizativos y a la planificaci\u00f3n de actividades futuras.<\/p>\n<p>&nbsp;<\/p>\n<h3>Encuentros Internos<\/h3>\n<p>Noveno Encuentro Interno, Universidade Estadual da Para\u00edba, Jo\u00e3o Pessoa, Para\u00edba, Brasil, 7 de septiembre de 2018<\/p>\n<p>Octavo Encuentro Interno, Universidad Estatal a Distancia, San Jos\u00e9, Costa Rica, 3 de abril de 2017<\/p>\n<p>S\u00e9ptimo Encuentro Interno, Universidad ITESO, Guadalajara, Jalisco, M\u00e9xico, 19 de octubre de 2015<\/p>\n<p>Sexto Encuentro Interno &#8211; Universidad de Caldas, Manizales, Colombia, 27 de octubre de 2014 <\/p>\n<p>Quinto Encuentro Interno &#8211; Instituto de Altos Estudios Nacionales, Quito, Ecuador, 18 de octubre de 2013<\/p>\n<p>Cuarto Encuentro Interno &#8211; Universidad Nacional de General Sarmiento, Buenos Aires, Argentina, 26 de octubre de 2012<\/p>\n<p>Tercer Encuentro Interno &#8211; Facultad Latinoamericana de Ciencias Sociales, Ciudad de M\u00e9xico, M\u00e9xico, 27-28 de octubre de 2011<\/p>\n<p>Segundo Encuentro Interno &#8211; Memorial de Am\u00e9rica Latina, San Pablo, Brasil, 28-29 de octubre de 2010<\/p>\n<p>Primer Encuentro Interno &#8211; Agencia Catalana del Agua, Barcelona, Espa\u00f1a, 14-16 de octubre de 2009<\/p>\n","protected":false},"excerpt":{"rendered":"<p>Las reuniones regulares de la Red incluyen un encuentro interno dedicado a asuntos organizativos y a la planificaci\u00f3n de actividades futuras. &nbsp; Encuentros Internos Noveno Encuentro Interno, Universidade Estadual da Para\u00edba, Jo\u00e3o Pessoa, Para\u00edba, Brasil, 7 de septiembre de 2018 Octavo Encuentro Interno, Universidad Estatal a Distancia, San Jos\u00e9, Costa Rica, 3 de abril de [&hellip;]<\/p>\n","protected":false},"author":1,"featured_media":0,"parent":5,"menu_order":0,"comment_status":"closed","ping_status":"open","template":"page-templates\/full-width.php","meta":{"_acf_changed":false,"footnotes":""},"class_list":["post-18","page","type-page","status-publish","hentry","wpautop"],"acf":[],"_links":{"self":[{"href":"https:\/\/waterlat.org\/es\/wp-json\/wp\/v2\/pages\/18","targetHints":{"allow":["GET"]}}],"collection":[{"href":"https:\/\/waterlat.org\/es\/wp-json\/wp\/v2\/pages"}],"about":[{"href":"https:\/\/waterlat.org\/es\/wp-json\/wp\/v2\/types\/page"}],"author":[{"embeddable":true,"href":"https:\/\/waterlat.org\/es\/wp-json\/wp\/v2\/users\/1"}],"replies":[{"embeddable":true,"href":"https:\/\/waterlat.org\/es\/wp-json\/wp\/v2\/comments?post=18"}],"version-history":[{"count":11,"href":"https:\/\/waterlat.org\/es\/wp-json\/wp\/v2\/pages\/18\/revisions"}],"predecessor-version":[{"id":2925,"href":"https:\/\/waterlat.org\/es\/wp-json\/wp\/v2\/pages\/18\/revisions\/2925"}],"up":[{"embeddable":true,"href":"https:\/\/waterlat.org\/es\/wp-json\/wp\/v2\/pages\/5"}],"wp:attachment":[{"href":"https:\/\/waterlat.org\/es\/wp-json\/wp\/v2\/media?parent=18"}],"curies":[{"name":"wp","href":"https:\/\/api.w.org\/{rel}","templated":true}]}}