{"id":1826,"date":"2016-07-07T12:57:30","date_gmt":"2016-07-07T12:57:30","guid":{"rendered":"http:\/\/waterlat.org\/es\/?page_id=1826"},"modified":"2019-11-05T16:00:05","modified_gmt":"2019-11-05T16:00:05","slug":"docencia","status":"publish","type":"page","link":"https:\/\/waterlat.org\/es\/docencia\/","title":{"rendered":"Docencia"},"content":{"rendered":"<p>Las tareas de docencia y entrenamiento ocupan un espacio muy importante entre las actividades de la Red WATERLAT-GOBACIT. Buena parte de nuestros miembros son <a href=\"https:\/\/waterlat.org\/es\/premio-waterlat-para-estudiantes\/\">estudiantes de grado y de posgrado<\/a> que trabajan en temas relacionados con la pol\u00edtica y la gesti\u00f3n del agua y temas relacionados. La Red tambi\u00e9n ha desarrollado acuerdos de cooperaci\u00f3n con otras organizaciones para desarrollar actividades conjuntas de docencia y entrenamiento en \u00e1reas relevantes. <\/p>\n<h3>Premio de Estudiantes<\/h3>\n<p>A partir de 2014 la Red otorga anualmente el Premio WATERLAT-GOBACIT para nuestros Estudiantes de Doctorado y Maestr\u00eda. Visite la p\u00e1gina del <a href=\"https:\/\/waterlat.org\/es\/premio-waterlat-para-estudiantes\/\">Premio de Estudiantes<\/a> para mayor informaci\u00f3n. <\/p>\n<h3>Cursos de Especializaci\u00f3n<\/h3>\n<p>En noviembre de 2019 la Red inici\u00f3 un Curso de Especializaci\u00f3n en Pol\u00edtica y Gesti\u00f3n del Agua y de los Servicios de Agua y Saneamiento. Visite la <a href=\"https:\/\/waterlat.org\/es\/docencia\/curso-waterlat-gobacit-isp\/\">p\u00e1gina del curso<\/a>.<\/p>\n","protected":false},"excerpt":{"rendered":"<p>Las tareas de docencia y entrenamiento ocupan un espacio muy importante entre las actividades de la Red WATERLAT-GOBACIT. Buena parte de nuestros miembros son estudiantes de grado y de posgrado que trabajan en temas relacionados con la pol\u00edtica y la gesti\u00f3n del agua y temas relacionados. La Red tambi\u00e9n ha desarrollado acuerdos de cooperaci\u00f3n con [&hellip;]<\/p>\n","protected":false},"author":3,"featured_media":0,"parent":0,"menu_order":0,"comment_status":"closed","ping_status":"closed","template":"page-templates\/full-width.php","meta":{"_acf_changed":false,"footnotes":""},"class_list":["post-1826","page","type-page","status-publish","hentry","wpautop"],"acf":[],"_links":{"self":[{"href":"https:\/\/waterlat.org\/es\/wp-json\/wp\/v2\/pages\/1826","targetHints":{"allow":["GET"]}}],"collection":[{"href":"https:\/\/waterlat.org\/es\/wp-json\/wp\/v2\/pages"}],"about":[{"href":"https:\/\/waterlat.org\/es\/wp-json\/wp\/v2\/types\/page"}],"author":[{"embeddable":true,"href":"https:\/\/waterlat.org\/es\/wp-json\/wp\/v2\/users\/3"}],"replies":[{"embeddable":true,"href":"https:\/\/waterlat.org\/es\/wp-json\/wp\/v2\/comments?post=1826"}],"version-history":[{"count":6,"href":"https:\/\/waterlat.org\/es\/wp-json\/wp\/v2\/pages\/1826\/revisions"}],"predecessor-version":[{"id":3164,"href":"https:\/\/waterlat.org\/es\/wp-json\/wp\/v2\/pages\/1826\/revisions\/3164"}],"wp:attachment":[{"href":"https:\/\/waterlat.org\/es\/wp-json\/wp\/v2\/media?parent=1826"}],"curies":[{"name":"wp","href":"https:\/\/api.w.org\/{rel}","templated":true}]}}