{"id":1834,"date":"2016-08-25T23:48:29","date_gmt":"2016-08-25T23:48:29","guid":{"rendered":"http:\/\/waterlat.org\/es\/?page_id=1834"},"modified":"2016-08-26T09:57:12","modified_gmt":"2016-08-26T09:57:12","slug":"galeria-multimedios-del-at2","status":"publish","type":"page","link":"https:\/\/waterlat.org\/es\/areas-tematicas\/at2\/galeria-multimedios-del-at2\/","title":{"rendered":"Galer\u00eda Multimedios del AT2"},"content":{"rendered":"<h2>Lista de Reproducci\u00f3n en Youtube<\/h2>\n<p>El AT2 tiene su Lista de Reproducci\u00f3n en el Canal de Youtube de la Red. El mismo contiene entrevistas con miembros del AT2, videos de sesiones organizadas por el AT2 en las reuniones regulares de la Red, videos de actividades de investigaci\u00f3n del AT2, incluyendo entrevistas, visitas de campo, y otros materiales.<\/p>\n<p><span style=\"text-decoration: underline;\">Lista de Reproducci\u00f3n del AT2 en el Canal de Youtube de la Red<\/span><\/p>\n<p><iframe loading=\"lazy\" src=\"https:\/\/www.youtube.com\/embed\/videoseries?list=PLx6qphzdSP6uSXOapopuNmL8dFh5f_LK0\" width=\"560\" height=\"315\" frameborder=\"0\" allowfullscreen=\"allowfullscreen\"><\/iframe><\/p>\n<p>&nbsp;<\/p>\n<p>&nbsp;<\/p>\n<h2>\u00c1lbumes en la galer\u00eda fotogr\u00e1fica en Flickr<\/h2>\n<p>El AT2 tiene varios \u00e1lbumes en la galer\u00eda fotogr\u00e1fica de la Red en Flickr, algunos espec\u00edficos del AT2 y otros compartidos con otras ATs. Estos \u00e1lbumes incluyen \u201cAgua &#8211; Grandes infraestructuras\u201d, \u201cContaminaci\u00f3n del agua por la miner\u00eda\u201d, \u201cInfraestructura de hidroenerg\u00eda\u201d, \u201cLuchas por el agua\u201d, adem\u00e1s de otros \u00e1lbumes compartidos.<\/p>\n<p><strong><a href=\"https:\/\/www.flickr.com\/photos\/125391306@N03\/albums\">Visite la p\u00e1gina de los \u00e1lbumes<\/a><\/strong><\/p>\n<p>&nbsp;<\/p>\n<p><a href=\"https:\/\/waterlat.org\/es\/at2\/\">Volver a la Presentaci\u00f3n del AT2<\/a><\/p>\n","protected":false},"excerpt":{"rendered":"<p>Lista de Reproducci\u00f3n en Youtube El AT2 tiene su Lista de Reproducci\u00f3n en el Canal de Youtube de la Red. El mismo contiene entrevistas con miembros del AT2, videos de sesiones organizadas por el AT2 en las reuniones regulares de la Red, videos de actividades de investigaci\u00f3n del AT2, incluyendo entrevistas, visitas de campo, y [&hellip;]<\/p>\n","protected":false},"author":3,"featured_media":0,"parent":1832,"menu_order":0,"comment_status":"closed","ping_status":"closed","template":"page-templates\/full-width.php","meta":{"_acf_changed":false,"footnotes":""},"class_list":["post-1834","page","type-page","status-publish","hentry","wpautop"],"acf":[],"_links":{"self":[{"href":"https:\/\/waterlat.org\/es\/wp-json\/wp\/v2\/pages\/1834","targetHints":{"allow":["GET"]}}],"collection":[{"href":"https:\/\/waterlat.org\/es\/wp-json\/wp\/v2\/pages"}],"about":[{"href":"https:\/\/waterlat.org\/es\/wp-json\/wp\/v2\/types\/page"}],"author":[{"embeddable":true,"href":"https:\/\/waterlat.org\/es\/wp-json\/wp\/v2\/users\/3"}],"replies":[{"embeddable":true,"href":"https:\/\/waterlat.org\/es\/wp-json\/wp\/v2\/comments?post=1834"}],"version-history":[{"count":3,"href":"https:\/\/waterlat.org\/es\/wp-json\/wp\/v2\/pages\/1834\/revisions"}],"predecessor-version":[{"id":1889,"href":"https:\/\/waterlat.org\/es\/wp-json\/wp\/v2\/pages\/1834\/revisions\/1889"}],"up":[{"embeddable":true,"href":"https:\/\/waterlat.org\/es\/wp-json\/wp\/v2\/pages\/1832"}],"wp:attachment":[{"href":"https:\/\/waterlat.org\/es\/wp-json\/wp\/v2\/media?parent=1834"}],"curies":[{"name":"wp","href":"https:\/\/api.w.org\/{rel}","templated":true}]}}