{"id":1846,"date":"2016-07-27T13:26:04","date_gmt":"2016-07-27T13:26:04","guid":{"rendered":"http:\/\/waterlat.org\/es\/?page_id=1846"},"modified":"2016-07-28T09:41:07","modified_gmt":"2016-07-28T09:41:07","slug":"logo","status":"publish","type":"page","link":"https:\/\/waterlat.org\/es\/encuentros\/public-meetings\/waterlat-gobacit-viii-san-jose-2017\/logo\/","title":{"rendered":"Logo de la VIII Reuni\u00f3n"},"content":{"rendered":"<p><strong>Inspiraci\u00f3n del logo<\/strong><\/p>\n<p>La inspiraci\u00f3n para desarrollar el logo de la VIII Reuni\u00f3n Internacional de la Red WATERLAT-GOBACIT fue tomado de petrograbados hallados en el Monumento Nacional Guayabo, Costa Rica.<\/p>\n<p>&nbsp;<\/p>\n<p><strong>Guayabo de Turrialba<\/strong><\/p>\n<p>El Monumento Nacional Guayabo se ubica en el cant\u00f3n de Turrialba, provincia de Cartago y es uno de los m\u00e1s importantes sitios arqueol\u00f3gicos de Costa Rica. Por su ubicaci\u00f3n y la conformaci\u00f3n de sus edificaciones, se considera que fue un centro con funciones econ\u00f3micas, religiosas y pol\u00edticas, y se estima que tiene una antig\u00fcedad de 3000 a\u00f1os. El acueducto que lo abastece funciona a\u00fan hoy y en el a\u00f1o 2009 su complejidad ingenieril le mereci\u00f3 la designaci\u00f3n de Patrimonio de la Humanidad, otorgado por la Sociedad Americana de Ingenieros Civiles.\u00a0Para mayor informaci\u00f3n visite las siguientes p\u00e1ginas de internet en <a href=\"http:\/\/areasyparques.com\/areasprotegidas\/monumento-nacional-guayabo\/\">espa\u00f1ol<\/a> o <a href=\"http:\/\/www.twoweeksincostarica.com\/guayabo-national-monument\/\">ingl\u00e9s<\/a>.<\/p>\n<p>&nbsp;<\/p>\n<p><strong>Los petrograbados<\/strong><\/p>\n<p>En el libro de Ana Cecilia Arias, Floria Castrillo y Grace Herrera publicado en 2012 y titulado <span style=\"text-decoration: underline;\">Una Historia Escrita en Piedra. Petrograbados de Guayabo de Turrialba<\/span>, se recopila la labor que se realiz\u00f3 por medio de un Trabajo Comunal Universitario (TCU) de la Universidad de Costa Rica que se desarroll\u00f3 en Guayabo de Turrialba de 1978 al 2002.\u00a0Tal y como lo se\u00f1alan las autoras, el libro se elabor\u00f3 a partir de la recuperaci\u00f3n del trabajo de Floria Castrillo, quien calc\u00f3 los petrograbados que se ubican en Guayabo. Ella, junto con Ana Cecilia Arias y Grace Herrera, presentan el libro no s\u00f3lo como una recuperaci\u00f3n de las memorias en piedra sino como \u201cun conjunto de dibujos de exquisita calidad y de un inconmensurable valor simb\u00f3lico\u201d (texto tomado de la contraportada del libro).<\/p>\n<p>&nbsp;<\/p>\n<p><strong>Respecto del logo propiamente dicho<\/strong><\/p>\n<p>El libro no solamente se centra en la recuperaci\u00f3n de Guayabo sino que adem\u00e1s hace referencia a las interpretaciones que otros investigadores han planteado a partir de petroglifos de diferentes culturas. Por ejemplo, un dise\u00f1o de tumbas encontradas en Irlanda, y petroglifos de Arizona en los Estados Unidos y del Valle de Sonora en M\u00e9xico, con lo que proponen una interrogante para motivar a la investigaci\u00f3n futura: las representaciones encontradas trascienden Guayabo para convertirse en representaci\u00f3n de un lenguaje capaz de contener vidas individuales y colectivas, humanas y de otros seres vivos cuya historia se escribi\u00f3 en piedra.<\/p>\n<p>Nuestro logo fue dise\u00f1ado por Beatriz Rojas V\u00edquez, inspirado en el simbolismo de los petrograbados de Guayabo de Turrialba. Se utiliza el dise\u00f1o que se muestra a la derecha de la imagen adjunta, etiquetado en el libro con la siguiente descripci\u00f3n: GT-SPN-33, MNG-P-30, tama\u00f1o original 36.9 cm x 33.8 cm.<\/p>\n<p><a href=\"https:\/\/waterlat.org\/es\/wp-content\/uploads\/sites\/2\/2016\/07\/petrograbado.jpg\"><img loading=\"lazy\" decoding=\"async\" class=\" wp-image-1858 aligncenter\" src=\"https:\/\/waterlat.org\/es\/wp-content\/uploads\/sites\/2\/2016\/07\/petrograbado-300x162.jpg\" alt=\"petrograbado\" width=\"421\" height=\"227\" srcset=\"https:\/\/waterlat.org\/es\/wp-content\/uploads\/sites\/2\/2016\/07\/petrograbado-300x162.jpg 300w, https:\/\/waterlat.org\/es\/wp-content\/uploads\/sites\/2\/2016\/07\/petrograbado-624x338.jpg 624w, https:\/\/waterlat.org\/es\/wp-content\/uploads\/sites\/2\/2016\/07\/petrograbado.jpg 739w\" sizes=\"auto, (max-width: 421px) 100vw, 421px\" \/><\/a><\/p>\n<p>&nbsp;<\/p>\n<p><strong>Referencias<\/strong><\/p>\n<p>\u00c1reas Protegidas y Parques Nacionales de Costa Rica, Monumento Nacional Guayabo. \u00c1reas Protegidas, 30 de 06 de 2013. &#8211; 26 de 07 de 2016. Disponible en: http:\/\/areasyparques.com\/areasprotegidas\/monumento-nacional-guayabo\/.<\/p>\n<p>Arias Quir\u00f3s Ana C, Floria Castrillo Brenes, y Grace Herrera Amighetti, <span style=\"text-decoration: underline;\">Una Historia Escrita en Piedra. Petrograbados de Guayabo de Turrialba<\/span>, San Jos\u00e9: Vicerrector\u00eda de Acci\u00f3n Social, Universidad de Costa Rica, 2012.<\/p>\n<p>&nbsp;<\/p>\n<hr \/>\n<h3><a href=\"https:\/\/waterlat.org\/es\/encuentros\/public-meetings\/waterlat-gobacit-viii-san-jose-2017\/\">Regresar a la p\u00e1gina principal de la VIII Reuni\u00f3n Internacional<\/a><\/h3>\n","protected":false},"excerpt":{"rendered":"<p>Inspiraci\u00f3n del logo La inspiraci\u00f3n para desarrollar el logo de la VIII Reuni\u00f3n Internacional de la Red WATERLAT-GOBACIT fue tomado de petrograbados hallados en el Monumento Nacional Guayabo, Costa Rica. &nbsp; Guayabo de Turrialba El Monumento Nacional Guayabo se ubica en el cant\u00f3n de Turrialba, provincia de Cartago y es uno de los m\u00e1s importantes [&hellip;]<\/p>\n","protected":false},"author":3,"featured_media":0,"parent":1542,"menu_order":0,"comment_status":"closed","ping_status":"closed","template":"page-templates\/full-width.php","meta":{"_acf_changed":false,"footnotes":""},"class_list":["post-1846","page","type-page","status-publish","hentry","wpautop"],"acf":[],"_links":{"self":[{"href":"https:\/\/waterlat.org\/es\/wp-json\/wp\/v2\/pages\/1846","targetHints":{"allow":["GET"]}}],"collection":[{"href":"https:\/\/waterlat.org\/es\/wp-json\/wp\/v2\/pages"}],"about":[{"href":"https:\/\/waterlat.org\/es\/wp-json\/wp\/v2\/types\/page"}],"author":[{"embeddable":true,"href":"https:\/\/waterlat.org\/es\/wp-json\/wp\/v2\/users\/3"}],"replies":[{"embeddable":true,"href":"https:\/\/waterlat.org\/es\/wp-json\/wp\/v2\/comments?post=1846"}],"version-history":[{"count":6,"href":"https:\/\/waterlat.org\/es\/wp-json\/wp\/v2\/pages\/1846\/revisions"}],"predecessor-version":[{"id":1871,"href":"https:\/\/waterlat.org\/es\/wp-json\/wp\/v2\/pages\/1846\/revisions\/1871"}],"up":[{"embeddable":true,"href":"https:\/\/waterlat.org\/es\/wp-json\/wp\/v2\/pages\/1542"}],"wp:attachment":[{"href":"https:\/\/waterlat.org\/es\/wp-json\/wp\/v2\/media?parent=1846"}],"curies":[{"name":"wp","href":"https:\/\/api.w.org\/{rel}","templated":true}]}}