{"id":2000,"date":"2016-11-20T16:13:22","date_gmt":"2016-11-20T16:13:22","guid":{"rendered":"http:\/\/waterlat.org\/es\/?page_id=2000"},"modified":"2019-04-11T15:45:10","modified_gmt":"2019-04-11T15:45:10","slug":"agua-y-democracia","status":"publish","type":"page","link":"https:\/\/waterlat.org\/es\/publicaciones\/libros\/agua-y-democracia\/","title":{"rendered":"Agua y Democracia en Am\u00e9rica Latina (en portugu\u00e9s y espa\u00f1ol)"},"content":{"rendered":"<p><a href=\"http:\/\/waterlat.org\/wp-content\/uploads\/2013\/10\/Pages-from-\u00c1gua-e-Democracia-na-Am\u00e9rica-Latina.jpg\"><img loading=\"lazy\" decoding=\"async\" class=\"alignnone size-medium wp-image-2939\" src=\"http:\/\/waterlat.org\/wp-content\/uploads\/2013\/10\/Pages-from-\u00c1gua-e-Democracia-na-Am\u00e9rica-Latina-225x300.jpg\" alt=\"pages-from-agua-e-democracia-na-america-latina\" width=\"225\" height=\"300\" \/><\/a><\/p>\n<p><span style=\"line-height: 1.714285714; font-size: 1rem;\">Jos\u00e9 Esteban Castro, <\/span><span style=\"text-decoration: underline;\">Agua y Democracia en Am\u00e9rica Latina<\/span><span style=\"line-height: 1.714285714; font-size: 1rem;\">\u00a0(en portugu\u00e9s y espa\u00f1ol) (ISBN 978.85.7879.227-5, impreso) (ISBN 978.85.7879.228-2, E-book), Campina Grande, Para\u00edba, Brasil:\u00a0<\/span><a style=\"line-height: 1.714285714; font-size: 1rem;\" href=\"http:\/\/eduepb.uepb.edu.br\">Editora de la Universidad Estatal de Para\u00edba (EDUEPB)<\/a><span style=\"line-height: 1.714285714; font-size: 1rem;\">\u00a0y Red WATERLAT-GOBACIT, 2016. <a href=\"https:\/\/doi.org\/10.5281\/zenodo.162107\">DOI: 10.5281\/zenodo.162107<\/a>.<\/span><\/p>\n<p><a href=\"http:\/\/books.scielo.org\/id\/tn4y9\">El libro est\u00e1 indexado en Scielo Books &#8211; Scientific Electronic Library Online, donde se puede descargar gratuitamente<\/a>.<\/p>\n","protected":false},"excerpt":{"rendered":"<p>Jos\u00e9 Esteban Castro, Agua y Democracia en Am\u00e9rica Latina\u00a0(en portugu\u00e9s y espa\u00f1ol) (ISBN 978.85.7879.227-5, impreso) (ISBN 978.85.7879.228-2, E-book), Campina Grande, Para\u00edba, Brasil:\u00a0Editora de la Universidad Estatal de Para\u00edba (EDUEPB)\u00a0y Red WATERLAT-GOBACIT, 2016. DOI: 10.5281\/zenodo.162107. El libro est\u00e1 indexado en Scielo Books &#8211; Scientific Electronic Library Online, donde se puede descargar gratuitamente.<\/p>\n","protected":false},"author":3,"featured_media":0,"parent":22,"menu_order":0,"comment_status":"closed","ping_status":"closed","template":"page-templates\/full-width.php","meta":{"_acf_changed":false,"footnotes":""},"class_list":["post-2000","page","type-page","status-publish","hentry","wpautop"],"acf":[],"_links":{"self":[{"href":"https:\/\/waterlat.org\/es\/wp-json\/wp\/v2\/pages\/2000","targetHints":{"allow":["GET"]}}],"collection":[{"href":"https:\/\/waterlat.org\/es\/wp-json\/wp\/v2\/pages"}],"about":[{"href":"https:\/\/waterlat.org\/es\/wp-json\/wp\/v2\/types\/page"}],"author":[{"embeddable":true,"href":"https:\/\/waterlat.org\/es\/wp-json\/wp\/v2\/users\/3"}],"replies":[{"embeddable":true,"href":"https:\/\/waterlat.org\/es\/wp-json\/wp\/v2\/comments?post=2000"}],"version-history":[{"count":2,"href":"https:\/\/waterlat.org\/es\/wp-json\/wp\/v2\/pages\/2000\/revisions"}],"predecessor-version":[{"id":3078,"href":"https:\/\/waterlat.org\/es\/wp-json\/wp\/v2\/pages\/2000\/revisions\/3078"}],"up":[{"embeddable":true,"href":"https:\/\/waterlat.org\/es\/wp-json\/wp\/v2\/pages\/22"}],"wp:attachment":[{"href":"https:\/\/waterlat.org\/es\/wp-json\/wp\/v2\/media?parent=2000"}],"curies":[{"name":"wp","href":"https:\/\/api.w.org\/{rel}","templated":true}]}}