{"id":2004,"date":"2016-11-25T21:14:59","date_gmt":"2016-11-25T21:14:59","guid":{"rendered":"http:\/\/waterlat.org\/es\/?page_id=2004"},"modified":"2023-05-21T22:14:53","modified_gmt":"2023-05-21T22:14:53","slug":"at5","status":"publish","type":"page","link":"https:\/\/waterlat.org\/es\/areas-tematicas\/at5\/","title":{"rendered":"\u00c1rea Tem\u00e1tica 5 &#8211; Agua y Salud"},"content":{"rendered":"<h2>Presentaci\u00f3n<\/h2>\r\nEl AT5 se concentra en las relaciones entre el agua y la salud ambiental y humana en sus diversas manifestaciones, y se propone contribuir en la producci\u00f3n de conocimiento orientado por los <a href=\"https:\/\/waterlat.org\/es\/comienzo\/objetivos\/\">Objetivos<\/a> y <a href=\"https:\/\/waterlat.org\/es\/comienzo\/prioridades-de-investigacion\/\">Prioridades de investigaci\u00f3n<\/a> de la Red.\r\n\r\nUn sub\u00e1rea prioritaria del AT5 tiene que ver con la relaci\u00f3n entre los servicios de agua y saneamiento esenciales y la salud humana. Tradicionalmente el acceso a servicios de agua y saneamiento en t\u00e9rminos de cobertura \u2013no necesariamente en calidad\u2013 se ha tomado como condici\u00f3n necesaria para el bienestar y la buena salud humana. Sin embargo, cuando analizamos el acceso a estos servicios, debemos interrogarnos adem\u00e1s por su calidad y su distribuci\u00f3n entre los distintos grupos sociales de una comunidad. De otro lado, desde el modelo de la determinaci\u00f3n social de la salud, es bien sabido que el estado de pobreza en una sociedad particular reproduce y mantiene inequidades hist\u00f3ricamente construidas, que parecen justificar una especie de determinismo social sin esperanza para los grupos m\u00e1s vulnerables. Ahora bien, m\u00e1s all\u00e1 de la vulnerabilizaci\u00f3n social, la din\u00e1mica hidrol\u00f3gica actual del agua est\u00e1 siendo afectada por el nuevo tensor ambiental global, esto es, el cambio y la variabilidad clim\u00e1ticos. Este tensor exacerba los efectos de eventos de \u201cexcesiva abundancia\u201d y \u201cescasez\u201d de agua sobre distintos grupos sociales, pero con m\u00e1s severidad, sobre los grupos precisamente m\u00e1s vulnerables ubicados usualmente en territorios con una mala calidad ambiental y sin acceso adecuado a los servicios de agua y saneamiento. As\u00ed pues, si bien el v\u00ednculo entre agua y salud se presenta como obvio, resulta que la sustentabilidad \u2013y no solamente la tradicional visi\u00f3n tecnocr\u00e1tica que enfatiza los temas de cantidad y calidad\u2013 de los servicios de agua y saneamiento, surge como una propiedad vital para garantizar, en \u00faltima instancia, la salud humana. De este modo, emergen dos dimensiones para hacer frente a los problemas de acceso a los servicios de agua y saneamiento y a la salud: por una parte, la desigualdad social asociada a las condiciones de vida o al estado de pobreza y, por otra parte, la sustentabilidad. Este enfoque nos exige indagar por las categor\u00edas pol\u00edticas, socioecon\u00f3micas, culturales y de justicia social, que en \u00faltima instancia constituyen la determinaci\u00f3n estructural del actual <em>status quo<\/em> de inequidad que contin\u00faa afectando a muchas comunidades humanas.\r\n\r\n&nbsp;\r\n\r\n<h2><a href=\"https:\/\/waterlat.org\/es\/areas-tematicas\/at5\/libros-del-at5\/\">Libros del AT5<\/a><\/h2>\r\n\r\n<h2><a href=\"https:\/\/waterlat.org\/es\/areas-tematicas\/at5\/at5-cuadernos-de-trabajo\/\">Cuadernos de Trabajo del AT5<\/a><\/h2>\r\n<h2><a href=\"https:\/\/waterlat.org\/es\/areas-tematicas\/at5\/galeria-multimedios-del-at5\/\">Galer\u00eda multimedios<\/a><\/h2>\r\n \r\n \r\n&nbsp;\r\n\r\n<hr \/>\r\n\r\n&nbsp;","protected":false},"excerpt":{"rendered":"Presentaci\u00f3n El AT5 se concentra en las relaciones entre el agua y la salud ambiental y humana en sus diversas manifestaciones, y se propone contribuir en la producci\u00f3n de conocimiento orientado por los Objetivos y Prioridades de investigaci\u00f3n de la Red. Un sub\u00e1rea prioritaria del AT5 tiene que ver con la relaci\u00f3n entre los servicios [&hellip;]","protected":false},"author":3,"featured_media":0,"parent":15,"menu_order":0,"comment_status":"closed","ping_status":"closed","template":"page-templates\/full-width.php","meta":{"_acf_changed":false,"footnotes":""},"class_list":["post-2004","page","type-page","status-publish","hentry","no-wpautop"],"acf":[],"_links":{"self":[{"href":"https:\/\/waterlat.org\/es\/wp-json\/wp\/v2\/pages\/2004","targetHints":{"allow":["GET"]}}],"collection":[{"href":"https:\/\/waterlat.org\/es\/wp-json\/wp\/v2\/pages"}],"about":[{"href":"https:\/\/waterlat.org\/es\/wp-json\/wp\/v2\/types\/page"}],"author":[{"embeddable":true,"href":"https:\/\/waterlat.org\/es\/wp-json\/wp\/v2\/users\/3"}],"replies":[{"embeddable":true,"href":"https:\/\/waterlat.org\/es\/wp-json\/wp\/v2\/comments?post=2004"}],"version-history":[{"count":14,"href":"https:\/\/waterlat.org\/es\/wp-json\/wp\/v2\/pages\/2004\/revisions"}],"predecessor-version":[{"id":4148,"href":"https:\/\/waterlat.org\/es\/wp-json\/wp\/v2\/pages\/2004\/revisions\/4148"}],"up":[{"embeddable":true,"href":"https:\/\/waterlat.org\/es\/wp-json\/wp\/v2\/pages\/15"}],"wp:attachment":[{"href":"https:\/\/waterlat.org\/es\/wp-json\/wp\/v2\/media?parent=2004"}],"curies":[{"name":"wp","href":"https:\/\/api.w.org\/{rel}","templated":true}]}}