{"id":2013,"date":"2016-11-25T21:22:58","date_gmt":"2016-11-25T21:22:58","guid":{"rendered":"http:\/\/waterlat.org\/es\/?page_id=2013"},"modified":"2017-01-22T18:56:54","modified_gmt":"2017-01-22T18:56:54","slug":"galeria-multimedios-del-at5","status":"publish","type":"page","link":"https:\/\/waterlat.org\/es\/areas-tematicas\/at5\/galeria-multimedios-del-at5\/","title":{"rendered":"Galer\u00eda Multimedios del AT5"},"content":{"rendered":"<h2>Lista de Reproducci\u00f3n en Youtube<\/h2>\n<p>El AT5 tiene su Lista de Reproducci\u00f3n en el Canal de Youtube de la Red. El canal contiene entrevistas, videos de sesiones en las reuniones regulares de la Red, videos de actividades de investigaci\u00f3n incluyendo entrevistas, visitas de campo, y otros materiales.<\/p>\n<p><span style=\"text-decoration: underline;\">Lista de Reproducci\u00f3n del AT5 en el Canal de Youtube de la Red<\/span><\/p>\n<p><iframe loading=\"lazy\" width=\"560\" height=\"315\" src=\"https:\/\/www.youtube.com\/embed\/videoseries?list=PLx6qphzdSP6sKOUEB3k_hIPxP-yOvkyyd\" frameborder=\"0\" allowfullscreen><\/iframe><\/p>\n<p>&nbsp;<\/p>\n<p>&nbsp;<\/p>\n<h2>\u00c1lbumes en la galer\u00eda fotogr\u00e1fica en Flickr<\/h2>\n<p>El AT5 tiene varios \u00e1lbumes en la galer\u00eda fotogr\u00e1fica de la Red en Flickr, algunos espec\u00edficos del AT5 y otros compartidos con otras ATs. Estos \u00e1lbumes incluyen \u201cAgua y salud\u201d, \u201cContaminaci\u00f3n del agua por la miner\u00eda\u201d, \u201cAgua &#8211; contaminaci\u00f3n industrial\u201d, \u201cAgua &#8211; contaminaci\u00f3n con agroqu\u00edmicos\u201d, adem\u00e1s de otros \u00e1lbumes compartidos.<\/p>\n<p><strong><a href=\"https:\/\/www.flickr.com\/photos\/125391306@N03\/albums\">Visite la p\u00e1gina de los \u00e1lbumes<\/a><\/strong><\/p>\n<p>&nbsp;<\/p>\n<p><a href=\"https:\/\/waterlat.org\/es\/areas-tematicas\/at5\/\">Volver a la Presentaci\u00f3n del AT5<\/a><\/p>\n","protected":false},"excerpt":{"rendered":"<p>Lista de Reproducci\u00f3n en Youtube El AT5 tiene su Lista de Reproducci\u00f3n en el Canal de Youtube de la Red. El canal contiene entrevistas, videos de sesiones en las reuniones regulares de la Red, videos de actividades de investigaci\u00f3n incluyendo entrevistas, visitas de campo, y otros materiales. Lista de Reproducci\u00f3n del AT5 en el Canal [&hellip;]<\/p>\n","protected":false},"author":3,"featured_media":0,"parent":2004,"menu_order":0,"comment_status":"closed","ping_status":"closed","template":"page-templates\/full-width.php","meta":{"_acf_changed":false,"footnotes":""},"class_list":["post-2013","page","type-page","status-publish","hentry","wpautop"],"acf":[],"_links":{"self":[{"href":"https:\/\/waterlat.org\/es\/wp-json\/wp\/v2\/pages\/2013","targetHints":{"allow":["GET"]}}],"collection":[{"href":"https:\/\/waterlat.org\/es\/wp-json\/wp\/v2\/pages"}],"about":[{"href":"https:\/\/waterlat.org\/es\/wp-json\/wp\/v2\/types\/page"}],"author":[{"embeddable":true,"href":"https:\/\/waterlat.org\/es\/wp-json\/wp\/v2\/users\/3"}],"replies":[{"embeddable":true,"href":"https:\/\/waterlat.org\/es\/wp-json\/wp\/v2\/comments?post=2013"}],"version-history":[{"count":2,"href":"https:\/\/waterlat.org\/es\/wp-json\/wp\/v2\/pages\/2013\/revisions"}],"predecessor-version":[{"id":2015,"href":"https:\/\/waterlat.org\/es\/wp-json\/wp\/v2\/pages\/2013\/revisions\/2015"}],"up":[{"embeddable":true,"href":"https:\/\/waterlat.org\/es\/wp-json\/wp\/v2\/pages\/2004"}],"wp:attachment":[{"href":"https:\/\/waterlat.org\/es\/wp-json\/wp\/v2\/media?parent=2013"}],"curies":[{"name":"wp","href":"https:\/\/api.w.org\/{rel}","templated":true}]}}