{"id":2069,"date":"2017-01-27T14:06:24","date_gmt":"2017-01-27T14:06:24","guid":{"rendered":"http:\/\/waterlat.org\/es\/?page_id=2069"},"modified":"2021-02-17T19:36:27","modified_gmt":"2021-02-17T19:36:27","slug":"premio-2016","status":"publish","type":"page","link":"https:\/\/waterlat.org\/es\/premio-waterlat-para-estudiantes\/premio-2016\/","title":{"rendered":"Premio WATERLAT-GOBACIT 2016"},"content":{"rendered":"<p>La tercera llamada a postulaciones para el Premio WATERLAT-GOBACIT fue para tesis aprobadas entre el 1 de enero y el 31 de diciembre de 2015 y cerr\u00f3 el 28 de febrero de 2016. Se presentaron 12 postulantes, 4 al Premio de Maestr\u00eda y 8 al Premio de Doctorado. Se convoc\u00f3 a una Comisi\u00f3n Evaluadora compuesta de acad\u00e9micas y acad\u00e9micos miembros de la Red e invitados. Al final de esta p\u00e1gina suministramos los detalles de la Comisi\u00f3n Evaluadora. Los dos ganadores fueron anunciados el 23 de enero de 2017.<\/p>\n<p>Dado que tuvimos candidatos excelentes, la <a href=\"https:\/\/waterlat.org\/es\/publicaciones\/comision-de-publicaciones\/\">Comisi\u00f3n Editorial<\/a> decidi\u00f3 invitar al resto de los participantes a enviar un art\u00edculo basado en las tesis para su publicaci\u00f3n en la Serie de <a href=\"https:\/\/waterlat.org\/es\/publicaciones\/cuadernos-de-trabajo\/\">Cuadernos de Trabajo<\/a> de la Red.<\/p>\n<p>&nbsp;<\/p>\n<hr \/>\n<p>&nbsp;<\/p>\n<h3>El Premio<\/h3>\n<p><span style=\"text-decoration: underline;\">Premio Doctoral 2016<\/span><\/p>\n<p><strong>Mar\u00eda Virginia Grosso Cepparo<\/strong>. T\u00edtulo de la tesis: \u201cLa Escasez H\u00eddrica en Tierras Secas. Un Estudio Territorial sobre la Apropiaci\u00f3n, Gesti\u00f3n y Uso del Agua en la Cuenca del R\u00edo Mendoza, Argentina\u201d. Doctorado en Geograf\u00eda, Universidad Nacional de Buenos Aires (UBA), Buenos Aires, Argentina, 2015. <a href=\"http:\/\/waterlat.org\/Thesis\/TESISGROSSO.pdf\">Accesible aqu\u00ed<\/a>.<\/p>\n<p>&nbsp;<\/p>\n<p><span style=\"text-decoration: underline;\">Premio de Maestr\u00eda  2016<\/span><\/p>\n<p><strong>Aline Silveira Viana<\/strong>. T\u00edtulo de la tesis: \u201cIdoso, Fam\u00edlia e Desastres: uma Discuss\u00e3o na Interface da Sociologia e Gerontologia a Partir da An\u00e1lise do caso de Teres\u00f3polis, Rio de Janeiro, Brasil\u201d. Maestr\u00eda en Ingenier\u00eda Ambiental, Universidad de San Pablo, San Carlos, San Pablo, Brasil, 2015. <a href=\"http:\/\/waterlat.org\/Thesis\/DissertacaoAlineSilveiraViana.pdf\">Accesible aqu\u00ed<\/a>.<\/p>\n<p>&nbsp;<\/p>\n<hr \/>\n<h3>Lista completa de los candidatos participantes:<\/h3>\n<p><strong><span style=\"text-decoration: underline;\">Premio Doctoral<\/span><\/strong><\/p>\n<p><strong>Luisa Arango<\/strong>. T\u00edtulo de la tesis: \u201cEtnograf\u00edas de la Gesti\u00f3n del Agua en Tuti (Kartum, Sud\u00e1n) y Ca\u00f1o de Loro (Cartagena, Colombia). Historia, Localidad y Pol\u00edtica desde la Perspectiva de la Antropolog\u00eda Urbana Comparativa\u201d (en franc\u00e9s). Doctorado en Antropolog\u00eda, Universit\u00e9 de Paris 8, Par\u00eds, Francia, 2015. <a href=\"http:\/\/waterlat.org\/Thesis\/ARANGOLuisa.pdf\">Accesible aqu\u00ed<\/a>.<\/p>\n<p><strong>Carolina Escobar Neira<\/strong>. T\u00edtulo de la tesis: \u201cLas Asambleas Comunitarias en Tlaxcala como eje de la gesti\u00f3n del agua: una experiencia de Gobernanza Colaborativa\u201d. Doctorado en Investigaci\u00f3n en Ciencias Sociales, con Menci\u00f3n en Sociolog\u00eda, Facultad Latinoamericana de Ciencias Sociales (FLACSO), Ciudad de M\u00e9xico, M\u00e9xico, 2015. <a href=\"http:\/\/waterlat.org\/Thesis\/CarolinaEscobarNeira.pdf\">Accesible aqu\u00ed<\/a>.<\/p>\n<p><strong>Mar\u00eda Virginia Grosso Cepparo<\/strong>. T\u00edtulo de la tesis: \u201cLa Escasez H\u00eddrica en Tierras Secas. Un Estudio Territorial sobre la Apropiaci\u00f3n, Gesti\u00f3n y Uso del Agua en la Cuenca del R\u00edo Mendoza, Argentina\u201d. Doctorado en Geograf\u00eda, Universidad Nacional de Buenos Aires (UBA), Buenos Aires, Argentina, 2015. <a  ref=\"http:\/\/waterlat.org\/Thesis\/TESIS DOCTORAL GROSSO VIRGINIA.pdf\">Accesible aqu\u00ed<\/a>.<\/p>\n<p><strong>Edmundo Loera Burnes<\/strong>. T\u00edtulo de la tesis: \u201cCapacidad institucional y desempe\u00f1o en los organismos p\u00fablicos de agua. Un estudio comparativo de Agua de Hermosillo y la Comisi\u00f3n Estatal de Servicios P\u00fablicos de Mexicali (2003-2012\u201d Doctorado en Ciencias Sociales, El Colegio de Sonora, Hermosillo, Sonora, M\u00e9xico, 2015. <a href=\"http:\/\/waterlat.org\/Thesis\/LoeraBurnes.pdf\">Accesible aqu\u00ed<\/a>.<\/p>\n<p><strong>Antonio Rodriguez Sanchez<\/strong>. T\u00edtulo de la tesis: \u201cLa Configuraci\u00f3n Hidrosocial del Espacio en Los Altos de Jalisco, 1935-2012\u201d. Doctorado en Geograf\u00eda, Universidad Nacional Aut\u00f3noma de M\u00e9xico (UNAM), M\u00e9xico, 2015. <a href=\"http:\/\/waterlat.org\/Thesis\/AntonioSancheztesis.pdf\">Accesible aqu\u00ed<\/a>.<\/p>\n<p><strong>Renata Alvarez Rossi<\/strong>. T\u00edtulo de la tesis: \u201cConflito e Regula\u00e7\u00e3o das \u00c1guas no Salitre \u2013 Bahia (1997-2013)\u201d. Doctorado en Administraci\u00f3n, Universidad Federal de Bah\u00eda (UFBA), Salvador, Brasil, 2015. <a href=\"http:\/\/waterlat.org\/Thesis\/tese_renata_rossi.pdf\">Accesible aqu\u00ed<\/a>.<\/p>\n<p><strong>Maria Cleof\u00e9 Villarin Claveria<\/strong>. T\u00edtulo de la tesis: \u201cFactores Explicativos de la Demanda Dom\u00e9stica de Agua. Estudio a Microescala del Municipio de Sevilla\u201d. Doctorado en Geograf\u00eda Humana, Universidad de Sevilla, Espa\u00f1a, 2015. <a href=\"http:\/\/waterlat.org\/Thesis\/MariaVillarin.pdf\">Accesible aqu\u00ed<\/a>.<\/p>\n<p>&nbsp;<\/p>\n<p><strong><span style=\"text-decoration: underline;\">Premio de Maestr\u00eda<\/span><\/strong><\/p>\n<p><strong>Lorena Arias Solano<\/strong>. T\u00edtulo de la tesis: \u201cCuesti\u00f3n de Sed. Conflictos por el agua en un municipio del Valle del Cauca, Colombia\u201d. Maestr\u00eda en Geograf\u00eda, Universidad de Los Andes, Bogot\u00e1, Colombia, 2015. <a href=\"http:\/\/waterlat.org\/Thesis\/LorenaAriasSolano.pdf\">Accesible aqu\u00ed<\/a>.<\/p>\n<p><strong>Diana Alexandra Bernal Arias<\/strong>. T\u00edtulo de la tesis: \u201cA Rosa do Deserto. Hidropo\u00e9ticas do Lugar no Habitar Urbano Contempor\u00e2neo\u201d. Maestr\u00eda en Geograf\u00eda, Universidad de Campinas, Campinas, San Pablo, Brasil, 2015. <a href=\"http:\/\/waterlat.org\/Thesis\/DianaBernal.pdf\">Accesible aqu\u00ed<\/a>.<\/p>\n<p><strong>Barbara Silva Passos<\/strong>. T\u00edtulo de la tesis: \u201cEfeitos de uma Interven\u00e7\u00e3o em Saneamento na Sa\u00fade Humana: Avalia\u00e7\u00e3o de uma Experi\u00eancia de Gest\u00e3o Comunit\u00e1ria Na \u00c1rea Rural do Cear\u00e1, Brasil\u201d. Maestr\u00eda en Agua y Saneamiento, Medio Ambiente y Recursos H\u00eddricos, Universidad Federal de Minas Gerais (UFMG), Belo Horizonte, Brasil, 2015. <a href=\"http:\/\/waterlat.org\/Thesis\/Barbara_Passos.pdf\">Accesible aqu\u00ed<\/a>.<\/p>\n<p><strong>Aline Silveira Viana<\/strong>. T\u00edtulo de la tesis: \u201cIdoso, Fam\u00edlia e Desastres: uma Discuss\u00e3o na Interface da Sociologia e Gerontologia a Partir da An\u00e1lise do caso de Teres\u00f3polis, Rio de Janeiro, Brasil\u201d. Maestr\u00eda en Ingenier\u00eda Ambiental, Universidad de San Pablo, San Carlos, San Pablo, Brasil, 2015. <a href=\"http:\/\/waterlat.org\/Thesis\/DissertacaoAlineSilveiraViana.pdf\">Accesible aqu\u00ed<\/a>.<\/p>\n<p>&nbsp;<\/p>\n<hr \/>\n<h3>Comisi\u00f3n Evaluadora de la Edici\u00f3n 2016 del Premio WATERLAT-GOBACIT para Estudiantes<\/h3>\n<p>Dr Ligia Albuquerque de Melo, Fundaci\u00f3n Joaquim Nabuco, Recife, Pernambuco, Brasil<\/p>\n<p>Dr Jose Irivaldo Alves Oliveira, Universidad Federal de Campina Grande (UFCG), Sum\u00e9, Para\u00edba, Brasil<\/p>\n<p>Dr Elder Andrade de Paula, Universidad Federal de Acre, R\u00edo Branco, Acre, Brasil<\/p>\n<p>Dr Jairo Bezerra, Universidad Estatal de Para\u00edba (UEPB), Campina Grande, Brasil<\/p>\n<p>Dr Pa\u00fal Cisneros, Instituto de Altos Estudios Nacionales (IAEN), Quito, Ecuador<\/p>\n<p>Dr Joan Cortinas Mu\u00f1oz, Universidad de Arizona, Tucson, Estados Unidos<\/p>\n<p>Dr Andre Monteiro Costa, Fundaci\u00f3n Oswaldo Cruz (Fiocruz), Recife, Pernambuco, Brasil<\/p>\n<p>Dr Rodrigo Flores Elizondo, Universidad ITESO, Guadalajara, M\u00e9xico<\/p>\n<p>Dr Kathryn Furlong, Universidad de Montreal, Montreal, Quebec, Canad\u00e1<\/p>\n<p>Dr Javier Gonzaga Valencia Hernandez, Universidad de Caldas, Manizales, Colombia<\/p>\n<p>Dr Leo Heller, Fundaci\u00f3n Oswaldo Cruz (Fiocruz), Belo Horizonte, Minas Gerais, Brasil<\/p>\n<p>Dr Antonio Ioris, Universidad de Edimburgo, Reino Unido<\/p>\n<p>Dr Pedro Roberto Jacobi, Universidad de San Pablo (USP), San Pablo, Brasil<\/p>\n<p>Dr Karina Kloster, Universidad Aut\u00f3noma de la Ciudad de M\u00e9xico (UACM), Ciudad de M\u00e9xico, M\u00e9xico<\/p>\n<p>Dr Alex Latta, Universidad Wilfrid Laurier, Waterloo, Ontario, Canad\u00e1<\/p>\n<p>Dr Leandro del Moral Ituarte, Universidad de Sevilla, Espa\u00f1a<\/p>\n<p>Dr Raul Pacheco-Vega, Centro de Investigaci\u00f3n y Docencia Econ\u00f3mica (CIDE), Aguascalientes, M\u00e9xico<\/p>\n<p>Dr Esther Padilla Calderon, El Colegio de Sonora, Hermosillo, Sonora, M\u00e9xico<\/p>\n<p>Dr Francisco Javier Pe\u00f1a de Paz, El Colegio de San Luis (COLSAN), San Luis Potos\u00ed, M\u00e9xico<\/p>\n<p>Dr Alice Poma, Universidad Nacional Aut\u00f3noma de M\u00e9xico (UNAM), M\u00e9xico<\/p>\n<p>MA Suya Quintslr, Universidad Federal de R\u00edo de Janeiro (UFRJ), R\u00edo de Janeiro, Brasil<\/p>\n<p>Dr Wagner Costa Ribeiro, Universidad de San Pablo (USP), San Pablo, Brasil<\/p>\n<p>Dr Adriana Sandoval Moreno, Universidad Nacional Aut\u00f3noma de M\u00e9xico (UNAM), Jiquilpan, Michoac\u00e1n, M\u00e9xico<\/p>\n<p>Dr Alicia Torres Rodriguez, Universidad de Guadalajara, Guadalajara, Jalisco, M\u00e9xico<\/p>\n<p>Dr Susan Vincent, Universidad St. Francis Xavier, Antigonish, Nueva Escocia, Canad\u00e1<\/p>\n<p>&nbsp;<\/p>\n<hr \/>\n<p style=\"text-align: center;\">Para consultas o comentarios referidos al Premio WATERLAT-GOBACIT para Estudiantes, por favor contactar la <a href=\"mailto:redwaterlat@gmail.com\">Secretar\u00eda<\/a> de la Red.<\/p>\n<p>&nbsp;<\/p>\n","protected":false},"excerpt":{"rendered":"<p>La tercera llamada a postulaciones para el Premio WATERLAT-GOBACIT fue para tesis aprobadas entre el 1 de enero y el 31 de diciembre de 2015 y cerr\u00f3 el 28 de febrero de 2016. Se presentaron 12 postulantes, 4 al Premio de Maestr\u00eda y 8 al Premio de Doctorado. Se convoc\u00f3 a una Comisi\u00f3n Evaluadora compuesta [&hellip;]<\/p>\n","protected":false},"author":3,"featured_media":0,"parent":339,"menu_order":0,"comment_status":"closed","ping_status":"closed","template":"page-templates\/full-width.php","meta":{"_acf_changed":false,"footnotes":""},"class_list":["post-2069","page","type-page","status-publish","hentry","wpautop"],"acf":[],"_links":{"self":[{"href":"https:\/\/waterlat.org\/es\/wp-json\/wp\/v2\/pages\/2069","targetHints":{"allow":["GET"]}}],"collection":[{"href":"https:\/\/waterlat.org\/es\/wp-json\/wp\/v2\/pages"}],"about":[{"href":"https:\/\/waterlat.org\/es\/wp-json\/wp\/v2\/types\/page"}],"author":[{"embeddable":true,"href":"https:\/\/waterlat.org\/es\/wp-json\/wp\/v2\/users\/3"}],"replies":[{"embeddable":true,"href":"https:\/\/waterlat.org\/es\/wp-json\/wp\/v2\/comments?post=2069"}],"version-history":[{"count":8,"href":"https:\/\/waterlat.org\/es\/wp-json\/wp\/v2\/pages\/2069\/revisions"}],"predecessor-version":[{"id":3740,"href":"https:\/\/waterlat.org\/es\/wp-json\/wp\/v2\/pages\/2069\/revisions\/3740"}],"up":[{"embeddable":true,"href":"https:\/\/waterlat.org\/es\/wp-json\/wp\/v2\/pages\/339"}],"wp:attachment":[{"href":"https:\/\/waterlat.org\/es\/wp-json\/wp\/v2\/media?parent=2069"}],"curies":[{"name":"wp","href":"https:\/\/api.w.org\/{rel}","templated":true}]}}