{"id":2083,"date":"2017-01-31T11:20:06","date_gmt":"2017-01-31T11:20:06","guid":{"rendered":"http:\/\/waterlat.org\/es\/?page_id=2083"},"modified":"2017-08-23T21:34:45","modified_gmt":"2017-08-23T21:34:45","slug":"zikatecsoc","status":"publish","type":"page","link":"https:\/\/waterlat.org\/es\/proyectos\/zikatecsoc\/","title":{"rendered":"ZIKATECSOC"},"content":{"rendered":"<h2>Tecnolog\u00edas Sociales y Educaci\u00f3n Ambiental para el Control Vectorial de Arbovirosis: Promoviendo la Salud y la Calidad de Vida en el Semi\u00e1rido Paraibano, Brasil (2016-2019)<\/h2>\n<p>ZIKATECSOC es un proyecto del <a href=\"https:\/\/waterlat.org\/es\/areas-tematicas\/at5\/\"> \u00c1rea Tem\u00e1tica 5, Agua y Salud<\/a>, de la Red WATERLAT-GOBACIT, con fuertes contribuciones al componente de &#8220;educaci\u00f3n&#8221; del <a href=\"https:\/\/waterlat.org\/es\/areas-tematicas\/at7\/\">\u00c1rea Tem\u00e1tica 7, Arte, Comunicaci\u00f3n, Cultura y Educaci\u00f3n<\/a>, y al <a href=\"https:\/\/waterlat.org\/es\/areas-tematicas\/at3\/\">\u00c1rea Tem\u00e1tica 3, Ciclo Urbano del Agua y Servicios P\u00fablicos Esenciales<\/a>.<\/p>\n<p>El Proyecto es financiado por el Consejo Nacional de Desarrollo Cient\u00edfico y Tecnol\u00f3gico (CNPq), una agencia del Ministerio de Ciencia, Tecnolog\u00eda, Innovaciones y Comunicaciones (MCTIC), y por la Coordinaci\u00f3n de Perfeccionamiento del Personal de Nivel Superior (CAPES), fundaci\u00f3n del Ministerio de Educaci\u00f3n (MEC), Llamada P\u00fablica (en portugu\u00e9s) <a href=\"http:\/\/cnpq.br\/chamadas-publicas?p_p_id=resultadosportlet_WAR_resultadoscnpqportlet_INSTANCE_0ZaM&amp;filtro=abertas&amp;detalha=chamadaDivulgada&amp;idDivulgacao=6762\">MCTIC\/FNDCT-CNPq\/ MEC-CAPES\/ MS-Decit \/ N\u00ba 14\/2016 &#8211; Preven\u00e7\u00e3o e Combate ao v\u00edrus Zika. Linha Tem\u00e1tica V \u2013 Desenvolvimento de tecnologias sociais e inova\u00e7\u00e3o em educa\u00e7\u00e3o ambiental e sanit\u00e1ria<\/a>.<\/p>\n<p><span style=\"text-decoration: underline;\">Galer\u00eda fotogr\u00e1fica del proyecto<\/span>:<br \/>\n<a title=\"ZIKATECSOC Project\" href=\"https:\/\/www.flickr.com\/photos\/125391306@N03\/albums\/72157684430253452\" data-flickr-embed=\"true\"><img loading=\"lazy\" decoding=\"async\" src=\"https:\/\/farm5.staticflickr.com\/4436\/36367432540_5a4d643e15_z.jpg\" alt=\"ZIKATECSOC Project\" width=\"640\" height=\"480\" \/><\/a><script async src=\"\/\/embedr.flickr.com\/assets\/client-code.js\" charset=\"utf-8\"><\/script><\/p>\n<h3>Objetivos del Proyecto<\/h3>\n<p><span style=\"text-decoration: underline;\">Objetivo Geral<\/span><\/p>\n<p>Promover la salud y la calidad de vida, con acciones innovadoras de formaci\u00f3n (educaci\u00f3n para la ciudadan\u00eda ambiental), capaces de favorecer la interrelaci\u00f3n educaci\u00f3n-salud y el desarrollo de procesos, t\u00e9cnicas y tecnolog\u00edas que puedan ser apropiadas socialmente y contribuyan al bienestar en la regi\u00f3n.<\/p>\n<p><span style=\"text-decoration: underline;\">Objetivos Espec\u00edficos<\/span><\/p>\n<p>Promover la popularizaci\u00f3n de t\u00e9cnicas, tecnolog\u00edas e innovaciones de sistemas de captaci\u00f3n, almacenado, manejo y abastecimiento de agua de lluvia junto con las comunidades, como estrategia para contribuir con la seguridad h\u00eddrica, alimentar y sanitaria, eliminando la posibilidad de proliferaci\u00f3n de vectores transmisores de los virus de Dengue, Zika y Chikungunya en esos sistemas;<\/p>\n<p>Promover la popularizaci\u00f3n de t\u00e9cnicas, tecnolog\u00edas e innovaciones de sistemas de re\u00faso de efluentes industriales y dom\u00e9sticos junto con las comunidades, como estrategia para contribuir con la seguridad forrajera y sanitaria, eliminando la posibilidad de proliferaci\u00f3n de vectores transmisores de los virus de Dengue, Zika y Chikungunya en esos sistemas<\/p>\n<p>Subsidiar la intervenci\u00f3n de pol\u00edticas p\u00fablicas de soberan\u00eda h\u00eddrica, alimentar, forrajera y sanitaria junto con las comunidades, mediante la implantaci\u00f3n de unidades demostrativas en las escuelas, compuestas de sistemas de captaci\u00f3n y manejo de agua de lluvia, re\u00faso de efluentes y cultivo de especies adaptadas a las condiciones semi\u00e1ridas, adoptando la metodolog\u00eda desarrollada por el Instituto Nacional del Semi\u00e1rido (INSA) y la Universidad Estatal de Para\u00edba (UEPB);<\/p>\n<p>Dar cursos de formaci\u00f3n continua de profesores\/tutores en educaci\u00f3n sanitaria y agroalimentar, con vistas a capacitar agentes multiplicadores e innovadores de procesos que favorezcan la interrelaci\u00f3n educaci\u00f3n-salud, sea en el \u00e1mbito de las interven\u00e7iones unifamiliares, en el fortalecimiento de los planos municipales de saneamiento, gesti\u00f3n de residuos s\u00f3lidos, o planeamiento del control epidemiol\u00f3gico.<\/p>\n<h3><\/h3>\n<h3>Equipo de Investigaci\u00f3n<\/h3>\n<p><span style=\"text-decoration: underline;\"><strong>Coordinador<\/strong><\/span><\/p>\n<p><strong>Cidoval Morais de Sousa<\/strong>, <a href=\"http:\/\/www.uepb.edu.br\">Universidad Estatal de Para\u00edba<\/a>, Para\u00edba, Brasil (UEPB)<\/p>\n<p><span style=\"text-decoration: underline;\">Investigadores<\/span><\/p>\n<p><strong>Wellington Candeia de Araujo<\/strong>, <a href=\"http:\/\/www.uepb.edu.br\"> Universidad Estatal de Para\u00edba <\/a><br \/>\n<strong>Antonio Roberto Faustino da Costa<\/strong>, <a href=\"http:\/\/www.uepb.edu.br\"> Universidad Estatal de Para\u00edba <\/a><br \/>\n<strong>Celia Regina Diniz<\/strong>, <a href=\"http:\/\/www.uepb.edu.br\"> Universidad Estatal de Para\u00edba <\/a><br \/>\n<strong>Beatriz Susana Ovruski de Ceballos<\/strong>, <a href=\"http:\/\/www.uepb.edu.br\"> Universidad Estatal de Para\u00edba <\/a><br \/>\n<strong>Leonardo Bezerra de Melo Tinoco<\/strong>, <a href=\"http:\/\/www.uepb.edu.br\"> Universidad Estatal de Para\u00edba <\/a><br \/>\n<strong>Jos\u00e9 Luciano Albino Barbosa<\/strong>, <a href=\"http:\/\/www.insa.gov.br\">Instituto Nacional del Semi\u00e1rido (INSA)<\/a>, Para\u00edba, Brasil<br \/>\n<strong>Shirley de Alves dos Santos<\/strong>, <a href=\"http:\/\/www.uepb.edu.br\"> Universidad Estatal de Para\u00edba <\/a><br \/>\n<strong>Elida Barbosa Correa<\/strong>, <a href=\"http:\/\/www.uepb.edu.br\"> Universidad Estatal de Para\u00edba <\/a><\/p>\n<p><span style=\"text-decoration: underline;\">Colaboradores<\/span><\/p>\n<p><strong>Andr\u00e9 Monteiro Costa<\/strong>, <a href=\"http:\/\/www.cpqam.fiocruz.br\">Centro de Investigaciones Aggeu Magalh\u00e3es (CPqAM), Fundaci\u00f3n Oswaldo Cruz (FIOCRUZ)<\/a>, Pernambuco, Brasil<br \/>\n<strong>\u00c2ngela Maria Cavalcanti Ramalho<\/strong>, <a href=\"http:\/\/www.uepb.edu.br\"> Universidad Estatal de Para\u00edba <\/a><br \/>\n<strong>Salom\u00e3o de Sousa Medeiros<\/strong>, <a href=\"http:\/\/www.insa.gov.br\">Instituto Nacional del Semi\u00e1rido (INSA)<\/a><br \/>\n<strong>Jos\u00e9 Irivaldo Alves de Oliveira Silva<\/strong>, <a href=\"http:\/\/www.ufcg.edu.br\/index1.php\">Universidad Federal de Campina Grande (UFCG)<\/a>, Para\u00edba, Brasil<\/p>\n<p><span style=\"text-decoration: underline;\">Colaboradores Internacionales<\/span><\/p>\n<p><strong>Jos\u00e9 Esteban Castro<\/strong>, Investigador Principal, <a href=\"http:\/\/www.conicet.gov.ar\">Consejo Nacional de Investigaciones Cient\u00edficas y T\u00e9cnicas (CONICET)<\/a>, Argentina, y Profesor Em\u00e9rito, <a href=\"http:\/\/www.ncl.ac.uk\/gps\/staff\/profile\/estebancastro.html\">Newcastle University<\/a>, Reino Unido. Coordinador de la Red WATERLAT-GOBACIT.<\/p>\n<p>&nbsp;<\/p>\n<hr \/>\n<p>Para recibir informaci\u00f3n adicional sobre el Proyecto, contactar <a href=\"mailto:cidoval@gmail.com\">al Coordinador<\/a>.<\/p>\n","protected":false},"excerpt":{"rendered":"<p>Tecnolog\u00edas Sociales y Educaci\u00f3n Ambiental para el Control Vectorial de Arbovirosis: Promoviendo la Salud y la Calidad de Vida en el Semi\u00e1rido Paraibano, Brasil (2016-2019) ZIKATECSOC es un proyecto del \u00c1rea Tem\u00e1tica 5, Agua y Salud, de la Red WATERLAT-GOBACIT, con fuertes contribuciones al componente de &#8220;educaci\u00f3n&#8221; del \u00c1rea Tem\u00e1tica 7, Arte, Comunicaci\u00f3n, Cultura y [&hellip;]<\/p>\n","protected":false},"author":3,"featured_media":0,"parent":6,"menu_order":0,"comment_status":"closed","ping_status":"closed","template":"page-templates\/full-width.php","meta":{"_acf_changed":false,"footnotes":""},"class_list":["post-2083","page","type-page","status-publish","hentry","wpautop"],"acf":[],"_links":{"self":[{"href":"https:\/\/waterlat.org\/es\/wp-json\/wp\/v2\/pages\/2083","targetHints":{"allow":["GET"]}}],"collection":[{"href":"https:\/\/waterlat.org\/es\/wp-json\/wp\/v2\/pages"}],"about":[{"href":"https:\/\/waterlat.org\/es\/wp-json\/wp\/v2\/types\/page"}],"author":[{"embeddable":true,"href":"https:\/\/waterlat.org\/es\/wp-json\/wp\/v2\/users\/3"}],"replies":[{"embeddable":true,"href":"https:\/\/waterlat.org\/es\/wp-json\/wp\/v2\/comments?post=2083"}],"version-history":[{"count":12,"href":"https:\/\/waterlat.org\/es\/wp-json\/wp\/v2\/pages\/2083\/revisions"}],"predecessor-version":[{"id":2600,"href":"https:\/\/waterlat.org\/es\/wp-json\/wp\/v2\/pages\/2083\/revisions\/2600"}],"up":[{"embeddable":true,"href":"https:\/\/waterlat.org\/es\/wp-json\/wp\/v2\/pages\/6"}],"wp:attachment":[{"href":"https:\/\/waterlat.org\/es\/wp-json\/wp\/v2\/media?parent=2083"}],"curies":[{"name":"wp","href":"https:\/\/api.w.org\/{rel}","templated":true}]}}