{"id":2370,"date":"2017-04-25T18:37:30","date_gmt":"2017-04-25T18:37:30","guid":{"rendered":"http:\/\/waterlat.org\/es\/?page_id=2370"},"modified":"2020-03-16T18:57:48","modified_gmt":"2020-03-16T18:57:48","slug":"diseminacion","status":"publish","type":"page","link":"https:\/\/waterlat.org\/es\/diseminacion\/","title":{"rendered":"Diseminaci\u00f3n"},"content":{"rendered":"<style>\r\n<p>.video-grid{<br \/>\r\n  max-width: 47%;<br \/>\r\n  height: 300px;<br \/>\r\n  float: right;<br \/>\r\ntext-align: center;<\/p>\r\n<p>}<br \/>\r\n.video-grid .video-container {<br \/>\r\n  display: inline-block;<br \/>\r\n    width: 49%;<\/p>\r\n<p>}<br \/>\r\n.video-container iframe {<br \/>\r\n    width: 190px;<br \/>\r\n    height: 145px;<br \/>\r\n    margin: 1px;<br \/>\r\n}<\/p>\r\n<p>.muestravid {<br \/>\r\n  background-image: url('https:\/\/waterlat.org\/es\/wp-content\/uploads\/sites\/2\/2017\/04\/muestras.png');<br \/>\r\n  background-size: cover;<br \/>\r\n  height: 275px;<br \/>\r\n  border-radius: 3px;<\/p>\r\n<p>}<br \/>\r\n.muestravid:hover{<br \/>\r\n  background-image: url('https:\/\/waterlat.org\/es\/wp-content\/uploads\/sites\/2\/2017\/04\/muestrashover.png');<\/p>\r\n<p>}<br \/>\r\n.muestravid h2  {<br \/>\r\n  text-decoration: none;<br \/>\r\n  color: white;<br \/>\r\n  text-align: center;<br \/>\r\n  vertical-align: middle;<br \/>\r\n  line-height: 300px;<br \/>\r\n      margin: 0px;<br \/>\r\n}<br \/>\r\n.ytcha iframe {margin:0 !important;}<\/p>\r\n<p>.ytcha {<br \/>\r\n     width: 100%;<br \/>\r\ndisplay: inline-block;<\/p>\r\n<p>}<br \/>\r\n.ytcha img {<br \/>\r\n  width: 300px;<br \/>\r\n  display:block;<br \/>\r\n  margin: auto;<br \/>\r\n  max-width: 100%;<br \/>\r\n  max-height: 100%;<br \/>\r\n}<br \/>\r\n.ytcha a {<br \/>\r\n    text-align: center;<br \/>\r\n    display: block;<br \/>\r\n    background-color: #ff8484;<br \/>\r\n    text-decoration: none;<br \/>\r\n    color: white;<br \/>\r\n    border-radius: 3px;<br \/>\r\n    margin-top: 2px;<br \/>\r\nwidth:100%;<br \/>\r\n    }<\/p>\r\n<p>.ytcha a:hover{<br \/>\r\n    background-color: #fd4545;<br \/>\r\n    }<\/p>\r\n<p>     .articulo {<br \/>\r\n      width: 100%;<br \/>\r\n      display: block;<br \/>\r\n      height: 50px;<br \/>\r\n      background-color:#e8e8e8;<br \/>\r\n      margin: 5px;<br \/>\r\nborder-radius: 3px;<br \/>\r\nline-height:50px;<br \/>\r\n    overflow-x: hidden;<\/p>\r\n<p>    }<\/p>\r\n<p>.left-info {float: left;<br \/>\r\n    width: 47%; text-align: center;}<\/p>\r\n<p>.articulo:hover{<br \/>\r\ntransition-duration: 250ms;<br \/>\r\n-webkit-box-shadow: 4px 3px 17px 1px rgba(0,0,0,0.42);<br \/>\r\n-moz-box-shadow: 4px 3px 17px 1px rgba(0,0,0,0.42);<br \/>\r\nbox-shadow: 4px 3px 17px 1px rgba(0,0,0,0.42);<br \/>\r\n}<\/p>\r\n<p>.grad {<br \/>\r\nbackground: black;<br \/>\r\nmargin-top:20px !important;<br \/>\r\n}<\/p>\r\n<p>@media screen and (max-width: 442px) {<br \/>\r\n.video-grid .video-container {<br \/>\r\nwidth: 100%;<br \/>\r\n}<br \/>\r\n.video-container.mob {<br \/>\r\ndisplay: none;<br \/>\r\n}<\/p>\r\n<p>.muestravid h2 {<br \/>\r\n    font-size: 16px;<br \/>\r\n}<br \/>\r\n}<br \/>\r\n<\/style>\r\n\r\nEsta secci\u00f3n la dedicamos a diferentes formas de diseminaci\u00f3n y comunicaci\u00f3n con el p\u00fablico, en varios idiomas. Incluye un canal de Youtube con entrevistas con miembros de la Red WATERLAT-GOBACIT, videoclips de las conferencias y otros encuentros de la Red, entrevistas con participantes de las reuniones, una videoteca de actividades, una base de datos fotogr\u00e1fica en Flickr, entre otros materiales. Complementamos estos medios con nuestras p\u00e1ginas en Facebook y Twitter.\r\n<div class=\"left-info\">\r\n<div class=\"muestravid\">\r\n<h2>Muestra de videos<\/h2>\r\n<\/div>\r\n<div class=\"ytcha\"><a href=\"https:\/\/www.youtube.com\/user\/Waterlat\">Canal de YouTube<\/a><\/div>\r\n<\/div>\r\n<div class=\"video-grid\">\r\n<div class=\"video-container\"><iframe loading=\"lazy\" src=\"https:\/\/www.youtube.com\/embed\/vbq6Rv9I59E?list=PLx6qphzdSP6tWe7bXKU_v4vP8eg0ct7Pz\" width=\"560\" height=\"315\" frameborder=\"0\" allowfullscreen=\"allowfullscreen\"><\/iframe><\/div>\r\n<div class=\"video-container\"><iframe loading=\"lazy\" src=\"https:\/\/www.youtube.com\/embed\/Tlb6s7fn-Jo?list=PLx6qphzdSP6uMVcfZxoXRQ1gFWUZc28ld\" width=\"560\" height=\"315\" frameborder=\"0\" allowfullscreen=\"allowfullscreen\"><\/iframe><\/div>\r\n<div class=\"video-container mob\"><iframe loading=\"lazy\" src=\"https:\/\/www.youtube.com\/embed\/l1JignqeHtc?list=PLx6qphzdSP6uSXOapopuNmL8dFh5f_LK0\" width=\"560\" height=\"315\" frameborder=\"0\" allowfullscreen=\"allowfullscreen\"><\/iframe><\/div>\r\n<div class=\"video-container mob\"><iframe loading=\"lazy\" src=\"https:\/\/www.youtube.com\/embed\/38OWGnNU1d4?list=PLx6qphzdSP6s65qIxmfZLFz9wGRE5lcRz\" width=\"560\" height=\"315\" frameborder=\"0\" allowfullscreen=\"allowfullscreen\"><\/iframe><\/div>\r\n<\/div>\r\n<div class=\"grad\" style=\"width: 100%; height: 384px; display: inline-block; margin-top: 15px; text-align: center;\">\r\n\r\n<object style=\"width: 624px; height: 384px;\" width=\"400\" height=\"300\" classid=\"clsid:d27cdb6e-ae6d-11cf-96b8-444553540000\" codebase=\"http:\/\/download.macromedia.com\/pub\/shockwave\/cabs\/flash\/swflash.cab#version=6,0,40,0\"><param name=\"flashvars\" value=\"offsite=true&amp;lang=en-us&amp;page_show_url=%2Fphotos%2F125391306%40N03%2Fshow%2F&amp;page_show_back_url=%2Fphotos%2F125391306%40N03%2F&amp;user_id=125391306@N03&amp;jump_to=\" \/><param name=\"allowFullScreen\" value=\"true\" \/><param name=\"src\" value=\"https:\/\/www.flickr.com\/apps\/slideshow\/show.swf?v=143270\" \/><param name=\"allowfullscreen\" value=\"true\" \/><embed style=\"width: 624px; height: 384px;\" width=\"400\" height=\"300\" type=\"application\/x-shockwave-flash\" src=\"https:\/\/www.flickr.com\/apps\/slideshow\/show.swf?v=143270\" flashvars=\"offsite=true&amp;lang=en-us&amp;page_show_url=%2Fphotos%2F125391306%40N03%2Fshow%2F&amp;page_show_back_url=%2Fphotos%2F125391306%40N03%2F&amp;user_id=125391306@N03&amp;jump_to=\" allowfullscreen=\"allowfullscreen\" allowfullscreen=\"allowfullscreen\" \/><\/object>\r\n\r\n<\/div>\r\n<h3>Ver tambi\u00e9n <a href=\"https:\/\/waterlat.org\/es\/publicaciones\/\">Publicaciones<\/a><\/h3>","protected":false},"excerpt":{"rendered":"Esta secci\u00f3n la dedicamos a diferentes formas de diseminaci\u00f3n y comunicaci\u00f3n con el p\u00fablico, en varios idiomas. Incluye un canal de Youtube con entrevistas con miembros de la Red WATERLAT-GOBACIT, videoclips de las conferencias y otros encuentros de la Red, entrevistas con participantes de las reuniones, una videoteca de actividades, una base de datos fotogr\u00e1fica [&hellip;]","protected":false},"author":78,"featured_media":0,"parent":0,"menu_order":0,"comment_status":"closed","ping_status":"closed","template":"page-templates\/full-width.php","meta":{"_acf_changed":false,"footnotes":""},"class_list":["post-2370","page","type-page","status-publish","hentry","no-wpautop"],"acf":[],"_links":{"self":[{"href":"https:\/\/waterlat.org\/es\/wp-json\/wp\/v2\/pages\/2370","targetHints":{"allow":["GET"]}}],"collection":[{"href":"https:\/\/waterlat.org\/es\/wp-json\/wp\/v2\/pages"}],"about":[{"href":"https:\/\/waterlat.org\/es\/wp-json\/wp\/v2\/types\/page"}],"author":[{"embeddable":true,"href":"https:\/\/waterlat.org\/es\/wp-json\/wp\/v2\/users\/78"}],"replies":[{"embeddable":true,"href":"https:\/\/waterlat.org\/es\/wp-json\/wp\/v2\/comments?post=2370"}],"version-history":[{"count":15,"href":"https:\/\/waterlat.org\/es\/wp-json\/wp\/v2\/pages\/2370\/revisions"}],"predecessor-version":[{"id":3333,"href":"https:\/\/waterlat.org\/es\/wp-json\/wp\/v2\/pages\/2370\/revisions\/3333"}],"wp:attachment":[{"href":"https:\/\/waterlat.org\/es\/wp-json\/wp\/v2\/media?parent=2370"}],"curies":[{"name":"wp","href":"https:\/\/api.w.org\/{rel}","templated":true}]}}