{"id":2381,"date":"2017-04-28T15:54:01","date_gmt":"2017-04-28T15:54:01","guid":{"rendered":"http:\/\/waterlat.org\/es\/?page_id=2381"},"modified":"2017-04-28T16:03:09","modified_gmt":"2017-04-28T16:03:09","slug":"colecciones-de-ponencias-de-reuniones","status":"publish","type":"page","link":"https:\/\/waterlat.org\/es\/publicaciones\/colecciones-de-ponencias-de-reuniones\/","title":{"rendered":"Colecciones de Ponencias de Reuniones"},"content":{"rendered":"<p><a href=\"http:\/\/waterlat.org\/wp-content\/uploads\/2017\/04\/capa-coletanea-2010.jpg\"><img loading=\"lazy\" decoding=\"async\" src=\"http:\/\/waterlat.org\/wp-content\/uploads\/2017\/04\/capa-coletanea-2010-236x300.jpg\" alt=\"\" width=\"236\" height=\"300\" class=\"alignnone size-medium wp-image-3831\" \/><\/a><\/p>\n<p>Castro, Jos\u00e9 Esteban y Wagner Costa Ribeiro (Eds.), <a href=\"http:\/\/200.144.254.127:8080\/iea\/textos\/waterlat\/index.html\">La Tensi\u00f3n entre Justicia Ambiental y Justicia Social en Am\u00e9rica Latina: el Caso de la Gesti\u00f3n del Agua (en espa\u00f1ol y portugu\u00e9s)<\/a>, ISBN: 978-85-63007-01-8 San Pablo: Universidad de San Pablo (USP) y Red de Investigaci\u00f3n WATERLAT, 2010.<\/p>\n","protected":false},"excerpt":{"rendered":"<p>Castro, Jos\u00e9 Esteban y Wagner Costa Ribeiro (Eds.), La Tensi\u00f3n entre Justicia Ambiental y Justicia Social en Am\u00e9rica Latina: el Caso de la Gesti\u00f3n del Agua (en espa\u00f1ol y portugu\u00e9s), ISBN: 978-85-63007-01-8 San Pablo: Universidad de San Pablo (USP) y Red de Investigaci\u00f3n WATERLAT, 2010.<\/p>\n","protected":false},"author":3,"featured_media":0,"parent":7,"menu_order":0,"comment_status":"closed","ping_status":"closed","template":"page-templates\/full-width.php","meta":{"_acf_changed":false,"footnotes":""},"class_list":["post-2381","page","type-page","status-publish","hentry","wpautop"],"acf":[],"_links":{"self":[{"href":"https:\/\/waterlat.org\/es\/wp-json\/wp\/v2\/pages\/2381","targetHints":{"allow":["GET"]}}],"collection":[{"href":"https:\/\/waterlat.org\/es\/wp-json\/wp\/v2\/pages"}],"about":[{"href":"https:\/\/waterlat.org\/es\/wp-json\/wp\/v2\/types\/page"}],"author":[{"embeddable":true,"href":"https:\/\/waterlat.org\/es\/wp-json\/wp\/v2\/users\/3"}],"replies":[{"embeddable":true,"href":"https:\/\/waterlat.org\/es\/wp-json\/wp\/v2\/comments?post=2381"}],"version-history":[{"count":1,"href":"https:\/\/waterlat.org\/es\/wp-json\/wp\/v2\/pages\/2381\/revisions"}],"predecessor-version":[{"id":2383,"href":"https:\/\/waterlat.org\/es\/wp-json\/wp\/v2\/pages\/2381\/revisions\/2383"}],"up":[{"embeddable":true,"href":"https:\/\/waterlat.org\/es\/wp-json\/wp\/v2\/pages\/7"}],"wp:attachment":[{"href":"https:\/\/waterlat.org\/es\/wp-json\/wp\/v2\/media?parent=2381"}],"curies":[{"name":"wp","href":"https:\/\/api.w.org\/{rel}","templated":true}]}}