{"id":2435,"date":"2017-06-07T15:16:20","date_gmt":"2017-06-07T15:16:20","guid":{"rendered":"http:\/\/waterlat.org\/es\/?page_id=2435"},"modified":"2024-11-27T14:36:21","modified_gmt":"2024-11-27T14:36:21","slug":"working-papers-series","status":"publish","type":"page","link":"https:\/\/waterlat.org\/es\/working-papers-series\/","title":{"rendered":"CUADERNOS DE TRABAJO  DE LA RED WATERLAT-GOBACIT"},"content":{"rendered":"<style>\r\n*{margin 0 !important; transition 0.2s all;}<br \/>.entry-content img, .comment-content img, .widget img, img.header-image, .author-avatar img, img.wp-post-image {<br \/>box-shadow: none;<br \/>}<br \/>body.template-front-page .site-content, body.single-attachment .site-content, body.full-width .site-content {<br \/>    width: 100% !important;<br \/>}<br \/>.entry-content p, .entry-summary p, .comment-content p, .mu_register p {<br \/>    margin: 0;<br \/>}<br \/>.entry-content, .entry-summary, .mu_register {<br \/>    line-height: inherit !important;<br \/>}<br \/><\/style> <style>\r\n.entry-content p {<br \/>line-height: normal;<br \/>margin 0 !important;<br \/>}<\/p>\r\n<p>\/* NOTE: TOP *\/<br \/>.pl_info{width: 100%; display: inline-block; clear: both;}<br \/>.pl_image{float: left; margin-right: 15px;}<br \/>.pl_image img {width: 150px;}<br \/>.pl_text{padding-top: 10px; font-weight: 300; font-size: 14px;}<br \/>.pl_text a {margin-top: 8px; display: block; text-decoration: none; color: rgb(2, 122, 190);}<br \/>.pl_text a:hover{color: rgb(28, 63, 153); transition: 0.2s all;}<br \/>.detalle_nombre{font-style: italic;}<br \/>.pl_button {font-size: 0.37cm;display: inline-block; font-weight: 300; text-align: center;text-decoration: none; padding: 5px 15px; color: #00263c;border: 1px solid #00263c; border-radius: 4px;}<br \/>.botones{padding-top: 20px;}<br \/>.pl_button:hover{color: #015d92; border-color: #015d92; transition: 0.5s all;}<br \/>.pl_issn{text-align: right;margin-bottom: 25;font-size: 14px;display: inline;float: right;}<br \/>.pl_issn p {text-align: center; display: inline-block; padding-left: 20px;}<\/p>\r\n<p>.pl_separador100{border-top: 1px solid rgba(91, 91, 91, 0.40); width: 98%; margin: 10px auto; }<br \/>.pl_contact::before{content:\" | \"; color: black;}<br \/>\/* NOTE: MISION *\/<br \/>.pl_mision p{padding-left: 5px; font-weight: normal;}<br \/>.pl_caracteristicas {font-weight: normal}<br \/>.pl_caracteristicas ul {padding-left:25px;}<br \/>.pl_caracteristicas ul li {margin: 0px 0px 10px 0px; padding: 5px 10px; border-left: 5px solid; border-color: rgba(33, 33, 33, 0.91); background-color: rgba(154, 154, 154, 0.15); list-style: none; transition: 0.2s all; cursor: default;}<br \/>.pl_caracteristicas ul li:hover{    padding: 10px 15px;<br \/>    transition: 0.3s all;}<br \/>.pl_cc{font-size: 12px; font-style: oblique;}<br \/>.pl_cc a  {text-decoration: none; color: rgb(2, 122, 190);}<br \/>.pl_zenodo a {text-decoration: none; color: rgb(2, 122, 190);}<br \/>.pl_zenodo{font-size: 13px; font-style: oblique;}<br \/><\/style>\r\n<p class=\"pl_issn\">ISSN: (Versi\u00f3n Impresa)<b> 2056-4856<\/b>\r\nISSN: (Versi\u00f3n Electr\u00f3nica) <b>2056-4864<\/b><\/p>\r\n\r\n<div class=\"pl_info\">\r\n<div class=\"pl_image\"><img decoding=\"async\" src=\"https:\/\/waterlat.org\/wp-content\/uploads\/2023\/11\/Vol9.3Cover.jpg\" \/><\/div>\r\n<div class=\"pl_text\">\r\n<p style=\"font-size: 1.1em;\">Editor General:<\/p>\r\n<span style=\"font-weight: 300;\">Jos\u00e9 Esteban Castro,<\/span> <i> Emeritus Professor of Sociology, Newcastle University, Reino Unido <\/i>\r\n<h3><\/h3>\r\n\r\n<a class=\"pl_button\" href=\"https:\/\/waterlat.org\/es\/publicaciones\/comision-editorial\/\">Comisi\u00f3n Editorial<\/a>\r\n<\/div>\r\n<h3><\/h3>\r\n\r\n<h3><\/h3>\r\n<h3><\/h3>\r\n\r\n\r\n<a class=\"pl_contact\" href=\"mailto: waterlat@ncl.ac.uk\"> Contacto<\/a>\r\n<h3><\/h3>\r\n<\/div>\r\n<h3><\/h3>\r\n<div class=\"botones\">\r\n\r\n<a class=\"pl_button\" href=\"https:\/\/waterlat.org\/es\/working-papers-series\/volumen-9-2022\/vol9-no-2\">\u00daltimo N\u00famero<\/a>\r\n<h3><\/h3>\r\n\r\n<h3><\/h3>\r\n<a class=\"pl_button\" href=\"https:\/\/waterlat.org\/es\/publicaciones\/working-papers-series\/archivo\/\">Archivo\r\n<i>Todos los n\u00fameros<\/i><\/a>\r\n\r\n<\/div>\r\n<div class=\"pl_separador100\"><\/div>\r\n<div class=\"pl_mision\">\r\n<h3>Misi\u00f3n<\/h3>\r\nLa misi\u00f3n de los Cuadernos de Trabajo de la Red WATERLAT-GOBACIT est\u00e1 en l\u00ednea con el\u00a0<a href=\"https:\/\/waterlat.org\/es\/comienzo\/aims\/\">Enfoque<\/a>, <a href=\"https:\/\/waterlat.org\/es\/comienzo\/objetivos\/\">Objetivos<\/a> y <a href=\"https:\/\/waterlat.org\/es\/comienzo\/prioridades-de-investigacion\/\">Prioridades<\/a> de la Red WATERLAT-GOBACIT. En primer lugar, se trata de contribuir al avance del estado del arte en un campo que, en t\u00e9rminos amplios, podr\u00edamos definir como el de la ecolog\u00eda pol\u00edtica del agua. Tradicionalmente la investigaci\u00f3n sobre el agua ha sido principalmente dominada por las disciplinas tecno-cient\u00edficas con una contribuci\u00f3n muy limitada por parte de las ciencias sociales. La Red busca contribuir a cubrir estas falencias enfatizando el estudio de los procesos sociales vinculados con el agua, desde una perspectiva inter- y transdisciplinaria que incorpora las dimensiones cultural, ecol\u00f3gica, econ\u00f3mico-financiera, de salud, de gesti\u00f3n y operaci\u00f3n, de pol\u00edticas p\u00fablicas e institucional, y pol\u00edtica de los temas relacionados con el agua. La mayor parte de las publicaciones son el producto de investigaci\u00f3n cient\u00edfica, pero tambi\u00e9n incluimos contribuciones de otras fuentes de conocimiento, tales como el trabajo realizado en instituciones p\u00fablicas y en organizaciones de la sociedad civil.\r\n\r\n<\/div>\r\n<div class=\"pl_caracteristicas\">\r\n<h3>Caracter\u00edsticas Generales<\/h3>\r\n<ul>\r\n \t<li>Todos los n\u00fameros de los Cuadernos de Trabajo son publicados en versi\u00f3n electr\u00f3nica, y algunos n\u00fameros tambi\u00e9n son publicados en versi\u00f3n impresa.<\/li>\r\n \t<li>La periodicidad de la publicaci\u00f3n es regular, y est\u00e1 organizada en vol\u00famenes anuales con una cantidad variable de n\u00fameros individuales.<\/li>\r\n \t<li>Los Cuadernos de Trabajo son publicados en los tres lenguajes de la Red, espa\u00f1ol, ingl\u00e9s y portugu\u00e9s.<\/li>\r\n \t<li>Los trabajos publicados son seleccionados por el equipo editorial. En la mayor\u00eda de los casos, los autores son invitados por los editores a enviar trabajos originales, basados en informes de investigaci\u00f3n, tesis de posgrado, ponencias presentadas en eventos acad\u00e9micos y fuentes similares. Se provee una Gu\u00eda para Autores, que incluye los detalles del formato que debe tener el texto y el estilo de las referencias bibliogr\u00e1ficas. Los trabajos son evaluados y revisados por un equipo internacional e interdisciplinario de editores y revisores. Los trabajos publicados tienen fecha de recepci\u00f3n y aceptaci\u00f3n.<\/li>\r\n \t<li>Los Cuadernos de Trabajo publican textos individuales organizados en torno a un tema com\u00fan y n\u00fameros especiales coordinados por editores invitados.<\/li>\r\n \t<li>El tama\u00f1o de los textos es variable, desde art\u00edculos cortos a documentos largos que presentan resultados de investigaci\u00f3n en forma detallada.<\/li>\r\n \t<li>El formato de los textos tambi\u00e9n es variable. La mayor parte de los trabajos publicados son Art\u00edculos, pero tambi\u00e9n publicamos Notas, Ensayos Fotogr\u00e1ficos, Rese\u00f1as, ocasionalmente traducciones de Art\u00edculos originales, entre otros.<\/li>\r\n \t<li>Adicionalmente al texto, y a las adiciones convencionales como Tablas, Gr\u00e1ficos o Im\u00e1genes, las publicaciones pueden incluir tambi\u00e9n video, audio, y fotograf\u00eda.<\/li>\r\n<\/ul>\r\n<\/div>\r\n<div class=\"pl_footer\">\r\n<div class=\"pl_zenodo\">\r\n<div class=\"pl_zenodo\">\r\n\r\nLos Cuadernos de Trabajo son depositados en el Repositorio de la Comunidad WATERLAT-GOBACIT en <a href=\"https:\/\/zenodo.org\/communities\/waterlat-gobacit\/\" target=\"_blank\" rel=\"noopener noreferrer\"><img decoding=\"async\" style=\"width: 80px; margin-left: 2px; padding-bottom: 3px; vertical-align: middle;\" src=\"http:\/\/waterlat.org\/wp-content\/uploads\/2017\/03\/zenodologo.png\" \/>, de la Uni\u00f3n Europea, <\/a> e indexados en <a href=\"https:\/\/www.openaire.eu\/templates\/yootheme\/cache\/19\/Logo_Horizontal-1910c000.webp\"> <img decoding=\"async\" style=\"vertical-align: middle;\" src=\"https:\/\/www.openaire.eu\/templates\/yootheme\/cache\/19\/Logo_Horizontal-1910c000.webp\" width=\"60px\" \/><\/a>.\r\n\r\nIndexados por LATINDEX Ibero Am\u00e9rica Europa, Catalog 2.0 <a href=\"https:\/\/www.latindex.org\/latindex\/inicio\" target=\"_blank\" rel=\"noopener noreferrer\"><img decoding=\"async\" style=\"width: 80px; margin-left: 2px; padding-bottom: 3px; vertical-align: middle;\" src=\"http:\/\/waterlat.org\/wp-content\/uploads\/2020\/09\/logo.jpg\" \/><\/a>\r\n\r\n&nbsp;\r\n<div class=\"pl_cc\"><a href=\"http:\/\/creativecommons.org\/licenses\/by-nc\/4.0\/\" rel=\"license\"><img decoding=\"async\" style=\"border-width: 0; vertical-align: middle; float: left; margin-right: 5px;\" src=\"https:\/\/i.creativecommons.org\/l\/by-nc\/4.0\/88x31.png\" alt=\"Creative Commons Licence\" \/><\/a>\r\nLos Cuadernos de Trabajo de la Red WATERLAT-GOBACIT de la <a href=\"www.waterlat.org\/es\/\" rel=\"cc:attributionURL\">Red WATERLAT-GOBACIT<\/a> est\u00e1n protegidos por una licencia de <a href=\"http:\/\/creativecommons.org\/licenses\/by-nc\/4.0\/\" rel=\"license\">Creative Commons Attribution-NonCommercial 4.0 International License<\/a>.\r\nLa posibilidad de obtener permisos adicionales a los permitidos por esta licencia puede consultarse en <a href=\"www.waterlat.org\" rel=\"cc:morePermissions\">www.waterlat.org<\/a>.<\/div>\r\n<\/div>\r\n<\/div>\r\n<\/div>\r\n<\/div>","protected":false},"excerpt":{"rendered":"ISSN: (Versi\u00f3n Impresa) 2056-4856 ISSN: (Versi\u00f3n Electr\u00f3nica) 2056-4864 Editor General: Jos\u00e9 Esteban Castro, Emeritus Professor of Sociology, Newcastle University, Reino Unido Comisi\u00f3n Editorial Contacto \u00daltimo N\u00famero Archivo Todos los n\u00fameros Misi\u00f3n La misi\u00f3n de los Cuadernos de Trabajo de la Red WATERLAT-GOBACIT est\u00e1 en l\u00ednea con el\u00a0Enfoque, Objetivos y Prioridades de la Red WATERLAT-GOBACIT. En [&hellip;]","protected":false},"author":78,"featured_media":0,"parent":0,"menu_order":0,"comment_status":"closed","ping_status":"closed","template":"page-templates\/full-width.php","meta":{"_acf_changed":false,"footnotes":""},"class_list":["post-2435","page","type-page","status-publish","hentry","no-wpautop"],"acf":[],"_links":{"self":[{"href":"https:\/\/waterlat.org\/es\/wp-json\/wp\/v2\/pages\/2435","targetHints":{"allow":["GET"]}}],"collection":[{"href":"https:\/\/waterlat.org\/es\/wp-json\/wp\/v2\/pages"}],"about":[{"href":"https:\/\/waterlat.org\/es\/wp-json\/wp\/v2\/types\/page"}],"author":[{"embeddable":true,"href":"https:\/\/waterlat.org\/es\/wp-json\/wp\/v2\/users\/78"}],"replies":[{"embeddable":true,"href":"https:\/\/waterlat.org\/es\/wp-json\/wp\/v2\/comments?post=2435"}],"version-history":[{"count":65,"href":"https:\/\/waterlat.org\/es\/wp-json\/wp\/v2\/pages\/2435\/revisions"}],"predecessor-version":[{"id":4312,"href":"https:\/\/waterlat.org\/es\/wp-json\/wp\/v2\/pages\/2435\/revisions\/4312"}],"wp:attachment":[{"href":"https:\/\/waterlat.org\/es\/wp-json\/wp\/v2\/media?parent=2435"}],"curies":[{"name":"wp","href":"https:\/\/api.w.org\/{rel}","templated":true}]}}