{"id":2447,"date":"2017-06-07T20:54:55","date_gmt":"2017-06-07T20:54:55","guid":{"rendered":"http:\/\/waterlat.org\/es\/?page_id=2447"},"modified":"2024-05-17T12:25:59","modified_gmt":"2024-05-17T12:25:59","slug":"comision-editorial","status":"publish","type":"page","link":"https:\/\/waterlat.org\/es\/publicaciones\/comision-editorial\/","title":{"rendered":"Comisi\u00f3n Editorial (en ingl\u00e9s)"},"content":{"rendered":"<style>\r\n.entry-content p, .entry-summary p, .comment-content p, .mu_register p{margin: 0; margin: 0; line-height: normal;}<br \/>.ec_seccion{margin: 10px 0px 0px 0px;}<br \/>.ec_tituloseccion{font-weight:600; color: #325290; font-size: 20px; margin-bottom: 20px; padding: 8px 0px 0px 5px;border-top: 1px solid rgba(139, 139, 139, 0.46) !important}<br \/>.ec_nombre{font-weight: 500; font-size: 16px; margin: 0; margin-bottom: 3px}<br \/>.ec_descripcion{font-weight: 100; margin:0px; font-size: 14px}<br \/>.ec_persona{    text-align: left;padding-left: 10px;padding: 5px 10px;margin: 15px 0px;border-left: 3px solid #325290;background-color: rgba(50, 82, 144, 0.04);}<br \/>#first.ec_tituloseccion {border-top: none !important;}<br \/><\/style>\r\n\r\n<!--GENERAL EDITOR!-->\r\n<div class=\"ec_seccion\">\r\n<h2>General Editor<\/h2>\r\n&nbsp;\r\n\r\n&nbsp;\r\n<div class=\"ec_persona\">\r\n<p class=\"ec_nombre\"><b>Jose Esteban Castro<\/b><\/p>\r\n<p class=\"ec_descripcion\">Emeritus Professor of Sociology, Newcastle University, United Kingdom<\/p>\r\n\r\n<\/div>\r\n&nbsp;\r\n\r\n<!--Advisory Board!-->\r\n<div class=\"ec_seccion\">\r\n<h2>Advisory Board<\/h2>\r\n(Alphabetical order)\r\n<div class=\"ec_persona\">\r\n<p class=\"ec_nombre\"><b>Abreu, Cesaltina<\/b><\/p>\r\n<p class=\"ec_descripcion\">Department of Sociology, Faculty of Social Sciences, Agostinho Neto University, Luanda, Angola.<\/p>\r\n\r\n<\/div>\r\n&nbsp;\r\n<div class=\"ec_persona\">\r\n<p class=\"ec_nombre\"><b>Akpabio, Emmanuel <\/b><\/p>\r\n<p class=\"ec_descripcion\">Department of Geography, University of Uyo, Akwa Ibom, Nigeria<\/p>\r\n\r\n<\/div>\r\n&nbsp;\r\n<div class=\"ec_persona\">\r\n<p class=\"ec_nombre\"><b>Akthar, Rais<\/b><\/p>\r\n<p class=\"ec_descripcion\">Academy for the Study of the Environment and Social Well-being, Aligarth, India.<\/p>\r\n\/div&gt;\r\n<div class=\"ec_persona\">\r\n<p class=\"ec_nombre\"><b>Bulto, Takele Soboka<\/b><\/p>\r\n<p class=\"ec_descripcion\">Law School, University of Addis Ababa, Addis Ababa, Ethiopia.<\/p>\r\n\r\n<\/div>\r\n&nbsp;\r\n<div class=\"ec_persona\">\r\n<p class=\"ec_nombre\"><b>Cisneros, Paul<\/b><\/p>\r\n<p class=\"ec_descripcion\">Institute of Higher National Studies (IAEN), Quito, Ecuador<\/p>\r\n\r\n<\/div>\r\n&nbsp;\r\n<div class=\"ec_persona\">\r\n<p class=\"ec_nombre\"><b>del Moral Ituarte, Leandro<\/b><\/p>\r\n<p class=\"ec_descripcion\">University of Seville, Seville, Spain<\/p>\r\n\r\n<\/div>\r\n&nbsp;\r\n<div class=\"ec_persona\">\r\n<p class=\"ec_nombre\"><b> Fernandes,Marcionila<\/b><\/p>\r\n<p class=\"ec_descripcion\">State University of Paraiba (UEPB), Campina Grande, Paraiba, Brazil<\/p>\r\n\r\n<\/div>\r\n&nbsp;\r\n<div class=\"ec_persona\">\r\n<p class=\"ec_nombre\"><b>Fern\u00e1ndez Soriano, Armando Luis<\/b><\/p>\r\n<p class=\"ec_descripcion\">Political Ecology Forum, Antonio Nu\u00f1ez Jimenez Foundation, Havana, Cuba<\/p>\r\n\r\n<\/div>\r\n&nbsp;\r\n<div class=\"ec_persona\">\r\n<p class=\"ec_nombre\"><b>Florit, Luciano Felix<\/b><\/p>\r\n<p class=\"ec_descripcion\">Regional University of Blumenau, Blumenau, Santa Catarina, Brazil<\/p>\r\n\r\n<\/div>\r\n&nbsp;\r\n<div class=\"ec_persona\">\r\n<p class=\"ec_nombre\"><b>Garc\u00eda-Mar\u00edn, Ram\u00f3n.<\/b><\/p>\r\n<p class=\"ec_descripcion\">University of Murcia, Murcia, Spain<\/p>\r\n\r\n<\/div>\r\n&nbsp;\r\n<div class=\"ec_persona\">\r\n<p class=\"ec_nombre\"><b>Garcia Vargas, Mariela<\/b><\/p>\r\n<p class=\"ec_descripcion\">CINARA Institute, University of the Valley (UNIVALLE), Cali, Colombia<\/p>\r\n\r\n<\/div>\r\n&nbsp;\r\n<div class=\"ec_persona\">\r\n<p class=\"ec_nombre\"><b>Herrera Lima,Susana<\/b><\/p>\r\n<p class=\"ec_descripcion\">ITESO, the Jesuit University of Guadalajara, Tlaquepaque, Jalisco, Mexico<\/p>\r\n\r\n<\/div>\r\n&nbsp;\r\n<div class=\"ec_persona\">\r\n<p class=\"ec_nombre\"><b>Jacinto, Rui<\/b><\/p>\r\n<p class=\"ec_descripcion\">University of Coimbra, Coimbra, Portugal<\/p>\r\n\r\n<\/div>\r\n&nbsp;\r\n<div class=\"ec_persona\">\r\n<p class=\"ec_nombre\"><b>Katko, Tapio<\/b><\/p>\r\n<p class=\"ec_descripcion\">Tampere University of Technology (TUT), Tampere, Finland<\/p>\r\n\r\n<\/div>\r\n&nbsp;\r\n<div class=\"ec_persona\">\r\n<p class=\"ec_nombre\"><b>Kohan, Gustavo <\/b><\/p>\r\n<p class=\"ec_descripcion\">National University of General Sarmiento (UNGS), Buenos Aires, Argentina<\/p>\r\n\r\n<\/div>\r\n&nbsp;\r\n<div class=\"ec_persona\">\r\n<p class=\"ec_nombre\"><b>Latta, Alex<\/b><\/p>\r\n<p class=\"ec_descripcion\">Wilfrid Laurier University, Waterloo, Ontario, Canada<\/p>\r\n\r\n<\/div>\r\n&nbsp;\r\n<div class=\"ec_persona\">\r\n<p class=\"ec_nombre\"><b>Lopez Ramirez,Mario Edgar<\/b><\/p>\r\n<p class=\"ec_descripcion\">ITESO, the Jesuit University of Guadalajara, Tlaquepaque, Jalisco, Mexico<\/p>\r\n\r\n<\/div>\r\n&nbsp;\r\n<div class=\"ec_persona\">\r\n<p class=\"ec_nombre\"><b>Louren\u00e7o, Luciano<\/b><\/p>\r\n<p class=\"ec_descripcion\">Faculty of Humanities, University of Coimbra, Coimbra, Portugal<\/p>\r\n\r\n<\/div>\r\n&nbsp;\r\n<div class=\"ec_persona\">\r\n<p class=\"ec_nombre\"><b>Luengo Gonzalez, Enrique Manuel.<\/b><\/p>\r\n<p class=\"ec_descripcion\">ITESO, the Jesuit University of Guadalajara, Tlaquepaque, Jalisco, Mexico<\/p>\r\n\r\n<\/div>\r\n&nbsp;\r\n<div class=\"ec_persona\">\r\n<p class=\"ec_nombre\"><b>Morais, Maria da Piedade.<\/b><\/p>\r\n<p class=\"ec_descripcion\">Institute of Applied Economic Research (IPEA), Brasilia, Brazil<\/p>\r\n\r\n<\/div>\r\n&nbsp;\r\n<div class=\"ec_persona\">\r\n<p class=\"ec_nombre\"><b>Morais de Sousa, Cidoval<\/b><\/p>\r\n<p class=\"ec_descripcion\">State University of Para\u00edba, Campina Grande, Paraiba, Brazil<\/p>\r\n\r\n\r\n&nbsp;\r\n<div class=\"ec_persona\">\r\n<p class=\"ec_nombre\"><b>Oliveira, Simone<\/b><\/p>\r\n<p class=\"ec_descripcion\">Oswaldo Cruz Foundation (Fiocruz), Rio de Janeiro, Brazil<\/p>\r\n\r\n<\/div>\r\n&nbsp;\r\n<div class=\"ec_persona\">\r\n<p class=\"ec_nombre\"><b>Pe\u00f1a Varon, Miguel Ricardo<\/b><\/p>\r\n<p class=\"ec_descripcion\">CINARA Institute, University of the Valley (UNIVALLE), Cali, Colombia<\/p>\r\n\r\n<\/div>\r\n&nbsp;\r\n<div class=\"ec_persona\">\r\n<p class=\"ec_nombre\"><b>Portella, Sergio<\/b><\/p>\r\n<p class=\"ec_descripcion\">Oswaldo Cruz Foundation (Fiocruz), Rio de Janeiro, Brazil<\/p>\r\n\r\n<\/div>\r\n&nbsp;\r\n<div class=\"ec_persona\">\r\n<p class=\"ec_nombre\"><b>Preciado Coronado, Jaime Antonio<\/b><\/p>\r\n<p class=\"ec_descripcion\">University of Guadalajara, Guadalajara, Jalisco, Mexico<\/p>\r\n\r\n<\/div>\r\n&nbsp;\r\n<div class=\"ec_persona\">\r\n<p class=\"ec_nombre\"><b>Romero Navarrete, Lourdes Magdalena<\/b><\/p>\r\n<p class=\"ec_descripcion\">Centre for Higher Research and Studies in Social Anthropology (CIESAS), Mexico City.<\/p>\r\n\r\n<\/div>\r\n&nbsp;\r\n<p class=\"ec_nombre\"><b>Sanzana Calvet, Martin <\/b><\/p>\r\n<p class=\"ec_descripcion\">Institute of Strategic Studies for Human Development, Concepci\u00f3n, Bio Bio, Chile<\/p>\r\n\r\n<\/div>\r\n&nbsp;\r\n<div class=\"ec_persona\">\r\n<p class=\"ec_nombre\"><b>Sauri Pujol, David<\/b><\/p>\r\n<p class=\"ec_descripcion\">Autonomous University of Barcelona (UAB), Barcelona, Spain<\/p>\r\n\r\n<\/div>\r\n&nbsp;\r\n<div class=\"ec_persona\">\r\n<p class=\"ec_nombre\"><b>Swyngedouw, Erik<\/b><\/p>\r\n<p class=\"ec_descripcion\">Manchester University, Manchester, United Kingdom<\/p>\r\n\r\n<\/div>\r\n&nbsp;\r\n<div class=\"ec_persona\">\r\n<p class=\"ec_nombre\"><b>Torres Salinas, Robinson Karol<\/b><\/p>\r\n<p class=\"ec_descripcion\">University of Concepci\u00f3n, Concepci\u00f3n, Bio Bio, Chile<\/p>\r\n\r\n<\/div>\r\n&nbsp;\r\n<div class=\"ec_persona\">\r\n<p class=\"ec_nombre\"><b>Torregrosa, Maria Luisa<\/b><\/p>\r\n<p class=\"ec_descripcion\">Latin American Faculty of Social Sciences (FLACSO), Mexico City, Mexico<\/p>\r\n\r\n<\/div>\r\n&nbsp;\r\n<div class=\"ec_persona\">\r\n<p class=\"ec_nombre\"><b>Valencia Hernandez, Javier Gonzaga<\/b><\/p>\r\n<p class=\"ec_descripcion\">University of Caldas, Manizales, Colombia<\/p>\r\n\r\n<\/div>\r\n&nbsp;\r\n<div class=\"ec_persona\">\r\n<p class=\"ec_nombre\"><b>Valencio, Norma<\/b><\/p>\r\n<p class=\"ec_descripcion\">Federal University of Sao Carlos, Sao Paulo, Brazil<\/p>\r\n\r\n<\/div>\r\n&nbsp;\r\n<div class=\"ec_persona\">\r\n<p class=\"ec_nombre\"><b>Villalba Vargas, Elida<\/b><\/p>\r\n<p class=\"ec_descripcion\">University of Asuncion, Asuncion, Paraguay<\/p>\r\n\r\n<\/div>\r\n<!--Advisory Board!-->\r\n<div class=\"ec_seccion\">\r\n<h2>Editorial organizers and collaborators<\/h2>\r\n(Alphabetical order)\r\n\r\n<\/div>\r\n&nbsp;\r\n<div class=\"ec_persona\">\r\n<p class=\"ec_nombre\"><b>Aly Jr., Osvaldo<\/b><\/p>\r\n<p class=\"ec_descripcion\">University of Araraquara , Araraquara, Sao Paulo, Brazil<\/p>\r\n\r\n<\/div>\r\n&nbsp;\r\n<div class=\"ec_persona\">\r\n<p class=\"ec_nombre\"><b>Caldera Ortega, Alex Ricardo<\/b><\/p>\r\n<p class=\"ec_descripcion\">University of Guanajuato, Campus Leon, Leon, Guanajuato, Mexico<\/p>\r\n\r\n<\/div>\r\n&nbsp;\r\n\r\n<\/div>\r\n&nbsp;\r\n<div class=\"ec_persona\">\r\n<p class=\"ec_nombre\"><b>Costa, Andre Monteiro<\/b><\/p>\r\n<p class=\"ec_descripcion\">Aggeu Magalh\u00e3es Research Centre, Oswaldo Cruz Foundation (Fiocruz), Recife, Pernambuco, Brazil<\/p>\r\n\r\n<\/div>\r\n&nbsp;\r\n<div class=\"ec_persona\">\r\n<p class=\"ec_nombre\"><b>Costa Ribeiro, Wagner<\/b><\/p>\r\n<p class=\"ec_descripcion\">University of Sao Paulo, Sao Paulo, Brazil<\/p>\r\n\r\n<\/div>\r\n&nbsp;\r\n<div class=\"ec_persona\">\r\n<p class=\"ec_nombre\"><b>de Souza Junior, Ednilson Gomes<\/b><\/p>\r\n<p class=\"ec_descripcion\">Darcy Ribeiro State University of Northern Rio de Janeiro (UENF), Campos dos Goytacazes, Rio de Janeiro, Brazil<\/p>\r\n\r\n<div class=\"ec_persona\"><\/div>\r\n&nbsp;\r\n<p class=\"ec_nombre\"><b>Ferreira, Hermelinda Maria Rocha<\/b><\/p>\r\n<p class=\"ec_descripcion\">Socio-ecological inequality and injustice in Latin America (DESDEMO Project) Recife, Pernambuco, Brazil<\/p>\r\n\r\n<\/div>\r\n&nbsp;\r\n<div class=\"ec_persona\">\r\n<p class=\"ec_nombre\"><b> Hernandez Garcia, Adriana<\/b><\/p>\r\n<p class=\"ec_descripcion\">La Cienaga University Centre, University of Guadalajara, Ocotlan, Jalisco, Mexico<\/p>\r\n\r\n<\/div>\r\n&nbsp;\r\n<div class=\"ec_persona\">\r\n<p class=\"ec_nombre\"><b>Kloster, Karina<\/b><\/p>\r\n<p class=\"ec_descripcion\">Autonomous University of Mexico City (UACM), Mexico<\/p>\r\n\r\n<\/div>\r\n&nbsp;\r\n<div class=\"ec_persona\">\r\n<p class=\"ec_nombre\"><b>McCulligh, Cindy<\/b><\/p>\r\n<p class=\"ec_descripcion\">Centre for Higher Research and Studies in Social Anthropology (CIESAS), Guadalajara, Jalisco, Mexico<\/p>\r\n\r\n<\/div>\r\n&nbsp;\r\n<div class=\"ec_persona\">\r\n<p class=\"ec_nombre\"><b>Morales-Maga\u00f1a, Marcela<\/b><\/p>\r\n<p class=\"ec_descripcion\">National School of Higher Studies, National Autonomous University of Mexico (UNAM), Morelia, Michoac\u00e1n, Mexico<\/p>\r\n\r\n<\/div>\r\n&nbsp;\r\n<div class=\"ec_persona\">\r\n<p class=\"ec_nombre\"><b>Ochoa Garcia, Heliodoro<\/b><\/p>\r\n<p class=\"ec_descripcion\">ITESO, the Jesuit University of Guadalajara, Tlaquepaque, Jalisco, Mexico<\/p>\r\n\r\n<\/div>\r\n&nbsp;\r\n<div class=\"ec_persona\">\r\n<p class=\"ec_nombre\"><b>Paneque-G\u00e1lvez, Jaime<\/b><\/p>\r\n<p class=\"ec_descripcion\">Environmental Geography Research Centre (CIGA), National Autonomous University of Mexico (UNAM), Morelia, Michoacan, Mexico<\/p>\r\n\r\n<\/div>\r\n&nbsp;\r\n<p class=\"ec_nombre\"><b>Poma, Alice<\/b><\/p>\r\n<p class=\"ec_descripcion\">Institute of Social Research (IIE), National Autonomous University of Mexico (UNAM), Mexico City<\/p>\r\n&nbsp;\r\n<div class=\"ec_persona\">\r\n<p class=\"ec_nombre\"><b>Rausch, Gisela Ariana<\/b><\/p>\r\n<p class=\"ec_descripcion\">National Scientific and Technical Research Council (CONICET) and National University of Rosario, Argentina<\/p>\r\n\r\n<\/div>\r\n&nbsp;\r\n<div class=\"ec_persona\">\r\n<p class=\"ec_nombre\"><b>Rodriguez Sanchez, Antonio<\/b><\/p>\r\n<p class=\"ec_descripcion\">Autonomous University of Zacatecas, Zacatecas, Mexico<\/p>\r\n\r\n<\/div>\r\n&nbsp;\r\n<p class=\"ec_nombre\"><b>Sandoval Moreno, Adriana<\/b><\/p>\r\n<p class=\"ec_descripcion\">Academic Unit for Regional Studies (UAER), National Autonomous University of Mexico (UNAM), Jiquilpan, Michoacan, Mexico<\/p>\r\n&nbsp;\r\n<div class=\"ec_persona\">\r\n<p class=\"ec_nombre\"><b>Texeira, Simonne<\/b><\/p>\r\n<p class=\"ec_descripcion\">Darcy Ribeiro State University of Northern Rio de Janeiro (UENF), Campos dos Goytacazes, Rio de Janeiro, Brazil<\/p>\r\n\r\n<\/div>\r\n&nbsp;\r\n\r\n&nbsp;\r\n\r\n<!--Advisory Board!-->\r\n<div class=\"ec_seccion\">\r\n<h2>Editorial Support Team<\/h2>\r\n(Alphabetical order)\r\n\r\n<\/div>\r\n&nbsp;\r\n<div class=\"ec_persona\">\r\n<p class=\"ec_nombre\"><b>Aguilar Almada,Fernanda<\/b>, Sonora, Mexico<\/p>\r\n\r\n<\/div>\r\n&nbsp;\r\n\r\n&nbsp;\r\n<div class=\"ec_persona\">\r\n<p class=\"ec_nombre\"><b>Borges, Julia<\/b><\/p>\r\n<p class=\"ec_descripcion\">Darcy Ribeiro State University of Northern Rio de Janeiro (UENF), Campos dos Goytacazes, Rio de Janeiro, Brazil<\/p>\r\n\r\n<\/div>\r\n&nbsp;\r\n\r\n&nbsp;\r\n<div class=\"ec_persona\">\r\n<p class=\"ec_nombre\"><b> Dictoro, Vinicius Perez<\/b><\/p>\r\n<p class=\"ec_descripcion\">University of Sao Paulo (USP), Sao Paulo, Brazil<\/p>\r\n\r\n<\/div>\r\n&nbsp;\r\n<div class=\"ec_persona\">\r\n<p class=\"ec_nombre\"><b> Mac\u00edas Ascanio, Ana Sof\u00eda<\/b><\/p>\r\n<p class=\"ec_descripcion\">ITESO, the Jesuit University of Guadalajara, Tlaquepaque, Jalisco, Mexico<\/p>\r\n\r\n<\/div>\r\n&nbsp;\r\n<div class=\"ec_persona\">\r\n<p class=\"ec_nombre\"><b>Ocantos, Ariel<\/b><\/p>\r\n<p class=\"ec_descripcion\">National Scientific and Technical Research Council (CONICET), University of Buenos Aires, and National University of General Sarmiento, Buenos Aires, Argentina<\/p>\r\n\r\n<\/div>\r\n&nbsp;\r\n<div class=\"ec_persona\">\r\n<p class=\"ec_nombre\"><b>Silveira Viana, Aline<\/b><\/p>\r\n<p class=\"ec_descripcion\">Federal University of Sao Carlos (UFSCar), Sao Carlos, Sao Paulo, Brazil<\/p>\r\n\r\n<\/div>\r\n&nbsp;\r\n<div class=\"ec_persona\">\r\n<p class=\"ec_nombre\"><b>Tagliavini, Damiano<\/b><\/p>\r\n<p class=\"ec_descripcion\">University of Buenos Aires, Buenos Aires, Argentina<\/p>\r\n<!--Advisory Board!-->\r\n<div class=\"ec_seccion\"><\/div>\r\n&nbsp;\r\n<h2>Contact<\/h2>\r\n<span style=\"text-decoration: underline;\">Institutional contact e-mail<\/span> <a href=\"mailto: waterlat@ncl.ac.uk\">E-mail<\/a>.\r\n\r\n<\/div>\r\n<span style=\"text-decoration: underline;\">Secretariat<\/span> <a href=\"mailto: redwaterlat@gmail.com\">E-mail<\/a>.\r\n\r\n&nbsp;\r\n\r\n&nbsp;\r\n\r\n<\/div>","protected":false},"excerpt":{"rendered":"General Editor &nbsp; &nbsp; Jose Esteban Castro Emeritus Professor of Sociology, Newcastle University, United Kingdom &nbsp; Advisory Board (Alphabetical order) Abreu, Cesaltina Department of Sociology, Faculty of Social Sciences, Agostinho Neto University, Luanda, Angola. &nbsp; Akpabio, Emmanuel Department of Geography, University of Uyo, Akwa Ibom, Nigeria &nbsp; Akthar, Rais Academy for the Study of the [&hellip;]","protected":false},"author":78,"featured_media":0,"parent":7,"menu_order":0,"comment_status":"closed","ping_status":"closed","template":"page-templates\/full-width.php","meta":{"_acf_changed":false,"footnotes":""},"class_list":["post-2447","page","type-page","status-publish","hentry","no-wpautop"],"acf":[],"_links":{"self":[{"href":"https:\/\/waterlat.org\/es\/wp-json\/wp\/v2\/pages\/2447","targetHints":{"allow":["GET"]}}],"collection":[{"href":"https:\/\/waterlat.org\/es\/wp-json\/wp\/v2\/pages"}],"about":[{"href":"https:\/\/waterlat.org\/es\/wp-json\/wp\/v2\/types\/page"}],"author":[{"embeddable":true,"href":"https:\/\/waterlat.org\/es\/wp-json\/wp\/v2\/users\/78"}],"replies":[{"embeddable":true,"href":"https:\/\/waterlat.org\/es\/wp-json\/wp\/v2\/comments?post=2447"}],"version-history":[{"count":37,"href":"https:\/\/waterlat.org\/es\/wp-json\/wp\/v2\/pages\/2447\/revisions"}],"predecessor-version":[{"id":4270,"href":"https:\/\/waterlat.org\/es\/wp-json\/wp\/v2\/pages\/2447\/revisions\/4270"}],"up":[{"embeddable":true,"href":"https:\/\/waterlat.org\/es\/wp-json\/wp\/v2\/pages\/7"}],"wp:attachment":[{"href":"https:\/\/waterlat.org\/es\/wp-json\/wp\/v2\/media?parent=2447"}],"curies":[{"name":"wp","href":"https:\/\/api.w.org\/{rel}","templated":true}]}}