{"id":2456,"date":"2017-06-12T19:48:20","date_gmt":"2017-06-12T19:48:20","guid":{"rendered":"http:\/\/waterlat.org\/es\/?page_id=2456"},"modified":"2025-03-19T17:28:56","modified_gmt":"2025-03-19T17:28:56","slug":"equipo","status":"publish","type":"page","link":"https:\/\/waterlat.org\/es\/equipo\/","title":{"rendered":"Equipo"},"content":{"rendered":"<style>\r\n<p>.eq_cuadroMiem{margin: 15px 0px; width: 100%; text-align: center;}<\/p>\r\n<p>.shadow {<br \/>  transition: 0.2s all;<br \/>   -moz-box-shadow:    inset 0 0 10px rgba(51, 51, 51, 0.37);<br \/>   -webkit-box-shadow: inset 0 0 10px rgba(51, 51, 51, 0.37);<br \/>    box-shadow:        inset 0 0 10px rgba(51, 51, 51, 0.37);<br \/>}<br \/>.eq_miembro{padding: 10px 20px; margin: 0px -1px; font-size: 18px; background-color: #b5b5b5; color: white;width: 100px; height: 100px; display: table-cell;vertical-align: middle;transition: 0.2s all; overflow: auto; cursor: pointer;}<br \/>#Pri{width: 100%;display: table;table-layout: fixed;margin-bottom: 5px;}<br \/>#Pri>.eq_miembro{display: table-cell; margin-bottom: 2px;}<br \/>.eq_miembro a {color: inherit; text-decoration: none;\u00a0text-align: center;}<br \/>.eq_bot{display:table;width:100%;}<\/p>\r\n<p>.eq_miembro.shadow:hover{<br \/>  transition: 0.2s all;<\/p>\r\n<p>   -moz-box-shadow:    inset 0 0 10px rgba(51, 51, 51, 0.80);<br \/>   -webkit-box-shadow: inset 0 0 10px rgba(51, 51, 51, 0.80);<br \/>    box-shadow:        inset 0 0 10px rgba(51, 51, 51, 0.80);<br \/>}<\/p>\r\n<p>.lista_final a{text-decoration: none;}<br \/>.lista_final{    display: inline-block;<br \/>    background-color: #e2e2e2;<br \/>    border-left: 5px #3a3a3a solid;<br \/>    padding: 10px 25px 10px 0px;}<br \/>.lista_final li{list-style: none;}<\/p>\r\n<p>@media screen and (max-width: 601px){<br \/>  .eq_miembro{display: inline-block; margin: 1px;}<br \/>  #Pri{display: inline-block;}<br \/>  #Pri>.eq_miembro{display: inline-block;}<br \/>  .eq_bot{display: inline-block;}<br \/>}<br \/><\/style>\r\n\r\nLa Red WATERLAT-GOBACIT cuenta con cerca de 450 miembros localizados en \u00c1frica, Am\u00e9rica Latina, Asia y Europa.\r\n<h2><\/h2>\r\n<div class=\"eq_map\"><iframe loading=\"lazy\" src=\"https:\/\/www.google.com\/maps\/d\/u\/0\/embed?mid=1rxGbTi2xIkPqGBY2oQKiuKsLgCgSci1k\" width=\"640\" height=\"480\"><\/iframe><\/div>\r\n<div class=\"eq_cuadroMiem\">\r\n<div id=\"Pri\">\r\n<div class=\"eq_miembro shadow\"><a href=\"https:\/\/waterlat.org\/es\/equipo\/miembros\/\">Miembros<\/a><\/div>\r\n<div class=\"eq_miembro shadow\"><a href=\"https:\/\/waterlat.org\/es\/equipo\/estudiantes\/\">Estudiantes<\/a><\/div>\r\n<div class=\"eq_miembro shadow\"><a href=\"https:\/\/waterlat.org\/es\/equipo\/miembros-institucionales\/\">Miembros Institucionales<\/a><\/div>\r\n<\/div>\r\n<div class=\"eq_bot\">\r\n<div class=\"eq_miembro shadow\"><a href=\"https:\/\/waterlat.org\/es\/comienzo\/contacto\/\">Coordinaci\u00f3n General<\/a><\/div>\r\n<div class=\"eq_miembro shadow\"><a href=\"https:\/\/waterlat.org\/es\/publicaciones\/comision-de-publicaciones\/\">Comisi\u00f3n Editorial<\/a><\/div>\r\n<div class=\"eq_miembro shadow\"><a href=\"https:\/\/waterlat.org\/es\/premio-waterlat-para-estudiantes\/\">Equipo Premio de Estudiantes<\/a><\/div>\r\n<\/div>\r\n<\/div>\r\n<h2><\/h2>\r\nEl equipo de la Red incluye miembros individuales e institucionales y un gran n\u00famero de estudiantes de grado y de posgrado. Adem\u00e1s de acad\u00e9micos y estudiantes, incluye trabajadores del sector p\u00fablico, miembros de Organizaciones no Gubernamentales, movimientos sociales, comunidades ind\u00edgenas y campesinas, sindicatos, entre otros sectores relevantes. Presentamos por separado a nuestros \u201cmiembros\u201d y \u201cestudiantes\u201d para enfatizar la importancia de nuestro cuerpo de estudiantes. Anualmente la Red otorga un Premio de Estudiantes consistente en la publicaci\u00f3n de las mejores tesis de doctorado y maestr\u00eda.\r\n<h2><\/h2>\r\n<ul class=\"lista_final\">\r\n \t<li><b>Secretar\u00eda:<a href=\"mailto:waterlat@newcastle.ac.uk\"> (Email)<\/a><\/b><\/li>\r\n \t<li><b>Dise\u00f1o de Internet: <\/b>Mat\u00edas Kohan<\/li>\r\n \t<li><b>Dise\u00f1os Editoriales:<\/b> Damiano Tagliavini<\/li>\r\n<li><b>Dise\u00f1os para Internet y redes sociales:<\/b> Patricia Geittenes Tondelo<\/li>\r\n<\/ul>","protected":false},"excerpt":{"rendered":"La Red WATERLAT-GOBACIT cuenta con cerca de 450 miembros localizados en \u00c1frica, Am\u00e9rica Latina, Asia y Europa. Miembros Estudiantes Miembros Institucionales Coordinaci\u00f3n General Comisi\u00f3n Editorial Equipo Premio de Estudiantes El equipo de la Red incluye miembros individuales e institucionales y un gran n\u00famero de estudiantes de grado y de posgrado. Adem\u00e1s de acad\u00e9micos y estudiantes, [&hellip;]","protected":false},"author":78,"featured_media":0,"parent":0,"menu_order":0,"comment_status":"closed","ping_status":"closed","template":"page-templates\/full-width.php","meta":{"_acf_changed":false,"footnotes":""},"class_list":["post-2456","page","type-page","status-publish","hentry","no-wpautop"],"acf":[],"_links":{"self":[{"href":"https:\/\/waterlat.org\/es\/wp-json\/wp\/v2\/pages\/2456","targetHints":{"allow":["GET"]}}],"collection":[{"href":"https:\/\/waterlat.org\/es\/wp-json\/wp\/v2\/pages"}],"about":[{"href":"https:\/\/waterlat.org\/es\/wp-json\/wp\/v2\/types\/page"}],"author":[{"embeddable":true,"href":"https:\/\/waterlat.org\/es\/wp-json\/wp\/v2\/users\/78"}],"replies":[{"embeddable":true,"href":"https:\/\/waterlat.org\/es\/wp-json\/wp\/v2\/comments?post=2456"}],"version-history":[{"count":13,"href":"https:\/\/waterlat.org\/es\/wp-json\/wp\/v2\/pages\/2456\/revisions"}],"predecessor-version":[{"id":4374,"href":"https:\/\/waterlat.org\/es\/wp-json\/wp\/v2\/pages\/2456\/revisions\/4374"}],"wp:attachment":[{"href":"https:\/\/waterlat.org\/es\/wp-json\/wp\/v2\/media?parent=2456"}],"curies":[{"name":"wp","href":"https:\/\/api.w.org\/{rel}","templated":true}]}}