{"id":25,"date":"2013-11-27T20:56:50","date_gmt":"2013-11-27T20:56:50","guid":{"rendered":"http:\/\/waterlat.org\/es\/?page_id=25"},"modified":"2014-09-08T08:56:59","modified_gmt":"2014-09-08T08:56:59","slug":"capitulos-en-libros","status":"publish","type":"page","link":"https:\/\/waterlat.org\/es\/publicaciones\/capitulos-en-libros\/","title":{"rendered":"Cap\u00edtulos en libros"},"content":{"rendered":"<p><span style=\"line-height: 1.714285714; font-size: 1rem;\">Daniel Azpiazu y Jos\u00e9 Esteban Castro, &#8220;Aguas p\u00fablicas: lecciones desde Buenos Aires&#8221;, en Martin Pigeon, David A. McDonald, Olivier Hoedeman, y Satoko Kishimoto (eds.),\u00a0<\/span><span style=\"text-decoration: underline;\">Remunicipalizaci\u00f3n: El Retorno del Agua a Manos P\u00fablicas<\/span><span style=\"line-height: 1.714285714; font-size: 1rem;\">\u00a0<\/span><a style=\"line-height: 1.714285714; font-size: 1rem;\" href=\"http:\/\/www.municipalservicesproject.org\/es\/publication\/remunicipalizacion-el-retorno-del-agua-manos-publicas\">[el libro puede bajarse completo en forma gratuita]<\/a><span style=\"line-height: 1.714285714; font-size: 1rem;\">, Amsterdam: Transnational Institute, 2013, pp. 74-95.<\/span><\/p>\n<p>Tambi\u00e9n disponible en ingl\u00e9s como: Daniel Azpiazu y Jos\u00e9 Esteban Castro, &#8220;Aguas P\u00fablicas: Buenos Aires in Muddled Waters\u201d, en Martin Pigeon, David A. McDonald, Olivier Hoedeman, y Satoko Kishimoto (eds.),\u00a0<a href=\"http:\/\/www.tni.org\/tnibook\/remunicipalisation\">Remunicipalisation. Putting Water Back into Public Hands [el libro puede bajarse completo en forma gratuita]<\/a>, Amsterdam: Transnational Institute, 2012, pp. 58-73.<\/p>\n","protected":false},"excerpt":{"rendered":"<p>Daniel Azpiazu y Jos\u00e9 Esteban Castro, &#8220;Aguas p\u00fablicas: lecciones desde Buenos Aires&#8221;, en Martin Pigeon, David A. McDonald, Olivier Hoedeman, y Satoko Kishimoto (eds.),\u00a0Remunicipalizaci\u00f3n: El Retorno del Agua a Manos P\u00fablicas\u00a0[el libro puede bajarse completo en forma gratuita], Amsterdam: Transnational Institute, 2013, pp. 74-95. Tambi\u00e9n disponible en ingl\u00e9s como: Daniel Azpiazu y Jos\u00e9 Esteban Castro, [&hellip;]<\/p>\n","protected":false},"author":1,"featured_media":0,"parent":7,"menu_order":0,"comment_status":"closed","ping_status":"open","template":"page-templates\/full-width.php","meta":{"_acf_changed":false,"footnotes":""},"class_list":["post-25","page","type-page","status-publish","hentry","wpautop"],"acf":[],"_links":{"self":[{"href":"https:\/\/waterlat.org\/es\/wp-json\/wp\/v2\/pages\/25","targetHints":{"allow":["GET"]}}],"collection":[{"href":"https:\/\/waterlat.org\/es\/wp-json\/wp\/v2\/pages"}],"about":[{"href":"https:\/\/waterlat.org\/es\/wp-json\/wp\/v2\/types\/page"}],"author":[{"embeddable":true,"href":"https:\/\/waterlat.org\/es\/wp-json\/wp\/v2\/users\/1"}],"replies":[{"embeddable":true,"href":"https:\/\/waterlat.org\/es\/wp-json\/wp\/v2\/comments?post=25"}],"version-history":[{"count":2,"href":"https:\/\/waterlat.org\/es\/wp-json\/wp\/v2\/pages\/25\/revisions"}],"predecessor-version":[{"id":228,"href":"https:\/\/waterlat.org\/es\/wp-json\/wp\/v2\/pages\/25\/revisions\/228"}],"up":[{"embeddable":true,"href":"https:\/\/waterlat.org\/es\/wp-json\/wp\/v2\/pages\/7"}],"wp:attachment":[{"href":"https:\/\/waterlat.org\/es\/wp-json\/wp\/v2\/media?parent=25"}],"curies":[{"name":"wp","href":"https:\/\/api.w.org\/{rel}","templated":true}]}}