{"id":2623,"date":"2017-09-05T14:39:39","date_gmt":"2017-09-05T14:39:39","guid":{"rendered":"http:\/\/waterlat.org\/es\/?page_id=2623"},"modified":"2020-07-24T14:46:12","modified_gmt":"2020-07-24T14:46:12","slug":"defendiendo","status":"publish","type":"page","link":"https:\/\/waterlat.org\/es\/publicaciones\/libros\/defendiendo\/","title":{"rendered":"Defendiendo Territorio y Dignidad. Emociones y Cambio Cultural en las Luchas contra Represas en Espa\u00f1a y M\u00e9xico"},"content":{"rendered":"<style>\r\n.dw_pdf-full {\r\n    background-color: rgba(251, 116, 116, 0);\r\n    padding: 8px 20px;\r\n    color: #b52335;\r\n    text-decoration: none;\r\n    border: 2px #b52335 solid;\r\n    transition: 0.2s all;\r\n    border-radius: 4px;\r\n    font-weight: 600;\r\nmargin:0px 5px;}\r\n.dw_pdf-full:hover{background-color: #b52335; color:white;}\r\n.dw_pdf-full i {font-size:25px; vertical-align: bottom; margin-right: 3px;}\r\n<\/style>\r\n\r\n<a href=\"http:\/\/waterlat.org\/wp-content\/uploads\/2017\/09\/capa-from-Poma_Defendiendo-territorioNUEVO.jpg\"><img loading=\"lazy\" decoding=\"async\" class=\"alignnone size-medium wp-image-3689\" src=\" http:\/\/waterlat.org\/wp-content\/uploads\/2017\/09\/capa-from-Poma_Defendiendo-territorioNUEVO.jpg\" alt=\"\" width=\"214\" height=\"300\" \/><\/a>\r\n<\/br>\r\n<span style=\"line-height: 1.714285714; font-size: 1rem;\">Poma, Alice<\/span><span style=\"text-decoration: underline;\">Defendiendo Territorio y Dignidad. Emociones y Cambio Cultural en las Luchas contra Represas en Espa\u00f1a y M\u00e9xico, <\/span><span style=\"line-height: 1.714285714; font-size: 1rem;\"> (ISBN 978-85-7879-386-9, E-book), Campina Grande, Para\u00edba, Brasil: <\/span><a style=\"line-height: 1.714285714; font-size: 1rem;\" href=\"http:\/\/eduepb.uepb.edu.br\">Editora da Universidade Estadual da Para\u00edba (EDUEPB)<\/a><span style=\"line-height: 1.714285714; font-size: 1rem;\"> Red WATERLAT-GOBACIT, Escuela de Estudios Hispano Americanos (EEHA), Consejo Superior de Investigaciones Cient\u00edficas (CSIC), Espa\u00f1a, e Instituto Tecnol\u00f3gico y de Estudios Superiores de Occidente, Guadalajara, M\u00e9xico, 2017. DOI: 10.5281\/zenodo.3959169.<\/span>\r\n<\/br>\r\n<i><a href=\"https:\/\/zenodo.org\/record\/3959169#invenio-csl\" class=\"desar\" style=\"color:#9ad3f9;\">Exportar Cita<\/a><\/i>\r\n\r\n\r\n\r\n<\/br>\r\n<h3>Descargar<\/h3>\r\n\r\n\r\n<a href=\"https:\/\/zenodo.org\/record\/3959169#.XiXTby3MxQI\" class=\"dw_pdf-full\" target=\"_blank\" rel=\"noopener noreferrer\"><i class=\"fa fa-file-pdf-o\" aria-hidden=\"true\" fa-3x><\/i>PDF<\/a>\r\n\r\n<a href=\"https:\/\/www.amazon.com.mx\/Defendiendo-territorio-dignidad-emociones-cultural-ebook\/dp\/B079VVR79P\/ref=sr_1_1?s=digital-text&#038;ie=UTF8&#038;qid=1519056067&#038;sr=1-1\" class=\"dw_pdf-full\" target=\"_blank\" rel=\"noopener noreferrer\"><i class=\"fa fa-amazon\"><\/i>Amazon<\/a>\r\n\r\n<a href=\"https:\/\/itunes.apple.com\/mx\/book\/defendiendo-territorio-y-dignidad-emociones-y-cambio\/id1349886787?l=en&#038;mt=11\" class=\"dw_pdf-full\" target=\"_blank\" rel=\"noopener noreferrer\"><i class=\"fa fa-music\"><\/i>iTunes<\/a>\r\n\r\n<a href=\"https:\/\/play.google.com\/store\/books\/details?id=IVVMDwAAQBAJ\" class=\"dw_pdf-full\" target=\"_blank\" rel=\"noopener noreferrer\"><i class=\"fa fa-google\"><\/i>Google Play<\/a>\r\n\r\n<a href=\"https:\/\/books.google.com.mx\/books\/about?id=IVVMDwAAQBAJ&#038;redir_esc=y&#038;hl=en\" class=\"dw_pdf-full\" target=\"_blank\" rel=\"noopener noreferrer\"><i class=\"fa fa-book\"><\/i>Google Books<\/a>\r\n\r\n\r\n<\/br>\r\n<\/br>\r\n\r\n<h3>Presentaciones del libro<\/h3>\r\n<a href=\"https:\/\/waterlat.org\/es\/diseminacion\/podcasts\/\">Defendiendo Territorio y Dignidad, Podcast 5, Serie Voces por el Agua, Alex Caldera y Jos\u00e9 Esteban Castro, con Alice Poma, DOI: 10.5072\/zenodo.428258<\/a>.\r\n<\/br>\r\n<\/br>\r\n<a href=\"https:\/\/www.youtube.com\/embed\/7cF7COjUJdU\">Presentaci\u00f3n en el Instituto de Investigaciones Sociales, Universidad Nacional Aut\u00f3noma de M\u00e9xico, Ciudad de M\u00e9xico, 24 de noviembre de 2017.<\/a>","protected":false},"excerpt":{"rendered":"Poma, AliceDefendiendo Territorio y Dignidad. Emociones y Cambio Cultural en las Luchas contra Represas en Espa\u00f1a y M\u00e9xico, (ISBN 978-85-7879-386-9, E-book), Campina Grande, Para\u00edba, Brasil: Editora da Universidade Estadual da Para\u00edba (EDUEPB) Red WATERLAT-GOBACIT, Escuela de Estudios Hispano Americanos (EEHA), Consejo Superior de Investigaciones Cient\u00edficas (CSIC), Espa\u00f1a, e Instituto Tecnol\u00f3gico y de Estudios Superiores de [&hellip;]","protected":false},"author":3,"featured_media":0,"parent":22,"menu_order":0,"comment_status":"closed","ping_status":"closed","template":"page-templates\/full-width.php","meta":{"_acf_changed":false,"footnotes":""},"class_list":["post-2623","page","type-page","status-publish","hentry","no-wpautop"],"acf":[],"_links":{"self":[{"href":"https:\/\/waterlat.org\/es\/wp-json\/wp\/v2\/pages\/2623","targetHints":{"allow":["GET"]}}],"collection":[{"href":"https:\/\/waterlat.org\/es\/wp-json\/wp\/v2\/pages"}],"about":[{"href":"https:\/\/waterlat.org\/es\/wp-json\/wp\/v2\/types\/page"}],"author":[{"embeddable":true,"href":"https:\/\/waterlat.org\/es\/wp-json\/wp\/v2\/users\/3"}],"replies":[{"embeddable":true,"href":"https:\/\/waterlat.org\/es\/wp-json\/wp\/v2\/comments?post=2623"}],"version-history":[{"count":14,"href":"https:\/\/waterlat.org\/es\/wp-json\/wp\/v2\/pages\/2623\/revisions"}],"predecessor-version":[{"id":3559,"href":"https:\/\/waterlat.org\/es\/wp-json\/wp\/v2\/pages\/2623\/revisions\/3559"}],"up":[{"embeddable":true,"href":"https:\/\/waterlat.org\/es\/wp-json\/wp\/v2\/pages\/22"}],"wp:attachment":[{"href":"https:\/\/waterlat.org\/es\/wp-json\/wp\/v2\/media?parent=2623"}],"curies":[{"name":"wp","href":"https:\/\/api.w.org\/{rel}","templated":true}]}}