{"id":2651,"date":"2017-09-17T04:11:27","date_gmt":"2017-09-17T04:11:27","guid":{"rendered":"http:\/\/waterlat.org\/es\/?page_id=2651"},"modified":"2023-01-06T15:58:54","modified_gmt":"2023-01-06T15:58:54","slug":"vol4no2","status":"publish","type":"page","link":"https:\/\/waterlat.org\/es\/working-papers-series\/vol4\/vol4no2\/","title":{"rendered":"Vol. 4 No. 2"},"content":{"rendered":"<style>\r\n.entry-content img, .comment-content img, .widget img, img.header-image, .author-avatar img, img.wp-post-image {\r\nbox-shadow: none;\r\n}\r\n.box {\r\n  width: 40%;\r\n  margin: 0 auto;\r\n  background: rgba(255,255,255,0.2);\r\n  padding: 35px;\r\n  border: 2px solid #fff;\r\n  border-radius: 20px\/50px;\r\n  background-clip: padding-box;\r\n  text-align: center;\r\n}\r\n\r\n.pl_issn{text-align: right;    margin-bottom: 25px !important;font-size: 14px;display: inline;float: right;}\r\n.overlay {\r\n  position: fixed;\r\n  top: 0;\r\n  bottom: 0;\r\n  left: 0;\r\n  right: 0;\r\n  background: rgba(0, 0, 0, 0.7);\r\n  transition: opacity 500ms;\r\n  visibility: hidden;\r\n  opacity: 0;\r\n}\r\n.overlay:target {\r\n  visibility: visible;\r\n  opacity: 1;\r\n}\r\n\r\n.popup {\r\n  margin: 70px auto;\r\n  padding: 20px;\r\n  background: #fff;\r\n  border-radius: 5px;\r\n  width: 30%;\r\n  position: relative;\r\n  transition: all 5s ease-in-out;\r\n}\r\n\r\n.popup h2 {\r\n  margin-top: 0;\r\n  color: #333;\r\n  font-family: Tahoma, Arial, sans-serif;\r\n}\r\n.popup .close {\r\n  position: absolute;\r\n  top: 20px;\r\n  right: 30px;\r\n  transition: all 200ms;\r\n  font-size: 30px;\r\n  font-weight: bold;\r\n  text-decoration: none;\r\n  color: #333;\r\n}\r\n.popup .close:hover {\r\n  color: rgb(0, 66, 126);\r\n}\r\n.popup .content {\r\n  max-height: 30%;\r\n  overflow: auto;\r\n}\r\n\r\n@media screen and (max-width: 700px){\r\n  .box{\r\n    width: 70%;\r\n  }\r\n  .popup{\r\n    width: 70%;\r\n  }\r\n}\r\n.entry-content p {\r\nline-height: normal;\r\nmargin: 0;\r\n}\r\n\r\n.wp_cuaderno {display: inline-block; background-color: #ededed; box-shadow: 0 4px 8px 0 rgba(0, 0, 0, 0.2), 0 6px 20px 0 rgba(0, 0, 0, 0.19); padding: 20px 50px;}\r\n.wp_portada {float:left;}\r\n.wp_info{margin-left: 170px;}\r\np.titulo{font-size:18px;}\r\n.wp_info.desc{width: 90%; margin: 5px 0px;}\r\n.wp_info p {margin-bottom:3px;}\r\n.wp_info.serie{width: 360px;}\r\n.wp_info a {margin-top:8px;}\r\n\r\n.wp_descargas{clear: both; padding-top: 3px;}\r\n\r\n.dw_pdf {\r\n        background-color: rgba(251, 116, 116, 0);\r\n    padding: 8px 9px;\r\n    color: #b52335;\r\n    text-decoration: none;\r\n    border: 2px #b52335 solid;\r\n    transition: 0.2s all;\r\n    border-radius: 4px;\r\n    font-weight: 600;}\r\n.dw_pdf:hover{background-color: #b52335; color:white;}\r\n.dw_pdf i {font-size:25px; vertical-align: bottom; margin-right: 3px;}\r\n\r\n.dw_pdf-full {\r\n        background-color: rgba(251, 116, 116, 0);\r\n    padding: 8px 51px;\r\n    color: #b52335;\r\n    text-decoration: none;\r\n    border: 2px #b52335 solid;\r\n    transition: 0.2s all;\r\n    border-radius: 4px;\r\n    font-weight: 600;}\r\n.dw_pdf-full:hover{background-color: #b52335; color:white;}\r\n.dw_pdf-full i {font-size:25px; vertical-align: bottom; margin-right: 3px;}\r\n\r\n.dw_epub {background-color: rgba(251, 116, 116, 0);\r\n    padding: 8px 6px;\r\n    color: #0964bd;\r\n    text-decoration: none;\r\n    border: 2px #0964bd solid;\r\n    transition: 0.2s all;\r\n    border-radius: 4px;\r\n    margin-left: 5px;\r\n    font-weight: 600;}\r\n.dw_epub:hover{background-color: #0964bd; color:white;}\r\n.dw_epub i {font-size:25px; vertical-align: bottom; margin-right: 3px;}\r\n\r\n\r\n.wp_sec-art{padding-left: 50px; padding-top: 10px;}\r\n.wp_articulo{padding-top:40px;}\r\n.wp_articulo.tituloar{font-size:17px;}\r\na.desar {text-decoration: none; float:left; margin-right: 20px;}\r\n\r\n<\/style>\r\n\r\n<!-- CUADERNO !-->\r\n<p class=\"pl_issn\">ISSN: (Print)<b> 2056-4856<\/b><br \/>ISSN: (Online) <b>2056-4864<\/b><\/p>\r\n<div class=\"wp_cuaderno\">\r\n\r\n<!-- PORTADA !-->\r\n  <div class=\"wp_portada\">\r\n    <img width=\"158px \"src=\"http:\/\/waterlat.org\/wp-content\/uploads\/2017\/09\/tapa-y-contratapa-V4n2-01.jpg\" \/>\r\n  <\/div>\r\n\r\n  <!-- INFORMACION DERECHA !-->\r\n  <div class=\"wp_info\">\r\n\r\n      <!-- TITULO !--> <b><p class=\"titulo\">Vol. 4, No. 2<\/p><\/b>\r\n      <!-- FECHA !-->  <p>Junio de 2017<\/p>\r\n      <!-- AUTOR !-->  <p>Castro, Jose Esteban (Editor) <\/p>\r\n      <!-- DOI !-->    <i><p>DOI: 10.5281\/zenodo.7507972<\/p><\/i>\r\n      <!-- DESCR !-->  <p class=\"desc\"><b>Pol\u00edtica y gesti\u00f3n del agua: resultados de investigaci\u00f3n de \u00c1frica, Asia, Europa y Am\u00e9rica Latina<\/b> (art\u00edculos en espa\u00f1ol, ingl\u00e9s y portugu\u00e9s)<\/p>\r\n      <!-- SERIE   <i><p class=\"serie\">??? (serie)<\/p><\/i>!-->\r\n      <!-- CITA !-->    <i><a href=\"https:\/\/zenodo.org\/record\/7507972#invenio-csl\" class=\"desar\" style=\"color:#9ad3f9;\">Exportar Cita<\/a><\/i>\r\n\r\n  <\/div>\r\n\r\n\r\n  <!-- DESCARGAS !-->\r\n  <div class=\"wp_descargas\">\r\n    <!-- PDF LINK !-->  <a href=\"https:\/\/zenodo.org\/record\/7507972\" class=\"dw_pdf-full\" target=\"_blank\" rel=\"noopener noreferrer\"><i class=\"fa fa-file-pdf-o\" aria-hidden=\"true\" fa-3x><\/i>PDF<\/a>\r\n    <!-- PDF LINK  <a href=\"#\" class=\"dw_pdf\"><i class=\"fa fa-file-pdf-o\" aria-hidden=\"true\" fa-3x><\/i>PDF<\/a>\r\n    EPUB LINK  <a href=\"#\" class=\"dw_epub\"><i class=\"fa fa-file-text-o\" aria-hidden=\"true\"><\/i>EPUB<\/a>!-->\r\n  <\/div>\r\n\r\n<\/div>\r\n\r\n\r\n<!-- SECCION ARTICULOS !-->\r\n<div style=\"margin-top: 30px;\">\r\n  <h3 style=\" margin-bottom:5px;\">Art\u00edculos<\/h3>\r\n  <hr style=\"margin: 0;\">\r\n\r\n<!-- ARTICULOS !-->\r\n<div class=\"wp_sec-art\">\r\n\r\n    <!-- ARTICULO INDIVIDUAL !-->\r\n      <div class=\"wp_articulo\">\r\n        <!-- TITULO !-->  <b><p class=\"tituloar\">Suministrando agua en Gales: existe una Tercera V\u00eda? La experiencia galesa con empresas p\u00fablicas y privadas y la emergencia del modelo no orientado a la ganancia p\u00e1gs. 7-26<\/b> (en ingl\u00e9s)\r\n<\/p><\/b>\r\n        <!-- AUTOR  !-->  <p>Mark Drakeford<\/p>\r\n        <!-- DOI    !-->  <p style=\"float:left;\">DOI: <\/p><p>10.5281\/zenodo.7508022<\/p>\r\n        <!-- PDF LINK  !-->  <a class=\"desar\"  href=\"https:\/\/zenodo.org\/record\/27508022\"><b><p style=\"color:#ff5e73;\">PDF<\/p><\/b><\/a>\r\n        <!-- EPUB LINK   <a class=\"desar\"  href=\"#\"><b><p style=\"color:#3e99f9;\">EPUB<\/p><\/b><\/a>!-->\r\n        <!-- CITA LINK !-->  <a class=\"desar\"  href=\"https:\/\/zenodo.org\/record\/7508022#invenio-csl\"><p style=\"color:#9ad3f9;\">Exportar Cita<\/p><\/a>\r\n      <\/div>\r\n\r\n      <!-- ARTICULO INDIVIDUAL !-->\r\n        <div class=\"wp_articulo\">\r\n          <!-- TITULO !-->  <b><p class=\"tituloar\">La privatizaci\u00f3n parcial de la Compa\u00f1\u00eda de Aguas de Berl\u00edn en 1999 y el desarrollo urbano en la Berl\u00edn de la d\u00e9cada de 1990 p\u00e1gs 27-40 <\/b> (en ingl\u00e9s)<\/p><\/b>\r\n          <!-- AUTOR  !-->  <p>Ross Beveridge<\/p>\r\n          <!-- DOI    !-->  <p style=\"float:left;\">DOI: <\/p><p>10.5281\/zenodo.7508046 <\/p>\r\n          <!-- PDF LINK  !-->  <a class=\"desar\"  href=\"https:\/\/zenodo.org\/record\/7508046\"><b><p style=\"color:#ff5e73;\">PDF<\/p><\/b><\/a>\r\n          <!-- EPUB LINK  <a class=\"desar\"  href=\"#\"><b><p style=\"color:#3e99f9;\">EPUB<\/p><\/b><\/a>!--> \r\n          <!-- CITA LINK !-->  <a class=\"desar\"  href=\"https:\/\/zenodo.org\/record\/7508046#invenio-csl\"><p style=\"color:#9ad3f9;\">Exportar Cita<\/p><\/a>\r\n        <\/div>\r\n\r\n    <!-- ARTICULO INDIVIDUAL !-->\r\n      <div class=\"wp_articulo\">\r\n        <!-- TITULO !-->  <b><p class=\"tituloar\">El nexo entre el agua y la desigualdad socio-espacial en el \u00c1frica sub-Sahariana: legados, corrientes y una agenda de investigaci\u00f3n p\u00e1gs. 41-77 <\/b>(en ingl\u00e9s)<\/p><\/b>\r\n        <!-- AUTOR  !-->  <p>Emmanuel M. Akpabio, Eti-ido S. Udofia, y Kaoru Takara<\/p>\r\n        <!-- DOI    !-->  <p style=\"float:left;\">DOI: <\/p><p>10.5281\/zenodo.7508056<\/p>\r\n        <!-- PDF LINK  !-->  <a class=\"desar\"  href=\"https:\/\/zenodo.org\/record\/7508056\"><b><p style=\"color:#ff5e73;\">PDF<\/p><\/b><\/a>\r\n        <!-- EPUB LINK   <a class=\"desar\"  href=\"#\"><b><p style=\"color:#3e99f9;\">EPUB<\/p><\/b><\/a>!-->\r\n        <!-- CITA LINK !-->  <a class=\"desar\"  href=\"https:\/\/zenodo.org\/record\/7508056#invenio-csl\"><p style=\"color:#9ad3f9;\">Exportar Cita<\/p><\/a>\r\n      <\/div>\r\n\r\n\r\n    <!-- ARTICULO INDIVIDUAL !-->\r\n      <div class=\"wp_articulo\">\r\n        <!-- TITULO !-->  <b><p class=\"tituloar\">El auge de las re-estatizaciones en Argentina \u00bfHacia un nuevo modelo p\u00fablico del agua?p\u00e1gs.78-118 <\/b><\/p>\r\n<\/p><\/b>\r\n        <!-- AUTOR  !-->  <p>Melina Tob\u00edas, Damiano Tagliavini y Melisa Orta<\/p>\r\n        <!-- DOI    !-->  <p style=\"float:left;\">DOI: <\/p><p>10.5281\/zenodo.7508078<\/p>\r\n        <!-- PDF LINK  !-->  <a class=\"desar\"  href=\"https:\/\/zenodo.org\/record\/7508078\"><b><p style=\"color:#ff5e73;\">PDF<\/p><\/b><\/a>\r\n        <!-- EPUB LINK   <a class=\"desar\"  href=\"#\"><b><p style=\"color:#3e99f9;\">EPUB<\/p><\/b><\/a>!-->\r\n        <!-- CITA LINK !-->  <a class=\"desar\"  href=\"https:\/\/zenodo.org\/record\/7508078#invenio-csl\"><p style=\"color:#9ad3f9;\">Exportar Cita<\/p><\/a>\r\n      <\/div>\r\n\r\n\r\n    <!-- ARTICULO INDIVIDUAL !-->\r\n      <div class=\"wp_articulo\">\r\n        <!-- TITULO !-->  <b><p class=\"tituloar\">Antropolog\u00eda y agua(s). Cuestiones globales, aguas locales y flujo cultural p\u00e1gs.119-143 <\/b><\/p>\r\n<\/p><\/b>\r\n        <!-- AUTOR  !-->  <p>Barbara Casciarri y Mauro Van Aken. Traducido y comentado por Luisa Arango y Jorge Rowlands<\/p>\r\n        <!-- DOI    !-->  <p style=\"float:left;\">DOI: <\/p><p>10.5281\/zenodo.7508090<\/p>\r\n        <!-- PDF LINK  !-->  <a class=\"desar\"  href=\"https:\/\/zenodo.org\/record\/7508090\"><b><p style=\"color:#ff5e73;\">PDF<\/p><\/b><\/a>\r\n        <!-- EPUB LINK   <a class=\"desar\"  href=\"#\"><b><p style=\"color:#3e99f9;\">EPUB<\/p><\/b><\/a>!-->\r\n        <!-- CITA LINK !-->  <a class=\"desar\"  href=\"https:\/\/zenodo.org\/record\/7508090#invenio-csl\"><p style=\"color:#9ad3f9;\">Exportar Cita<\/p><\/a>\r\n      <\/div>\r\n\r\n\r\n    <!-- ARTICULO INDIVIDUAL !-->\r\n      <div class=\"wp_articulo\">\r\n        <!-- TITULO !-->  <b><p class=\"tituloar\">Administraci\u00f3n de los bienes comunes: la gobernabilidad h\u00eddrica en disputa p\u00e1gs.144-159 <\/b><\/p>   (en portugu\u00e9s)<\/p>\r\n        <!-- AUTOR  !-->  <p>Ladislau Dowbor y Arlindo M. Esteves Rodrigues\r\n<\/p>\r\n        <!-- DOI    !-->  <p style=\"float:left;\">DOI: <\/p><p>10.5281\/zenodo.7508110<\/p>\r\n        <!-- PDF LINK  !-->  <a class=\"desar\"  href=\"https:\/\/zenodo.org\/record\/7508110\"><b><p style=\"color:#ff5e73;\">PDF<\/p><\/b><\/a>\r\n        <!-- EPUB LINK   <a class=\"desar\"  href=\"#\"><b><p style=\"color:#3e99f9;\">EPUB<\/p><\/b><\/a>!-->\r\n        <!-- CITA LINK !-->  <a class=\"desar\"  href=\"https:\/\/zenodo.org\/record\/7508110#invenio-csl\"><p style=\"color:#9ad3f9;\">Exportar Cita<\/p><\/a>\r\n      <\/div>\r\n\r\n\r\n\r\n\r\n\r\n\r\n\r\n\r\n<\/div>\r\n\r\n\r\n\r\n<\/div>\r\n\r\n\r\n<style>\r\n.export-list{\r\n   list-style-type: none;\r\n   margin-top: 10px !important;\r\n}\r\n.export-list li {display:inline-block; margin: 0px 0px 0px 1.4rem;}\r\n.export-list a {color: #2a8bb7; text-decoration: none; transition:0.2s all;}\r\n.export-list a:hover{text-decoration:underline; transition:0.2s all;}\r\n<\/style>\r\n\r\n","protected":false},"excerpt":{"rendered":"ISSN: (Print) 2056-4856ISSN: (Online) 2056-4864 Vol. 4, No. 2 Junio de 2017 Castro, Jose Esteban (Editor) DOI: 10.5281\/zenodo.7507972 Pol\u00edtica y gesti\u00f3n del agua: resultados de investigaci\u00f3n de \u00c1frica, Asia, Europa y Am\u00e9rica Latina (art\u00edculos en espa\u00f1ol, ingl\u00e9s y portugu\u00e9s) Exportar Cita PDF Art\u00edculos Suministrando agua en Gales: existe una Tercera V\u00eda? La experiencia galesa con [&hellip;]","protected":false},"author":78,"featured_media":0,"parent":2655,"menu_order":0,"comment_status":"closed","ping_status":"closed","template":"page-templates\/full-width.php","meta":{"_acf_changed":false,"footnotes":""},"class_list":["post-2651","page","type-page","status-publish","hentry","no-wpautop"],"acf":[],"_links":{"self":[{"href":"https:\/\/waterlat.org\/es\/wp-json\/wp\/v2\/pages\/2651","targetHints":{"allow":["GET"]}}],"collection":[{"href":"https:\/\/waterlat.org\/es\/wp-json\/wp\/v2\/pages"}],"about":[{"href":"https:\/\/waterlat.org\/es\/wp-json\/wp\/v2\/types\/page"}],"author":[{"embeddable":true,"href":"https:\/\/waterlat.org\/es\/wp-json\/wp\/v2\/users\/78"}],"replies":[{"embeddable":true,"href":"https:\/\/waterlat.org\/es\/wp-json\/wp\/v2\/comments?post=2651"}],"version-history":[{"count":17,"href":"https:\/\/waterlat.org\/es\/wp-json\/wp\/v2\/pages\/2651\/revisions"}],"predecessor-version":[{"id":3878,"href":"https:\/\/waterlat.org\/es\/wp-json\/wp\/v2\/pages\/2651\/revisions\/3878"}],"up":[{"embeddable":true,"href":"https:\/\/waterlat.org\/es\/wp-json\/wp\/v2\/pages\/2655"}],"wp:attachment":[{"href":"https:\/\/waterlat.org\/es\/wp-json\/wp\/v2\/media?parent=2651"}],"curies":[{"name":"wp","href":"https:\/\/api.w.org\/{rel}","templated":true}]}}