{"id":2696,"date":"2017-11-13T23:09:10","date_gmt":"2017-11-13T23:09:10","guid":{"rendered":"http:\/\/waterlat.org\/es\/?page_id=2696"},"modified":"2017-11-13T23:29:30","modified_gmt":"2017-11-13T23:29:30","slug":"premio-2017","status":"publish","type":"page","link":"https:\/\/waterlat.org\/es\/premio-waterlat-para-estudiantes\/premio-2017\/","title":{"rendered":"Premio WATERLAT-GOBACIT 2017"},"content":{"rendered":"<p>La cuarta llamada a postulaciones para el Premio WATERLAT-GOBACIT fue para tesis aprobadas entre el 1 de enero y el 31 de diciembre de 2016 y cerr\u00f3 el 28 de febrero de 2017. Se presentaron 5 postulantes, 2 al Premio de Maestr\u00eda y 3 al Premio de Doctorado. Se convoc\u00f3 a una Comisi\u00f3n Evaluadora compuesta de acad\u00e9micas y acad\u00e9micos miembros de la Red. Al final de esta p\u00e1gina suministramos los detalles de la Comisi\u00f3n Evaluadora. Los resultados fueron anunciados el 13 de noviembre de 2017.<\/p>\n<p>&nbsp;<\/p>\n<hr \/>\n<p>&nbsp;<\/p>\n<h3>El Premio<\/h3>\n<p><span style=\"text-decoration: underline;\">Premio Doctoral 2017<\/span><\/p>\n<p><strong>Fabio Vladimir S\u00e1nchez Calder\u00f3n<\/strong>. T\u00edtulo de la tesis: \u201cTunjuelo: un r\u00edo del sur: Desigualdad urbana en Bogot\u00e1 a mediados del siglo XX\u201d. Doctorado en Historia, Universidad de Los Andes, Bogot\u00e1, Colombia, 2016. <a href=\"http:\/\/waterlat.org\/Thesis\/ThesisSanchezCalderon.pdf\">Accesible aqu\u00ed<\/a>.<\/p>\n<p>&nbsp;<\/p>\n<p><span style=\"text-decoration: underline;\">Premio de Maestr\u00eda  2017<\/span><\/p>\n<p>De acuerdo a los reglamentos del concurso, no hubo ganador del Premio de Maestr\u00eda 2017.  <\/p>\n<p>&nbsp;<\/p>\n<p>Dado que tuvimos candidatos excelentes, la <a href=\"https:\/\/waterlat.org\/es\/publicaciones\/comision-de-publicaciones\/\">Comisi\u00f3n Editorial<\/a> decidi\u00f3 invitar al resto de los participantes a enviar un art\u00edculo basado en las tesis para su publicaci\u00f3n en la Serie de <a href=\"https:\/\/waterlat.org\/es\/publicaciones\/cuadernos-de-trabajo\/\">Cuadernos de Trabajo<\/a> de la Red.<\/p>\n<p>&nbsp;<\/p>\n<hr \/>\n<h3>Lista completa de los candidatos participantes:<\/h3>\n<p><strong><span style=\"text-decoration: underline;\">Premio Doctoral<\/span><\/strong><\/p>\n<p><strong>Circe Esmeralda Badillo Salas<\/strong>. T\u00edtulo de la tesis: \u201cProducci\u00f3n Espacial de la Distribuci\u00f3n Desigual de Agua en Colonias Periurbanas en la Ciudad de Tijuana Baja California\u201d. Doctorado en Geograf\u00eda, Universidad Nacional Aut\u00f3noma de M\u00e9xico (UNAM), Ciudad de M\u00e9xico, M\u00e9xico, 2016. <a href=\"http:\/\/waterlat.org\/Thesis\/ThesisBadilloSalas.pdf\">Accesible aqu\u00ed<\/a>.<\/p>\n<p><strong>Gonzalo Hatch Kuri<\/strong>. T\u00edtulo de la tesis: \u201cConflictos jur\u00eddico-pol\u00edticos por apropiaci\u00f3n de aguas subterr\u00e1neas en la regi\u00f3n de Paso del Norte\u201d. Doctorado en Geograf\u00eda, Universidad Nacional Aut\u00f3noma de M\u00e9xico (UNAM), Ciudad de M\u00e9xico, M\u00e9xico, 2016. <a href=\"http:\/\/waterlat.org\/Thesis\/ThesisHatchKuri.pdf\">Accesible aqu\u00ed<\/a>.<\/p>\n<p><strong>Fabio Vladimir S\u00e1nchez Calder\u00f3n<\/strong>. T\u00edtulo de la tesis: \u201cTunjuelo: un r\u00edo del sur: Desigualdad urbana en Bogot\u00e1 a mediados del siglo XX\u201d. Doctorado en Historia, Universidad de Los Andes, Bogot\u00e1, Colombia, 2016. <a href=\"http:\/\/waterlat.org\/Thesis\/ThesisSanchezCalderon.pdf\">Accesible aqu\u00ed<\/a>.<\/p>\n<p>&nbsp;<\/p>\n<p><strong><span style=\"text-decoration: underline;\">Premio de Maestr\u00eda<\/span><\/strong><\/p>\n<p><strong>Mois\u00e9s Gerardo Hern\u00e1ndez Cruz<\/strong>. T\u00edtulo de la tesis: \u201cPlanificaci\u00f3n h\u00eddrica y gobernanza del agua: su implementaci\u00f3n en la subcuenca hidrogr\u00e1fica del r\u00edo Amecameca, Valle de M\u00e9xico\u201d. Maestr\u00eda en Gesti\u00f3n Integral del Agua, El Colegio de la Frontera Norte, Monterrey, Nuevo Le\u00f3n, M\u00e9xico, 2016. <a href=\"http:\/\/waterlat.org\/Thesis\/ThesisHernandezCruz.pdf\">Accesible aqu\u00ed<\/a>.<\/p>\n<p><strong>Edson Aparecido da Silva<\/strong>. T\u00edtulo de la tesis: \u201cDespolui\u00e7\u00e3o do rio Tiet\u00ea: questionar paradigmas para avan\u00e7ar\u201d. Maestr\u00eda en Planeamiento y Gesti\u00f3n del Territorio, Universidade Federal do ABC, Santo Andr\u00e9, San Pablo, Brasil, 2016. <a href=\"http:\/\/waterlat.org\/Thesis\/ThesisSilva.pdf\">Accesible aqu\u00ed<\/a>.<\/p>\n<p>&nbsp;<\/p>\n<hr \/>\n<h3>Comisi\u00f3n Evaluadora de la Edici\u00f3n 2017 del Premio WATERLAT-GOBACIT para Estudiantes<\/h3>\n<p>Dr. Pa\u00fal Cisneros, Instituto de Altos Estudios Nacionales (IAEN), Quito, Ecuador<\/p>\n<p>Dr. Andre Monteiro Costa, Fundaci\u00f3n Oswaldo Cruz (Fiocruz), Recife, Pernambuco, Brasil<\/p>\n<p>Dra. Uende Aparecida Figueiredo Gomes, Universidad Federal de Minas Gerais (UFMG), Belo Horizonte, Brasil<\/p>\n<p>Dra. Ver\u00f3nica Ibarra, Universidad Nacional Aut\u00f3noma de M\u00e9xico (UNAM), Ciudad de M\u00e9xico, M\u00e9xico<\/p>\n<p>Dra. Marcela Morales-Maga\u00f1a, Universidad Nacional Aut\u00f3noma de M\u00e9xico (UNAM), Morelia, Michoac\u00e1n, M\u00e9xico<\/p>\n<p>Dra. Paula Mussetta, Consejo Nacional de Investigaciones Cient\u00edficas y T\u00e9cnicas (CONICET), Mendoza, Argentina<\/p>\n<p>Dra. Esther Padilla Calder\u00f3n, El Colegio de Sonora, Hermosillo, Sonora, M\u00e9xico<\/p>\n<p>Dra. Adriana Sandoval Moreno, Universidad Nacional Aut\u00f3noma de M\u00e9xico (UNAM), Jiquilpan, Michoac\u00e1n, M\u00e9xico<\/p>\n<p>Dra. Inmaculada Sim\u00f3n Ruiz, Universidad Aut\u00f3noma de Chile, Santiago, Chile<\/p>\n<p>Dra. Beatriz Torres Beristain, Universidad Veracruzana, Xalapa, Veracruz, M\u00e9xico<\/p>\n<p>&nbsp;<\/p>\n<hr \/>\n<p style=\"text-align: center;\">Para consultas o comentarios referidos al Premio WATERLAT-GOBACIT para Estudiantes, por favor contactar la <a href=\"mailto:redwaterlat@gmail.com\">Secretar\u00eda<\/a> de la Red.<\/p>\n<p>&nbsp;<\/p>\n","protected":false},"excerpt":{"rendered":"<p>La cuarta llamada a postulaciones para el Premio WATERLAT-GOBACIT fue para tesis aprobadas entre el 1 de enero y el 31 de diciembre de 2016 y cerr\u00f3 el 28 de febrero de 2017. Se presentaron 5 postulantes, 2 al Premio de Maestr\u00eda y 3 al Premio de Doctorado. Se convoc\u00f3 a una Comisi\u00f3n Evaluadora compuesta [&hellip;]<\/p>\n","protected":false},"author":3,"featured_media":0,"parent":339,"menu_order":0,"comment_status":"closed","ping_status":"closed","template":"page-templates\/full-width.php","meta":{"_acf_changed":false,"footnotes":""},"class_list":["post-2696","page","type-page","status-publish","hentry","wpautop"],"acf":[],"_links":{"self":[{"href":"https:\/\/waterlat.org\/es\/wp-json\/wp\/v2\/pages\/2696","targetHints":{"allow":["GET"]}}],"collection":[{"href":"https:\/\/waterlat.org\/es\/wp-json\/wp\/v2\/pages"}],"about":[{"href":"https:\/\/waterlat.org\/es\/wp-json\/wp\/v2\/types\/page"}],"author":[{"embeddable":true,"href":"https:\/\/waterlat.org\/es\/wp-json\/wp\/v2\/users\/3"}],"replies":[{"embeddable":true,"href":"https:\/\/waterlat.org\/es\/wp-json\/wp\/v2\/comments?post=2696"}],"version-history":[{"count":4,"href":"https:\/\/waterlat.org\/es\/wp-json\/wp\/v2\/pages\/2696\/revisions"}],"predecessor-version":[{"id":2701,"href":"https:\/\/waterlat.org\/es\/wp-json\/wp\/v2\/pages\/2696\/revisions\/2701"}],"up":[{"embeddable":true,"href":"https:\/\/waterlat.org\/es\/wp-json\/wp\/v2\/pages\/339"}],"wp:attachment":[{"href":"https:\/\/waterlat.org\/es\/wp-json\/wp\/v2\/media?parent=2696"}],"curies":[{"name":"wp","href":"https:\/\/api.w.org\/{rel}","templated":true}]}}