{"id":2710,"date":"2019-11-05T15:37:23","date_gmt":"2019-11-05T15:37:23","guid":{"rendered":"http:\/\/waterlat.org\/es\/?page_id=2710"},"modified":"2019-11-05T15:50:40","modified_gmt":"2019-11-05T15:50:40","slug":"curso-waterlat-gobacit-isp","status":"publish","type":"page","link":"https:\/\/waterlat.org\/es\/docencia\/curso-waterlat-gobacit-isp\/","title":{"rendered":"Curso de Especializaci\u00f3n WATERLAT-GOBACIT-ISP"},"content":{"rendered":"<h2>Especializaci\u00f3n en Pol\u00edtica y Gesti\u00f3n del Agua y de los Servicios B\u00e1sicos de Agua y Saneamiento<\/h2>\n<p><a href=\"https:\/\/waterlat.org\/es\/wp-content\/uploads\/sites\/2\/2019\/11\/Tapa-Curso.jpg\"><img loading=\"lazy\" decoding=\"async\" class=\"aligncenter size-large wp-image-3155\" src=\"https:\/\/waterlat.org\/es\/wp-content\/uploads\/sites\/2\/2019\/11\/Tapa-Curso-724x1024.jpg\" alt=\"\" width=\"625\" height=\"884\" srcset=\"https:\/\/waterlat.org\/es\/wp-content\/uploads\/sites\/2\/2019\/11\/Tapa-Curso-724x1024.jpg 724w, https:\/\/waterlat.org\/es\/wp-content\/uploads\/sites\/2\/2019\/11\/Tapa-Curso-212x300.jpg 212w, https:\/\/waterlat.org\/es\/wp-content\/uploads\/sites\/2\/2019\/11\/Tapa-Curso-768x1087.jpg 768w, https:\/\/waterlat.org\/es\/wp-content\/uploads\/sites\/2\/2019\/11\/Tapa-Curso-624x883.jpg 624w, https:\/\/waterlat.org\/es\/wp-content\/uploads\/sites\/2\/2019\/11\/Tapa-Curso.jpg 1653w\" sizes=\"auto, (max-width: 625px) 100vw, 625px\" \/><\/a><\/p>\n<p>Este curso es parte de las actividades previstas en el <a href=\"https:\/\/waterlat.org\/es\/proyectos\/acuerdo-de-cooperacion-con-la-isp\/\">Acuerdo de Cooperaci\u00f3n entre la Red WATERLAT-GOBACIT y la Internacional de Servicios P\u00fablicos (ISP)<\/a>. El curso se imparte con el apoyo del <a href=\"https:\/\/www.iteso.mx\/\">Instituto Tecnol\u00f3gico y de Estudios Superiores de Occidente (ITESO)<\/a>, Guadalajara, Jalisco, M\u00e9xico.<\/p>\n<hr style=\"background-color: cornflowerblue;\" \/>\n<h3>Coordinaci\u00f3n:<\/h3>\n<p><span style=\"text-decoration: underline;\">Coordinador Acad\u00e9mico del Curso:<\/span><\/p>\n<p>Jos\u00e9 Esteban Castro, Investigador Principal, Consejo Nacional de Investigaciones Cient\u00edficas y T\u00e9cnicas (CONICET), Argentina. Profesor Em\u00e9rito, Universidad de Newcastle, Reino Unido.<\/p>\n<p><span style=\"text-decoration: underline;\">Coordinador representando a la ISP<\/span>:<\/p>\n<p>Oscar Rodr\u00edguez, Internacional de Servicios P\u00fablicos (ISP), Costa Rica<\/p>\n<p><span style=\"text-decoration: underline;\">Coordinador representando a ITESO<\/span>:<\/p>\n<p>Mario L\u00f3pez, Instituto Tecnol\u00f3gico y de Estudios Superiores de Occidente (ITESO), Guadalajara, M\u00e9xico<\/p>\n<p><span style=\"text-decoration: underline;\">Secretar\u00eda del Curso<\/span>:<\/p>\n<p>Ana Sof\u00eda Mac\u00edas Ascanio, Instituto Tecnol\u00f3gico y de Estudios Superiores de Occidente (ITESO), Guadalajara, M\u00e9xico<\/p>\n<hr style=\"background-color: cornflowerblue;\" \/>\n<p>&nbsp;<\/p>\n<p><span style=\"text-decoration: underline;\">Equipo Docente (en orden alfab\u00e9tico)<\/span>:<\/p>\n<p>Jos\u00e9 Esteban Castro<br \/>\nConsejo Nacional de Investigaciones Cient\u00edficas y T\u00e9cnicas (CONICET), Argentina y Newcastle University, Reino Unido<\/p>\n<p>Mariela Garc\u00eda<br \/>\nInstituto de Investigaci\u00f3n y Desarrollo en Agua Potable, Saneamiento B\u00e1sico y Conservaci\u00f3n del Recurso H\u00eddrico (CINARA), Universidad del Valle, Cali, Colombia<\/p>\n<p>Mario L\u00f3pez<br \/>\nInstituto Tecnol\u00f3gico y de Estudios Superiores de Occidente (ITESO), Guadalajara, M\u00e9xico<\/p>\n<p>Miguel Pe\u00f1a<br \/>\nInstituto de Investigaci\u00f3n y Desarrollo en Agua Potable, Saneamiento B\u00e1sico y Conservaci\u00f3n del Recurso H\u00eddrico (CINARA), Universidad del Valle, Cali, Colombia<\/p>\n<p>Mart\u00edn Sanzana<br \/>\nInstituto de Estudios Estrat\u00e9gicos para el Desarrollo Humano (INEDH), Concepci\u00f3n, Chile<\/p>\n<p>Mar\u00eda Luisa Torregrosa<br \/>\nFacultad Latinoamericana de Ciencias Sociales (FLACSO), Ciudad de M\u00e9xico, M\u00e9xico<\/p>\n<p>Robinson Torres<br \/>\nFacultad de Ciencias Sociales y Facultad de Ciencias Ambientales, Universidad de Concepci\u00f3n, Concepci\u00f3n, Chile<\/p>\n<hr style=\"background-color: cornflowerblue;\" \/>\n<p>Para informaci\u00f3n adicional o consultas, contacte a nuestra <b>Secretar\u00eda:<\/b> Ana Sof\u00eda Mac\u00edas Ascanio<a href=\"mailto:redwaterlat@gmail.com\"> (Email)<\/a><\/p>\n<p>&nbsp;<\/p>\n","protected":false},"excerpt":{"rendered":"<p>Especializaci\u00f3n en Pol\u00edtica y Gesti\u00f3n del Agua y de los Servicios B\u00e1sicos de Agua y Saneamiento Este curso es parte de las actividades previstas en el Acuerdo de Cooperaci\u00f3n entre la Red WATERLAT-GOBACIT y la Internacional de Servicios P\u00fablicos (ISP). El curso se imparte con el apoyo del Instituto Tecnol\u00f3gico y de Estudios Superiores de [&hellip;]<\/p>\n","protected":false},"author":3,"featured_media":0,"parent":1826,"menu_order":0,"comment_status":"closed","ping_status":"closed","template":"page-templates\/full-width.php","meta":{"_acf_changed":false,"footnotes":""},"class_list":["post-2710","page","type-page","status-publish","hentry","wpautop"],"acf":[],"_links":{"self":[{"href":"https:\/\/waterlat.org\/es\/wp-json\/wp\/v2\/pages\/2710","targetHints":{"allow":["GET"]}}],"collection":[{"href":"https:\/\/waterlat.org\/es\/wp-json\/wp\/v2\/pages"}],"about":[{"href":"https:\/\/waterlat.org\/es\/wp-json\/wp\/v2\/types\/page"}],"author":[{"embeddable":true,"href":"https:\/\/waterlat.org\/es\/wp-json\/wp\/v2\/users\/3"}],"replies":[{"embeddable":true,"href":"https:\/\/waterlat.org\/es\/wp-json\/wp\/v2\/comments?post=2710"}],"version-history":[{"count":5,"href":"https:\/\/waterlat.org\/es\/wp-json\/wp\/v2\/pages\/2710\/revisions"}],"predecessor-version":[{"id":3160,"href":"https:\/\/waterlat.org\/es\/wp-json\/wp\/v2\/pages\/2710\/revisions\/3160"}],"up":[{"embeddable":true,"href":"https:\/\/waterlat.org\/es\/wp-json\/wp\/v2\/pages\/1826"}],"wp:attachment":[{"href":"https:\/\/waterlat.org\/es\/wp-json\/wp\/v2\/media?parent=2710"}],"curies":[{"name":"wp","href":"https:\/\/api.w.org\/{rel}","templated":true}]}}