{"id":2737,"date":"2017-12-22T18:47:56","date_gmt":"2017-12-22T18:47:56","guid":{"rendered":"http:\/\/waterlat.org\/es\/?page_id=2737"},"modified":"2018-02-17T14:35:21","modified_gmt":"2018-02-17T14:35:21","slug":"at4-galeria-multimedios","status":"publish","type":"page","link":"https:\/\/waterlat.org\/es\/areas-tematicas\/at4\/at4-galeria-multimedios\/","title":{"rendered":"Galer\u00eda Multimedios del AT4"},"content":{"rendered":"<h2>Lista de Reproducci\u00f3n en Youtube<\/h2>\n<p>El Canal de Youtube de la Red contiene entrevistas y otros materiales relacionados con miembros del AT4.<\/p>\n<p><span style=\"text-decoration: underline;\">Listas de Reproducci\u00f3n en el Canal de Youtube de la Red<\/span><\/p>\n<p><iframe loading=\"lazy\" width=\"560\" height=\"315\" src=\"https:\/\/www.youtube.com\/embed\/YPKGoOd0ix0\" frameborder=\"0\" gesture=\"media\" allow=\"encrypted-media\" allowfullscreen><\/iframe><\/p>\n<p>&nbsp;<\/p>\n<p>&nbsp;<\/p>\n<h2>\u00c1lbumes fotogr\u00e1ficos en Flickr<\/h2>\n<p><span style=\"text-decoration: underline;\">Visite los \u00e1lbumes fotogr\u00e1ficos de la Red en Flickr<\/span><\/p>\n<p><a data-flickr-embed=\"true\"  href=\"https:\/\/www.flickr.com\/photos\/125391306@N03\/albums\/72157645039464448\" title=\"2010 Reuni\u00f3n Anual \/ Annual Meeting\"><img loading=\"lazy\" decoding=\"async\" src=\"https:\/\/farm3.staticflickr.com\/2907\/14542898871_c55ff5ce16_z.jpg\" width=\"427\" height=\"640\" alt=\"2010 Reuni\u00f3n Anual \/ Annual Meeting\"><\/a><script async src=\"\/\/embedr.flickr.com\/assets\/client-code.js\" charset=\"utf-8\"><\/script><\/p>\n<p>&nbsp;<\/p>\n<p><a href=\"https:\/\/waterlat.org\/es\/areas-tematicas\/at4\/\">Volver a la Presentaci\u00f3n del AT4<\/a><\/p>\n","protected":false},"excerpt":{"rendered":"<p>Lista de Reproducci\u00f3n en Youtube El Canal de Youtube de la Red contiene entrevistas y otros materiales relacionados con miembros del AT4. Listas de Reproducci\u00f3n en el Canal de Youtube de la Red &nbsp; &nbsp; \u00c1lbumes fotogr\u00e1ficos en Flickr Visite los \u00e1lbumes fotogr\u00e1ficos de la Red en Flickr &nbsp; Volver a la Presentaci\u00f3n del AT4<\/p>\n","protected":false},"author":3,"featured_media":0,"parent":2731,"menu_order":0,"comment_status":"closed","ping_status":"closed","template":"page-templates\/full-width.php","meta":{"_acf_changed":false,"footnotes":""},"class_list":["post-2737","page","type-page","status-publish","hentry","wpautop"],"acf":[],"_links":{"self":[{"href":"https:\/\/waterlat.org\/es\/wp-json\/wp\/v2\/pages\/2737","targetHints":{"allow":["GET"]}}],"collection":[{"href":"https:\/\/waterlat.org\/es\/wp-json\/wp\/v2\/pages"}],"about":[{"href":"https:\/\/waterlat.org\/es\/wp-json\/wp\/v2\/types\/page"}],"author":[{"embeddable":true,"href":"https:\/\/waterlat.org\/es\/wp-json\/wp\/v2\/users\/3"}],"replies":[{"embeddable":true,"href":"https:\/\/waterlat.org\/es\/wp-json\/wp\/v2\/comments?post=2737"}],"version-history":[{"count":2,"href":"https:\/\/waterlat.org\/es\/wp-json\/wp\/v2\/pages\/2737\/revisions"}],"predecessor-version":[{"id":2797,"href":"https:\/\/waterlat.org\/es\/wp-json\/wp\/v2\/pages\/2737\/revisions\/2797"}],"up":[{"embeddable":true,"href":"https:\/\/waterlat.org\/es\/wp-json\/wp\/v2\/pages\/2731"}],"wp:attachment":[{"href":"https:\/\/waterlat.org\/es\/wp-json\/wp\/v2\/media?parent=2737"}],"curies":[{"name":"wp","href":"https:\/\/api.w.org\/{rel}","templated":true}]}}