{"id":2738,"date":"2017-12-22T18:52:30","date_gmt":"2017-12-22T18:52:30","guid":{"rendered":"http:\/\/waterlat.org\/es\/?page_id=2738"},"modified":"2023-05-21T21:00:08","modified_gmt":"2023-05-21T21:00:08","slug":"at4-cuadernos-de-trabajo","status":"publish","type":"page","link":"https:\/\/waterlat.org\/es\/areas-tematicas\/at4\/at4-cuadernos-de-trabajo\/","title":{"rendered":"Cuadernos de Trabajo del AT4"},"content":{"rendered":"El AT4 tiene una Serie propia dentro de los Cuadernos de Trabajo de la Red WATERLAT-GOBACIT: Serie \u00c1reas Tem\u00e1ticas, AT4 Aguas Transfronterizas.\r\n\r\n\r\n<h2><\/h2>\r\n\r\n<h2><\/h2>\r\n<a href=\"http:\/\/waterlat.org\/wp-content\/uploads\/2017\/12\/WPSATRANS23.jpg\"><img loading=\"lazy\" decoding=\"async\" class=\"alignnone size-medium wp-image-2717\" src=\"http:\/\/waterlat.org\/wp-content\/uploads\/2017\/12\/WPSATRANS23.jpg\" alt=\"Tapa WPSATAM22\" width=\"212\" height=\"300\" \/><\/a>.\r\n<h2><\/h2>\r\n<b>Agua Transfronteriza: cooperaci\u00f3n y conflicto en  diferentes niveles de gobierno<\/b> (en espa\u00f1ol, ingl\u00e9s  y Portugu\u00e9s).\r\n  Editado por W. Costa Ribeiro,con art\u00edculos de N. Valencio, A. Valencio, M. I. Andrade, F. Mello Sant\u2019Anna, P. C. Villar, C. Filippon, M. de Paula, W. Costa Ribeiro, A. G. Yahn Filho, M. L. Brzezinski, M. Coeurdray, J. Cortinas Munoz, y F. Poupeau. \r\n<h2><\/h2>\r\nVol.  2 No 3, julio de 2015, <a href=\"https:\/\/waterlat.org\/WPapers\/WPSATRANS23.pdf\">Bajar el n\u00famero aqu\u00ed<\/a>. \r\n<h2><\/h2>\r\n\r\n<a href=\"https:\/\/waterlat.org\/wp-content\/uploads\/2022\/12\/Tapa-Vol8.4.jpg\"><img loading=\"lazy\" decoding=\"async\" class=\"alignnone size-medium wp-image-2717\" src=\"https:\/\/waterlat.org\/wp-content\/uploads\/2022\/12\/Tapa-Vol8.4.jpg\" alt=\"Tapa WPSATAM22\" width=\"212\" height=\"300\" \/><\/a>.\r\n<h2><\/h2>\r\n<b>Pol\u00edtica y Aguas Transfronterizas:Experiencias de Brasil, M\u00e9xico, Paraguay y Uruguay<\/b> (en espa\u00f1ol y Portugu\u00e9s).\r\n Editado por W. Costa Ribeiro y F. Darre Barbosa, con art\u00edculos de  L. P. Batista da Silva, M. de Paula,  M. C. Oliveira, W. Costa Ribeiro, G. Hatch-Kuri,S. Schmidt Nedvedovich, J. J. Carrillo-Rivera, y P. Inacio Junior. \r\n<h2><\/h2>\r\nVol.  8 No 4, diciembre de 2021, <a href=\"https:\/\/waterlat.org\/working-papers-series\/volume-8-2021\/vol8-no4\/\">Bajar el n\u00famero aqu\u00ed<\/a>. \r\n<h2><\/h2>\r\n\r\n<a href=\"https:\/\/waterlat.org\/es\/areas-tematicas\/at4\/\">Volver a la Presentaci\u00f3n del AT4<\/a>","protected":false},"excerpt":{"rendered":"El AT4 tiene una Serie propia dentro de los Cuadernos de Trabajo de la Red WATERLAT-GOBACIT: Serie \u00c1reas Tem\u00e1ticas, AT4 Aguas Transfronterizas. . Agua Transfronteriza: cooperaci\u00f3n y conflicto en diferentes niveles de gobierno (en espa\u00f1ol, ingl\u00e9s y Portugu\u00e9s). Editado por W. Costa Ribeiro,con art\u00edculos de N. Valencio, A. Valencio, M. I. Andrade, F. Mello Sant\u2019Anna, [&hellip;]","protected":false},"author":3,"featured_media":0,"parent":2731,"menu_order":0,"comment_status":"closed","ping_status":"closed","template":"page-templates\/full-width.php","meta":{"_acf_changed":false,"footnotes":""},"class_list":["post-2738","page","type-page","status-publish","hentry","no-wpautop"],"acf":[],"_links":{"self":[{"href":"https:\/\/waterlat.org\/es\/wp-json\/wp\/v2\/pages\/2738","targetHints":{"allow":["GET"]}}],"collection":[{"href":"https:\/\/waterlat.org\/es\/wp-json\/wp\/v2\/pages"}],"about":[{"href":"https:\/\/waterlat.org\/es\/wp-json\/wp\/v2\/types\/page"}],"author":[{"embeddable":true,"href":"https:\/\/waterlat.org\/es\/wp-json\/wp\/v2\/users\/3"}],"replies":[{"embeddable":true,"href":"https:\/\/waterlat.org\/es\/wp-json\/wp\/v2\/comments?post=2738"}],"version-history":[{"count":8,"href":"https:\/\/waterlat.org\/es\/wp-json\/wp\/v2\/pages\/2738\/revisions"}],"predecessor-version":[{"id":4138,"href":"https:\/\/waterlat.org\/es\/wp-json\/wp\/v2\/pages\/2738\/revisions\/4138"}],"up":[{"embeddable":true,"href":"https:\/\/waterlat.org\/es\/wp-json\/wp\/v2\/pages\/2731"}],"wp:attachment":[{"href":"https:\/\/waterlat.org\/es\/wp-json\/wp\/v2\/media?parent=2738"}],"curies":[{"name":"wp","href":"https:\/\/api.w.org\/{rel}","templated":true}]}}