{"id":2750,"date":"2017-12-22T21:59:00","date_gmt":"2017-12-22T21:59:00","guid":{"rendered":"http:\/\/waterlat.org\/es\/?page_id=2750"},"modified":"2023-05-11T22:22:27","modified_gmt":"2023-05-11T22:22:27","slug":"at10","status":"publish","type":"page","link":"https:\/\/waterlat.org\/es\/areas-tematicas\/at10\/","title":{"rendered":"AT10 &#8211; Agua y Violencia"},"content":{"rendered":"<h2>Presentaci\u00f3n<\/h2>\n<p>Esta \u00c1rea Tem\u00e1tica transversal surgi\u00f3 de la <a href=\"https:\/\/waterlat.org\/es\/encuentros\/public-meetings\/waterlat-2014\/\">VI Reuni\u00f3n Internacional de la Red<\/a>, sostenida en Manizales Colombia del 27 al 31 de octubre de 2014, en donde la tem\u00e1tica espec\u00edfica fue Agua, Violencia y Utop\u00edas.  Este encuentro propuso que las actividades se centraran en desentra\u00f1ar, describir y explicar el car\u00e1cter capitalista de la pol\u00edtica y la gesti\u00f3n del agua en sus distintos aspectos y dimensiones, con el objetivo de confrontar sus impactos negativos sobre las sociedades humanas y contribuir a su transformaci\u00f3n. Estos objetivos se basaban en el presupuesto de que avanzar en el conocimiento \u201cdel estado del agua\u201d nos centra cada vez m\u00e1s en la comprensi\u00f3n del estado del orden social capitalista, que en la etapa hist\u00f3rica actual utiliza cada vez m\u00e1s diversas formas de violencia como mecanismos para incrementar los procesos de acumulaci\u00f3n y concentraci\u00f3n de poder. En este sentido, la violencia, ya sea sist\u00e9mica-estructural, subjetiva, simb\u00f3lica o en cualquiera de sus muchas formas, aparece como la expresi\u00f3n cada vez m\u00e1s evidente del mecanismo con que se desestructuran y reconfiguran relaciones entre los individuos y con la naturaleza, dando pie a nuevas formas de dominaci\u00f3n y poder territorial, social y pol\u00edtico. EL AT10 se propone explorar, examinar y contribuir a una mejor comprensi\u00f3n de las experiencias, frecuentemente traum\u00e1ticas, que emergen de estos procesos de reordenamiento social, cuyas consecuencias de desposesi\u00f3n socio-ecol\u00f3gica pueden observarse en la forma de expoliaci\u00f3n del medioambiente y destrucci\u00f3n de las bases materiales de la vida, muy particularmente del agua. Nuestro objetivo es tambi\u00e9n contribuir al desarrollo de marcos conceptuales y metodol\u00f3gicos que coloquen el \u00e9nfasis en la comprensi\u00f3n y explicaci\u00f3n de c\u00f3mo el uso de la violencia como mecanismo tiene un impacto sobre las formas de pol\u00edtica y gesti\u00f3n del agua en desarrollo que est\u00e1n siendo implementadas a nivel planetario, mirando particularmente a las consecuencias de dichos procesos, as\u00ed como tambi\u00e9n a las alternativas potenciales para confrontar el r\u00e1pido crecimiento de pr\u00e1cticas y discursos inhumanos y antidemocr\u00e1ticos en este campo. Como ya se\u00f1alamos, la violencia es un t\u00f3pico transversal a las distintas <a href=\"https:\/\/waterlat.org\/es\/areas-tematicas\/\">\u00c1reas Tem\u00e1ticas de la Red<\/a>, con las cuales tenemos fuertes v\u00ednculos e interacciones.<\/p>\n<p>&nbsp;<\/p>\n<h2><a href=\"https:\/\/waterlat.org\/es\/areas-tematicas\/at10\/at10-miembros\/\">Miembros del AT10<\/a><\/h2>\n<h2><a href=\"https:\/\/waterlat.org\/es\/areas-tematicas\/at10\/cuadernos-de-trabajo-del-at10\/\">Cuadernos de Trabajo del AT10<\/a><\/h2>\n<h2><a href=\"https:\/\/waterlat.org\/es\/areas-tematicas\/at10\/ta10-galeria-multimedios\/\">Galer\u00eda Multimedios del AT10<\/a><\/h2>\n<p>&nbsp;<\/p>\n<hr \/>\n","protected":false},"excerpt":{"rendered":"<p>Presentaci\u00f3n Esta \u00c1rea Tem\u00e1tica transversal surgi\u00f3 de la VI Reuni\u00f3n Internacional de la Red, sostenida en Manizales Colombia del 27 al 31 de octubre de 2014, en donde la tem\u00e1tica espec\u00edfica fue Agua, Violencia y Utop\u00edas. Este encuentro propuso que las actividades se centraran en desentra\u00f1ar, describir y explicar el car\u00e1cter capitalista de la pol\u00edtica [&hellip;]<\/p>\n","protected":false},"author":3,"featured_media":0,"parent":15,"menu_order":0,"comment_status":"closed","ping_status":"closed","template":"page-templates\/full-width.php","meta":{"_acf_changed":false,"footnotes":""},"class_list":["post-2750","page","type-page","status-publish","hentry","wpautop"],"acf":[],"_links":{"self":[{"href":"https:\/\/waterlat.org\/es\/wp-json\/wp\/v2\/pages\/2750","targetHints":{"allow":["GET"]}}],"collection":[{"href":"https:\/\/waterlat.org\/es\/wp-json\/wp\/v2\/pages"}],"about":[{"href":"https:\/\/waterlat.org\/es\/wp-json\/wp\/v2\/types\/page"}],"author":[{"embeddable":true,"href":"https:\/\/waterlat.org\/es\/wp-json\/wp\/v2\/users\/3"}],"replies":[{"embeddable":true,"href":"https:\/\/waterlat.org\/es\/wp-json\/wp\/v2\/comments?post=2750"}],"version-history":[{"count":10,"href":"https:\/\/waterlat.org\/es\/wp-json\/wp\/v2\/pages\/2750\/revisions"}],"predecessor-version":[{"id":2802,"href":"https:\/\/waterlat.org\/es\/wp-json\/wp\/v2\/pages\/2750\/revisions\/2802"}],"up":[{"embeddable":true,"href":"https:\/\/waterlat.org\/es\/wp-json\/wp\/v2\/pages\/15"}],"wp:attachment":[{"href":"https:\/\/waterlat.org\/es\/wp-json\/wp\/v2\/media?parent=2750"}],"curies":[{"name":"wp","href":"https:\/\/api.w.org\/{rel}","templated":true}]}}