{"id":2757,"date":"2017-12-22T23:40:23","date_gmt":"2017-12-22T23:40:23","guid":{"rendered":"http:\/\/waterlat.org\/es\/?page_id=2757"},"modified":"2018-02-17T14:36:19","modified_gmt":"2018-02-17T14:36:19","slug":"ta10-galeria-multimedios","status":"publish","type":"page","link":"https:\/\/waterlat.org\/es\/areas-tematicas\/at10\/ta10-galeria-multimedios\/","title":{"rendered":"Galer\u00eda Multimedios del AT10"},"content":{"rendered":"<h2>Lista de Reproducci\u00f3n en Youtube<\/h2>\n<p>El AT10 tiene su Lista de Reproducci\u00f3n en el Canal de Youtube de la Red. El canal contiene entrevistas, videos de sesiones en las reuniones regulares de la Red, videos de actividades de investigaci\u00f3n incluyendo entrevistas, visitas de campo, y otros materiales.<\/p>\n<p><span style=\"text-decoration: underline;\">Lista de Reproducci\u00f3n del AT10 en el Canal de Youtube de la Red<\/span><\/p>\n<p><iframe loading=\"lazy\" width=\"560\" height=\"315\" src=\"https:\/\/www.youtube.com\/embed\/pkspRzacAoA\" frameborder=\"0\" gesture=\"media\" allow=\"encrypted-media\" allowfullscreen><\/iframe><\/p>\n<p>&nbsp;<\/p>\n<h2>\u00c1lbumes en la galer\u00eda fotogr\u00e1fica en Flickr<\/h2>\n<p>Varios \u00e1lbumes en la galer\u00eda fotogr\u00e1fica de la Red en Flickr contienen temas espec\u00edficos del AT10 o compartidos con otras ATs.<\/p>\n<p>&nbsp;<\/p>\n<p><span style=\"text-decoration: underline;\">P\u00e1gina de los \u00e1lbumes<\/span><\/p>\n<p><a data-flickr-embed=\"true\"  href=\"https:\/\/www.flickr.com\/photos\/125391306@N03\/albums\/72157645002086410\" title=\"Water struggles \/ Luchas por el agua\"><img loading=\"lazy\" decoding=\"async\" src=\"https:\/\/farm6.staticflickr.com\/5591\/14552504773_42a5550ee8_z.jpg\" width=\"640\" height=\"427\" alt=\"Water struggles \/ Luchas por el agua\"><\/a><script async src=\"\/\/embedr.flickr.com\/assets\/client-code.js\" charset=\"utf-8\"><\/script><\/p>\n<p>&nbsp;<\/p>\n<p><a href=\"https:\/\/waterlat.org\/es\/at10\/\">Volver a la Presentaci\u00f3n del AT10<\/a><\/p>\n","protected":false},"excerpt":{"rendered":"<p>Lista de Reproducci\u00f3n en Youtube El AT10 tiene su Lista de Reproducci\u00f3n en el Canal de Youtube de la Red. El canal contiene entrevistas, videos de sesiones en las reuniones regulares de la Red, videos de actividades de investigaci\u00f3n incluyendo entrevistas, visitas de campo, y otros materiales. Lista de Reproducci\u00f3n del AT10 en el Canal [&hellip;]<\/p>\n","protected":false},"author":3,"featured_media":0,"parent":2750,"menu_order":0,"comment_status":"closed","ping_status":"closed","template":"page-templates\/full-width.php","meta":{"_acf_changed":false,"footnotes":""},"class_list":["post-2757","page","type-page","status-publish","hentry","wpautop"],"acf":[],"_links":{"self":[{"href":"https:\/\/waterlat.org\/es\/wp-json\/wp\/v2\/pages\/2757","targetHints":{"allow":["GET"]}}],"collection":[{"href":"https:\/\/waterlat.org\/es\/wp-json\/wp\/v2\/pages"}],"about":[{"href":"https:\/\/waterlat.org\/es\/wp-json\/wp\/v2\/types\/page"}],"author":[{"embeddable":true,"href":"https:\/\/waterlat.org\/es\/wp-json\/wp\/v2\/users\/3"}],"replies":[{"embeddable":true,"href":"https:\/\/waterlat.org\/es\/wp-json\/wp\/v2\/comments?post=2757"}],"version-history":[{"count":5,"href":"https:\/\/waterlat.org\/es\/wp-json\/wp\/v2\/pages\/2757\/revisions"}],"predecessor-version":[{"id":2799,"href":"https:\/\/waterlat.org\/es\/wp-json\/wp\/v2\/pages\/2757\/revisions\/2799"}],"up":[{"embeddable":true,"href":"https:\/\/waterlat.org\/es\/wp-json\/wp\/v2\/pages\/2750"}],"wp:attachment":[{"href":"https:\/\/waterlat.org\/es\/wp-json\/wp\/v2\/media?parent=2757"}],"curies":[{"name":"wp","href":"https:\/\/api.w.org\/{rel}","templated":true}]}}