{"id":2844,"date":"2018-03-29T19:40:11","date_gmt":"2018-03-29T19:40:11","guid":{"rendered":"http:\/\/waterlat.org\/es\/?page_id=2844"},"modified":"2023-01-10T14:29:19","modified_gmt":"2023-01-10T14:29:19","slug":"vol5no1","status":"publish","type":"page","link":"https:\/\/waterlat.org\/es\/working-papers-series\/vol5\/vol5no1\/","title":{"rendered":"Vol. 5, No. 1"},"content":{"rendered":"<style>\r\n.entry-content img, .comment-content img, .widget img, img.header-image, .author-avatar img, img.wp-post-image {\r\nbox-shadow: none;\r\n}\r\n.box {\r\n  width: 40%;\r\n  margin: 0 auto;\r\n  background: rgba(255,255,255,0.2);\r\n  padding: 35px;\r\n  border: 2px solid #fff;\r\n  border-radius: 20px\/50px;\r\n  background-clip: padding-box;\r\n  text-align: center;\r\n}\r\n\r\n.pl_issn{text-align: right;    margin-bottom: 25px !important;font-size: 14px;display: inline;float: right;}\r\n.overlay {\r\n  position: fixed;\r\n  top: 0;\r\n  bottom: 0;\r\n  left: 0;\r\n  right: 0;\r\n  background: rgba(0, 0, 0, 0.7);\r\n  transition: opacity 500ms;\r\n  visibility: hidden;\r\n  opacity: 0;\r\n}\r\n.overlay:target {\r\n  visibility: visible;\r\n  opacity: 1;\r\n}\r\n\r\n.popup {\r\n  margin: 70px auto;\r\n  padding: 20px;\r\n  background: #fff;\r\n  border-radius: 5px;\r\n  width: 30%;\r\n  position: relative;\r\n  transition: all 5s ease-in-out;\r\n}\r\n\r\n.popup h2 {\r\n  margin-top: 0;\r\n  color: #333;\r\n  font-family: Tahoma, Arial, sans-serif;\r\n}\r\n.popup .close {\r\n  position: absolute;\r\n  top: 20px;\r\n  right: 30px;\r\n  transition: all 200ms;\r\n  font-size: 30px;\r\n  font-weight: bold;\r\n  text-decoration: none;\r\n  color: #333;\r\n}\r\n.popup .close:hover {\r\n  color: rgb(0, 66, 126);\r\n}\r\n.popup .content {\r\n  max-height: 30%;\r\n  overflow: auto;\r\n}\r\n\r\n@media screen and (max-width: 700px){\r\n  .box{\r\n    width: 70%;\r\n  }\r\n  .popup{\r\n    width: 70%;\r\n  }\r\n}\r\n.entry-content p {\r\nline-height: normal;\r\nmargin: 0;\r\n}\r\n\r\n.wp_cuaderno {display: inline-block; background-color: #ededed; box-shadow: 0 4px 8px 0 rgba(0, 0, 0, 0.2), 0 6px 20px 0 rgba(0, 0, 0, 0.19); padding: 20px 50px;}\r\n.wp_portada {float:left;}\r\n.wp_info{margin-left: 170px;}\r\np.titulo{font-size:18px;}\r\n.wp_info.desc{width: 90%; margin: 5px 0px;}\r\n.wp_info p {margin-bottom:3px;}\r\n.wp_info.serie{width: 360px;}\r\n.wp_info a {margin-top:8px;}\r\n\r\n.wp_descargas{clear: both; padding-top: 3px;}\r\n\r\n.dw_pdf {\r\n        background-color: rgba(251, 116, 116, 0);\r\n    padding: 8px 9px;\r\n    color: #b52335;\r\n    text-decoration: none;\r\n    border: 2px #b52335 solid;\r\n    transition: 0.2s all;\r\n    border-radius: 4px;\r\n    font-weight: 600;}\r\n.dw_pdf:hover{background-color: #b52335; color:white;}\r\n.dw_pdf i {font-size:25px; vertical-align: bottom; margin-right: 3px;}\r\n\r\n.dw_pdf-full {\r\n        background-color: rgba(251, 116, 116, 0);\r\n    padding: 8px 51px;\r\n    color: #b52335;\r\n    text-decoration: none;\r\n    border: 2px #b52335 solid;\r\n    transition: 0.2s all;\r\n    border-radius: 4px;\r\n    font-weight: 600;}\r\n.dw_pdf-full:hover{background-color: #b52335; color:white;}\r\n.dw_pdf-full i {font-size:25px; vertical-align: bottom; margin-right: 3px;}\r\n\r\n.dw_epub {background-color: rgba(251, 116, 116, 0);\r\n    padding: 8px 6px;\r\n    color: #0964bd;\r\n    text-decoration: none;\r\n    border: 2px #0964bd solid;\r\n    transition: 0.2s all;\r\n    border-radius: 4px;\r\n    margin-left: 5px;\r\n    font-weight: 600;}\r\n.dw_epub:hover{background-color: #0964bd; color:white;}\r\n.dw_epub i {font-size:25px; vertical-align: bottom; margin-right: 3px;}\r\n\r\n\r\n.wp_sec-art{padding-left: 50px; padding-top: 10px;}\r\n.wp_articulo{padding-top:40px;}\r\n.wp_articulo.tituloar{font-size:17px;}\r\na.desar {text-decoration: none; float:left; margin-right: 20px;}\r\n\r\n<\/style>\r\n\r\n<!-- CUADERNO !-->\r\n<p class=\"pl_issn\">ISSN: (Print)<b> 2056-4856<\/b>\r\nISSN: (Online) <b>2056-4864<\/b><\/p>\r\n\r\n<div class=\"wp_cuaderno\">\r\n\r\n<!-- PORTADA !-->\r\n<div class=\"wp_portada\"><img decoding=\"async\" src=\"http:\/\/waterlat.org\/wp-content\/uploads\/2018\/03\/tapa-V5n1.jpg\" width=\"158px \" \/><\/div>\r\n<!-- INFORMACION DERECHA !-->\r\n<div class=\"wp_info\">\r\n\r\n<!-- TITULO !--> <b><\/b>\r\n<p class=\"titulo\"><b>Vol. 5, No. 1<\/b><\/p>\r\n\r\n<!-- FECHA !-->\r\n\r\nMarzo de 2018\r\n\r\n<!-- AUTOR !-->\r\n\r\nJos\u00e9 Esteban Castro (Editor) &#8211; Edurne Bagu\u00e9 (Organizadora)\r\n\r\n<!-- DOI !--> <i><\/i>\r\n\r\nDOI: 10.5281\/zenodo.7516947\r\n\r\n<!-- DESCR !-->\r\n<p class=\"desc\"><b>La lucha por la democracia en Espa\u00f1a: iniciativas desde abajo para defender los servicios de agua esenciales como un bien com\u00fan<\/b><\/p>\r\n<!-- SERIE   <i>\r\n<p class=\"serie\">??? (serie)<\/p>\r\n<\/i>!-->\r\n<!-- CITA !--> <i><a class=\"desar\" style=\"color: #9ad3f9;\" href=\"https:\/\/zenodo.org\/record\/7516947#invenio-csl\">Exportar Cita<\/a><\/i>\r\n\r\n<\/div>\r\n<!-- DESCARGAS !-->\r\n<div class=\"wp_descargas\"><!-- PDF LINK !--> <a class=\"dw_pdf-full\" href=\"https:\/\/zenodo.org\/record\/7516947\" target=\"_blank\" rel=\"noopener noreferrer\"><i class=\"fa fa-file-pdf-o\" aria-hidden=\"true\"><\/i>PDF<\/a>\r\n<!-- PDF LINK  <a href=\"#\" class=\"dw_pdf\"><i class=\"fa fa-file-pdf-o\" aria-hidden=\"true\" fa-3x><\/i>PDF<\/a>\r\nEPUB LINK  <a href=\"#\" class=\"dw_epub\"><i class=\"fa fa-file-text-o\" aria-hidden=\"true\"><\/i>EPUB<\/a>!--><\/div>\r\n<\/div>\r\n<!-- SECCION ARTICULOS !-->\r\n<div style=\"margin-top: 30px;\">\r\n<h3 style=\"margin-bottom: 5px;\">Art\u00edculos<\/h3>\r\n\r\n<hr style=\"margin: 0;\" \/>\r\n\r\n<!-- ARTICULOS !-->\r\n<div class=\"wp_sec-art\">\r\n<!-- ARTICULO INDIVIDUAL !-->\r\n      <div class=\"wp_articulo\">\r\n        <!-- TITULO !-->  <p class=\"tituloar\"> <b>El papel de los elementos sociales que contribuyen a la tendencia remunicipalizadora en Espa\u00f1a y Catalunya, p\u00e1gs. 10-41<\/b><\/p>\r\n        <!-- AUTOR  !-->  <p> Edurne Bagu\u00e9  <\/p>\r\n        <!-- DOI    !-->  <p style=\"float:left;\">DOI: <\/p><p>10.5281\/zenodo.7516974<\/p>\r\n        <!-- PDF LINK  !-->  <a class=\"desar\"  href=\"https:\/\/zenodo.org\/record\/7516974\"><b><p style=\"color:#ff5e73;\">PDF<\/p><\/b><\/a>\r\n        <!-- EPUB LINK   <a class=\"desar\"  href=\"#\"><b><p style=\"color:#3e99f9;\">EPUB<\/p><\/b><\/a>!-->\r\n        <!-- CITA LINK !-->  <a class=\"desar\"  href=\"https:\/\/zenodo.org\/record\/7516974#invenio-csl\"><p style=\"color:#9ad3f9;\">Exportar Cita<\/p><\/a>\r\n<\/div>\r\n<!-- ARTICULO INDIVIDUAL !-->\r\n      <div class=\"wp_articulo\">\r\n        <!-- TITULO !-->  <p class=\"tituloar\"> <b>Participaci\u00f3n y gesti\u00f3n local del agua en la Catalunya urbana: una mirada cr\u00edtica, p\u00e1gs. 42-67<\/b><\/p>\r\n        <!-- AUTOR  !-->  <p> Ana\u00efs Varo Barranco<\/b>  <\/p>\r\n        <!-- DOI    !-->  <p style=\"float:left;\">DOI: <\/p><p>10.5281\/zenodo.7516990<\/b><\/p>\r\n        <!-- PDF LINK  !-->  <a class=\"desar\"  href=\"https:\/\/zenodo.org\/record\/7516990\"><p style=\"color:#ff5e73;\">PDF<\/p><\/b><\/a>\r\n        <!-- EPUB LINK   <a class=\"desar\"  href=\"#\"><p style=\"color:#3e99f9;\">EPUB<\/p><\/b><\/a>!-->\r\n        <!-- CITA LINK !-->  <a class=\"desar\"  href=\"https:\/\/zenodo.org\/record\/7516990#invenio-csl\"><p style=\"color:#9ad3f9;\">Exportar Cita<\/p><\/a>\r\n<\/div>\r\n<!-- ARTICULO INDIVIDUAL !-->\r\n      <div class=\"wp_articulo\">\r\n        <!-- TITULO !-->  <p class=\"tituloar\"> <b>El debate sobre el Derecho Humano al Agua en Espa\u00f1a: la experiencia del Pacto Social por el Agua P\u00fablica, p\u00e1gs. 68-88<\/b><\/p>\r\n        <!-- AUTOR  !-->  <p> Oscar Flores Baquero, Violeta Cabello Villarejo, Angela Lara Garc\u00eda, Nuria Hern\u00e1ndez-Mora y Leandro del Moral Ituarte<\/b>  <\/p>\r\n        <!-- DOI    !-->  <p style=\"float:left;\">DOI: <\/p><p>10.5281\/zenodo.7516999<\/p><\/b>\r\n        <!-- PDF LINK  !-->  <a class=\"desar\"  href=\"https:\/\/zenodo.org\/record\/7516999\"><p style=\"color:#ff5e73;\">PDF<\/p><\/b><\/a>\r\n        <!-- EPUB LINK   <a class=\"desar\"  href=\"#\"><b><p style=\"color:#3e99f9;\">EPUB<\/p><\/b><\/a>!-->\r\n        <!-- CITA LINK !-->  <a class=\"desar\"  href=\"https:\/\/zenodo.org\/record\/7516999#invenio-csl\"><p style=\"color:#9ad3f9;\">Exportar Cita<\/p><\/a>\r\n<\/div>\r\n<!-- ARTICULO INDIVIDUAL !-->\r\n      <div class=\"wp_articulo\">\r\n        <!-- TITULO !-->  <p class=\"tituloar\"> <bLa remunicipalizaci\u00f3n del agua en el ayuntamiento de Valladolid, p\u00e1gs. 89-122<\/b><\/p>\r\n        <!-- AUTOR  !-->  <p> Jos\u00e9 Manuel Mart\u00ednez Fern\u00e1ndez y Teresa Redondo Arranz<\/b>  <\/p>\r\n        <!-- DOI    !-->  <p style=\"float:left;\">DOI: <\/p><p>10.5281\/zenodo.7517013<\/b><\/p>\r\n        <!-- PDF LINK  !-->  <a class=\"desar\"  href=\"https:\/\/zenodo.org\/record\/7517013\"><p style=\"color:#ff5e73;\">PDF<\/p><\/b><\/a>\r\n        <!-- EPUB LINK   <a class=\"desar\"  href=\"#\"><p style=\"color:#3e99f9;\">EPUB<\/p><\/b><\/a>!-->\r\n        <!-- CITA LINK !-->  <a class=\"desar\"  href=\"https:\/\/zenodo.org\/record\/7517013#invenio-csl\"><p style=\"color:#9ad3f9;\">Exportar Cita<\/p><\/a>\r\n<\/div>\r\n\r\n<!-- ARTICULO INDIVIDUAL !-->\r\n      <div class=\"wp_articulo\">\r\n        <!-- TITULO !-->  <p class=\"tituloar\"> <bLa experiencia de la plataforma contra la privatizaci\u00f3n del Canal Isabel II, Madrid, Espa\u00f1a, p\u00e1gs. 123-146<\/b><\/p>\r\n        <!-- AUTOR  !-->  <p> Plataforma contra la Privatizaci\u00f3n del Canal Isabel II<\/b>  <\/p>\r\n        <!-- DOI    !-->  <p style=\"float:left;\">DOI: <\/p><p>10.5281\/zenodo.7517030<\/b><\/p>\r\n        <!-- PDF LINK  !-->  <a class=\"desar\"  href=\"https:\/\/zenodo.org\/record\/7517030\"><p style=\"color:#ff5e73;\">PDF<\/p><\/b><\/a>\r\n        <!-- EPUB LINK   <a class=\"desar\"  href=\"#\"><p style=\"color:#3e99f9;\">EPUB<\/p><\/b><\/a>!-->\r\n        <!-- CITA LINK !-->  <a class=\"desar\"  href=\"https:\/\/zenodo.org\/record\/7517030#invenio-csl\"><p style=\"color:#9ad3f9;\">Exportar Cita<\/p><\/a>\r\n<\/div>\r\n\r\n<!-- ARTICULO INDIVIDUAL !-->\r\n      <div class=\"wp_articulo\">\r\n        <!-- TITULO !-->  <p class=\"tituloar\"> <b>El proceso de municipalizaci\u00f3n del servicio p\u00fablico de abastecimiento de agua en el municipio de Terrassa,Catalu\u00f1a, Espa\u00f1a, p\u00e1gs. 147-169<\/b><\/p>\r\n        <!-- AUTOR  !-->  <p> Marc Cadevall Artigues<\/b>  <\/p>\r\n        <!-- DOI    !-->  <p style=\"float:left;\">DOI: <\/p><p>10.5281\/zenodo.7517063<\/b><\/p>\r\n        <!-- PDF LINK  !-->  <a class=\"desar\"  href=\"https:\/\/zenodo.org\/record\/7517063\"><p style=\"color:#ff5e73;\">PDF<\/p><\/b><\/a>\r\n        <!-- EPUB LINK   <a class=\"desar\"  href=\"#\"><p style=\"color:#3e99f9;\">EPUB<\/p><\/b><\/a>!-->\r\n        <!-- CITA LINK !-->  <a class=\"desar\"  href=\"https:\/\/zenodo.org\/record\/7517063#invenio-csl\"><p style=\"color:#9ad3f9;\">Exportar Cita<\/p><\/a>\r\n<\/div>\r\n\r\n<\/div>\r\n\r\n\r\n\r\n\r\n<\/div>\r\n<\/div>\r\n<\/div>\r\n<style>\r\n.export-list{<br \/>\r\n   list-style-type: none;<br \/>\r\n   margin-top: 10px !important;<br \/>\r\n}<br \/>\r\n.export-list li {display:inline-block; margin: 0px 0px 0px 1.4rem;}<br \/>\r\n.export-list a {color: #2a8bb7; text-decoration: none; transition:0.2s all;}<br \/>\r\n.export-list a:hover{text-decoration:underline; transition:0.2s all;}<br \/>\r\n<\/style>","protected":false},"excerpt":{"rendered":"ISSN: (Print) 2056-4856 ISSN: (Online) 2056-4864 Vol. 5, No. 1 Marzo de 2018 Jos\u00e9 Esteban Castro (Editor) &#8211; Edurne Bagu\u00e9 (Organizadora) DOI: 10.5281\/zenodo.7516947 La lucha por la democracia en Espa\u00f1a: iniciativas desde abajo para defender los servicios de agua esenciales como un bien com\u00fan Exportar Cita PDF Art\u00edculos El papel de los elementos sociales que [&hellip;]","protected":false},"author":78,"featured_media":0,"parent":2842,"menu_order":0,"comment_status":"closed","ping_status":"closed","template":"page-templates\/full-width.php","meta":{"_acf_changed":false,"footnotes":""},"class_list":["post-2844","page","type-page","status-publish","hentry","no-wpautop"],"acf":[],"_links":{"self":[{"href":"https:\/\/waterlat.org\/es\/wp-json\/wp\/v2\/pages\/2844","targetHints":{"allow":["GET"]}}],"collection":[{"href":"https:\/\/waterlat.org\/es\/wp-json\/wp\/v2\/pages"}],"about":[{"href":"https:\/\/waterlat.org\/es\/wp-json\/wp\/v2\/types\/page"}],"author":[{"embeddable":true,"href":"https:\/\/waterlat.org\/es\/wp-json\/wp\/v2\/users\/78"}],"replies":[{"embeddable":true,"href":"https:\/\/waterlat.org\/es\/wp-json\/wp\/v2\/comments?post=2844"}],"version-history":[{"count":20,"href":"https:\/\/waterlat.org\/es\/wp-json\/wp\/v2\/pages\/2844\/revisions"}],"predecessor-version":[{"id":3896,"href":"https:\/\/waterlat.org\/es\/wp-json\/wp\/v2\/pages\/2844\/revisions\/3896"}],"up":[{"embeddable":true,"href":"https:\/\/waterlat.org\/es\/wp-json\/wp\/v2\/pages\/2842"}],"wp:attachment":[{"href":"https:\/\/waterlat.org\/es\/wp-json\/wp\/v2\/media?parent=2844"}],"curies":[{"name":"wp","href":"https:\/\/api.w.org\/{rel}","templated":true}]}}