{"id":2874,"date":"2018-05-16T16:48:56","date_gmt":"2018-05-16T16:48:56","guid":{"rendered":"http:\/\/waterlat.org\/es\/?page_id=2874"},"modified":"2021-12-01T13:59:41","modified_gmt":"2021-12-01T13:59:41","slug":"agua-y-megaproyectos","status":"publish","type":"page","link":"https:\/\/waterlat.org\/es\/publicaciones\/libros\/agua-y-megaproyectos\/","title":{"rendered":"Agua y Megaproyectos Mineros en Am\u00e9rica Latina"},"content":{"rendered":"<style>\r\n.dw_pdf-full {\r\n    background-color: rgba(251, 116, 116, 0);\r\n    padding: 8px 20px;\r\n    color: #b52335;\r\n    text-decoration: none;\r\n    border: 2px #b52335 solid;\r\n    transition: 0.2s all;\r\n    border-radius: 4px;\r\n    font-weight: 600;\r\nmargin:0px 5px;}\r\n.dw_pdf-full:hover{background-color: #b52335; color:white;}\r\n.dw_pdf-full i {font-size:25px; vertical-align: bottom; margin-right: 3px;}\r\n<\/style>\r\n\r\n\r\n<a href=\"http:\/\/waterlat.org\/wp-content\/uploads\/2018\/05\/AyT_01_Agua_megamineria_PRESS1.jpg\"><img loading=\"lazy\" decoding=\"async\" src=\"http:\/\/waterlat.org\/wp-content\/uploads\/2018\/05\/AyT_01_Agua_megamineria_PRESS1-216x300.jpg\" alt=\"\" width=\"216\" height=\"300\" class=\"alignnone size-medium wp-image-4839\" \/><\/a>\r\n\r\n<\/br>\r\n<span style=\"line-height: 1.714285714; font-size: 1rem;\">Lorena Bottaro y Marian Sol\u00e1 \u00c1lvarez (Eds.)<\/span> <span style=\"text-decoration: underline;\"> Agua y Megaproyectos Mineros en Am\u00e9rica Latina<\/span><span style=\"line-height: 1.714285714; font-size: 1rem;\"> (ISBN 978-987-630-286-9), Los Polvorines, Buenos Aires, Argentina: <\/span><a style=\"line-height: 1.714285714; font-size: 1rem;\" href=\"http:\/\/ http:\/\/www.ungs.edu.ar\/ms_publicaciones\/\">Ediciones UNGS, Universidad Nacional de General Sarmiento (UNGS) <\/a><span style=\"line-height: 1.714285714; font-size: 1rem;\"> y Red WATERLAT-GOBACIT, 2018. DOI: 10.5072\/zenodo.217575.<\/span>\r\n\r\n&nbsp;\r\nEste libro es un producto del  <a href=\" https:\/\/waterlat.org\/es\/proyectos\/lanace\/ \">Proyecto LANACE<\/a> de la Red WATERLAT-GOBACIT.\r\n\r\n<\/br>\r\n<h3>Descargar<\/h3>\r\n\r\n<a href=\"https:\/\/clacso.org.ar\/biblioteca_ungs\/detalle.php?id_libro=2680\" class=\"dw_pdf-full\" target=\"_blank\" rel=\"noopener\"><i class=\"fa fa-file-pdf-o\" aria-hidden=\"true\" fa-3x><\/i><\/a>\r\n\r\n<\/br>\r\n<\/br>\r\n<h3>Video de presentaci\u00f3n a cargo de las Editoras<\/h3>\r\n<iframe loading=\"lazy\" src=\"https:\/\/www.youtube.com\/embed\/0FtS-2Cmujk\" width=\"560\" height=\"315\" frameborder=\"0\" allowfullscreen=\"allowfullscreen\"><\/iframe>","protected":false},"excerpt":{"rendered":"Lorena Bottaro y Marian Sol\u00e1 \u00c1lvarez (Eds.) Agua y Megaproyectos Mineros en Am\u00e9rica Latina (ISBN 978-987-630-286-9), Los Polvorines, Buenos Aires, Argentina: Ediciones UNGS, Universidad Nacional de General Sarmiento (UNGS) y Red WATERLAT-GOBACIT, 2018. DOI: 10.5072\/zenodo.217575. &nbsp; Este libro es un producto del Proyecto LANACE de la Red WATERLAT-GOBACIT. Descargar Video de presentaci\u00f3n a cargo de [&hellip;]","protected":false},"author":3,"featured_media":0,"parent":22,"menu_order":0,"comment_status":"closed","ping_status":"closed","template":"page-templates\/full-width.php","meta":{"_acf_changed":false,"footnotes":""},"class_list":["post-2874","page","type-page","status-publish","hentry","no-wpautop"],"acf":[],"_links":{"self":[{"href":"https:\/\/waterlat.org\/es\/wp-json\/wp\/v2\/pages\/2874","targetHints":{"allow":["GET"]}}],"collection":[{"href":"https:\/\/waterlat.org\/es\/wp-json\/wp\/v2\/pages"}],"about":[{"href":"https:\/\/waterlat.org\/es\/wp-json\/wp\/v2\/types\/page"}],"author":[{"embeddable":true,"href":"https:\/\/waterlat.org\/es\/wp-json\/wp\/v2\/users\/3"}],"replies":[{"embeddable":true,"href":"https:\/\/waterlat.org\/es\/wp-json\/wp\/v2\/comments?post=2874"}],"version-history":[{"count":11,"href":"https:\/\/waterlat.org\/es\/wp-json\/wp\/v2\/pages\/2874\/revisions"}],"predecessor-version":[{"id":3764,"href":"https:\/\/waterlat.org\/es\/wp-json\/wp\/v2\/pages\/2874\/revisions\/3764"}],"up":[{"embeddable":true,"href":"https:\/\/waterlat.org\/es\/wp-json\/wp\/v2\/pages\/22"}],"wp:attachment":[{"href":"https:\/\/waterlat.org\/es\/wp-json\/wp\/v2\/media?parent=2874"}],"curies":[{"name":"wp","href":"https:\/\/api.w.org\/{rel}","templated":true}]}}