{"id":2969,"date":"2018-10-21T15:08:37","date_gmt":"2018-10-21T15:08:37","guid":{"rendered":"http:\/\/waterlat.org\/es\/?page_id=2969"},"modified":"2020-02-16T15:22:40","modified_gmt":"2020-02-16T15:22:40","slug":"waterlat-gobacit-concepcion-2019","status":"publish","type":"page","link":"https:\/\/waterlat.org\/es\/encuentros\/public-meetings\/waterlat-gobacit-concepcion-2019\/","title":{"rendered":"WATERLAT-GOBACIT X, Concepci\u00f3n, 2019"},"content":{"rendered":"<style>\r\n.entry-content img, .comment-content img, .widget img, img.header-image, .author-avatar img, img.wp-post-image {<br \/>box-shadow: none;<br \/>}<br \/>.m_date{text-align: center; margin: 30px; cursor: default;}<br \/>.m_date p {font-size: 15px;border: 1px solid rgb(38, 38, 38); display: inline; padding: 10px 20px; font-weight: 200; border-radius: 3px; transition: 0.2s all;}<br \/>.m_date p:hover{background-color: rgba(226, 226, 226, 0.63); transition: 0.2s all;}<br \/>.m_place{text-align: center; line-height: normal !important; font-size: 14.5px;}<\/p>\r\n<p>.m_logos{display: inline-block; text-align: center; width: 100%;}<br \/>.m_logos img{vertical-align: middle; margin: 0px 3px;}<br \/>.m_flick{margin: 0 auto; display: block;}<\/p>\r\n<p>.event_logo{width:100%; text-align:center; }<br \/>.event_logo img {width:200px;}<br \/>.flickr {<br \/>display: inline-block;<br \/>margin-left: 15%;<br \/>}<\/p>\r\n<p>.m_registration{text-align:center;}<br \/>.m_registration p {<br \/>    text-align: center;<br \/>    font-size: 16px;<br \/>    border: 1px solid rgb(60, 60, 60);<br \/>    display: inline;<br \/>    padding: 10px 20px;<br \/>    font-weight: 500;<br \/>    border-radius: 3px;<br \/>    transition: 0.2s all;<br \/>    color: white;<br \/>    background-color: #4c9ada;<br \/>}<br \/>.m_registration p:hover{<br \/>transition: 0.2s all;<br \/>background-color: #2d86d0;<br \/>}<br \/>.m_registration a {<br \/>text-decoration:none;<br \/>display:inline;<br \/>color:inherit;<br \/>}<\/p>\r\n<\/style>\r\n<h1 style=\"text-align: center; margin-top: 40px; color: black;\">Luchas por el Agua: Interseccionalidades de Clase, G\u00e9nero y Etnicidad<\/h1>\r\n<div class=\"m_date\">\r\n<p style=\"text-align: center;\">7-11 de octubre de 2019<\/p>\r\n\r\n<\/div>\r\n<p class=\"m_place\" style=\"text-align: center;\"><a href=\" http:\/\/www.udec.cl\/pexterno\/\">Universidad de Concepci\u00f3n<\/a>, Concepci\u00f3n, Chile<\/p>\r\n\r\n<a href=\"http:\/\/waterlat.org\/wp-content\/uploads\/2018\/10\/tapa.jpg\"><img loading=\"lazy\" decoding=\"async\" src=\"http:\/\/waterlat.org\/wp-content\/uploads\/2018\/10\/tapa.jpg\" alt=\"\" width=\"400\" height=\"600\" class=\"aligncenter size-full wp-image-5704\" \/><\/a>\r\n<p style=\"text-align: center;\">Baje el Programa y Libro de Res\u00famenes <a href=\"https:\/\/sandbox.zenodo.org\/record\/496759#.XiXTby3MxQI\" class=\"dw_pdf-full\" target=\"_blank\"><i class=\"fa fa-file-pdf-o\" aria-hidden=\"true\" fa-3x><\/i> PDF <\/a><\/p>\r\n<hr \/>\r\n<p style=\"text-align: center;\">Vea aqu\u00ed una evaluaci\u00f3n de la X Reuni\u00f3n Internacional<\/p>\r\n<p style=\"text-align: center;\"><iframe loading=\"lazy\" width=\"560\" height=\"315\" src=\"https:\/\/www.youtube.com\/embed\/0XedoHv5ppQ\" frameborder=\"0\" allow=\"accelerometer; autoplay; encrypted-media; gyroscope; picture-in-picture\" allowfullscreen><\/iframe><\/p>\r\n\r\n<hr \/>\r\n<p style=\"text-align: center;\"><a href=\"https:\/\/www.youtube.com\/playlist?list=PLx6qphzdSP6uka4noetD8Cd7aitpyHVjW\">Vea aqu\u00ed los videos completos de las sesiones plenarias de la X Reuni\u00f3n Internacional<\/a><\/p>\r\n\r\n<hr \/>\r\n<p style=\"text-align: center;\"><a href=\"https:\/\/www.youtube.com\/playlist?list=PLx6qphzdSP6t3U6g41w_MytDopKFJ0VRn\">Vea aqu\u00ed los videos completos de 26 entrevistas con participantes de la X Reuni\u00f3n Internacional<\/a><\/p>\r\n\r\n<hr \/>\r\n<p style=\"text-align: center;\"><a href=\"https:\/\/www.youtube.com\/playlist?list=PLx6qphzdSP6vX0wH4NmNPMQcAd0kIAdF0\">Vea aqu\u00ed los videos de las tres visitas de campo realizadas durante la X Reuni\u00f3n Internacional<\/a><\/p>\r\n\r\n<hr \/>\r\n<p style=\"text-align: center;\">Hacer clic en la imagen abajo para acceder al \u00e1lbum fotogr\u00e1fico de la X Reuni\u00f3n Internacional<\/p>\r\n<a title=\"X Reuni\u00f3n Internacional\" href=\"https:\/\/www.flickr.com\/photos\/125391306@N03\/albums\/72157710851354162\" data-flickr-embed=\"true\" data-header=\"true\"><img loading=\"lazy\" decoding=\"async\" class=\"aligncenter\" src=\"https:\/\/live.staticflickr.com\/65535\/48742399957_90c21b382d.jpg\" alt=\"X Reuni\u00f3n Internacional\" width=\"500\" height=\"260\" \/><\/a><script async src=\"\/\/embedr.flickr.com\/assets\/client-code.js\" charset=\"utf-8\"><\/script>\r\n<p style=\"text-align: center;\"><b>Organizadores:<\/b><\/p>\r\n<p style=\"text-align: center;\">La reuni\u00f3n fue organizada por la Red WATERLAT-GOBACIT conjuntamente con la Facultad de Ciencias Sociales y la Facultad de Ciencias Ambientales, Universidad de Concepci\u00f3n (UdeC)<\/p>\r\n\r\n<div class=\"m_logos\">\r\n\r\n<img decoding=\"async\" src=\"http:\/\/waterlat.org\/pt\/wp-content\/uploads\/sites\/3\/2015\/12\/WATERLAT-DOS-LINEAS-300x105.jpg\" width=\"170\" \/><a href=\"http:\/\/www.udec.cl\/pexterno\/\" target=\"_blank\" rel=\"noopener noreferrer\">\r\n<img decoding=\"async\" src=\"http:\/\/waterlat.org\/wp-content\/uploads\/2018\/10\/unnamed.png\" width=\"150\" \/><\/a>\r\n\r\n<\/div>\r\n&nbsp;","protected":false},"excerpt":{"rendered":"Luchas por el Agua: Interseccionalidades de Clase, G\u00e9nero y Etnicidad 7-11 de octubre de 2019 Universidad de Concepci\u00f3n, Concepci\u00f3n, Chile Baje el Programa y Libro de Res\u00famenes PDF Vea aqu\u00ed una evaluaci\u00f3n de la X Reuni\u00f3n Internacional Vea aqu\u00ed los videos completos de las sesiones plenarias de la X Reuni\u00f3n Internacional Vea aqu\u00ed los videos [&hellip;]","protected":false},"author":3,"featured_media":0,"parent":19,"menu_order":0,"comment_status":"closed","ping_status":"closed","template":"page-templates\/full-width.php","meta":{"_acf_changed":false,"footnotes":""},"class_list":["post-2969","page","type-page","status-publish","hentry","no-wpautop"],"acf":[],"_links":{"self":[{"href":"https:\/\/waterlat.org\/es\/wp-json\/wp\/v2\/pages\/2969","targetHints":{"allow":["GET"]}}],"collection":[{"href":"https:\/\/waterlat.org\/es\/wp-json\/wp\/v2\/pages"}],"about":[{"href":"https:\/\/waterlat.org\/es\/wp-json\/wp\/v2\/types\/page"}],"author":[{"embeddable":true,"href":"https:\/\/waterlat.org\/es\/wp-json\/wp\/v2\/users\/3"}],"replies":[{"embeddable":true,"href":"https:\/\/waterlat.org\/es\/wp-json\/wp\/v2\/comments?post=2969"}],"version-history":[{"count":26,"href":"https:\/\/waterlat.org\/es\/wp-json\/wp\/v2\/pages\/2969\/revisions"}],"predecessor-version":[{"id":3309,"href":"https:\/\/waterlat.org\/es\/wp-json\/wp\/v2\/pages\/2969\/revisions\/3309"}],"up":[{"embeddable":true,"href":"https:\/\/waterlat.org\/es\/wp-json\/wp\/v2\/pages\/19"}],"wp:attachment":[{"href":"https:\/\/waterlat.org\/es\/wp-json\/wp\/v2\/media?parent=2969"}],"curies":[{"name":"wp","href":"https:\/\/api.w.org\/{rel}","templated":true}]}}