{"id":3011,"date":"2018-12-17T22:15:56","date_gmt":"2018-12-17T22:15:56","guid":{"rendered":"http:\/\/waterlat.org\/es\/?page_id=3011"},"modified":"2020-02-12T13:51:28","modified_gmt":"2020-02-12T13:51:28","slug":"coordinacion-2019","status":"publish","type":"page","link":"https:\/\/waterlat.org\/es\/encuentros\/public-meetings\/waterlat-gobacit-concepcion-2019\/coordinacion-2019\/","title":{"rendered":"Coordinaci\u00f3n y Organizaci\u00f3n de Programa 2019"},"content":{"rendered":"<p>&nbsp;<\/p>\n<h3>Coordinaci\u00f3n General<\/h3>\n<p><strong>Jos\u00e9 Esteban Castro<\/strong>, Consejo Nacional de Investigaciones Cient\u00edficas y T\u00e9cnicas (CONICET), Universidad Nacional de General Sarmiento (UNGS), Argentina, y Catedr\u00e1tico Em\u00e9rito, Newcastle University, Reino Unido. Coordinador de la Red WATERLAT-GOBACIT<\/p>\n<p><strong>Ana Sof\u00eda Mac\u00edas Ascanio<\/strong>, ITESO, la Universidad Jesuita de Guadalajara, M\u00e9xico, Secretar\u00eda General. <a href=\"mailto:redwaterlat@gmail.com\">Env\u00ede un mensaje para requerir mayor informaci\u00f3n<\/a>.<\/p>\n<p>&nbsp;<\/p>\n<h3>Coordinaci\u00f3n Local de la Reuni\u00f3n<\/h3>\n<p><strong>Robinson Torres Salinas<\/strong>, Departamento de Sociolog\u00eda y Facultad de Ciencias Ambientales, Centro de Recursos H\u00eddricos para la Agricultura y la Miner\u00eda (CRHIAM), Cluster Agua y Sociedad, Universidad de Concepci\u00f3n, Concepci\u00f3n, Bio Bio, Chile. <a href=\"mailto: torres.robinson@gmail.com\">E-mail<\/a>. <\/p>\n<p><strong>Mart\u00edn Sanzana Calvet<\/strong>, Instituto de Estudios Estrat\u00e9gicos para el Desarrollo Humano (INEDH), Concepci\u00f3n, Bio Bio, Chile. <a href=\"mailto: biourbe@gmail.com\">E-mail<\/a>. <\/p>\n<p>&nbsp;<\/p>\n<h2>Grupo de Apoyo a la Coordinaci\u00f3n Local de la Reuni\u00f3n<\/h2>\n<p><strong>Ricardo Barra<\/strong>, Universidad de Concepci\u00f3n, Concepci\u00f3n, Bio Bio, Chile. <a href=\"mailto: ricbarra@udec.cl\">E-mail<\/a>. <\/p>\n<p><strong>Amaya Alvez<\/strong>, Universidad de Concepci\u00f3n, Concepci\u00f3n, Bio Bio, Chile. <a href=\"mailto: aalvez@udec.cl\">E-mail<\/a>. <\/p>\n<p><strong>Katia Valenzuela<\/strong>, Universidad de Concepci\u00f3n, Concepci\u00f3n, Bio Bio, Chile. <a href=\"mailto: kavalenzuela@udec.cl\">E-mail<\/a>.  <\/p>\n<p><strong>Alexander Panez Pinto<\/strong>, Universidad Federal Fluminense (UFF), R\u00edo de Janeiro, Brasil y Movimiento por la Defensa del Agua, la Tierra y el Medioambiente (MODATIMA), Chile. <a href=\"mailto: alexander.panez@gmail.com\">E-mail<\/a>. <\/p>\n<p><strong>Evelyn Vicioso<\/strong>, Fundaci\u00f3n Newenko, Santiago, Chile. <a href=\"mailto: evelynvicioso@gmail.com\">E-mail<\/a>.  <\/p>\n<p><strong>Paola Bolados<\/strong>, Universidad de Valpara\u00edso, Valpara\u00edso, Chile. <a href=\"mailto: paola.bolados@uv.cl\">E-mail<\/a>. <\/p>\n<p><strong>Hugo Romero Toledo<\/strong>, Universidad Austral de, Valdivia, Chile. <a href=\"mailto: romero.toledo@gmail.com\">E-mail<\/a>. <\/p>\n<p>&nbsp;<\/p>\n<h3>Equipo de Apoyo T\u00e9cnico para la Coordinaci\u00f3n<\/h3>\n<p><strong>Natalia Julio<\/strong>, Programa de Doctorado en Ciencias Ambientales, Universidad de Concepci\u00f3n, Concepci\u00f3n, Bio Bio, Chile.<\/p>\n<p><strong>Camila Ba\u00f1ales<\/strong>, Programa de Doctorado en Ciencias Ambientales, Universidad de Concepci\u00f3n, Concepci\u00f3n, Bio Bio, Chile.<\/p>\n<p><strong>Stephanie Barraza<\/strong>, Programa de Maestr\u00eda en Investigaci\u00f3n Social y Desarrollo, Universidad de Concepci\u00f3n, Concepci\u00f3n, Bio Bio, Chile.<\/p>\n<p><strong>Hermelinda Maria Rocha Ferreira<\/strong>, Proyecto DESDEMO, Recife, Pernambuco, Brasil.<\/p>\n<p><strong>Damiano Tagliavini<\/strong>, Consejo Nacional de Investigaciones Cient\u00edficas y T\u00e9cnicas (CONICET), Universidad de Buenos Aires (UBA), Buenos Aires, Argentina.<\/p>\n<p><strong>Mat\u00edas Kohan<\/strong>, Buenos Aires, Argentina.<\/p>\n<p><strong>Julia Borges<\/strong>, Universidad Estadual del Norte Fluminense Darcy Ribeiro (UENF), R\u00edo de Janeiro, Brasil.<\/p>\n<p>&nbsp;<\/p>\n<h3>Contrapartes Internacionales de la Coordinaci\u00f3n<\/h3>\n<p><strong>Oscar Rodr\u00edguez Le\u00f3n<\/strong>, Internacional de Servicios P\u00fablicos (ISP), Costa Rica<\/p>\n<p><strong>Javier Bogantes<\/strong>, Tribunal Latinoamericano del Agua, Costa Rica <\/p>\n<p><strong>Jaime Antonio Preciado Coronado<\/strong>, Universidad de Guadalajara, Jalisco, M\u00e9xico. Coordinador, Red de Investigaci\u00f3n sobre la Integraci\u00f3n Latinoamericana y Caribe\u00f1a (REDIALC)<\/p>\n<p>&nbsp;<\/p>\n<h3>Asesores de la Coordinaci\u00f3n<\/h3>\n<p>El grupo de asesores est\u00e1 compuesto por los coordinadores locales de otras reuniones de la Red.<\/p>\n<p><strong>Paul Cisneros<\/strong>, Instituto de Altos Estudios Nacionales (IAEN), Quito, Ecuador<\/p>\n<p><strong>Marcionila Fernandes<\/strong>, Coordinadora del Equipo Local, Universidade Estadual da Para\u00edba (UEPB), Campina Grande, Para\u00edba, Brasil<\/p>\n<p><strong>Javier Gonzaga Valencia Hern\u00e1ndez<\/strong>, Universidad de Caldas, Colombia<\/p>\n<p><strong>Gustavo Kohan<\/strong>, Universidad Nacional de General Sarmiento (UNGS), Argentina<\/p>\n<p><strong>Mario Edgar L\u00f3pez Ram\u00edrez<\/strong>, ITESO, la Universidad Jesuita de Guadalajara, M\u00e9xico<\/p>\n<p><strong>Wagner Costa Ribeiro<\/strong>, Universidad de San Pablo (USP), Brasil<\/p>\n<p><strong>David Saur\u00ed Pujol<\/strong>, Universidad Aut\u00f3noma de Barcelona (UAB), Espa\u00f1a<\/p>\n<p><strong>Cidoval Morais de Sousa<\/strong>, Universidade Estadual da Para\u00edba (UEPB), Campina Grande, Para\u00edba, Brasil<\/p>\n<p><strong>Mar\u00eda Luisa Torregrosa Armentia<\/strong>, Facultad Latinoamericana de Ciencias Sociales (FLACSO), M\u00e9xico<\/p>\n<hr \/>\n<p>&nbsp;<\/p>\n<h3>Comisi\u00f3n Internacional del Programa<\/h3>\n<p><strong>Jos\u00e9 Esteban Castro<\/strong>, Consejo Nacional de Investigaciones Cient\u00edficas y T\u00e9cnicas (CONICET), Universidad Nacional de General Sarmiento (UNGS), Argentina, y Catedr\u00e1tico Em\u00e9rito, Newcastle University, Reino Unido. Coordinador del <a href=\"https:\/\/waterlat.org\/es\/areas-tematicas\/at3\/\">\u00c1rea Tem\u00e1tica 3 &#8211; El Ciclo Urbano del Agua y los Servicios P\u00fablicos Esenciales<\/a><\/p>\n<p><strong>Karina Kloster<\/strong>, Universidad Aut\u00f3noma de la Ciudad de M\u00e9xico, Ciudad de M\u00e9xico, M\u00e9xico. Coordinadora del <a href=\"https:\/\/waterlat.org\/es\/areas-tematicas\/at10\/\">\u00c1rea Tem\u00e1tica 10 &#8211; Agua y Violencia<\/a><\/p>\n<p><strong>Mario Edgar L\u00f3pez Ram\u00edrez<\/strong>, ITESO, la Universidad Jesuita de Guadalajara, M\u00e9xico. Coordinador del <a href=\"https:\/\/waterlat.org\/es\/areas-tematicas\/at1\/\">\u00c1rea Tem\u00e1tica 1 &#8211;  La x-disciplinaridad en la Investigaci\u00f3n y la Acci\u00f3n<\/a><\/p>\n<p><strong>Simone Oliveira<\/strong>, Fundaci\u00f3n Oswaldo Cruz (FIOCRUZ), R\u00edo de Janeiro, Brasil. Co-coordinador del <a href=\"https:\/\/waterlat.org\/es\/areas-tematicas\/at8\/\">\u00c1rea Tem\u00e1tica 8 &#8211; Desastres Relacionados con el Agua<\/a><\/p>\n<p><strong>Miguel Pe\u00f1a<\/strong>, Universidad del Valle (UNIVALLE), Cali, Colombia. Co-coordinador del <a href=\"https:\/\/waterlat.org\/es\/areas-tematicas\/at5\/\">\u00c1rea Tem\u00e1tica 5 &#8211; Agua y Salud<\/a><\/p>\n<p><strong>S\u00e9rgio Portella<\/strong>, Fundaci\u00f3n Oswaldo Cruz (FIOCRUZ), R\u00edo de Janeiro, Brasil. Co-coordinador del <a href=\"https:\/\/waterlat.org\/es\/areas-tematicas\/at8\/\">\u00c1rea Tem\u00e1tica 8 &#8211; Desastres Relacionados con el Agua<\/a><\/p>\n<p><strong>Wagner Costa Ribeiro<\/strong>, Universidad de San Pablo (USP), Brasil. Coordinador del <a href=\"https:\/\/waterlat.org\/es\/areas-tematicas\/at4\/\">\u00c1rea Tem\u00e1tica 4 &#8211; Aguas Transfronterizas<\/a><\/p>\n<p>&nbsp;<\/p>\n<hr \/>\n<h3><a href=\"http:\/\/waterlat.org\/meetings\/public-meetings\/waterlat-gobacit-2019\/\">Regresar a la p\u00e1gina principal de la X Reuni\u00f3n Internacional<\/a><\/h3>\n","protected":false},"excerpt":{"rendered":"<p>&nbsp; Coordinaci\u00f3n General Jos\u00e9 Esteban Castro, Consejo Nacional de Investigaciones Cient\u00edficas y T\u00e9cnicas (CONICET), Universidad Nacional de General Sarmiento (UNGS), Argentina, y Catedr\u00e1tico Em\u00e9rito, Newcastle University, Reino Unido. Coordinador de la Red WATERLAT-GOBACIT Ana Sof\u00eda Mac\u00edas Ascanio, ITESO, la Universidad Jesuita de Guadalajara, M\u00e9xico, Secretar\u00eda General. Env\u00ede un mensaje para requerir mayor informaci\u00f3n. &nbsp; Coordinaci\u00f3n [&hellip;]<\/p>\n","protected":false},"author":3,"featured_media":0,"parent":2969,"menu_order":0,"comment_status":"closed","ping_status":"closed","template":"page-templates\/full-width.php","meta":{"_acf_changed":false,"footnotes":""},"class_list":["post-3011","page","type-page","status-publish","hentry","wpautop"],"acf":[],"_links":{"self":[{"href":"https:\/\/waterlat.org\/es\/wp-json\/wp\/v2\/pages\/3011","targetHints":{"allow":["GET"]}}],"collection":[{"href":"https:\/\/waterlat.org\/es\/wp-json\/wp\/v2\/pages"}],"about":[{"href":"https:\/\/waterlat.org\/es\/wp-json\/wp\/v2\/types\/page"}],"author":[{"embeddable":true,"href":"https:\/\/waterlat.org\/es\/wp-json\/wp\/v2\/users\/3"}],"replies":[{"embeddable":true,"href":"https:\/\/waterlat.org\/es\/wp-json\/wp\/v2\/comments?post=3011"}],"version-history":[{"count":11,"href":"https:\/\/waterlat.org\/es\/wp-json\/wp\/v2\/pages\/3011\/revisions"}],"predecessor-version":[{"id":3308,"href":"https:\/\/waterlat.org\/es\/wp-json\/wp\/v2\/pages\/3011\/revisions\/3308"}],"up":[{"embeddable":true,"href":"https:\/\/waterlat.org\/es\/wp-json\/wp\/v2\/pages\/2969"}],"wp:attachment":[{"href":"https:\/\/waterlat.org\/es\/wp-json\/wp\/v2\/media?parent=3011"}],"curies":[{"name":"wp","href":"https:\/\/api.w.org\/{rel}","templated":true}]}}