{"id":3063,"date":"2019-03-31T14:30:18","date_gmt":"2019-03-31T14:30:18","guid":{"rendered":"http:\/\/waterlat.org\/es\/?page_id=3063"},"modified":"2023-01-11T15:38:31","modified_gmt":"2023-01-11T15:38:31","slug":"vol-5-no-3","status":"publish","type":"page","link":"https:\/\/waterlat.org\/es\/working-papers-series\/vol5\/vol-5-no-3\/","title":{"rendered":"Vol. 5, No. 3"},"content":{"rendered":"<style>\r\n.entry-content img, .comment-content img, .widget img, img.header-image, .author-avatar img, img.wp-post-image {\r\nbox-shadow: none;\r\n}\r\n.box {\r\n  width: 40%;\r\n  margin: 0 auto;\r\n  background: rgba(255,255,255,0.2);\r\n  padding: 35px;\r\n  border: 2px solid #fff;\r\n  border-radius: 20px\/50px;\r\n  background-clip: padding-box;\r\n  text-align: center;\r\n}\r\n\r\n.pl_issn{text-align: right;    margin-bottom: 25px !important;font-size: 14px;display: inline;float: right;}\r\n.overlay {\r\n  position: fixed;\r\n  top: 0;\r\n  bottom: 0;\r\n  left: 0;\r\n  right: 0;\r\n  background: rgba(0, 0, 0, 0.7);\r\n  transition: opacity 500ms;\r\n  visibility: hidden;\r\n  opacity: 0;\r\n}\r\n.overlay:target {\r\n  visibility: visible;\r\n  opacity: 1;\r\n}\r\n\r\n.popup {\r\n  margin: 70px auto;\r\n  padding: 20px;\r\n  background: #fff;\r\n  border-radius: 5px;\r\n  width: 30%;\r\n  position: relative;\r\n  transition: all 5s ease-in-out;\r\n}\r\n\r\n.popup h2 {\r\n  margin-top: 0;\r\n  color: #333;\r\n  font-family: Tahoma, Arial, sans-serif;\r\n}\r\n.popup .close {\r\n  position: absolute;\r\n  top: 20px;\r\n  right: 30px;\r\n  transition: all 200ms;\r\n  font-size: 30px;\r\n  font-weight: bold;\r\n  text-decoration: none;\r\n  color: #333;\r\n}\r\n.popup .close:hover {\r\n  color: rgb(0, 66, 126);\r\n}\r\n.popup .content {\r\n  max-height: 30%;\r\n  overflow: auto;\r\n}\r\n\r\n@media screen and (max-width: 700px){\r\n  .box{\r\n    width: 70%;\r\n  }\r\n  .popup{\r\n    width: 70%;\r\n  }\r\n}\r\n.entry-content p {\r\nline-height: normal;\r\nmargin: 0;\r\n}\r\n\r\n.wp_cuaderno {display: inline-block; background-color: #ededed; box-shadow: 0 4px 8px 0 rgba(0, 0, 0, 0.2), 0 6px 20px 0 rgba(0, 0, 0, 0.19); padding: 20px 50px;}\r\n.wp_portada {float:left;}\r\n.wp_info{margin-left: 170px;}\r\np.titulo{font-size:18px;}\r\n.wp_info.desc{width: 90%; margin: 5px 0px;}\r\n.wp_info p {margin-bottom:3px;}\r\n.wp_info.serie{width: 360px;}\r\n.wp_info a {margin-top:8px;}\r\n\r\n.wp_descargas{clear: both; padding-top: 3px;}\r\n\r\n.dw_pdf {\r\n        background-color: rgba(251, 116, 116, 0);\r\n    padding: 8px 9px;\r\n    color: #b52335;\r\n    text-decoration: none;\r\n    border: 2px #b52335 solid;\r\n    transition: 0.2s all;\r\n    border-radius: 4px;\r\n    font-weight: 600;}\r\n.dw_pdf:hover{background-color: #b52335; color:white;}\r\n.dw_pdf i {font-size:25px; vertical-align: bottom; margin-right: 3px;}\r\n\r\n.dw_pdf-full {\r\n        background-color: rgba(251, 116, 116, 0);\r\n    padding: 8px 51px;\r\n    color: #b52335;\r\n    text-decoration: none;\r\n    border: 2px #b52335 solid;\r\n    transition: 0.2s all;\r\n    border-radius: 4px;\r\n    font-weight: 600;}\r\n.dw_pdf-full:hover{background-color: #b52335; color:white;}\r\n.dw_pdf-full i {font-size:25px; vertical-align: bottom; margin-right: 3px;}\r\n\r\n.dw_epub {background-color: rgba(251, 116, 116, 0);\r\n    padding: 8px 6px;\r\n    color: #0964bd;\r\n    text-decoration: none;\r\n    border: 2px #0964bd solid;\r\n    transition: 0.2s all;\r\n    border-radius: 4px;\r\n    margin-left: 5px;\r\n    font-weight: 600;}\r\n.dw_epub:hover{background-color: #0964bd; color:white;}\r\n.dw_epub i {font-size:25px; vertical-align: bottom; margin-right: 3px;}\r\n\r\n\r\n.wp_sec-art{padding-left: 50px; padding-top: 10px;}\r\n.wp_articulo{padding-top:40px;}\r\n.wp_articulo.tituloar{font-size:17px;}\r\na.desar {text-decoration: none; float:left; margin-right: 20px;}\r\n\r\n<\/style>\r\n\r\n<!-- CUADERNO !-->\r\n<p class=\"pl_issn\">ISSN: (Print)<b> 2056-4856<\/b>\r\nISSN: (Online) <b>2056-4864<\/b><\/p>\r\n\r\n<div class=\"wp_cuaderno\">\r\n\r\n<!-- PORTADA !-->\r\n<div class=\"wp_portada\"><img decoding=\"async\" src=\"http:\/\/waterlat.org\/pt\/wp-content\/uploads\/sites\/3\/2019\/03\/tapavol5no3.jpg\" width=\"158px \" \/><\/div>\r\n<!-- INFORMACION DERECHA !-->\r\n<div class=\"wp_info\">\r\n\r\n<!-- TITULO !--> <b><\/b>\r\n<p class=\"titulo\"><b>Vol. 5, No. 3<\/b><\/p>\r\n\r\n<!-- FECHA !-->\r\n\r\nSeptiembre de 2018\r\n\r\n<!-- AUTOR !-->\r\n\r\nJos\u00e9 Esteban Castro (Editor)\r\n\r\n<!-- DOI !--> <i><\/i>\r\n\r\nDOI: 10.5281\/zenodo.7521582\r\n\r\n<!-- DESCR !-->\r\n<p class=\"desc\"><b>Pol\u00edticas de desigualdad en el ciclo urbano del agua: experiencias de Argentina y Brasil<\/b> (en espa\u00f1ol y portugu\u00e9s)<\/p>\r\n<!-- SERIE   <i>\r\n<p class=\"serie\">??? (serie)<\/p>\r\n<\/i>!-->\r\n<!-- CITA !--> <i><a class=\"desar\" style=\"color: #9ad3f9;\" href=\"https:\/\/zenodo.org\/record\/7521582#invenio-csl\">Exportar Cita<\/a><\/i>\r\n\r\n<\/div>\r\n<!-- DESCARGAS !-->\r\n<div class=\"wp_descargas\"><!-- PDF LINK !--> <a class=\"dw_pdf-full\" href=\"https:\/\/zenodo.org\/record\/7521582\" target=\"_blank\" rel=\"noopener noreferrer\"><i class=\"fa fa-file-pdf-o\" aria-hidden=\"true\"><\/i>PDF<\/a>\r\n<!-- PDF LINK  <a href=\"#\" class=\"dw_pdf\"><i class=\"fa fa-file-pdf-o\" aria-hidden=\"true\" fa-3x><\/i>PDF<\/a>\r\nEPUB LINK  <a href=\"#\" class=\"dw_epub\"><i class=\"fa fa-file-text-o\" aria-hidden=\"true\"><\/i>EPUB<\/a>!--><\/div>\r\n<\/div>\r\n<!-- SECCION ARTICULOS !-->\r\n<div style=\"margin-top: 30px;\">\r\n<h3 style=\"margin-bottom: 5px;\">Art\u00edculos<\/h3>\r\n\r\n<hr style=\"margin: 0;\" \/>\r\n\r\n<!-- ARTICULOS !-->\r\n<div class=\"wp_sec-art\">\r\n<!-- ARTICULO INDIVIDUAL !-->\r\n      <div class=\"wp_articulo\">\r\n        <!-- TITULO !-->  <p class=\"tituloar\"> <b>Acesso desigual \u00e0 \u00e1gua e vulnerabilidade ambiental na Regi\u00e3o Metropolitana do Rio de Janeiro: um estudo de caso a partir de Queimados, p\u00e1gs. 5-30<\/b><\/p>\r\n        <!-- AUTOR  !-->  <p> Suy\u00e1 Quintslr, Antonella Maiello y Ana L\u00facia Britto  <\/p>\r\n        <!-- DOI    !-->  <p style=\"float:left;\">DOI: <\/p><p>10.5281\/zenodo.7525479<\/p>\r\n        <!-- PDF LINK  !-->  <a class=\"desar\"  href=\"https:\/\/zenodo.org\/record\/7525479\"><b><p style=\"color:#ff5e73;\">PDF<\/p><\/b><\/a>\r\n        <!-- EPUB LINK   <a class=\"desar\"  href=\"#\"><b><p style=\"color:#3e99f9;\">EPUB<\/p><\/b><\/a>!-->\r\n        <!-- CITA LINK !-->  <a class=\"desar\"  href=\"https:\/\/zenodo.org\/record\/7525479#invenio-csl\"><p style=\"color:#9ad3f9;\">Exportar Cita<\/p><\/a>\r\n<\/div>\r\n<!-- ARTICULO INDIVIDUAL !-->\r\n      <div class=\"wp_articulo\">\r\n        <!-- TITULO !-->  <p class=\"tituloar\"> <b>\u00c1gua: mercadoria, bem comum ou direito? Algumas contradi\u00e7\u00f5es na implementa\u00e7\u00e3o da pol\u00edtica p\u00fablica de direitos humanos de acesso \u00e0 \u00e1gua e ao saneamento, p\u00e1gs. 31-52<\/b><\/p>\r\n        <!-- AUTOR  !-->  <p> Marcelo Aversa, Vanessa Lucena Empinotti y Jeroen Johannes Klink  <\/p>\r\n        <!-- DOI    !-->  <p style=\"float:left;\">DOI: <\/p><p>10.5281\/zenodo.7525546<\/p>\r\n        <!-- PDF LINK  !-->  <a class=\"desar\"  href=\"https:\/\/zenodo.org\/record\/7525546\"><b><p style=\"color:#ff5e73;\">PDF<\/p><\/b><\/a>\r\n        <!-- EPUB LINK   <a class=\"desar\"  href=\"#\"><b><p style=\"color:#3e99f9;\">EPUB<\/p><\/b><\/a>!-->\r\n        <!-- CITA LINK !-->  <a class=\"desar\"  href=\"https:\/\/zenodo.org\/record\/7525546#invenio-csl\"><p style=\"color:#9ad3f9;\">Exportar Cita<\/p><\/a>\r\n<\/div>\r\n<\/div>\r\n<!-- ARTICULO INDIVIDUAL !-->\r\n      <div class=\"wp_articulo\">\r\n        <!-- TITULO !-->  <p class=\"tituloar\"> <b>A \u00e1gua como bem \u201ccomum\u201d: um olhar para a crise h\u00eddrica na Regi\u00e3o Metropolitana de S\u00e3o Paulo, Brasil, p\u00e1gs. 53-73<\/b><\/p>\r\n        <!-- AUTOR  !-->  <p>Ana Paula Fracalanza and Mariana Gutierres Arteiro da Paz  <\/p>\r\n        <!-- DOI    !-->  <p style=\"float:left;\">DOI: <\/p><p>10.5281\/zenodo.7525612<\/p>\r\n        <!-- PDF LINK  !-->  <a class=\"desar\"  href=\"https:\/\/zenodo.org\/record\/7525612\"><b><p style=\"color:#ff5e73;\">PDF<\/p><\/b><\/a>\r\n        <!-- EPUB LINK   <a class=\"desar\"  href=\"#\"><b><p style=\"color:#3e99f9;\">EPUB<\/p><\/b><\/a>!-->\r\n        <!-- CITA LINK !-->  <a class=\"desar\"  href=\"https:\/\/zenodo.org\/record\/7525612#invenio-csl\"><p style=\"color:#9ad3f9;\">Exportar Cita<\/p><\/a>\r\n<\/div>\r\n<!-- ARTICULO INDIVIDUAL !-->\r\n      <div class=\"wp_articulo\">\r\n        <!-- TITULO !-->  <p class=\"tituloar\"> <b>Aportes te\u00f3rico-metodol\u00f3gicos para el an\u00e1lisis de la pol\u00edtica urbana como forma de lucha social. Agua y saneamiento, entre siglos, p\u00e1gs. 74-97<\/b><\/p>\r\n        <!-- AUTOR  !-->  <p>Ana N\u00fa\u00f1ez  <\/p>\r\n        <!-- DOI    !-->  <p style=\"float:left;\">DOI: <\/p><p>10.5281\/zenodo.7525650<\/p>\r\n        <!-- PDF LINK  !-->  <a class=\"desar\"  href=\"https:\/\/zenodo.org\/record\/7525650\"><b><p style=\"color:#ff5e73;\">PDF<\/p><\/b><\/a>\r\n        <!-- EPUB LINK   <a class=\"desar\"  href=\"#\"><b><p style=\"color:#3e99f9;\">EPUB<\/p><\/b><\/a>!-->\r\n        <!-- CITA LINK !-->  <a class=\"desar\"  href=\"https:\/\/zenodo.org\/record\/7525650#invenio-csl\"><p style=\"color:#9ad3f9;\">Exportar Cita<\/p><\/a>\r\n<\/div>\r\n\r\n\r\n<\/div>\r\n<style>\r\n.export-list{<br \/>\r\n   list-style-type: none;<br \/>\r\n   margin-top: 10px !important;<br \/>\r\n}<br \/>\r\n.export-list li {display:inline-block; margin: 0px 0px 0px 1.4rem;}<br \/>\r\n.export-list a {color: #2a8bb7; text-decoration: none; transition:0.2s all;}<br \/>\r\n.export-list a:hover{text-decoration:underline; transition:0.2s all;}<br \/>\r\n<\/style>","protected":false},"excerpt":{"rendered":"ISSN: (Print) 2056-4856 ISSN: (Online) 2056-4864 Vol. 5, No. 3 Septiembre de 2018 Jos\u00e9 Esteban Castro (Editor) DOI: 10.5281\/zenodo.7521582 Pol\u00edticas de desigualdad en el ciclo urbano del agua: experiencias de Argentina y Brasil (en espa\u00f1ol y portugu\u00e9s) Exportar Cita PDF Art\u00edculos Acesso desigual \u00e0 \u00e1gua e vulnerabilidade ambiental na Regi\u00e3o Metropolitana do Rio de Janeiro: [&hellip;]","protected":false},"author":3,"featured_media":0,"parent":2842,"menu_order":0,"comment_status":"closed","ping_status":"closed","template":"page-templates\/full-width.php","meta":{"_acf_changed":false,"footnotes":""},"class_list":["post-3063","page","type-page","status-publish","hentry","no-wpautop"],"acf":[],"_links":{"self":[{"href":"https:\/\/waterlat.org\/es\/wp-json\/wp\/v2\/pages\/3063","targetHints":{"allow":["GET"]}}],"collection":[{"href":"https:\/\/waterlat.org\/es\/wp-json\/wp\/v2\/pages"}],"about":[{"href":"https:\/\/waterlat.org\/es\/wp-json\/wp\/v2\/types\/page"}],"author":[{"embeddable":true,"href":"https:\/\/waterlat.org\/es\/wp-json\/wp\/v2\/users\/3"}],"replies":[{"embeddable":true,"href":"https:\/\/waterlat.org\/es\/wp-json\/wp\/v2\/comments?post=3063"}],"version-history":[{"count":10,"href":"https:\/\/waterlat.org\/es\/wp-json\/wp\/v2\/pages\/3063\/revisions"}],"predecessor-version":[{"id":3914,"href":"https:\/\/waterlat.org\/es\/wp-json\/wp\/v2\/pages\/3063\/revisions\/3914"}],"up":[{"embeddable":true,"href":"https:\/\/waterlat.org\/es\/wp-json\/wp\/v2\/pages\/2842"}],"wp:attachment":[{"href":"https:\/\/waterlat.org\/es\/wp-json\/wp\/v2\/media?parent=3063"}],"curies":[{"name":"wp","href":"https:\/\/api.w.org\/{rel}","templated":true}]}}