{"id":3190,"date":"2019-11-18T10:51:28","date_gmt":"2019-11-18T10:51:28","guid":{"rendered":"http:\/\/waterlat.org\/es\/?page_id=3190"},"modified":"2022-06-11T23:18:56","modified_gmt":"2022-06-11T23:18:56","slug":"waterlat-gobacit-xi-leon-guanajuato-2022","status":"publish","type":"page","link":"https:\/\/waterlat.org\/es\/encuentros\/public-meetings\/waterlat-gobacit-xi-leon-guanajuato-2022\/","title":{"rendered":"WATERLAT-GOBACIT XI, Le\u00f3n, Guanajuato, 2022"},"content":{"rendered":"<style><span data-mce-type=\"bookmark\" style=\"display: inline-block; width: 0px; overflow: hidden; line-height: 0;\" class=\"mce_SELRES_start\">\ufeff<\/span><span data-mce-type=\"bookmark\" style=\"display: inline-block; width: 0px; overflow: hidden; line-height: 0;\" class=\"mce_SELRES_start\">\ufeff<\/span><span data-mce-type=\"bookmark\" style=\"display: inline-block; width: 0px; overflow: hidden; line-height: 0;\" class=\"mce_SELRES_start\">\ufeff<\/span><br \/>.entry-content img, .comment-content img, .widget img, img.header-image, .author-avatar img, img.wp-post-image {<br \/>box-shadow: none;<br \/>}<br \/>.m_date{text-align: center; margin: 30px; cursor: default;}<br \/>.m_date p {font-size: 15px;border: 1px solid rgb(38, 38, 38); display: inline; padding: 10px 20px; font-weight: 200; border-radius: 3px; transition: 0.2s all;}<br \/>.m_date p:hover{background-color: rgba(226, 226, 226, 0.63); transition: 0.2s all;}<br \/>.m_place{text-align: center; line-height: normal !important; font-size: 14.5px;}<\/p>\n<p>.m_logos{display: inline-block; text-align: center; width: 100%;}<br \/>.m_logos img{vertical-align: middle; margin: 0px 3px;}<br \/>.m_flick{margin: 0 auto; display: block;}<\/p>\n<p>.event_logo{width:100%; text-align:center; }<br \/>.event_logo img {width:200px;}<br \/>.flickr {<br \/>display: inline-block;<br \/>margin-left: 15%;<br \/>}<\/p>\n<p>.m_registration{text-align:center;}<br \/>.m_registration p {<br \/>    text-align: center;<br \/>    font-size: 16px;<br \/>    border: 1px solid rgb(60, 60, 60);<br \/>    display: inline;<br \/>    padding: 10px 20px;<br \/>    font-weight: 500;<br \/>    border-radius: 3px;<br \/>    transition: 0.2s all;<br \/>    color: white;<br \/>    background-color: #4c9ada;<br \/>}<br \/>.m_registration p:hover{<br \/>transition: 0.2s all;<br \/>background-color: #2d86d0;<br \/>}<br \/>.m_registration a {<br \/>text-decoration:none;<br \/>display:inline;<br \/>color:inherit;<br \/>}<\/p>\n<\/style>\n<p><a href=\"https:\/\/waterlat.org\/wp-content\/uploads\/2022\/06\/XI-meeting-virtual.jpg\"><img loading=\"lazy\" decoding=\"async\" class=\"aligncenter size-full wp-image-3329\" src=\"https:\/\/waterlat.org\/wp-content\/uploads\/2022\/06\/XI-meeting-virtual.jpg\" alt=\"\" width=\"339\" height=\"152\" \/><\/a><\/p>\n<h1 style=\"text-align: center; margin-top: 40px; color: black;\">Agua, Territorio y Democracia Substantiva: construyendo proyectos pol\u00edticos en defensa de la vida<\/h1>\n<div class=\"m_date\"><\/div>\n<p class=\"m_place\" style=\"text-align: center;\"><a href=\" http:\/\/www.ugto.mx\/directorio-universidad-guanajuato\/campus-leon\/division-de-ciencias-sociales-y-humanidades\">Universidad de Guanajuato, Campus Le\u00f3n<\/a>, Le\u00f3n, Guanajuato, M\u00e9xico<\/p>\n<p>&nbsp;<\/p>\n<p><a href=\"https:\/\/youtu.be\/N0TKr9-ah4U\">VER AQU\u00cd UN VIDEO DE PRESENTACI\u00d3N DE LAS ACTIVIDADES VIRTUALES<\/a>.<\/p>\n<p>&nbsp;<\/p>\n<p>&nbsp;<\/p>\n<p>&nbsp;<\/p>\n<p>&nbsp;<\/p>\n<p style=\"text-align: center;\"><strong>EVENTO del 21-23 de JUNIO de 2022<\/strong><\/p>\n<p><strong>Pol\u00edtica del agua con justicia social y medioambiental: espacios hidrosociales, problemas del \u201cdesarrollo\u201d y transformaciones hist\u00f3ricas <\/strong><\/p>\n<p style=\"font-weight: 400;\"><strong>Coorganizado con la Universidad de Guanajuato, Campus Le\u00f3n, Guanajuato M\u00e9xico, Universidad Aut\u00f3noma de Zacatecas, UACS y el Instituto de <\/strong><\/p>\n<p style=\"font-weight: 400;\"><strong>Investigaciones Dr. Jos\u00e9 Mar\u00eda Luis Mora, M\u00e9xico.\u00a0<\/strong><\/p>\n<p><strong><a href=\" https:\/\/waterlat.org\/GeneralPDFs\/Programa%20RedJune22.pdf\"> Bajar aqu\u00ed el Programa.<\/a><\/strong><\/p>\n<hr \/>\n<p style=\"text-align: center;\">Hacer clic en la imagen abajo para acceder al \u00e1lbum fotogr\u00e1fico de la XI Reuni\u00f3n Internacional<\/p>\n<p><a title=\"2020 XI International Meeting of the Network \/ XI Reuni\u00f3n Internacional de la Red 2020\" href=\"https:\/\/www.flickr.com\/photos\/125391306@N03\/albums\/72157712973615202\" data-flickr-embed=\"true\"><img loading=\"lazy\" decoding=\"async\" class=\"aligncenter\" src=\"https:\/\/live.staticflickr.com\/65535\/49489253712_4600fddf7c_z.jpg\" alt=\"2020 XI International Meeting of the Network \/ XI Reuni\u00f3n Internacional de la Red 2020\" width=\"500\" height=\"260\" \/><\/a><script async src=\"\/\/embedr.flickr.com\/assets\/client-code.js\" charset=\"utf-8\"><\/script><\/p>\n<hr \/>\n<p style=\"text-align: center;\"><b>Organizers:<\/b><\/p>\n<p style=\"text-align: center;\">El Encuentro es organizado conjuntamente por la Red WATERLAT-GOBACIT Network y la Divisi\u00f3n de Ciencias Sociales y Humanidades, Universidad de Guanajuato, Campus Le\u00f3n<\/p>\n<div class=\"m_logos\">\n<p><img decoding=\"async\" src=\"http:\/\/waterlat.org\/pt\/wp-content\/uploads\/sites\/3\/2015\/12\/WATERLAT-DOS-LINEAS-300x105.jpg\" width=\"170\" \/><a href=\"http:\/\/waterlat.org\/wp-content\/uploads\/2019\/11\/escudo-universidad-de-.jpg\" target=\"_blank\" rel=\"noopener noreferrer\"><br \/>\n<img decoding=\"async\" src=\"http:\/\/waterlat.org\/wp-content\/uploads\/2019\/11\/escudo-universidad-de-.jpg\" width=\"150\" \/><\/a><\/p>\n<\/div>\n<p>&nbsp;<\/p>\n","protected":false},"excerpt":{"rendered":"<p>Agua, Territorio y Democracia Substantiva: construyendo proyectos pol\u00edticos en defensa de la vida Universidad de Guanajuato, Campus Le\u00f3n, Le\u00f3n, Guanajuato, M\u00e9xico &nbsp; VER AQU\u00cd UN VIDEO DE PRESENTACI\u00d3N DE LAS ACTIVIDADES VIRTUALES. &nbsp; &nbsp; &nbsp; &nbsp; EVENTO del 21-23 de JUNIO de 2022 Pol\u00edtica del agua con justicia social y medioambiental: espacios hidrosociales, problemas del [&hellip;]<\/p>\n","protected":false},"author":3,"featured_media":0,"parent":19,"menu_order":0,"comment_status":"closed","ping_status":"closed","template":"page-templates\/full-width.php","meta":{"_acf_changed":false,"footnotes":""},"class_list":["post-3190","page","type-page","status-publish","hentry","wpautop"],"acf":[],"_links":{"self":[{"href":"https:\/\/waterlat.org\/es\/wp-json\/wp\/v2\/pages\/3190","targetHints":{"allow":["GET"]}}],"collection":[{"href":"https:\/\/waterlat.org\/es\/wp-json\/wp\/v2\/pages"}],"about":[{"href":"https:\/\/waterlat.org\/es\/wp-json\/wp\/v2\/types\/page"}],"author":[{"embeddable":true,"href":"https:\/\/waterlat.org\/es\/wp-json\/wp\/v2\/users\/3"}],"replies":[{"embeddable":true,"href":"https:\/\/waterlat.org\/es\/wp-json\/wp\/v2\/comments?post=3190"}],"version-history":[{"count":14,"href":"https:\/\/waterlat.org\/es\/wp-json\/wp\/v2\/pages\/3190\/revisions"}],"predecessor-version":[{"id":3782,"href":"https:\/\/waterlat.org\/es\/wp-json\/wp\/v2\/pages\/3190\/revisions\/3782"}],"up":[{"embeddable":true,"href":"https:\/\/waterlat.org\/es\/wp-json\/wp\/v2\/pages\/19"}],"wp:attachment":[{"href":"https:\/\/waterlat.org\/es\/wp-json\/wp\/v2\/media?parent=3190"}],"curies":[{"name":"wp","href":"https:\/\/api.w.org\/{rel}","templated":true}]}}