{"id":3194,"date":"2019-11-18T15:12:26","date_gmt":"2019-11-18T15:12:26","guid":{"rendered":"http:\/\/waterlat.org\/es\/?page_id=3194"},"modified":"2022-06-12T15:43:49","modified_gmt":"2022-06-12T15:43:49","slug":"coordinacion-y-organizacion-de-programa-2022","status":"publish","type":"page","link":"https:\/\/waterlat.org\/es\/encuentros\/public-meetings\/waterlat-gobacit-xi-leon-guanajuato-2022\/coordinacion-y-organizacion-de-programa-2022\/","title":{"rendered":"Coordinaci\u00f3n y Organizaci\u00f3n de Programa 2022"},"content":{"rendered":"<p>&nbsp;<\/p>\n<h3>Coordinaci\u00f3n Local de la Reuni\u00f3n<\/h3>\n<p><strong>Alex Ricardo Caldera<\/strong>, Divisi\u00f3n de Ciencias Sociales y Humanidades, Universidad de Guanajuato, Campus Le\u00f3n, Le\u00f3n, Guanajuato, M\u00e9xico. <a href=\"mailto: arcaldera@gmail.com\">E-mail<\/a>.<\/p>\n<p><strong>Citlalli Aidee Becerril Tinoco<\/strong>, Consejo Nacional de Ciencia y Tecnolog\u00eda (CONACyT), Centro de Investigaci\u00f3n en Ciencias de Informaci\u00f3n Geoespacial, Quer\u00e9taro, M\u00e9xico.<\/p>\n<p><strong>Joyce Valdovinos<\/strong>, Consejo Nacional de Ciencia y Tecnolog\u00eda (CONACyT), M\u00e9xico.<\/p>\n<p>&nbsp;<\/p>\n<h3>Coordinaci\u00f3n General<\/h3>\n<p><strong>Jos\u00e9 Esteban Castro<\/strong>, Consejo Nacional de Investigaciones Cient\u00edficas y T\u00e9cnicas (CONICET), Universidad Nacional de General Sarmiento (UNGS), Argentina, y Catedr\u00e1tico Em\u00e9rito, Newcastle University, Reino Unido. Coordinador de la Red WATERLAT-GOBACIT<\/p>\n<p><strong>Ana Sof\u00eda Mac\u00edas Ascanio<\/strong>, ITESO, la Universidad Jesuita de Guadalajara, M\u00e9xico, Secretar\u00eda General. <a href=\"mailto:redwaterlat@gmail.com\">Env\u00ede un mensaje para requerir mayor informaci\u00f3n<\/a>.<\/p>\n<p>&nbsp;<\/p>\n<h3>Equipo de Apoyo T\u00e9cnico para la Coordinaci\u00f3n<\/h3>\n<p><strong>Mat\u00edas Kohan<\/strong>, Buenos Aires, Argentina<\/p>\n<p>&nbsp;<\/p>\n<h3>Contrapartes Internacionales de la Coordinaci\u00f3n<\/h3>\n<p><strong>Oscar Rodr\u00edguez Le\u00f3n<\/strong>, Internacional de Servicios P\u00fablicos (ISP), Costa Rica<\/p>\n<p><strong>Javier Bogantes<\/strong>, Tribunal Latinoamericano del Agua, Costa Rica<\/p>\n<p><strong>Jaime Antonio Preciado Coronado<\/strong>, Universidad de Guadalajara, Jalisco, M\u00e9xico. Coordinador, Red de Investigaci\u00f3n sobre la Integraci\u00f3n Latinoamericana y Caribe\u00f1a (REDIALC)<\/p>\n<p>&nbsp;<\/p>\n<h3>Asesores de la Coordinaci\u00f3n<\/h3>\n<p>El grupo de asesores est\u00e1 compuesto por miembros de la Red que han actuado como coordinadores locales de reuniones internacionales previas.<\/p>\n<p><strong>Paul Cisneros<\/strong>, Instituto de Altos Estudios Nacionales (IAEN), Quito, Ecuador<\/p>\n<p><strong>Javier Gonzaga Valencia Hern\u00e1ndez<\/strong>, Universidad de Caldas, Colombia<\/p>\n<p><strong>Gustavo Kohan<\/strong>, Universidad Nacional de General Sarmiento (UNGS), Argentina<\/p>\n<p><strong>Mario Edgar L\u00f3pez Ram\u00edrez<\/strong>, ITESO, la Universidad Jesuita de Guadalajara, M\u00e9xico<\/p>\n<p><strong>Wagner Costa Ribeiro<\/strong>, Universidad de San Pablo (USP), Brasil<\/p>\n<p><strong>Mar\u00eda Luisa Torregrosa Armentia<\/strong>, Facultad Latinoamericana de Ciencias Sociales (FLACSO), M\u00e9xico<\/p>\n<p><strong>Robinson Torres Salinas<\/strong>, Universidad de Concepci\u00f3n, Concepci\u00f3n, Bio Bio, Chile.<\/p>\n<hr \/>\n<p>&nbsp;<\/p>\n<h3>Comisi\u00f3n Internacional del Programa<\/h3>\n<p>La Comisi\u00f3n Internacional del Programa est\u00e1 compuesta por los coordinadores de las \u00c1reas Tem\u00e1ticas de la Red WATERLAT-GOBACIT, y colegas invitados, por orden alfab\u00e9tico.<\/p>\n<p><strong>Karina Kloster<\/strong>, Universidad Aut\u00f3noma de la Ciudad de M\u00e9xico, Ciudad de M\u00e9xico, M\u00e9xico. Coordinadora del <a href=\"https:\/\/waterlat.org\/es\/areas-tematicas\/at10\/\">\u00c1rea Tem\u00e1tica 10 &#8211; Agua y Violencia<\/a><\/p>\n<p><strong>Mario Edgar L\u00f3pez Ram\u00edrez<\/strong>, ITESO, la Universidad Jesuita de Guadalajara, M\u00e9xico. Coordinador del <a href=\"https:\/\/waterlat.org\/es\/areas-tematicas\/at1\/\">\u00c1rea Tem\u00e1tica 1 &#8211; La x-disciplinaridad en la Investigaci\u00f3n y la Acci\u00f3n<\/a><\/p>\n<p><strong>Gisela Ariana Rausch<\/strong>, Consejo Nacional de Investigaciones Cient\u00edficas y T\u00e9cnicas (CONICET), Universidad Nacional de Rosario, Rosario, Santa Fe, Argentina. Coordinadora del <a href=\"https:\/\/waterlat.org\/es\/areas-tematicas\/at2\/\">\u00c1rea Tem\u00e1tica 2 &#8211; Agua y Megraproyectos<\/a><\/p>\n<p><strong>Wagner Costa Ribeiro<\/strong>, Universidad de San Pablo (USP), Brasil. Coordinador del <a href=\"https:\/\/waterlat.org\/es\/areas-tematicas\/at4\/\">\u00c1rea Tem\u00e1tica 4 &#8211; Aguas Transfronterizas<\/a><\/p>\n<p><strong>Antonio Rodr\u00edguez S\u00e1nchez<\/strong>, Instituto de Investigaciones Jos\u00e9 Mar\u00eda Luis Mora, Ciudad de M\u00e9xico, M\u00e9xico. Co-coordinador del <a href=\"https:\/\/waterlat.org\/es\/areas-tematicas\/at6\/\">\u00c1rea Tem\u00e1tica 6 &#8211; Cuencas, Territorios y Espacios Hidrosociales<\/a><\/p>\n<p>&nbsp;<\/p>\n<hr \/>\n<h3><a href=\"https:\/\/waterlat.org\/es\/encuentros\/public-meetings\/waterlat-gobacit-xi-leon-guanajuato-2020\/\">Regresar a la p\u00e1gina principal de la XI Reuni\u00f3n Internacional<\/a><\/h3>\n","protected":false},"excerpt":{"rendered":"<p>&nbsp; Coordinaci\u00f3n Local de la Reuni\u00f3n Alex Ricardo Caldera, Divisi\u00f3n de Ciencias Sociales y Humanidades, Universidad de Guanajuato, Campus Le\u00f3n, Le\u00f3n, Guanajuato, M\u00e9xico. E-mail. Citlalli Aidee Becerril Tinoco, Consejo Nacional de Ciencia y Tecnolog\u00eda (CONACyT), Centro de Investigaci\u00f3n en Ciencias de Informaci\u00f3n Geoespacial, Quer\u00e9taro, M\u00e9xico. Joyce Valdovinos, Consejo Nacional de Ciencia y Tecnolog\u00eda (CONACyT), M\u00e9xico. [&hellip;]<\/p>\n","protected":false},"author":3,"featured_media":0,"parent":3190,"menu_order":0,"comment_status":"closed","ping_status":"closed","template":"page-templates\/full-width.php","meta":{"_acf_changed":false,"footnotes":""},"class_list":["post-3194","page","type-page","status-publish","hentry","wpautop"],"acf":[],"_links":{"self":[{"href":"https:\/\/waterlat.org\/es\/wp-json\/wp\/v2\/pages\/3194","targetHints":{"allow":["GET"]}}],"collection":[{"href":"https:\/\/waterlat.org\/es\/wp-json\/wp\/v2\/pages"}],"about":[{"href":"https:\/\/waterlat.org\/es\/wp-json\/wp\/v2\/types\/page"}],"author":[{"embeddable":true,"href":"https:\/\/waterlat.org\/es\/wp-json\/wp\/v2\/users\/3"}],"replies":[{"embeddable":true,"href":"https:\/\/waterlat.org\/es\/wp-json\/wp\/v2\/comments?post=3194"}],"version-history":[{"count":6,"href":"https:\/\/waterlat.org\/es\/wp-json\/wp\/v2\/pages\/3194\/revisions"}],"predecessor-version":[{"id":3784,"href":"https:\/\/waterlat.org\/es\/wp-json\/wp\/v2\/pages\/3194\/revisions\/3784"}],"up":[{"embeddable":true,"href":"https:\/\/waterlat.org\/es\/wp-json\/wp\/v2\/pages\/3190"}],"wp:attachment":[{"href":"https:\/\/waterlat.org\/es\/wp-json\/wp\/v2\/media?parent=3194"}],"curies":[{"name":"wp","href":"https:\/\/api.w.org\/{rel}","templated":true}]}}