{"id":3198,"date":"2019-11-18T17:34:22","date_gmt":"2019-11-18T17:34:22","guid":{"rendered":"http:\/\/waterlat.org\/es\/?page_id=3198"},"modified":"2023-01-04T14:08:45","modified_gmt":"2023-01-04T14:08:45","slug":"vol-5-no-4","status":"publish","type":"page","link":"https:\/\/waterlat.org\/es\/working-papers-series\/vol5\/vol-5-no-4\/","title":{"rendered":"Vol. 5, No. 4"},"content":{"rendered":"<style>\r\n.entry-content img, .comment-content img, .widget img, img.header-image, .author-avatar img, img.wp-post-image {\r\nbox-shadow: none;\r\n}\r\n.box {\r\n  width: 40%;\r\n  margin: 0 auto;\r\n  background: rgba(255,255,255,0.2);\r\n  padding: 35px;\r\n  border: 2px solid #fff;\r\n  border-radius: 20px\/50px;\r\n  background-clip: padding-box;\r\n  text-align: center;\r\n}\r\n\r\n.pl_issn{text-align: right;    margin-bottom: 25px !important;font-size: 14px;display: inline;float: right;}\r\n.overlay {\r\n  position: fixed;\r\n  top: 0;\r\n  bottom: 0;\r\n  left: 0;\r\n  right: 0;\r\n  background: rgba(0, 0, 0, 0.7);\r\n  transition: opacity 500ms;\r\n  visibility: hidden;\r\n  opacity: 0;\r\n}\r\n.overlay:target {\r\n  visibility: visible;\r\n  opacity: 1;\r\n}\r\n\r\n.popup {\r\n  margin: 70px auto;\r\n  padding: 20px;\r\n  background: #fff;\r\n  border-radius: 5px;\r\n  width: 30%;\r\n  position: relative;\r\n  transition: all 5s ease-in-out;\r\n}\r\n\r\n.popup h2 {\r\n  margin-top: 0;\r\n  color: #333;\r\n  font-family: Tahoma, Arial, sans-serif;\r\n}\r\n.popup .close {\r\n  position: absolute;\r\n  top: 20px;\r\n  right: 30px;\r\n  transition: all 200ms;\r\n  font-size: 30px;\r\n  font-weight: bold;\r\n  text-decoration: none;\r\n  color: #333;\r\n}\r\n.popup .close:hover {\r\n  color: rgb(0, 66, 126);\r\n}\r\n.popup .content {\r\n  max-height: 30%;\r\n  overflow: auto;\r\n}\r\n\r\n@media screen and (max-width: 700px){\r\n  .box{\r\n    width: 70%;\r\n  }\r\n  .popup{\r\n    width: 70%;\r\n  }\r\n}\r\n.entry-content p {\r\nline-height: normal;\r\nmargin: 0;\r\n}\r\n\r\n.wp_cuaderno {display: inline-block; background-color: #ededed; box-shadow: 0 4px 8px 0 rgba(0, 0, 0, 0.2), 0 6px 20px 0 rgba(0, 0, 0, 0.19); padding: 20px 50px;}\r\n.wp_portada {float:left;}\r\n.wp_info{margin-left: 170px;}\r\np.titulo{font-size:18px;}\r\n.wp_info.desc{width: 90%; margin: 5px 0px;}\r\n.wp_info p {margin-bottom:3px;}\r\n.wp_info.serie{width: 360px;}\r\n.wp_info a {margin-top:8px;}\r\n\r\n.wp_descargas{clear: both; padding-top: 3px;}\r\n\r\n.dw_pdf {\r\n        background-color: rgba(251, 116, 116, 0);\r\n    padding: 8px 9px;\r\n    color: #b52335;\r\n    text-decoration: none;\r\n    border: 2px #b52335 solid;\r\n    transition: 0.2s all;\r\n    border-radius: 4px;\r\n    font-weight: 600;}\r\n.dw_pdf:hover{background-color: #b52335; color:white;}\r\n.dw_pdf i {font-size:25px; vertical-align: bottom; margin-right: 3px;}\r\n\r\n.dw_pdf-full {\r\n        background-color: rgba(251, 116, 116, 0);\r\n    padding: 8px 51px;\r\n    color: #b52335;\r\n    text-decoration: none;\r\n    border: 2px #b52335 solid;\r\n    transition: 0.2s all;\r\n    border-radius: 4px;\r\n    font-weight: 600;}\r\n.dw_pdf-full:hover{background-color: #b52335; color:white;}\r\n.dw_pdf-full i {font-size:25px; vertical-align: bottom; margin-right: 3px;}\r\n\r\n.dw_epub {background-color: rgba(251, 116, 116, 0);\r\n    padding: 8px 6px;\r\n    color: #0964bd;\r\n    text-decoration: none;\r\n    border: 2px #0964bd solid;\r\n    transition: 0.2s all;\r\n    border-radius: 4px;\r\n    margin-left: 5px;\r\n    font-weight: 600;}\r\n.dw_epub:hover{background-color: #0964bd; color:white;}\r\n.dw_epub i {font-size:25px; vertical-align: bottom; margin-right: 3px;}\r\n\r\n\r\n.wp_sec-art{padding-left: 50px; padding-top: 10px;}\r\n.wp_articulo{padding-top:40px;}\r\n.wp_articulo.tituloar{font-size:17px;}\r\na.desar {text-decoration: none; float:left; margin-right: 20px;}\r\n\r\n<\/style>\r\n\r\n<!-- CUADERNO !-->\r\n<p class=\"pl_issn\">ISSN: (Impreso)<b> 2056-4856<\/b>\r\nISSN: (Online) <b>2056-4864<\/b><\/p>\r\n\r\n<div class=\"wp_cuaderno\">\r\n\r\n<!-- PORTADA !-->\r\n<div class=\"wp_portada\"><img decoding=\"async\" src=\"http:\/\/waterlat.org\/wp-content\/uploads\/2019\/11\/Cover54.jpg\" width=\"158px \" \/><\/div>\r\n<!-- INFORMACION DERECHA !-->\r\n<div class=\"wp_info\">\r\n\r\n<!-- TITULO !--> <b><\/b>\r\n<p class=\"titulo\"><b>Vol. 5, No. 4<\/b><\/p>\r\n\r\n<!-- FECHA !-->\r\n\r\nDiciembre de 2018\r\n\r\n<!-- AUTOR !-->\r\n\r\n<b>Jos\u00e9 Esteban Castro y Tapio S. Katko<\/b> (Editores)\r\n\r\n<!-- DOI !--> <i><\/i>\r\n\r\nDOI: 10.5281\/zenodo.7501802\r\n\r\n<!-- DESCR !-->\r\n<p class=\"desc\"><b>Desaf\u00edos y oportunidades que enfrentan las cooperativas de agua y saneamiento: experiencias de Argentina y Finlandia<\/b> (en ingl\u00e9s y espa\u00f1ol)<\/p>\r\n<!-- SERIE   <i>\r\n<p class=\"serie\">??? (serie)<\/p>\r\n<\/i>!-->\r\n<!-- CITA !--> <i><a class=\"desar\" style=\"color: #9ad3f9;\" href=\"https:\/\/zenodo.org\/record\/7501802#invenio-csl\">Exportar Cita<\/a><\/i>\r\n\r\n<\/div>\r\n<!-- DESCARGAS !-->\r\n<div class=\"wp_descargas\"><!-- PDF LINK !--> <a class=\"dw_pdf-full\" href=\"https:\/\/zenodo.org\/record\/7501802\" target=\"_blank\" rel=\"noopener noreferrer\"><i class=\"fa fa-file-pdf-o\" aria-hidden=\"true\"><\/i>PDF<\/a>\r\n<!-- PDF LINK  <a href=\"#\" class=\"dw_pdf\"><i class=\"fa fa-file-pdf-o\" aria-hidden=\"true\" fa-3x><\/i>PDF<\/a>\r\nEPUB LINK  <a href=\"#\" class=\"dw_epub\"><i class=\"fa fa-file-text-o\" aria-hidden=\"true\"><\/i>EPUB<\/a>!--><\/div>\r\n<\/div>\r\n<!-- SECCION ARTICULOS !-->\r\n<div style=\"margin-top: 30px;\">\r\n<h3 style=\"margin-bottom: 5px;\">Art\u00edculos<\/h3>\r\n\r\n<hr style=\"margin: 0;\" \/>\r\n\r\n<!-- ARTICULOS !-->\r\n<div class=\"wp_sec-art\">\r\n\r\n   <!-- ARTICULO INDIVIDUAL !-->\r\n      <div class=\"wp_articulo\">\r\n        <!-- TITULO !-->  <b><p class=\"tituloar\"> El papel de las cooperativas en la provisi\u00f3n de servicios de agua en Finlandia (en ingl\u00e9s), p\u00e1gs. 6-22<\/p><\/b>\r\n        <!-- AUTOR  !-->  <p> Pekka E. Pietil\u00e4 y Joni Vihanta  <\/p>\r\n        <!-- DOI    !-->  <p style=\"float:left;\">DOI: <\/p><p>10.5281\/zenodo.7502021<\/p>\r\n        <!-- PDF LINK  !-->  <a class=\"desar\"  href=\"https:\/\/zenodo.org\/record\/7502021\"><b><p style=\"color:#ff5e73;\">PDF<\/p><\/b><\/a>\r\n        <!-- EPUB LINK   <a class=\"desar\"  href=\"#\"><b><p style=\"color:#3e99f9;\">EPUB<\/p><\/b><\/a>!-->\r\n        <!-- CITA LINK !-->  <a class=\"desar\"  href=\"https:\/\/zenodo.org\/record\/7502021#invenio-csl\"><p style=\"color:#9ad3f9;\">Exportar Cita<\/p><\/a>\r\n<\/div>\r\n<!-- ARTICULO INDIVIDUAL !-->\r\n      <div class=\"wp_articulo\">\r\n        <!-- TITULO !-->  <b><p class=\"tituloar\"> Cooperativas de agua en Tampere, Finlandia: el caso de\r\nPispala (en ingl\u00e9s), p\u00e1gs. 23-32<\/p><\/b>\r\n        <!-- AUTOR  !-->  <p> Petri S. Juuti y Riikka P. Rajala  <\/p>\r\n        <!-- DOI    !-->  <p style=\"float:left;\">DOI: <\/p><p>10.5281\/zenodo.7502030<\/p>\r\n        <!-- PDF LINK  !-->  <a class=\"desar\"  href=\"https:\/\/zenodo.org\/record\/7502030\"><b><p style=\"color:#ff5e73;\">PDF<\/p><\/b><\/a>\r\n        <!-- EPUB LINK   <a class=\"desar\"  href=\"#\"><b><p style=\"color:#3e99f9;\">EPUB<\/p><\/b><\/a>!-->\r\n        <!-- CITA LINK !-->  <a class=\"desar\"  href=\"https:\/\/zenodo.org\/record\/7502030#invenio-csl\"><p style=\"color:#9ad3f9;\">Exportar Cita<\/p><\/a>\r\n<\/div>\r\n<!-- ARTICULO INDIVIDUAL !-->\r\n      <div class=\"wp_articulo\">\r\n        <!-- TITULO !-->  <b><p class=\"tituloar\"> El rol vital de las cooperativas como proveedoras de servicios de agua y saneamiento en la provincia de Santa Fe, Argentina, p\u00e1gs. 33-74<\/p><\/b>\r\n        <!-- AUTOR  !-->  <p> Melisa Orta, Margarita Portapila, Alberto Mu\u00f1oz e Iv\u00e1n P\u00e9rez  <\/p>\r\n        <!-- DOI    !-->  <p style=\"float:left;\">DOI: <\/p><p>10.5281\/zenodo.7502047<\/p>\r\n        <!-- PDF LINK  !-->  <a class=\"desar\"  href=\"https:\/\/zenodo.org\/record\/7502047\"><b><p style=\"color:#ff5e73;\">PDF<\/p><\/b><\/a>\r\n        <!-- EPUB LINK   <a class=\"desar\"  href=\"#\"><b><p style=\"color:#3e99f9;\">EPUB<\/p><\/b><\/a>!-->\r\n        <!-- CITA LINK !-->  <a class=\"desar\"  href=\"https:\/\/zenodo.org\/record\/7502047#invenio-csl\"><p style=\"color:#9ad3f9;\">Exportar Cita<\/p><\/a>\r\n<\/div>\r\n<!-- ARTICULO INDIVIDUAL !-->\r\n      <div class=\"wp_articulo\">\r\n        <!-- TITULO !-->  <b><p class=\"tituloar\"> Resistencia cooperativa: conflictos por el agua desde el accionar cooperativo en la Provincia de C\u00f3rdoba, Argentina, p\u00e1gs. 75-111<\/p><\/b>\r\n        <!-- AUTOR  !-->  <p> Joaquin Ulises Deon  <\/p>\r\n        <!-- DOI    !-->  <p style=\"float:left;\">DOI: <\/p><p>10.5281\/zenodo.7502065<\/p>\r\n        <!-- PDF LINK  !-->  <a class=\"desar\"  href=\"https:\/\/zenodo.org\/record\/7502065\"><b><p style=\"color:#ff5e73;\">PDF<\/p><\/b><\/a>\r\n        <!-- EPUB LINK   <a class=\"desar\"  href=\"#\"><b><p style=\"color:#3e99f9;\">EPUB<\/p><\/b><\/a>!-->\r\n        <!-- CITA LINK !-->  <a class=\"desar\"  href=\"https:\/\/zenodo.org\/record\/7502065#invenio-csl\"><p style=\"color:#9ad3f9;\">Exportar Cita<\/p><\/a>\r\n<\/div>\r\n\r\n<\/div>\r\n<\/div>\r\n<\/div>\r\n<style>\r\n.export-list{<br \/>\r\n   list-style-type: none;<br \/>\r\n   margin-top: 10px !important;<br \/>\r\n}<br \/>\r\n.export-list li {display:inline-block; margin: 0px 0px 0px 1.4rem;}<br \/>\r\n.export-list a {color: #2a8bb7; text-decoration: none; transition:0.2s all;}<br \/>\r\n.export-list a:hover{text-decoration:underline; transition:0.2s all;}<br \/>\r\n<\/style>","protected":false},"excerpt":{"rendered":"ISSN: (Impreso) 2056-4856 ISSN: (Online) 2056-4864 Vol. 5, No. 4 Diciembre de 2018 Jos\u00e9 Esteban Castro y Tapio S. Katko (Editores) DOI: 10.5281\/zenodo.7501802 Desaf\u00edos y oportunidades que enfrentan las cooperativas de agua y saneamiento: experiencias de Argentina y Finlandia (en ingl\u00e9s y espa\u00f1ol) Exportar Cita PDF Art\u00edculos El papel de las cooperativas en la provisi\u00f3n [&hellip;]","protected":false},"author":3,"featured_media":0,"parent":2842,"menu_order":0,"comment_status":"closed","ping_status":"closed","template":"page-templates\/full-width.php","meta":{"_acf_changed":false,"footnotes":""},"class_list":["post-3198","page","type-page","status-publish","hentry","no-wpautop"],"acf":[],"_links":{"self":[{"href":"https:\/\/waterlat.org\/es\/wp-json\/wp\/v2\/pages\/3198","targetHints":{"allow":["GET"]}}],"collection":[{"href":"https:\/\/waterlat.org\/es\/wp-json\/wp\/v2\/pages"}],"about":[{"href":"https:\/\/waterlat.org\/es\/wp-json\/wp\/v2\/types\/page"}],"author":[{"embeddable":true,"href":"https:\/\/waterlat.org\/es\/wp-json\/wp\/v2\/users\/3"}],"replies":[{"embeddable":true,"href":"https:\/\/waterlat.org\/es\/wp-json\/wp\/v2\/comments?post=3198"}],"version-history":[{"count":9,"href":"https:\/\/waterlat.org\/es\/wp-json\/wp\/v2\/pages\/3198\/revisions"}],"predecessor-version":[{"id":3866,"href":"https:\/\/waterlat.org\/es\/wp-json\/wp\/v2\/pages\/3198\/revisions\/3866"}],"up":[{"embeddable":true,"href":"https:\/\/waterlat.org\/es\/wp-json\/wp\/v2\/pages\/2842"}],"wp:attachment":[{"href":"https:\/\/waterlat.org\/es\/wp-json\/wp\/v2\/media?parent=3198"}],"curies":[{"name":"wp","href":"https:\/\/api.w.org\/{rel}","templated":true}]}}