{"id":3206,"date":"2019-11-26T11:08:20","date_gmt":"2019-11-26T11:08:20","guid":{"rendered":"http:\/\/waterlat.org\/es\/?page_id=3206"},"modified":"2020-10-10T23:26:46","modified_gmt":"2020-10-10T23:26:46","slug":"waterlat-gobacit-2019","status":"publish","type":"page","link":"https:\/\/waterlat.org\/es\/premio-waterlat-para-estudiantes\/waterlat-gobacit-2019\/","title":{"rendered":"Premio para Estudiantes WATERLAT-GOBACIT 2019"},"content":{"rendered":"<p>La sexta llamada a postulaciones para el Premio WATERLAT-GOBACIT fue para tesis aprobadas entre el 1 de enero y el 31 de diciembre de 2018 y cerr\u00f3 el 28 de febrero de 2019. Se presentaron 9 postulantes al Premio de Doctorado. En esta edici\u00f3n no hubo postulantes al Premio de Maestr\u00eda. Se convoc\u00f3 a una Comisi\u00f3n Evaluadora compuesta de acad\u00e9micas y acad\u00e9micos miembros de la Red e invitados externos. Al final de esta p\u00e1gina suministramos los detalles de la Comisi\u00f3n Evaluadora. Los resultados fueron anunciados el 10 de octubre de 2019 durante la <a href=\"https:\/\/waterlat.org\/es\/encuentros\/public-meetings\/waterlat-gobacit-concepcion-2019\/\">X Reuni\u00f3n Internacional de la Red WATERLAT-GOBACIT<\/a>.<\/p>\n<p>&nbsp;<\/p>\n<hr \/>\n<h3>El Premio<\/h3>\n<p><span style=\"text-decoration: underline;\">Premio Doctoral 2019<\/span><\/p>\n<p><strong>Marcos Cristiano Zucarelli<\/strong>. T\u00edtulo de la tesis: \u201cLa matem\u00e1tica de la gesti\u00f3n y el alma embarrada: los conflictos de gobernabilidad en la aprobaci\u00f3n del proyecto minero Minas-Rio y en el desastre de SAMARCO\u201d (en portugu\u00e9s). Doctorado en Antropolog\u00eda, con especializaci\u00f3n en Antropolog\u00eda Social, Universidad Federal de Minas Gerais (UFMG), Belo Horizonte, Minas Gerais, Brasil, 2018.<\/p>\n<p>&nbsp;<\/p>\n<p><span style=\"text-decoration: underline;\">Menci\u00f3n Especial<\/span><\/p>\n<p><strong>Zenaida Luisa\u00a0Lauda Rodriguez<\/strong>. T\u00edtulo de la tesis: \u201cEl principio precautorio en conflictos socio-ambientales por los recursos h\u00eddricos y la miner\u00eda. Un estudio comparativo de Brasil y Per\u00fa\u201d (en portugu\u00e9s). Doctorado en Ciencias Ambientales, Universidad de San Pablo, San Pablo, Brasil, 2018.<\/p>\n<p>&nbsp;<\/p>\n<p><span style=\"text-decoration: underline;\">Menci\u00f3n Especial<\/span><\/p>\n<p><strong>Rafael Caldeira Magalh\u00e3es<\/strong>. T\u00edtulo de la tesis: \u201cPlanos de agua y saneamiento en Bel\u00e9n (1980 a 2015): racionalidades, cambios institucionales, intersectorialidad y participaci\u00f3n social\u201d (en portugu\u00e9s). Doctorado en Agua y Saneamiento, Medio Ambiente y Recursos H\u00eddricos, Universidad Federal de Minas Gerais (UFMG), Belo Horizonte, Minas Gerais, Brasil, 2018.<\/p>\n<p>&nbsp;<br \/>\n&nbsp;<\/p>\n<p><span style=\"text-decoration: underline;\">Premio de Maestr\u00eda 2019<\/span><\/p>\n<p>En esta edici\u00f3n no hubo presentaciones al Premio de Maestr\u00eda<\/p>\n<p>&nbsp;<\/p>\n<p>Dado que tuvimos candidatos excelentes, la the <a href=\"https:\/\/waterlat.org\/es\/comision-editorial\/\">Comisi\u00f3n Editorial<\/a> decidi\u00f3 invitar al resto de los participantes a enviar un art\u00edculo basado en las tesis para su publicaci\u00f3n en la <a href=\"https:\/\/waterlat.org\/es\/publicaciones\/working-papers-series\/\">Serie de Cuadernos de Trabajo<\/a> de la Red.<\/p>\n<p>&nbsp;<\/p>\n<hr \/>\n<h3>Lista completa de los candidatos participantes:<\/h3>\n<p><strong><span style=\"text-decoration: underline;\">Premio Doctoral<\/span><\/strong><\/p>\n<p><strong>Germain de Jes\u00fas Esquivel Hern\u00e1ndez<\/strong>. T\u00edtulo de la tesis: \u201cAn\u00e1lisis integrado de variabilidad clim\u00e1tica, din\u00e1mica de precipitaci\u00f3n y conflictos por el agua para la gesti\u00f3n del recurso h\u00eddrico en Costa Rica\u201d. Doctorado en Ciencias Naturales para el Desarrollo, Universidad Estatal a Distancia (UNED), San Jos\u00e9, Costa Rica, 2018.<\/p>\n<p><strong>Julieta Godfrid<\/strong>. T\u00edtulo de la tesis: \u201cEstrategias de legitimaci\u00f3n minera: La responsabilidad social empresaria argentina.\u00a0 Un an\u00e1lisis a partir de los casos Alumbrera y Veladero\u201d. Doctorado en Ciencias Sociales, Universidad de Buenos Aires, Buenos Aires, Argentina, 2018.<\/p>\n<p><strong>Robin Larsimont<\/strong>. T\u00edtulo de la tesis: \u201cModelo de agronegocio, agua y ruralidad en los oasis de Mendoza , 1990 &#8211; 2017: hacia una ecolog\u00eda pol\u00edtica territorial\u201d. Doctorado en Ciencias Sociales, Universidad de Buenos Aires, Buenos Aires, Argentina, 2018.<\/p>\n<p><strong>Rafael Caldeira Magalh\u00e3es<\/strong>. T\u00edtulo de la tesis: \u201cPlanos de agua y saneamiento en Bel\u00e9n (1980 a 2015): racionalidades, cambios institucionales, intersectorialidad y participaci\u00f3n social\u201d (en portugu\u00e9s). Doctorado en Agua y Saneamiento, Medio Ambiente y Recursos H\u00eddricos, Universidad Federal de Minas Gerais (UFMG), Belo Horizonte, Minas Gerais, Brasil, 2018.<\/p>\n<p><strong>Daniel Moreno Mu\u00f1oz<\/strong>. T\u00edtulo de la tesis: \u201cLa actividad pesquera en la Bah\u00eda de Mazarr\u00f3n y el turismo marinero como propuesta de desarrollo\u201d. Doctorado en Geograf\u00eda, Universidad de Murcia, Murcia, Espa\u00f1a, 2018.<\/p>\n<p><strong>Sergio Luiz Dias Portella<\/strong>. T\u00edtulo de la tesis: \u201cO saber urgente do saber das urg\u00eancias: Redua\u00e7\u00e3o de riscos e desastres no Brasil\u201d. Doctorado en Territorio, Riesgo y Pol\u00edticas P\u00fablicas, Universidad de Coimbra, Coimbra, Portugal, 2018.<\/p>\n<p><strong>Suy\u00e1 Quintsrl<\/strong>. T\u00edtulo de la tesis: \u201cA (re)producao da desigualdade ambiental na metropole.\u00a0 Conflito pela agua, &#8220;crise hidrica&#8221; e macrossistema de abastecimiento no R\u00edo de Janeiro\u201d. Doctorado en Planificaci\u00f3n Urbana y Regional, Universidad de R\u00edo de Janeiro, R\u00edo de Janeiro, Brasil, 2018.<\/p>\n<p><strong>Zenaida Luisa\u00a0Lauda Rodriguez<\/strong>. T\u00edtulo de la tesis: \u201cEl principio precautorio en conflictos socio-ambientales por los recursos h\u00eddricos y la miner\u00eda. Un estudio comparativo de Brasil y Per\u00fa\u201d (en portugu\u00e9s). Doctorado en Ciencias Ambientales, Universidad de San Pablo, San Pablo, Brasil, 2018.<\/p>\n<p><strong>Marcos Cristiano Zucarelli<\/strong>. T\u00edtulo de la tesis: \u201cLa matem\u00e1tica de la gesti\u00f3n y el alma embarrada: los conflictos de gobernabilidad en la aprobaci\u00f3n del proyecto minero Minas-Rio y en el desastre de SAMARCO\u201d (en portugu\u00e9s). Doctorado en Antropolog\u00eda, con especializaci\u00f3n en Antropolog\u00eda Social, Universidad Federal de Minas Gerais (UFMG), Belo Horizonte, Minas Gerais, Brasil, 2018.<\/p>\n<p>&nbsp;<\/p>\n<p>&nbsp;<\/p>\n<hr \/>\n<h3>Comisi\u00f3n Evaluadora de la Edici\u00f3n 2019 del Premio WATERLAT-GOBACIT para Estudiantes<\/h3>\n<p>Dr Felipe Alp\u00edzar Rodr\u00edguez, Universidad de Costa Rica, San Jos\u00e9, Costa Rica<\/p>\n<p>Dr Almir Arantes, Universidad Estatal de Mato Grosso (UNEMAT), Sinop, Mato Grosso, Brasil<\/p>\n<p>Dr Erivaldo Cavalcanti e Silva Filho, Universidad Estatal de Amazonas (UEA), Manaos, Amazonas, Brasil.<\/p>\n<p>Dr Mar\u00eda Ang\u00e9lica Maciel Costa,  Universidade Federal Rural de Rio de Janeiro (UFRRJ), \u00c1rea Rural &#8211; Seropedica, R\u00edo de Janeiro, Brasil<\/p>\n<p>Dr Andr\u00e9 Monteiro Costa, Fundaci\u00f3n Oswaldo Cruz, Recife, Pernambuco, Brasil<\/p>\n<p>Dr Karen da Costa, University College London, Londres, Reino Unido<\/p>\n<p>Dr Federico Yuri Hanai, Universidad Federal de San Carlos (UFSCAR), San Carlos, San Pablo, Brasil<\/p>\n<p>Dr Elder Andrade de Paula, Universidad Federal de Acre, Rio Branco, Acre, Brasil<\/p>\n<p>Dr Jos\u00e9 Gilberto de Souza, Universidad Estatal de San Pablo (UNESP), Rio Claro, San Pablo, Brasil<\/p>\n<p>Dr Leandro del Moral, Universidad de Sevilla, Sevilla, Espa\u00f1a<\/p>\n<p>Dr Daniela Maimoni de Figueiredo, Universidad Federal de Mato Grosso, Cuiab\u00e1, Mato Grosso, Brasil<\/p>\n<p>Dr Javier Gonzaga, Universidad de Caldas, Manizales, Colombia<\/p>\n<p>Dr Gonzalo Hatch Kuri, Universidad Nacional Aut\u00f3noma de M\u00e9xico (UNAM), Ciudad de M\u00e9xico, M\u00e9xico<\/p>\n<p>Dr Jes\u00fas Vargas Molina, Universidad Pablo de Olavide, Sevilla, Espa\u00f1a<\/p>\n<p>Dr Rodrigo Constante Martins, Universidad Federal de San Carlos, San Carlos, San Pablo, Brasil<\/p>\n<p>Dr M\u00f3nica Olvera, OXFAM, Ciudad de M\u00e9xico, M\u00e9xico<\/p>\n<p>Dr Margarita Portapila, Universidad Nacional de Rosario, Rosario, Santa Fe, Argentina<\/p>\n<p>Dr Mart\u00edn Sanzana Calvet, Instituto de Estudios Estrat\u00e9gicos para el Desarrollo Humano, Concepci\u00f3n, Bio Bio, Chile<\/p>\n<p>&nbsp;<\/p>\n<hr \/>\n<p style=\"text-align: center;\">Para consultas o comentarios referidos al Premio WATERLAT-GOBACIT para Estudiantes, por favor contactar la <a href=\"mailto:redwaterlat@gmail.com\">Secretar\u00eda<\/a> de la red.<\/p>\n<p>&nbsp;<\/p>\n","protected":false},"excerpt":{"rendered":"<p>La sexta llamada a postulaciones para el Premio WATERLAT-GOBACIT fue para tesis aprobadas entre el 1 de enero y el 31 de diciembre de 2018 y cerr\u00f3 el 28 de febrero de 2019. Se presentaron 9 postulantes al Premio de Doctorado. En esta edici\u00f3n no hubo postulantes al Premio de Maestr\u00eda. Se convoc\u00f3 a una [&hellip;]<\/p>\n","protected":false},"author":3,"featured_media":0,"parent":339,"menu_order":0,"comment_status":"closed","ping_status":"closed","template":"page-templates\/full-width.php","meta":{"_acf_changed":false,"footnotes":""},"class_list":["post-3206","page","type-page","status-publish","hentry","wpautop"],"acf":[],"_links":{"self":[{"href":"https:\/\/waterlat.org\/es\/wp-json\/wp\/v2\/pages\/3206","targetHints":{"allow":["GET"]}}],"collection":[{"href":"https:\/\/waterlat.org\/es\/wp-json\/wp\/v2\/pages"}],"about":[{"href":"https:\/\/waterlat.org\/es\/wp-json\/wp\/v2\/types\/page"}],"author":[{"embeddable":true,"href":"https:\/\/waterlat.org\/es\/wp-json\/wp\/v2\/users\/3"}],"replies":[{"embeddable":true,"href":"https:\/\/waterlat.org\/es\/wp-json\/wp\/v2\/comments?post=3206"}],"version-history":[{"count":5,"href":"https:\/\/waterlat.org\/es\/wp-json\/wp\/v2\/pages\/3206\/revisions"}],"predecessor-version":[{"id":3212,"href":"https:\/\/waterlat.org\/es\/wp-json\/wp\/v2\/pages\/3206\/revisions\/3212"}],"up":[{"embeddable":true,"href":"https:\/\/waterlat.org\/es\/wp-json\/wp\/v2\/pages\/339"}],"wp:attachment":[{"href":"https:\/\/waterlat.org\/es\/wp-json\/wp\/v2\/media?parent=3206"}],"curies":[{"name":"wp","href":"https:\/\/api.w.org\/{rel}","templated":true}]}}