{"id":3313,"date":"2020-02-27T22:02:39","date_gmt":"2020-02-27T22:02:39","guid":{"rendered":"http:\/\/waterlat.org\/es\/?page_id=3313"},"modified":"2020-07-17T22:33:09","modified_gmt":"2020-07-17T22:33:09","slug":"el-desastre","status":"publish","type":"page","link":"https:\/\/waterlat.org\/es\/publicaciones\/libros\/el-desastre\/","title":{"rendered":"El Desastre y el Caos Velado: El enfrentamiento individual, interpersonal y colectivo de ancianos y familiares (en portugu\u00e9s)"},"content":{"rendered":"<style>\r\n.dw_pdf-full {<br \/>\r\n    background-color: rgba(251, 116, 116, 0);<br \/>\r\n    padding: 8px 20px;<br \/>\r\n    color: #b52335;<br \/>\r\n    text-decoration: none;<br \/>\r\n    border: 2px #b52335 solid;<br \/>\r\n    transition: 0.2s all;<br \/>\r\n    border-radius: 4px;<br \/>\r\n    font-weight: 600;<br \/>\r\nmargin:0px 5px;}<br \/>\r\n.dw_pdf-full:hover{background-color: #b52335; color:white;}<br \/>\r\n.dw_pdf-full i {font-size:25px; vertical-align: bottom; margin-right: 3px;}<br \/>\r\n<\/style>\r\n\r\n<a href=\" http:\/\/waterlat.org\/wp-content\/uploads\/2020\/02\/CapaViana.jpg\"><img loading=\"lazy\" decoding=\"async\" class=\"alignnone size-medium wp-image-2744\" src=\" http:\/\/waterlat.org\/wp-content\/uploads\/2020\/02\/CapaViana.jpg\" alt=\"\" width=\"207\" height=\"300\" \/><\/a>\r\n\r\nAline Silveira Viana, <u> El Desastre y el Caos Velado: El enfrentamiento individual, interpersonal y colectivo de ancianos y familiares <\/u> (en portugu\u00e9s) (ISBN: 978-987-86-3795-2) [E-book]. (DOI: 10.5281\/zenodo.3950539). Co-publicado en Newcastle upon Tyne, Reino Unido, Campina Grande, Para\u00edba, Brasil, Buenos Aires, Argentina y Alcal\u00e1 de Henares, Espa\u00f1a, por Red WATERLAT-GOBACIT, <a href=\"http:\/\/eduepb.uepb.edu.br\/\"> Editora de la Universidad Estatal de Para\u00edba (EDUEPB), <\/a><a href=\"https:\/\/ciccus.org.ar\/\">Ediciones CICCUS<\/a><a href=\"http:\/\/eduepb.uepb.edu.br\/\">, e <\/a><a href=\"https:\/\/ielat.com\">Instituto Universitario de Investigaci\u00f3n en Estudios Latinoamericanos (IELAT), Universidad de Alcal\u00e1<\/a><a href=\"http:\/\/eduepb.uepb.edu.br\/\">, [2020.<\/a>\r\n\r\nEste libro es un producto de la <a href=\" https:\/\/waterlat.org\/es\/premio-waterlat-para-estudiantes\/premio-2016\/\">2016 Edici\u00f3n 2016 del Premio de Estudiantes (Maestr\u00eda)<\/a> de la Red WATERLAT-GOBACIT.\r\n\r\n<h3><\/h3>\r\n<i><a class=\"desar\" style=\"color: #9ad3f9;\" href=\"https:\/\/zenodo.org\/record\/3950539#invenio-csl\">Exportar Cita<\/a><\/i>\r\n<h3>Descargar<\/h3>\r\n<a class=\"dw_pdf-full\" href=\"https:\/\/zenodo.org\/record\/3950539#.XZJW5S2ZNQI\" target=\"_blank\" rel=\"noopener noreferrer\"><i class=\"fa fa-file-pdf-o\" aria-hidden=\"true\"><\/i> PDF <\/a>\r\n\r\n<h3>Presentaciones del libro<\/h3>\r\n<a href=\"https:\/\/waterlat.org\/es\/diseminacion\/podcasts\/\">Los impactos de los desastres relacionados con el agua sobre las personas ancianas y sus familias: producci\u00f3n de conocimiento interdisciplinario y desaf\u00edos para las pol\u00edticas p\u00fablicas, Podcast 8, Serie Voces por el Agua, Alex Caldera y Jos\u00e9 Esteban Castro, con Aline Viana, DOI: 10.5072\/zenodo.504522.<\/a>","protected":false},"excerpt":{"rendered":"Aline Silveira Viana, El Desastre y el Caos Velado: El enfrentamiento individual, interpersonal y colectivo de ancianos y familiares (en portugu\u00e9s) (ISBN: 978-987-86-3795-2) [E-book]. (DOI: 10.5281\/zenodo.3950539). Co-publicado en Newcastle upon Tyne, Reino Unido, Campina Grande, Para\u00edba, Brasil, Buenos Aires, Argentina y Alcal\u00e1 de Henares, Espa\u00f1a, por Red WATERLAT-GOBACIT, Editora de la Universidad Estatal de Para\u00edba [&hellip;]","protected":false},"author":3,"featured_media":0,"parent":22,"menu_order":0,"comment_status":"closed","ping_status":"closed","template":"page-templates\/full-width.php","meta":{"_acf_changed":false,"footnotes":""},"class_list":["post-3313","page","type-page","status-publish","hentry","no-wpautop"],"acf":[],"_links":{"self":[{"href":"https:\/\/waterlat.org\/es\/wp-json\/wp\/v2\/pages\/3313","targetHints":{"allow":["GET"]}}],"collection":[{"href":"https:\/\/waterlat.org\/es\/wp-json\/wp\/v2\/pages"}],"about":[{"href":"https:\/\/waterlat.org\/es\/wp-json\/wp\/v2\/types\/page"}],"author":[{"embeddable":true,"href":"https:\/\/waterlat.org\/es\/wp-json\/wp\/v2\/users\/3"}],"replies":[{"embeddable":true,"href":"https:\/\/waterlat.org\/es\/wp-json\/wp\/v2\/comments?post=3313"}],"version-history":[{"count":15,"href":"https:\/\/waterlat.org\/es\/wp-json\/wp\/v2\/pages\/3313\/revisions"}],"predecessor-version":[{"id":3542,"href":"https:\/\/waterlat.org\/es\/wp-json\/wp\/v2\/pages\/3313\/revisions\/3542"}],"up":[{"embeddable":true,"href":"https:\/\/waterlat.org\/es\/wp-json\/wp\/v2\/pages\/22"}],"wp:attachment":[{"href":"https:\/\/waterlat.org\/es\/wp-json\/wp\/v2\/media?parent=3313"}],"curies":[{"name":"wp","href":"https:\/\/api.w.org\/{rel}","templated":true}]}}